{"id":108,"date":"2021-10-28T16:34:02","date_gmt":"2021-10-28T14:34:02","guid":{"rendered":"https:\/\/app.ecomuseovajont.net\/?page_id=108"},"modified":"2022-04-29T14:17:20","modified_gmt":"2022-04-29T12:17:20","slug":"a4-casa-fulvio-e-carmela","status":"publish","type":"page","link":"https:\/\/app.ecomuseovajont.net\/en\/a4-casa-fulvio-e-carmela\/","title":{"rendered":"A4 &#8211; Casa Fulvio e Carmela"},"content":{"rendered":"<div data-elementor-type=\"wp-page\" data-elementor-id=\"108\" class=\"elementor elementor-108\">\n\t\t\t\t\t\t<section class=\"elementor-section elementor-top-section elementor-element elementor-element-4ba102cb elementor-section-full_width elementor-section-height-default elementor-section-height-default\" data-id=\"4ba102cb\" data-element_type=\"section\" data-e-type=\"section\" data-settings=\"{&quot;background_background&quot;:&quot;classic&quot;}\">\n\t\t\t\t\t\t<div class=\"elementor-container elementor-column-gap-no\">\n\t\t\t\t\t<div class=\"elementor-column elementor-col-100 elementor-top-column elementor-element elementor-element-7d73c520\" data-id=\"7d73c520\" data-element_type=\"column\" data-e-type=\"column\">\n\t\t\t<div class=\"elementor-widget-wrap elementor-element-populated\">\n\t\t\t\t\t\t<div class=\"elementor-element elementor-element-59085cad elementor-widget elementor-widget-heading\" data-id=\"59085cad\" data-element_type=\"widget\" data-e-type=\"widget\" data-widget_type=\"heading.default\">\n\t\t\t\t<div class=\"elementor-widget-container\">\n\t\t\t\t\t<h2 class=\"elementor-heading-title elementor-size-default\">LA CASA DI FULVIO E CARMELA<\/h2>\t\t\t\t<\/div>\n\t\t\t\t<\/div>\n\t\t\t\t<div class=\"elementor-element elementor-element-ed626ad elementor-widget elementor-widget-heading\" data-id=\"ed626ad\" data-element_type=\"widget\" data-e-type=\"widget\" data-widget_type=\"heading.default\">\n\t\t\t\t<div class=\"elementor-widget-container\">\n\t\t\t\t\t<h4 class=\"elementor-heading-title elementor-size-default\">Ascolta l'audio<\/h4>\t\t\t\t<\/div>\n\t\t\t\t<\/div>\n\t\t\t\t<div class=\"elementor-element elementor-element-ce6bf37 elementor-widget elementor-widget-wp-widget-media_audio\" data-id=\"ce6bf37\" data-element_type=\"widget\" data-e-type=\"widget\" data-widget_type=\"wp-widget-media_audio.default\">\n\t\t\t\t<div class=\"elementor-widget-container\">\n\t\t\t\t\t<audio class=\"wp-audio-shortcode\" id=\"audio-108-1\" preload=\"none\" style=\"width: 100%;\" controls=\"controls\"><source type=\"audio\/mpeg\" src=\"https:\/\/app.ecomuseovajont.net\/wp-content\/uploads\/2021\/11\/A04-Fulvio-e-Carmela.mp3?_=1\" \/><source type=\"audio\/mpeg\" src=\"https:\/\/app.ecomuseovajont.net\/wp-content\/uploads\/2021\/11\/A04-Fulvio-e-Carmela.mp3?_=1\" \/><a href=\"https:\/\/app.ecomuseovajont.net\/wp-content\/uploads\/2021\/11\/A04-Fulvio-e-Carmela.mp3\">https:\/\/app.ecomuseovajont.net\/wp-content\/uploads\/2021\/11\/A04-Fulvio-e-Carmela.mp3<\/a><\/audio>\t\t\t\t<\/div>\n\t\t\t\t<\/div>\n\t\t\t\t<div class=\"elementor-element elementor-element-27ba9959 elementor-widget elementor-widget-text-editor\" data-id=\"27ba9959\" data-element_type=\"widget\" data-e-type=\"widget\" data-widget_type=\"text-editor.default\">\n\t\t\t\t<div class=\"elementor-widget-container\">\n\t\t\t\t\t\t\t\t\t<p>Fulvio e Carmela stavano qui, sul Toc, in localit\u00e0 Pian de Sot, ai margini della frana. Incontriamo le tracce della loro stalla che aveva a fianco il pozzo. Solo qualche anno prima avevano rifatto il pavimento in cemento. Accanto, dove i familiari hanno posto la lapide vedete ci\u00f2 che rimane della casa. Da quass\u00f9 lo sguardo spaziava verso Casso. Avevano due mucche e portavano il latte nella latteria turnaria, la cas\u00ecna, nella localit\u00e0 Canev\u00e8r. Possedevano anche una manza che, con il passare degli anni avrebbe sostituito la mucca pi\u00f9 anziana. Dietro alla loro casa passava la strada circumlacuale.<\/p><p><em>9 ottobre 1963 ore 22.39 Un\u2019apocalisse<\/em><\/p><p><em>sconquasso di montagna<\/em><\/p><p><em>boato<\/em><\/p><p><em>frastuono infernale<\/em><\/p><p><em>graffi di onde<\/em><\/p><p><em>Un unico pensiero per Fulvio e Carmela: &#8211; Vorrei che la morte vi abbia colto nel sonno senza accorgervi di nulla.<\/em><\/p><p>I loro corpi non furono mai ritrovati.<\/p><p>\u2026.<em>Venendo via dal Toc passai da Fulvio e Carmela per convincerli a venire in paese, ma loro erano decisi a rimanere l\u00ec. Lasciai da loro il mio maiale perch\u00e9 eravamo d\u2019accordo che l\u2019avrebbero tenuto tutto il mese di novembre, per poi dividerlo a met\u00e0 quando lo si avrebbe ammazzato. La loro casa si trovava proprio nella zona sovrastante il muro della diga. Furono le sole persone a rimanere sul Toc quella spaventosa notte. Infatti, tutte le altre, prima di sera avevano gi\u00e0 sgombrato ed erano arrivate a Casso portando le mucche e tutto quello che avevano potuto trasportare. \u2026..Quella sera la furia delle acque spazz\u00f2 via la casa di Carmela e Fulvio. I loro corpi non furono pi\u00f9 ritrovati.<\/em>\u00a0<\/p><p>Checo Buc\u2019<\/p>\t\t\t\t\t\t\t\t<\/div>\n\t\t\t\t<\/div>\n\t\t\t\t<div class=\"elementor-element elementor-element-e2eb2c4 elementor-widget elementor-widget-gallery\" data-id=\"e2eb2c4\" data-element_type=\"widget\" data-e-type=\"widget\" data-settings=\"{&quot;gallery_layout&quot;:&quot;masonry&quot;,&quot;columns&quot;:5,&quot;lazyload&quot;:&quot;yes&quot;,&quot;columns_tablet&quot;:2,&quot;columns_mobile&quot;:1,&quot;gap&quot;:{&quot;unit&quot;:&quot;px&quot;,&quot;size&quot;:10,&quot;sizes&quot;:[]},&quot;gap_tablet&quot;:{&quot;unit&quot;:&quot;px&quot;,&quot;size&quot;:10,&quot;sizes&quot;:[]},&quot;gap_mobile&quot;:{&quot;unit&quot;:&quot;px&quot;,&quot;size&quot;:10,&quot;sizes&quot;:[]},&quot;overlay_background&quot;:&quot;yes&quot;,&quot;content_hover_animation&quot;:&quot;fade-in&quot;}\" data-widget_type=\"gallery.default\">\n\t\t\t\t<div class=\"elementor-widget-container\">\n\t\t\t\t\t\t\t<div class=\"elementor-gallery__container\">\n\t\t\t\t\t\t\t<div class=\"e-gallery-item elementor-gallery-item elementor-animated-content\">\n\t\t\t\t\t<div class=\"e-gallery-image elementor-gallery-item__image\" data-thumbnail=\"https:\/\/app.ecomuseovajont.net\/wp-content\/uploads\/2021\/11\/4-4.jpg\" data-width=\"1033\" data-height=\"673\" alt=\"\" ><\/div>\n\t\t\t\t\t\t\t\t\t\t\t<div class=\"elementor-gallery-item__overlay\"><\/div>\n\t\t\t\t\t\t\t\t\t\t\t\t\t\t<\/div>\n\t\t\t\t\t\t\t<div class=\"e-gallery-item elementor-gallery-item elementor-animated-content\">\n\t\t\t\t\t<div class=\"e-gallery-image elementor-gallery-item__image\" data-thumbnail=\"https:\/\/app.ecomuseovajont.net\/wp-content\/uploads\/2021\/11\/4-3-e1636623429720.jpg\" data-width=\"1280\" data-height=\"857\" alt=\"\" ><\/div>\n\t\t\t\t\t\t\t\t\t\t\t<div class=\"elementor-gallery-item__overlay\"><\/div>\n\t\t\t\t\t\t\t\t\t\t\t\t\t\t<\/div>\n\t\t\t\t\t\t\t<div class=\"e-gallery-item elementor-gallery-item elementor-animated-content\">\n\t\t\t\t\t<div class=\"e-gallery-image elementor-gallery-item__image\" data-thumbnail=\"https:\/\/app.ecomuseovajont.net\/wp-content\/uploads\/2021\/11\/4-2-1-scaled.jpg\" data-width=\"1803\" data-height=\"2560\" alt=\"\" ><\/div>\n\t\t\t\t\t\t\t\t\t\t\t<div class=\"elementor-gallery-item__overlay\"><\/div>\n\t\t\t\t\t\t\t\t\t\t\t\t\t\t<\/div>\n\t\t\t\t\t\t\t<div class=\"e-gallery-item elementor-gallery-item elementor-animated-content\">\n\t\t\t\t\t<div class=\"e-gallery-image elementor-gallery-item__image\" data-thumbnail=\"https:\/\/app.ecomuseovajont.net\/wp-content\/uploads\/2022\/04\/Fulvio-e-Carmela.jpg\" data-width=\"1504\" data-height=\"679\" alt=\"\" ><\/div>\n\t\t\t\t\t\t\t\t\t\t\t<div class=\"elementor-gallery-item__overlay\"><\/div>\n\t\t\t\t\t\t\t\t\t\t\t\t\t\t<\/div>\n\t\t\t\t\t\t\t<div class=\"e-gallery-item elementor-gallery-item elementor-animated-content\">\n\t\t\t\t\t<div class=\"e-gallery-image elementor-gallery-item__image\" data-thumbnail=\"https:\/\/app.ecomuseovajont.net\/wp-content\/uploads\/2022\/04\/Carmela-Fulvia-santino-foto-scaled.jpg\" data-width=\"2560\" data-height=\"1811\" alt=\"\" ><\/div>\n\t\t\t\t\t\t\t\t\t\t\t<div class=\"elementor-gallery-item__overlay\"><\/div>\n\t\t\t\t\t\t\t\t\t\t\t\t\t\t<\/div>\n\t\t\t\t\t\t\t<div class=\"e-gallery-item elementor-gallery-item elementor-animated-content\">\n\t\t\t\t\t<div class=\"e-gallery-image elementor-gallery-item__image\" data-thumbnail=\"https:\/\/app.ecomuseovajont.net\/wp-content\/uploads\/2022\/04\/Santino-Fulvio-e-Carmela-scaled.jpg\" data-width=\"2560\" data-height=\"1638\" alt=\"\" ><\/div>\n\t\t\t\t\t\t\t\t\t\t\t<div class=\"elementor-gallery-item__overlay\"><\/div>\n\t\t\t\t\t\t\t\t\t\t\t\t\t\t<\/div>\n\t\t\t\t\t<\/div>\n\t\t\t\t\t<\/div>\n\t\t\t\t<\/div>\n\t\t\t\t<div class=\"elementor-element elementor-element-4c6e57a4 elementor-align-center elementor-widget elementor-widget-button\" data-id=\"4c6e57a4\" data-element_type=\"widget\" data-e-type=\"widget\" data-widget_type=\"button.default\">\n\t\t\t\t<div class=\"elementor-widget-container\">\n\t\t\t\t\t\t\t\t\t<div class=\"elementor-button-wrapper\">\n\t\t\t\t\t<a class=\"elementor-button elementor-button-link elementor-size-sm\" href=\"https:\/\/app.ecomuseovajont.net\/en\/a-la-frana-percorso\/\">\n\t\t\t\t\t\t<span class=\"elementor-button-content-wrapper\">\n\t\t\t\t\t\t<span class=\"elementor-button-icon\">\n\t\t\t\t<i aria-hidden=\"true\" class=\"fas fa-angle-left\"><\/i>\t\t\t<\/span>\n\t\t\t\t\t\t\t\t\t<span class=\"elementor-button-text\">Torna alla mappa<\/span>\n\t\t\t\t\t<\/span>\n\t\t\t\t\t<\/a>\n\t\t\t\t<\/div>\n\t\t\t\t\t\t\t\t<\/div>\n\t\t\t\t<\/div>\n\t\t\t\t\t<\/div>\n\t\t<\/div>\n\t\t\t\t\t<\/div>\n\t\t<\/section>\n\t\t\t\t<\/div>","protected":false},"excerpt":{"rendered":"<p>LA CASA DI FULVIO E CARMELA Ascolta l&#8217;audio Fulvio e Carmela stavano qui, sul Toc, in localit\u00e0 Pian de Sot, ai margini della frana. Incontriamo le tracce della loro stalla che aveva a fianco il pozzo. Solo qualche anno prima avevano rifatto il pavimento in cemento. Accanto, dove i familiari hanno posto la lapide vedete &#8230; <a title=\"A4 &#8211; Casa Fulvio e Carmela\" class=\"read-more\" href=\"https:\/\/app.ecomuseovajont.net\/en\/a4-casa-fulvio-e-carmela\/\" aria-label=\"Read more about A4 &#8211; Casa Fulvio e Carmela\">Read more<\/a><\/p>","protected":false},"author":1,"featured_media":0,"parent":0,"menu_order":0,"comment_status":"closed","ping_status":"closed","template":"elementor_canvas","meta":{"footnotes":""},"class_list":["post-108","page","type-page","status-publish"],"_links":{"self":[{"href":"https:\/\/app.ecomuseovajont.net\/en\/wp-json\/wp\/v2\/pages\/108","targetHints":{"allow":["GET"]}}],"collection":[{"href":"https:\/\/app.ecomuseovajont.net\/en\/wp-json\/wp\/v2\/pages"}],"about":[{"href":"https:\/\/app.ecomuseovajont.net\/en\/wp-json\/wp\/v2\/types\/page"}],"author":[{"embeddable":true,"href":"https:\/\/app.ecomuseovajont.net\/en\/wp-json\/wp\/v2\/users\/1"}],"replies":[{"embeddable":true,"href":"https:\/\/app.ecomuseovajont.net\/en\/wp-json\/wp\/v2\/comments?post=108"}],"version-history":[{"count":61,"href":"https:\/\/app.ecomuseovajont.net\/en\/wp-json\/wp\/v2\/pages\/108\/revisions"}],"predecessor-version":[{"id":2001,"href":"https:\/\/app.ecomuseovajont.net\/en\/wp-json\/wp\/v2\/pages\/108\/revisions\/2001"}],"wp:attachment":[{"href":"https:\/\/app.ecomuseovajont.net\/en\/wp-json\/wp\/v2\/media?parent=108"}],"curies":[{"name":"wp","href":"https:\/\/api.w.org\/{rel}","templated":true}]}}