{"id":1353,"date":"2021-11-26T09:53:29","date_gmt":"2021-11-26T08:53:29","guid":{"rendered":"https:\/\/app.ecomuseovajont.net\/?page_id=1353"},"modified":"2021-12-09T12:27:48","modified_gmt":"2021-12-09T11:27:48","slug":"b2-col-de-adamo","status":"publish","type":"page","link":"https:\/\/app.ecomuseovajont.net\/en\/b2-col-de-adamo\/","title":{"rendered":"B2 &#8211; Col de Adamo"},"content":{"rendered":"<div data-elementor-type=\"wp-page\" data-elementor-id=\"1353\" class=\"elementor elementor-1353\">\n\t\t\t\t\t\t<section class=\"elementor-section elementor-top-section elementor-element elementor-element-3a79f242 elementor-section-full_width elementor-section-height-default elementor-section-height-default\" data-id=\"3a79f242\" data-element_type=\"section\" data-e-type=\"section\" data-settings=\"{&quot;background_background&quot;:&quot;classic&quot;}\">\n\t\t\t\t\t\t<div class=\"elementor-container elementor-column-gap-no\">\n\t\t\t\t\t<div class=\"elementor-column elementor-col-100 elementor-top-column elementor-element elementor-element-22c2dda2\" data-id=\"22c2dda2\" data-element_type=\"column\" data-e-type=\"column\">\n\t\t\t<div class=\"elementor-widget-wrap elementor-element-populated\">\n\t\t\t\t\t\t<div class=\"elementor-element elementor-element-9b1b29d elementor-widget elementor-widget-heading\" data-id=\"9b1b29d\" data-element_type=\"widget\" data-e-type=\"widget\" data-widget_type=\"heading.default\">\n\t\t\t\t<div class=\"elementor-widget-container\">\n\t\t\t\t\t<h2 class=\"elementor-heading-title elementor-size-default\">COL DE ADAMO<\/h2>\t\t\t\t<\/div>\n\t\t\t\t<\/div>\n\t\t\t\t<div class=\"elementor-element elementor-element-b7a1ad2 elementor-widget elementor-widget-heading\" data-id=\"b7a1ad2\" data-element_type=\"widget\" data-e-type=\"widget\" data-widget_type=\"heading.default\">\n\t\t\t\t<div class=\"elementor-widget-container\">\n\t\t\t\t\t<h4 class=\"elementor-heading-title elementor-size-default\">Ascolta l'audio<\/h4>\t\t\t\t<\/div>\n\t\t\t\t<\/div>\n\t\t\t\t<div class=\"elementor-element elementor-element-ce6bf37 elementor-widget elementor-widget-wp-widget-media_audio\" data-id=\"ce6bf37\" data-element_type=\"widget\" data-e-type=\"widget\" data-widget_type=\"wp-widget-media_audio.default\">\n\t\t\t\t<div class=\"elementor-widget-container\">\n\t\t\t\t\t<audio class=\"wp-audio-shortcode\" id=\"audio-1353-1\" preload=\"none\" style=\"width: 100%;\" controls=\"controls\"><source type=\"audio\/mpeg\" src=\"https:\/\/app.ecomuseovajont.net\/wp-content\/uploads\/2021\/12\/b02-Col-de-Adamo.mp3?_=1\" \/><source type=\"audio\/mpeg\" src=\"https:\/\/app.ecomuseovajont.net\/wp-content\/uploads\/2021\/12\/b02-Col-de-Adamo.mp3?_=1\" \/><a href=\"https:\/\/app.ecomuseovajont.net\/wp-content\/uploads\/2021\/12\/b02-Col-de-Adamo.mp3\">https:\/\/app.ecomuseovajont.net\/wp-content\/uploads\/2021\/12\/b02-Col-de-Adamo.mp3<\/a><\/audio>\t\t\t\t<\/div>\n\t\t\t\t<\/div>\n\t\t\t\t<div class=\"elementor-element elementor-element-be16804 elementor-widget elementor-widget-text-editor\" data-id=\"be16804\" data-element_type=\"widget\" data-e-type=\"widget\" data-widget_type=\"text-editor.default\">\n\t\t\t\t<div class=\"elementor-widget-container\">\n\t\t\t\t\t\t\t\t\t<p>Sei in Pineda, frazione di Erto e Casso denominata dagli ertani R\u00f9ava. La notte del 9 ottobre 1963 qui morirono sette persone. Di fronte a te ci sono le abitazioni risparmiate dall\u2019onda. Pineda era molto abitata: prima degli espropri qui vivevano pi\u00f9 di 20 famiglie. Oltre la met\u00e0 delle case, quelle della parte pi\u00f9 bassa, furono espropriate perch\u00e9 si trovavano sotto la quota dell\u2019invaso.\u00a0<\/p><p><strong>I SEGNI PREMONITORI<\/strong><\/p><p>Da qui si pu\u00f2 vivere da vicino la tragedia. Non siamo lontani dalla frana e il bosco oggi nasconde la sua vista. Verso sera gli abitanti di Pineda percepirono dei segnali premonitori, come se qualcosa di grave stesse per accadere. C\u2019era chi stava con gli amici, chi si era gi\u00e0 coricato, chi aveva scambiato parole di preoccupazione con il fruttivendolo che ogni settimana arrivava in Pineda.<\/p><p><em>Quella sera, verso le 20.30 arriv\u00f2 il fruttivendolo e ci disse:<\/em><\/p><p><em>&#8211; Comprate poco e scappate perch\u00e9 lungo la strada del Toc vedi grandi crepe, ho perfino trovato un camion dove caricavano le bestie per trasportarle a Casso. Scappate, scappate di corsa.<\/em><\/p><p><em>Ma per noi erano parole al vento. Chi mai pensava che una montagna potesse crollare&#8230; <\/em><\/p><p>Franca de Ben\u00e9to<\/p><p><em>Un po\u2019 prima delle ventidue e trenta ero fuori con Tina e sentivo i sassi rotolare nel lago, poi andammo a dormire.<\/em><\/p><p>Anna de Adamo<\/p><p><em>Quando giunse l\u2019ora di andare a dormire, Anna, mia sorella usc\u00ec per andare in bagno. Rientrata mi disse: &#8211; Senti come continua a scivolare gi\u00f9 la terra dal Toc. Io la invitai a smetterla, ero stufo di sentire che la terra correva su e gi\u00f9 e sempre quella.<\/em><\/p><p><em>Adamo de Sep\u00ecn<\/em><\/p><p><strong>L\u2019ARRIVO DELL\u2019ONDA<\/strong><\/p><p>Alle 22.39 la frana precipit\u00f2 nel lago. Chiudi gli occhi \u2026Ascolta le voci di chi c\u2019era:<\/p><p><em>\u2026vidi una nuvola che saliva e sentii il terreno vibrare come ci fosse un terremoto. Alzando lo sguardo vidi qualcosa di alto, molto alto e una gran nebbia e fumo e intanto sentii brr\u2026accompagnato da un boato<\/em><\/p><p>Pierino de Naspo<\/p><p><em>\u2026eravamo in casa quando tutto ha cominciato a tremare. Siamo usciti. Il Toc era illuminato e abbiamo visto scendere tutto, e tutto a una velocit\u00e0 incredibile. Pochi attimi e l\u2019onda era sopra di noi. Mio pap\u00e0 urlava \u201cScappate, scappate, siamo morti!\u201d<\/em><\/p><p>Clara<\/p><p><em>\u2026io e Adamo uscimmo e vedemmo tutto bianco, sentimmo gocce di pioggia bagnarci. Pensai a un temporale per\u00f2 il cielo era sereno. Vidi un gran bagliore a Erto, sentii delle urla e poi pi\u00f9 nulla.<\/em><\/p><p>Anna de Adamo<\/p><p><em>\u2026e andammo a dormire e dopo un po\u2019 sentii tremare tutto e si spense anche la luce. Mia mamma ci esort\u00f2 a scappare. Lei gi\u00e0 era lungo le scale e anche Anna, mia sorella lasci\u00f2 la stanza, Io tenni duro ancora per un attimo e siccome il tremolio non finiva presi a scendere le scale di corsa provando invano a calzare un paio di scarpetti di panno.<\/em><\/p><p><em>Uscii scalzo e volgendo lo sguardo verso Longarone, vidi verso il cielo, gli abeti che scivolavano gi\u00f9 e nello stesso tempo un qualcosa di scuro che arrivava verso di noi.<\/em><\/p><p><em>Io e Anna, scalzi passammo davanti a lei, era l\u2019onda che arrivava. Un\u2019immagine distinta perch\u00e9 era una sera proprio chiara.<\/em><\/p><p>Damo de \u015aep\u00ecn<\/p><p><em>\u2026la sera del 9 ottobre 1963 io ero nel fienile a dormire. Arriv\u00f2 mia madre e mi svegli\u00f2 all\u2019improvviso e mi disse: \u201cPresto, dobbiamo andare via\u201d.<\/em><\/p><p><em>Prese me per mano e mio fratello in braccio; mentre uscivamo dalla stalla, arriv\u00f2 l\u2019acqua che ci ributt\u00f2 nella stalla. Mia madre riusc\u00ec ad aggrapparsi alla mangiatoia.<\/em><\/p><p>Toni de Tina<\/p><p><em>\u2026appena giunti in camera, avvertii come un forte vento, la luce si spense e per un attimo trem\u00f2 anche la casa. Presi i bambini e mi avviai, illuminandomi la strada con una pila, inseguita da quello strano mormorio simile al fischiare incessante del vento e alle continue piccole scosse.<\/em><\/p><p>Franca de Ben\u00e9to<\/p><p>Pierino, Clara, Anna, Adamo, Toni e Franca sono i testimoni oculari che, con i loro racconti, ti hanno fatto rivivere le sensazioni di quella notte.<\/p><p>Torna indietro e scendi lungo il sentiero che ti riporter\u00e0 sulla strada per Pineda. Raggiungi il crocifisso e imbocca il sentiero seguendo le indicazioni per il rifugio Casera Ditta.<\/p>\t\t\t\t\t\t\t\t<\/div>\n\t\t\t\t<\/div>\n\t\t\t\t<div class=\"elementor-element elementor-element-b549ba4 elementor-widget elementor-widget-image\" data-id=\"b549ba4\" data-element_type=\"widget\" data-e-type=\"widget\" data-widget_type=\"image.default\">\n\t\t\t\t<div class=\"elementor-widget-container\">\n\t\t\t\t\t\t\t\t\t\t\t\t\t\t\t<img fetchpriority=\"high\" decoding=\"async\" width=\"768\" height=\"509\" src=\"https:\/\/app.ecomuseovajont.net\/wp-content\/uploads\/2021\/12\/b2-Pineda-1014-768x509.jpg\" class=\"attachment-medium_large size-medium_large wp-image-1673\" alt=\"\" srcset=\"https:\/\/app.ecomuseovajont.net\/wp-content\/uploads\/2021\/12\/b2-Pineda-1014-768x509.jpg 768w, https:\/\/app.ecomuseovajont.net\/wp-content\/uploads\/2021\/12\/b2-Pineda-1014-300x199.jpg 300w, https:\/\/app.ecomuseovajont.net\/wp-content\/uploads\/2021\/12\/b2-Pineda-1014-1024x679.jpg 1024w, https:\/\/app.ecomuseovajont.net\/wp-content\/uploads\/2021\/12\/b2-Pineda-1014-1536x1019.jpg 1536w, https:\/\/app.ecomuseovajont.net\/wp-content\/uploads\/2021\/12\/b2-Pineda-1014-2048x1358.jpg 2048w, https:\/\/app.ecomuseovajont.net\/wp-content\/uploads\/2021\/12\/b2-Pineda-1014-18x12.jpg 18w, https:\/\/app.ecomuseovajont.net\/wp-content\/uploads\/2021\/12\/b2-Pineda-1014-scaled-e1638541695743.jpg 1280w\" sizes=\"(max-width: 768px) 100vw, 768px\" \/>\t\t\t\t\t\t\t\t\t\t\t\t\t\t\t<\/div>\n\t\t\t\t<\/div>\n\t\t\t\t<div class=\"elementor-element elementor-element-66a6940 elementor-align-center elementor-widget elementor-widget-button\" data-id=\"66a6940\" data-element_type=\"widget\" data-e-type=\"widget\" data-widget_type=\"button.default\">\n\t\t\t\t<div class=\"elementor-widget-container\">\n\t\t\t\t\t\t\t\t\t<div class=\"elementor-button-wrapper\">\n\t\t\t\t\t<a class=\"elementor-button elementor-button-link elementor-size-sm\" href=\"https:\/\/app.ecomuseovajont.net\/en\/b-pineda-percorso\/\">\n\t\t\t\t\t\t<span class=\"elementor-button-content-wrapper\">\n\t\t\t\t\t\t<span class=\"elementor-button-icon\">\n\t\t\t\t<i aria-hidden=\"true\" class=\"fas fa-angle-left\"><\/i>\t\t\t<\/span>\n\t\t\t\t\t\t\t\t\t<span class=\"elementor-button-text\">Torna alla mappa<\/span>\n\t\t\t\t\t<\/span>\n\t\t\t\t\t<\/a>\n\t\t\t\t<\/div>\n\t\t\t\t\t\t\t\t<\/div>\n\t\t\t\t<\/div>\n\t\t\t\t\t<\/div>\n\t\t<\/div>\n\t\t\t\t\t<\/div>\n\t\t<\/section>\n\t\t\t\t<\/div>","protected":false},"excerpt":{"rendered":"<p>COL DE ADAMO Ascolta l&#8217;audio Sei in Pineda, frazione di Erto e Casso denominata dagli ertani R\u00f9ava. La notte del 9 ottobre 1963 qui morirono sette persone. Di fronte a te ci sono le abitazioni risparmiate dall\u2019onda. Pineda era molto abitata: prima degli espropri qui vivevano pi\u00f9 di 20 famiglie. Oltre la met\u00e0 delle case, &#8230; <a title=\"B2 &#8211; Col de Adamo\" class=\"read-more\" href=\"https:\/\/app.ecomuseovajont.net\/en\/b2-col-de-adamo\/\" aria-label=\"Read more about B2 &#8211; Col de Adamo\">Read more<\/a><\/p>","protected":false},"author":1,"featured_media":0,"parent":0,"menu_order":0,"comment_status":"closed","ping_status":"closed","template":"elementor_canvas","meta":{"footnotes":""},"class_list":["post-1353","page","type-page","status-publish"],"_links":{"self":[{"href":"https:\/\/app.ecomuseovajont.net\/en\/wp-json\/wp\/v2\/pages\/1353","targetHints":{"allow":["GET"]}}],"collection":[{"href":"https:\/\/app.ecomuseovajont.net\/en\/wp-json\/wp\/v2\/pages"}],"about":[{"href":"https:\/\/app.ecomuseovajont.net\/en\/wp-json\/wp\/v2\/types\/page"}],"author":[{"embeddable":true,"href":"https:\/\/app.ecomuseovajont.net\/en\/wp-json\/wp\/v2\/users\/1"}],"replies":[{"embeddable":true,"href":"https:\/\/app.ecomuseovajont.net\/en\/wp-json\/wp\/v2\/comments?post=1353"}],"version-history":[{"count":17,"href":"https:\/\/app.ecomuseovajont.net\/en\/wp-json\/wp\/v2\/pages\/1353\/revisions"}],"predecessor-version":[{"id":1857,"href":"https:\/\/app.ecomuseovajont.net\/en\/wp-json\/wp\/v2\/pages\/1353\/revisions\/1857"}],"wp:attachment":[{"href":"https:\/\/app.ecomuseovajont.net\/en\/wp-json\/wp\/v2\/media?parent=1353"}],"curies":[{"name":"wp","href":"https:\/\/api.w.org\/{rel}","templated":true}]}}