{"id":1357,"date":"2021-11-26T09:54:52","date_gmt":"2021-11-26T08:54:52","guid":{"rendered":"https:\/\/app.ecomuseovajont.net\/?page_id=1357"},"modified":"2022-04-29T14:21:50","modified_gmt":"2022-04-29T12:21:50","slug":"b4-toni-traina","status":"publish","type":"page","link":"https:\/\/app.ecomuseovajont.net\/en\/b4-toni-traina\/","title":{"rendered":"B4 &#8211; Toni Traina"},"content":{"rendered":"<div data-elementor-type=\"wp-page\" data-elementor-id=\"1357\" class=\"elementor elementor-1357\">\n\t\t\t\t\t\t<section class=\"elementor-section elementor-top-section elementor-element elementor-element-3a79f242 elementor-section-full_width elementor-section-height-default elementor-section-height-default\" data-id=\"3a79f242\" data-element_type=\"section\" data-e-type=\"section\" data-settings=\"{&quot;background_background&quot;:&quot;classic&quot;}\">\n\t\t\t\t\t\t<div class=\"elementor-container elementor-column-gap-no\">\n\t\t\t\t\t<div class=\"elementor-column elementor-col-100 elementor-top-column elementor-element elementor-element-22c2dda2\" data-id=\"22c2dda2\" data-element_type=\"column\" data-e-type=\"column\">\n\t\t\t<div class=\"elementor-widget-wrap elementor-element-populated\">\n\t\t\t\t\t\t<div class=\"elementor-element elementor-element-9b1b29d elementor-widget elementor-widget-heading\" data-id=\"9b1b29d\" data-element_type=\"widget\" data-e-type=\"widget\" data-widget_type=\"heading.default\">\n\t\t\t\t<div class=\"elementor-widget-container\">\n\t\t\t\t\t<h2 class=\"elementor-heading-title elementor-size-default\">TON\u00ccN DE TR\u00c0INA<\/h2>\t\t\t\t<\/div>\n\t\t\t\t<\/div>\n\t\t\t\t<div class=\"elementor-element elementor-element-b7a1ad2 elementor-widget elementor-widget-heading\" data-id=\"b7a1ad2\" data-element_type=\"widget\" data-e-type=\"widget\" data-widget_type=\"heading.default\">\n\t\t\t\t<div class=\"elementor-widget-container\">\n\t\t\t\t\t<h4 class=\"elementor-heading-title elementor-size-default\">Ascolta l'audio<\/h4>\t\t\t\t<\/div>\n\t\t\t\t<\/div>\n\t\t\t\t<div class=\"elementor-element elementor-element-ce6bf37 elementor-widget elementor-widget-wp-widget-media_audio\" data-id=\"ce6bf37\" data-element_type=\"widget\" data-e-type=\"widget\" data-widget_type=\"wp-widget-media_audio.default\">\n\t\t\t\t<div class=\"elementor-widget-container\">\n\t\t\t\t\t<audio class=\"wp-audio-shortcode\" id=\"audio-1357-1\" preload=\"none\" style=\"width: 100%;\" controls=\"controls\"><source type=\"audio\/mpeg\" src=\"https:\/\/app.ecomuseovajont.net\/wp-content\/uploads\/2022\/04\/04-Toni2.mp3?_=1\" \/><source type=\"audio\/mpeg\" src=\"https:\/\/app.ecomuseovajont.net\/wp-content\/uploads\/2022\/04\/04-Toni2.mp3?_=1\" \/><a href=\"https:\/\/app.ecomuseovajont.net\/wp-content\/uploads\/2022\/04\/04-Toni2.mp3\">https:\/\/app.ecomuseovajont.net\/wp-content\/uploads\/2022\/04\/04-Toni2.mp3<\/a><\/audio>\t\t\t\t<\/div>\n\t\t\t\t<\/div>\n\t\t\t\t<div class=\"elementor-element elementor-element-be16804 elementor-widget elementor-widget-text-editor\" data-id=\"be16804\" data-element_type=\"widget\" data-e-type=\"widget\" data-widget_type=\"text-editor.default\">\n\t\t\t\t<div class=\"elementor-widget-container\">\n\t\t\t\t\t\t\t\t\t<p><strong>DESTINO CRUDELE<\/strong><\/p>\n<p>Questo gruppo di case fu lambito dall\u2019onda. Solo una parete fu sventrata scaraventando all\u2019interno il corpo di Tonin.<\/p>\t\t\t\t\t\t\t\t<\/div>\n\t\t\t\t<\/div>\n\t\t\t\t<div class=\"elementor-element elementor-element-b4c82fa elementor-widget elementor-widget-image\" data-id=\"b4c82fa\" data-element_type=\"widget\" data-e-type=\"widget\" data-widget_type=\"image.default\">\n\t\t\t\t<div class=\"elementor-widget-container\">\n\t\t\t\t\t\t\t\t\t\t\t\t\t\t\t<img fetchpriority=\"high\" decoding=\"async\" width=\"230\" height=\"300\" src=\"https:\/\/app.ecomuseovajont.net\/wp-content\/uploads\/2021\/12\/4tonin-230x300.jpg\" class=\"attachment-medium size-medium wp-image-1478\" alt=\"\" srcset=\"https:\/\/app.ecomuseovajont.net\/wp-content\/uploads\/2021\/12\/4tonin-230x300.jpg 230w, https:\/\/app.ecomuseovajont.net\/wp-content\/uploads\/2021\/12\/4tonin-787x1024.jpg 787w, https:\/\/app.ecomuseovajont.net\/wp-content\/uploads\/2021\/12\/4tonin-768x1000.jpg 768w, https:\/\/app.ecomuseovajont.net\/wp-content\/uploads\/2021\/12\/4tonin-9x12.jpg 9w, https:\/\/app.ecomuseovajont.net\/wp-content\/uploads\/2021\/12\/4tonin.jpg 977w\" sizes=\"(max-width: 230px) 100vw, 230px\" \/>\t\t\t\t\t\t\t\t\t\t\t\t\t\t\t<\/div>\n\t\t\t\t<\/div>\n\t\t\t\t<div class=\"elementor-element elementor-element-2d8baee elementor-widget elementor-widget-text-editor\" data-id=\"2d8baee\" data-element_type=\"widget\" data-e-type=\"widget\" data-widget_type=\"text-editor.default\">\n\t\t\t\t<div class=\"elementor-widget-container\">\n\t\t\t\t\t\t\t\t\t<p><span style=\"color: var( --e-global-color-743b920 );\">\u00a0La riconoscete perch\u00e9 ricostruita con materiali diversi da quelli originari.<\/span><\/p>\t\t\t\t\t\t\t\t<\/div>\n\t\t\t\t<\/div>\n\t\t\t\t<div class=\"elementor-element elementor-element-e34028b elementor-widget elementor-widget-image\" data-id=\"e34028b\" data-element_type=\"widget\" data-e-type=\"widget\" data-widget_type=\"image.default\">\n\t\t\t\t<div class=\"elementor-widget-container\">\n\t\t\t\t\t\t\t\t\t\t\t\t\t\t\t<img decoding=\"async\" width=\"768\" height=\"768\" src=\"https:\/\/app.ecomuseovajont.net\/wp-content\/uploads\/2021\/12\/b04-Toni-Traina-768x768.jpg\" class=\"attachment-medium_large size-medium_large wp-image-1482\" alt=\"\" srcset=\"https:\/\/app.ecomuseovajont.net\/wp-content\/uploads\/2021\/12\/b04-Toni-Traina-768x768.jpg 768w, https:\/\/app.ecomuseovajont.net\/wp-content\/uploads\/2021\/12\/b04-Toni-Traina-300x300.jpg 300w, https:\/\/app.ecomuseovajont.net\/wp-content\/uploads\/2021\/12\/b04-Toni-Traina-1024x1024.jpg 1024w, https:\/\/app.ecomuseovajont.net\/wp-content\/uploads\/2021\/12\/b04-Toni-Traina-150x150.jpg 150w, https:\/\/app.ecomuseovajont.net\/wp-content\/uploads\/2021\/12\/b04-Toni-Traina-1536x1536.jpg 1536w, https:\/\/app.ecomuseovajont.net\/wp-content\/uploads\/2021\/12\/b04-Toni-Traina-2048x2048.jpg 2048w, https:\/\/app.ecomuseovajont.net\/wp-content\/uploads\/2021\/12\/b04-Toni-Traina-12x12.jpg 12w, https:\/\/app.ecomuseovajont.net\/wp-content\/uploads\/2021\/12\/b04-Toni-Traina-scaled-e1638440165859.jpg 1280w\" sizes=\"(max-width: 768px) 100vw, 768px\" \/>\t\t\t\t\t\t\t\t\t\t\t\t\t\t\t<\/div>\n\t\t\t\t<\/div>\n\t\t\t\t<div class=\"elementor-element elementor-element-47d38dd elementor-widget elementor-widget-text-editor\" data-id=\"47d38dd\" data-element_type=\"widget\" data-e-type=\"widget\" data-widget_type=\"text-editor.default\">\n\t\t\t\t<div class=\"elementor-widget-container\">\n\t\t\t\t\t\t\t\t\t<p><span style=\"color: var( --e-global-color-743b920 );\">Clara e Adamo ricordano<\/span><\/p><p><em>\u2026Tonin era appena arrivato dalla Germania. A casa sua aveva depositato i bagagli per poi incontrare e salutare gli amici\u2026<\/em><\/p><p><em>\u2026Tonin lo trovammo quando si fece giorno. La casa era stata sfondata dall\u2019onda aiutata da un ciliegio che era caduto sulla parete. Era sul pianerottolo del secondo piano. Sembrava dormisse. Aveva ancora l\u2019orologio che scandiva le ore\u2026<\/em><\/p><p class=\"p1\"><span class=\"s1\">Il piccolo sacello \u00e8 anch\u2019esso testimone della tragedia. C\u2019\u00e8 qualcuno che lo tiene con cura. Ha rinfrescato la tinteggiatura lasciando per\u00f2 nella parete esterna i segni dello schiaffo dell\u2019onda. Ai piedi della Madonna, del Cristo e di Sant\u2019Antonio un lume e un fiore. \u00c8 sosta per un ricordo. Originariamente era poco distante da qui, nei pressi del vecchio sentiero che porta in Mes\u00e0th. La SADE lo demol\u00ec per lasciare spazio alla strada e lo ricostru\u00ec dove lo vedete oggi. <\/span><\/p><p><em>\u00a0<\/em><\/p>\t\t\t\t\t\t\t\t<\/div>\n\t\t\t\t<\/div>\n\t\t\t\t<div class=\"elementor-element elementor-element-66a6940 elementor-align-center elementor-widget elementor-widget-button\" data-id=\"66a6940\" data-element_type=\"widget\" data-e-type=\"widget\" data-widget_type=\"button.default\">\n\t\t\t\t<div class=\"elementor-widget-container\">\n\t\t\t\t\t\t\t\t\t<div class=\"elementor-button-wrapper\">\n\t\t\t\t\t<a class=\"elementor-button elementor-button-link elementor-size-sm\" href=\"https:\/\/app.ecomuseovajont.net\/en\/b-pineda-percorso\/\">\n\t\t\t\t\t\t<span class=\"elementor-button-content-wrapper\">\n\t\t\t\t\t\t<span class=\"elementor-button-icon\">\n\t\t\t\t<i aria-hidden=\"true\" class=\"fas fa-angle-left\"><\/i>\t\t\t<\/span>\n\t\t\t\t\t\t\t\t\t<span class=\"elementor-button-text\">Torna alla mappa<\/span>\n\t\t\t\t\t<\/span>\n\t\t\t\t\t<\/a>\n\t\t\t\t<\/div>\n\t\t\t\t\t\t\t\t<\/div>\n\t\t\t\t<\/div>\n\t\t\t\t\t<\/div>\n\t\t<\/div>\n\t\t\t\t\t<\/div>\n\t\t<\/section>\n\t\t\t\t<\/div>","protected":false},"excerpt":{"rendered":"<p>TON\u00ccN DE TR\u00c0INA Ascolta l&#8217;audio DESTINO CRUDELE Questo gruppo di case fu lambito dall\u2019onda. Solo una parete fu sventrata scaraventando all\u2019interno il corpo di Tonin. \u00a0La riconoscete perch\u00e9 ricostruita con materiali diversi da quelli originari. Clara e Adamo ricordano \u2026Tonin era appena arrivato dalla Germania. A casa sua aveva depositato i bagagli per poi incontrare &#8230; <a title=\"B4 &#8211; Toni Traina\" class=\"read-more\" href=\"https:\/\/app.ecomuseovajont.net\/en\/b4-toni-traina\/\" aria-label=\"Read more about B4 &#8211; Toni Traina\">Read more<\/a><\/p>","protected":false},"author":1,"featured_media":0,"parent":0,"menu_order":0,"comment_status":"closed","ping_status":"closed","template":"elementor_canvas","meta":{"footnotes":""},"class_list":["post-1357","page","type-page","status-publish"],"_links":{"self":[{"href":"https:\/\/app.ecomuseovajont.net\/en\/wp-json\/wp\/v2\/pages\/1357","targetHints":{"allow":["GET"]}}],"collection":[{"href":"https:\/\/app.ecomuseovajont.net\/en\/wp-json\/wp\/v2\/pages"}],"about":[{"href":"https:\/\/app.ecomuseovajont.net\/en\/wp-json\/wp\/v2\/types\/page"}],"author":[{"embeddable":true,"href":"https:\/\/app.ecomuseovajont.net\/en\/wp-json\/wp\/v2\/users\/1"}],"replies":[{"embeddable":true,"href":"https:\/\/app.ecomuseovajont.net\/en\/wp-json\/wp\/v2\/comments?post=1357"}],"version-history":[{"count":20,"href":"https:\/\/app.ecomuseovajont.net\/en\/wp-json\/wp\/v2\/pages\/1357\/revisions"}],"predecessor-version":[{"id":2010,"href":"https:\/\/app.ecomuseovajont.net\/en\/wp-json\/wp\/v2\/pages\/1357\/revisions\/2010"}],"wp:attachment":[{"href":"https:\/\/app.ecomuseovajont.net\/en\/wp-json\/wp\/v2\/media?parent=1357"}],"curies":[{"name":"wp","href":"https:\/\/api.w.org\/{rel}","templated":true}]}}