{"id":1359,"date":"2021-11-26T09:55:14","date_gmt":"2021-11-26T08:55:14","guid":{"rendered":"https:\/\/app.ecomuseovajont.net\/?page_id=1359"},"modified":"2021-12-09T12:30:11","modified_gmt":"2021-12-09T11:30:11","slug":"b5-pannello","status":"publish","type":"page","link":"https:\/\/app.ecomuseovajont.net\/en\/b5-pannello\/","title":{"rendered":"B5 &#8211; Al Pannello"},"content":{"rendered":"<div data-elementor-type=\"wp-page\" data-elementor-id=\"1359\" class=\"elementor elementor-1359\">\n\t\t\t\t\t\t<section class=\"elementor-section elementor-top-section elementor-element elementor-element-3a79f242 elementor-section-full_width elementor-section-height-default elementor-section-height-default\" data-id=\"3a79f242\" data-element_type=\"section\" data-e-type=\"section\" data-settings=\"{&quot;background_background&quot;:&quot;classic&quot;}\">\n\t\t\t\t\t\t<div class=\"elementor-container elementor-column-gap-no\">\n\t\t\t\t\t<div class=\"elementor-column elementor-col-100 elementor-top-column elementor-element elementor-element-22c2dda2\" data-id=\"22c2dda2\" data-element_type=\"column\" data-e-type=\"column\">\n\t\t\t<div class=\"elementor-widget-wrap elementor-element-populated\">\n\t\t\t\t\t\t<div class=\"elementor-element elementor-element-9b1b29d elementor-widget elementor-widget-heading\" data-id=\"9b1b29d\" data-element_type=\"widget\" data-e-type=\"widget\" data-widget_type=\"heading.default\">\n\t\t\t\t<div class=\"elementor-widget-container\">\n\t\t\t\t\t<h2 class=\"elementor-heading-title elementor-size-default\">AL PANNELLO<\/h2>\t\t\t\t<\/div>\n\t\t\t\t<\/div>\n\t\t\t\t<div class=\"elementor-element elementor-element-b7a1ad2 elementor-widget elementor-widget-heading\" data-id=\"b7a1ad2\" data-element_type=\"widget\" data-e-type=\"widget\" data-widget_type=\"heading.default\">\n\t\t\t\t<div class=\"elementor-widget-container\">\n\t\t\t\t\t<h4 class=\"elementor-heading-title elementor-size-default\">Ascolta l'audio<\/h4>\t\t\t\t<\/div>\n\t\t\t\t<\/div>\n\t\t\t\t<div class=\"elementor-element elementor-element-ce6bf37 elementor-widget elementor-widget-wp-widget-media_audio\" data-id=\"ce6bf37\" data-element_type=\"widget\" data-e-type=\"widget\" data-widget_type=\"wp-widget-media_audio.default\">\n\t\t\t\t<div class=\"elementor-widget-container\">\n\t\t\t\t\t<audio class=\"wp-audio-shortcode\" id=\"audio-1359-1\" preload=\"none\" style=\"width: 100%;\" controls=\"controls\"><source type=\"audio\/mpeg\" src=\"https:\/\/app.ecomuseovajont.net\/wp-content\/uploads\/2021\/12\/b05-pannello-OK.mp3?_=1\" \/><source type=\"audio\/mpeg\" src=\"https:\/\/app.ecomuseovajont.net\/wp-content\/uploads\/2021\/12\/b05-pannello-OK.mp3?_=1\" \/><a href=\"https:\/\/app.ecomuseovajont.net\/wp-content\/uploads\/2021\/12\/b05-pannello-OK.mp3\">https:\/\/app.ecomuseovajont.net\/wp-content\/uploads\/2021\/12\/b05-pannello-OK.mp3<\/a><\/audio>\t\t\t\t<\/div>\n\t\t\t\t<\/div>\n\t\t\t\t<div class=\"elementor-element elementor-element-be16804 elementor-widget elementor-widget-text-editor\" data-id=\"be16804\" data-element_type=\"widget\" data-e-type=\"widget\" data-widget_type=\"text-editor.default\">\n\t\t\t\t<div class=\"elementor-widget-container\">\n\t\t\t\t\t\t\t\t\t<p><strong>LA SCUOLA DI PINEDA <\/strong><\/p>\t\t\t\t\t\t\t\t<\/div>\n\t\t\t\t<\/div>\n\t\t\t\t<div class=\"elementor-element elementor-element-377d4fe elementor-widget elementor-widget-text-editor\" data-id=\"377d4fe\" data-element_type=\"widget\" data-e-type=\"widget\" data-widget_type=\"text-editor.default\">\n\t\t\t\t<div class=\"elementor-widget-container\">\n\t\t\t\t\t\t\t\t\t<p>L\u2019edificio chiaro davanti a te era la scuola elementare della frazione, che l\u2019onda risparmi\u00f2 insieme alle altre abitazioni che sono qua attorno.<\/p><p>Fu costruita dalla SADE nel 1961, con un parziale contributo del Comune per ovviare ai disagi causati dall\u2019invaso, ovvero l\u2019impossibilit\u00e0 di attraversare il fondovalle con la viabilit\u00e0 preesistente per raggiungere il capoluogo. Fu aperta nell\u2019anno scolastico 1962\/63 e, in quello successivo, gli alunni la frequentarono solo per pochi giorni.<\/p><p>Il 10 ottobre la scuola non ospit\u00f2 pi\u00f9 il sorriso dei bambini, ma le salme delle vittime, l\u00ec portate per essere ricomposte.<\/p><p>Oggi \u00e8 un\u2019abitazione privata.<\/p><p><span style=\"color: var( --e-global-color-743b920 );\">\u00a0<\/span><\/p><p><span style=\"color: var( --e-global-color-743b920 );\">Imboccando la strada bianca accanto alla scuola, una passeggiata di circa 15 minuti ci porta proprio sulla penisola della Pineda.<\/span><\/p>\t\t\t\t\t\t\t\t<\/div>\n\t\t\t\t<\/div>\n\t\t\t\t<div class=\"elementor-element elementor-element-0cc83ac elementor-widget elementor-widget-image\" data-id=\"0cc83ac\" data-element_type=\"widget\" data-e-type=\"widget\" data-widget_type=\"image.default\">\n\t\t\t\t<div class=\"elementor-widget-container\">\n\t\t\t\t\t\t\t\t\t\t\t\t\t\t\t<img fetchpriority=\"high\" decoding=\"async\" width=\"768\" height=\"522\" src=\"https:\/\/app.ecomuseovajont.net\/wp-content\/uploads\/2021\/12\/b5Scuola-Pineda1-768x522.jpg\" class=\"attachment-medium_large size-medium_large wp-image-1693\" alt=\"\" srcset=\"https:\/\/app.ecomuseovajont.net\/wp-content\/uploads\/2021\/12\/b5Scuola-Pineda1-768x522.jpg 768w, https:\/\/app.ecomuseovajont.net\/wp-content\/uploads\/2021\/12\/b5Scuola-Pineda1-300x204.jpg 300w, https:\/\/app.ecomuseovajont.net\/wp-content\/uploads\/2021\/12\/b5Scuola-Pineda1-1024x695.jpg 1024w, https:\/\/app.ecomuseovajont.net\/wp-content\/uploads\/2021\/12\/b5Scuola-Pineda1-18x12.jpg 18w, https:\/\/app.ecomuseovajont.net\/wp-content\/uploads\/2021\/12\/b5Scuola-Pineda1-e1638542621921.jpg 1280w\" sizes=\"(max-width: 768px) 100vw, 768px\" \/>\t\t\t\t\t\t\t\t\t\t\t\t\t\t\t<\/div>\n\t\t\t\t<\/div>\n\t\t\t\t<div class=\"elementor-element elementor-element-66a6940 elementor-align-center elementor-widget elementor-widget-button\" data-id=\"66a6940\" data-element_type=\"widget\" data-e-type=\"widget\" data-widget_type=\"button.default\">\n\t\t\t\t<div class=\"elementor-widget-container\">\n\t\t\t\t\t\t\t\t\t<div class=\"elementor-button-wrapper\">\n\t\t\t\t\t<a class=\"elementor-button elementor-button-link elementor-size-sm\" href=\"https:\/\/app.ecomuseovajont.net\/en\/b-pineda-percorso\/\">\n\t\t\t\t\t\t<span class=\"elementor-button-content-wrapper\">\n\t\t\t\t\t\t<span class=\"elementor-button-icon\">\n\t\t\t\t<i aria-hidden=\"true\" class=\"fas fa-angle-left\"><\/i>\t\t\t<\/span>\n\t\t\t\t\t\t\t\t\t<span class=\"elementor-button-text\">Torna alla mappa<\/span>\n\t\t\t\t\t<\/span>\n\t\t\t\t\t<\/a>\n\t\t\t\t<\/div>\n\t\t\t\t\t\t\t\t<\/div>\n\t\t\t\t<\/div>\n\t\t\t\t\t<\/div>\n\t\t<\/div>\n\t\t\t\t\t<\/div>\n\t\t<\/section>\n\t\t\t\t<\/div>","protected":false},"excerpt":{"rendered":"<p>AL PANNELLO Ascolta l&#8217;audio LA SCUOLA DI PINEDA L\u2019edificio chiaro davanti a te era la scuola elementare della frazione, che l\u2019onda risparmi\u00f2 insieme alle altre abitazioni che sono qua attorno. Fu costruita dalla SADE nel 1961, con un parziale contributo del Comune per ovviare ai disagi causati dall\u2019invaso, ovvero l\u2019impossibilit\u00e0 di attraversare il fondovalle con &#8230; <a title=\"B5 &#8211; Al Pannello\" class=\"read-more\" href=\"https:\/\/app.ecomuseovajont.net\/en\/b5-pannello\/\" aria-label=\"Read more about B5 &#8211; Al Pannello\">Read more<\/a><\/p>","protected":false},"author":1,"featured_media":0,"parent":0,"menu_order":0,"comment_status":"closed","ping_status":"closed","template":"elementor_canvas","meta":{"footnotes":""},"class_list":["post-1359","page","type-page","status-publish"],"_links":{"self":[{"href":"https:\/\/app.ecomuseovajont.net\/en\/wp-json\/wp\/v2\/pages\/1359","targetHints":{"allow":["GET"]}}],"collection":[{"href":"https:\/\/app.ecomuseovajont.net\/en\/wp-json\/wp\/v2\/pages"}],"about":[{"href":"https:\/\/app.ecomuseovajont.net\/en\/wp-json\/wp\/v2\/types\/page"}],"author":[{"embeddable":true,"href":"https:\/\/app.ecomuseovajont.net\/en\/wp-json\/wp\/v2\/users\/1"}],"replies":[{"embeddable":true,"href":"https:\/\/app.ecomuseovajont.net\/en\/wp-json\/wp\/v2\/comments?post=1359"}],"version-history":[{"count":17,"href":"https:\/\/app.ecomuseovajont.net\/en\/wp-json\/wp\/v2\/pages\/1359\/revisions"}],"predecessor-version":[{"id":1862,"href":"https:\/\/app.ecomuseovajont.net\/en\/wp-json\/wp\/v2\/pages\/1359\/revisions\/1862"}],"wp:attachment":[{"href":"https:\/\/app.ecomuseovajont.net\/en\/wp-json\/wp\/v2\/media?parent=1359"}],"curies":[{"name":"wp","href":"https:\/\/api.w.org\/{rel}","templated":true}]}}