{"id":136,"date":"2021-10-28T16:54:26","date_gmt":"2021-10-28T14:54:26","guid":{"rendered":"https:\/\/app.ecomuseovajont.net\/?page_id=136"},"modified":"2022-09-09T12:55:39","modified_gmt":"2022-09-09T10:55:39","slug":"a5-bosco-vecchio","status":"publish","type":"page","link":"https:\/\/app.ecomuseovajont.net\/en\/a5-bosco-vecchio\/","title":{"rendered":"A5 &#8211; Bosco vecchio"},"content":{"rendered":"<div data-elementor-type=\"wp-page\" data-elementor-id=\"136\" class=\"elementor elementor-136\">\n\t\t\t\t\t\t<section class=\"elementor-section elementor-top-section elementor-element elementor-element-38efc389 elementor-section-full_width elementor-section-height-default elementor-section-height-default\" data-id=\"38efc389\" data-element_type=\"section\" data-e-type=\"section\" data-settings=\"{&quot;background_background&quot;:&quot;classic&quot;}\">\n\t\t\t\t\t\t<div class=\"elementor-container elementor-column-gap-no\">\n\t\t\t\t\t<div class=\"elementor-column elementor-col-100 elementor-top-column elementor-element elementor-element-391e6e0a\" data-id=\"391e6e0a\" data-element_type=\"column\" data-e-type=\"column\">\n\t\t\t<div class=\"elementor-widget-wrap elementor-element-populated\">\n\t\t\t\t\t\t<div class=\"elementor-element elementor-element-1fed6fda elementor-widget elementor-widget-heading\" data-id=\"1fed6fda\" data-element_type=\"widget\" data-e-type=\"widget\" data-widget_type=\"heading.default\">\n\t\t\t\t<div class=\"elementor-widget-container\">\n\t\t\t\t\t<h2 class=\"elementor-heading-title elementor-size-default\">IL BOSCO VECCHIO<\/h2>\t\t\t\t<\/div>\n\t\t\t\t<\/div>\n\t\t\t\t<div class=\"elementor-element elementor-element-ada8cd5 elementor-widget elementor-widget-heading\" data-id=\"ada8cd5\" data-element_type=\"widget\" data-e-type=\"widget\" data-widget_type=\"heading.default\">\n\t\t\t\t<div class=\"elementor-widget-container\">\n\t\t\t\t\t<h4 class=\"elementor-heading-title elementor-size-default\">Ascolta l'audio<\/h4>\t\t\t\t<\/div>\n\t\t\t\t<\/div>\n\t\t\t\t<div class=\"elementor-element elementor-element-ce6bf37 elementor-widget elementor-widget-wp-widget-media_audio\" data-id=\"ce6bf37\" data-element_type=\"widget\" data-e-type=\"widget\" data-widget_type=\"wp-widget-media_audio.default\">\n\t\t\t\t<div class=\"elementor-widget-container\">\n\t\t\t\t\t<audio class=\"wp-audio-shortcode\" id=\"audio-136-1\" preload=\"none\" style=\"width: 100%;\" controls=\"controls\"><source type=\"audio\/mpeg\" src=\"https:\/\/app.ecomuseovajont.net\/wp-content\/uploads\/2021\/11\/A05-bosco-vecchio.mp3?_=1\" \/><source type=\"audio\/mpeg\" src=\"https:\/\/app.ecomuseovajont.net\/wp-content\/uploads\/2021\/11\/A05-bosco-vecchio.mp3?_=1\" \/><a href=\"https:\/\/app.ecomuseovajont.net\/wp-content\/uploads\/2021\/11\/A05-bosco-vecchio.mp3\">https:\/\/app.ecomuseovajont.net\/wp-content\/uploads\/2021\/11\/A05-bosco-vecchio.mp3<\/a><\/audio>\t\t\t\t<\/div>\n\t\t\t\t<\/div>\n\t\t\t\t<div class=\"elementor-element elementor-element-2ec81198 elementor-widget elementor-widget-text-editor\" data-id=\"2ec81198\" data-element_type=\"widget\" data-e-type=\"widget\" data-widget_type=\"text-editor.default\">\n\t\t\t\t<div class=\"elementor-widget-container\">\n\t\t\t\t\t\t\t\t\t<p>Stai entrando nel Bosco Vecchio.<\/p>\n<p>Il passaggio dell\u2019onda rese il territorio deserto e brullo, una pietraia. Ora la natura ha rimarginato le sue ferite con una rigogliosa vegetazione.<\/p>\n<p>Alcuni alberi pi\u00f9 resistenti, nati sulla sommit\u00e0 della frana e gi\u00e0 adulti al momento del crollo, soprattutto pini e larici, sono riusciti a sopravvivere seppur in gran parte sradicati. Sono inclinati verso monte, innalzando al cielo la cima e molti rami sui tronchi sono cresciuti in verticale dalla pianta madre, dalla quale prendono il nutrimento. Molti di questi alberi sono gi\u00e0 morti o morenti poich\u00e9 una nuova vegetazione inevitabilmente canceller\u00e0 questi testimoni vegetali della tragedia.<\/p>\n<p><em>\u2013 Quando vengo qui credo in qualcosa.<\/em><\/p>\n<p><em>\u2013 Negli alberi?<\/em><\/p>\n<p><em>\u2013 \u00c8 facile nel Bosco Vecchio credere negli alberi\u2026Siediti, ascoltali.<\/em><\/p>\n<p><em>\u2013 Non sui rami. Non serve dar loro altro peso. Si sono inclinati alla montagna. Volevano provare a tenerla su. A cucirne la ferita.<\/em><\/p>\t\t\t\t\t\t\t\t<\/div>\n\t\t\t\t<\/div>\n\t\t\t\t<div class=\"elementor-element elementor-element-4566b89 elementor-widget elementor-widget-gallery\" data-id=\"4566b89\" data-element_type=\"widget\" data-e-type=\"widget\" data-settings=\"{&quot;gallery_layout&quot;:&quot;masonry&quot;,&quot;lazyload&quot;:&quot;yes&quot;,&quot;columns&quot;:4,&quot;columns_tablet&quot;:2,&quot;columns_mobile&quot;:1,&quot;gap&quot;:{&quot;unit&quot;:&quot;px&quot;,&quot;size&quot;:10,&quot;sizes&quot;:[]},&quot;gap_tablet&quot;:{&quot;unit&quot;:&quot;px&quot;,&quot;size&quot;:10,&quot;sizes&quot;:[]},&quot;gap_mobile&quot;:{&quot;unit&quot;:&quot;px&quot;,&quot;size&quot;:10,&quot;sizes&quot;:[]},&quot;overlay_background&quot;:&quot;yes&quot;,&quot;content_hover_animation&quot;:&quot;fade-in&quot;}\" data-widget_type=\"gallery.default\">\n\t\t\t\t<div class=\"elementor-widget-container\">\n\t\t\t\t\t\t\t<div class=\"elementor-gallery__container\">\n\t\t\t\t\t\t\t<div class=\"e-gallery-item elementor-gallery-item elementor-animated-content\">\n\t\t\t\t\t<div class=\"e-gallery-image elementor-gallery-item__image\" data-thumbnail=\"https:\/\/app.ecomuseovajont.net\/wp-content\/uploads\/2021\/11\/5-1-scaled-e1636623720241.jpg\" data-width=\"1280\" data-height=\"1628\" alt=\"\" ><\/div>\n\t\t\t\t\t\t\t\t\t\t\t<div class=\"elementor-gallery-item__overlay\"><\/div>\n\t\t\t\t\t\t\t\t\t\t\t\t\t\t<\/div>\n\t\t\t\t\t<\/div>\n\t\t\t\t\t<\/div>\n\t\t\t\t<\/div>\n\t\t\t\t<div class=\"elementor-element elementor-element-553cc0cf elementor-align-center elementor-widget elementor-widget-button\" data-id=\"553cc0cf\" data-element_type=\"widget\" data-e-type=\"widget\" data-widget_type=\"button.default\">\n\t\t\t\t<div class=\"elementor-widget-container\">\n\t\t\t\t\t\t\t\t\t<div class=\"elementor-button-wrapper\">\n\t\t\t\t\t<a class=\"elementor-button elementor-button-link elementor-size-sm\" href=\"https:\/\/app.ecomuseovajont.net\/en\/a-la-frana-percorso\/\">\n\t\t\t\t\t\t<span class=\"elementor-button-content-wrapper\">\n\t\t\t\t\t\t<span class=\"elementor-button-icon\">\n\t\t\t\t<i aria-hidden=\"true\" class=\"fas fa-angle-left\"><\/i>\t\t\t<\/span>\n\t\t\t\t\t\t\t\t\t<span class=\"elementor-button-text\">Torna alla mappa<\/span>\n\t\t\t\t\t<\/span>\n\t\t\t\t\t<\/a>\n\t\t\t\t<\/div>\n\t\t\t\t\t\t\t\t<\/div>\n\t\t\t\t<\/div>\n\t\t\t\t\t<\/div>\n\t\t<\/div>\n\t\t\t\t\t<\/div>\n\t\t<\/section>\n\t\t\t\t<\/div>","protected":false},"excerpt":{"rendered":"<p>IL BOSCO VECCHIO Ascolta l&#8217;audio Stai entrando nel Bosco Vecchio. Il passaggio dell\u2019onda rese il territorio deserto e brullo, una pietraia. Ora la natura ha rimarginato le sue ferite con una rigogliosa vegetazione. Alcuni alberi pi\u00f9 resistenti, nati sulla sommit\u00e0 della frana e gi\u00e0 adulti al momento del crollo, soprattutto pini e larici, sono riusciti &#8230; <a title=\"A5 &#8211; Bosco vecchio\" class=\"read-more\" href=\"https:\/\/app.ecomuseovajont.net\/en\/a5-bosco-vecchio\/\" aria-label=\"Read more about A5 &#8211; Bosco vecchio\">Read more<\/a><\/p>","protected":false},"author":1,"featured_media":0,"parent":0,"menu_order":0,"comment_status":"closed","ping_status":"closed","template":"elementor_canvas","meta":{"footnotes":""},"class_list":["post-136","page","type-page","status-publish"],"_links":{"self":[{"href":"https:\/\/app.ecomuseovajont.net\/en\/wp-json\/wp\/v2\/pages\/136","targetHints":{"allow":["GET"]}}],"collection":[{"href":"https:\/\/app.ecomuseovajont.net\/en\/wp-json\/wp\/v2\/pages"}],"about":[{"href":"https:\/\/app.ecomuseovajont.net\/en\/wp-json\/wp\/v2\/types\/page"}],"author":[{"embeddable":true,"href":"https:\/\/app.ecomuseovajont.net\/en\/wp-json\/wp\/v2\/users\/1"}],"replies":[{"embeddable":true,"href":"https:\/\/app.ecomuseovajont.net\/en\/wp-json\/wp\/v2\/comments?post=136"}],"version-history":[{"count":46,"href":"https:\/\/app.ecomuseovajont.net\/en\/wp-json\/wp\/v2\/pages\/136\/revisions"}],"predecessor-version":[{"id":2151,"href":"https:\/\/app.ecomuseovajont.net\/en\/wp-json\/wp\/v2\/pages\/136\/revisions\/2151"}],"wp:attachment":[{"href":"https:\/\/app.ecomuseovajont.net\/en\/wp-json\/wp\/v2\/media?parent=136"}],"curies":[{"name":"wp","href":"https:\/\/api.w.org\/{rel}","templated":true}]}}