{"id":1361,"date":"2021-11-26T09:55:35","date_gmt":"2021-11-26T08:55:35","guid":{"rendered":"https:\/\/app.ecomuseovajont.net\/?page_id=1361"},"modified":"2021-12-09T12:33:22","modified_gmt":"2021-12-09T11:33:22","slug":"b6-spesse","status":"publish","type":"page","link":"https:\/\/app.ecomuseovajont.net\/en\/b6-spesse\/","title":{"rendered":"B6 &#8211; Le Spesse"},"content":{"rendered":"<div data-elementor-type=\"wp-page\" data-elementor-id=\"1361\" class=\"elementor elementor-1361\">\n\t\t\t\t\t\t<section class=\"elementor-section elementor-top-section elementor-element elementor-element-3a79f242 elementor-section-full_width elementor-section-height-default elementor-section-height-default\" data-id=\"3a79f242\" data-element_type=\"section\" data-e-type=\"section\" data-settings=\"{&quot;background_background&quot;:&quot;classic&quot;}\">\n\t\t\t\t\t\t<div class=\"elementor-container elementor-column-gap-no\">\n\t\t\t\t\t<div class=\"elementor-column elementor-col-100 elementor-top-column elementor-element elementor-element-22c2dda2\" data-id=\"22c2dda2\" data-element_type=\"column\" data-e-type=\"column\">\n\t\t\t<div class=\"elementor-widget-wrap elementor-element-populated\">\n\t\t\t\t\t\t<div class=\"elementor-element elementor-element-9b1b29d elementor-widget elementor-widget-heading\" data-id=\"9b1b29d\" data-element_type=\"widget\" data-e-type=\"widget\" data-widget_type=\"heading.default\">\n\t\t\t\t<div class=\"elementor-widget-container\">\n\t\t\t\t\t<h2 class=\"elementor-heading-title elementor-size-default\">LE SPESSE<\/h2>\t\t\t\t<\/div>\n\t\t\t\t<\/div>\n\t\t\t\t<div class=\"elementor-element elementor-element-b7a1ad2 elementor-widget elementor-widget-heading\" data-id=\"b7a1ad2\" data-element_type=\"widget\" data-e-type=\"widget\" data-widget_type=\"heading.default\">\n\t\t\t\t<div class=\"elementor-widget-container\">\n\t\t\t\t\t<h4 class=\"elementor-heading-title elementor-size-default\">Ascolta l'audio<\/h4>\t\t\t\t<\/div>\n\t\t\t\t<\/div>\n\t\t\t\t<div class=\"elementor-element elementor-element-ce6bf37 elementor-widget elementor-widget-wp-widget-media_audio\" data-id=\"ce6bf37\" data-element_type=\"widget\" data-e-type=\"widget\" data-widget_type=\"wp-widget-media_audio.default\">\n\t\t\t\t<div class=\"elementor-widget-container\">\n\t\t\t\t\t<audio class=\"wp-audio-shortcode\" id=\"audio-1361-1\" preload=\"none\" style=\"width: 100%;\" controls=\"controls\"><source type=\"audio\/mpeg\" src=\"https:\/\/app.ecomuseovajont.net\/wp-content\/uploads\/2021\/12\/b06-le-spesse-OK.mp3?_=1\" \/><source type=\"audio\/mpeg\" src=\"https:\/\/app.ecomuseovajont.net\/wp-content\/uploads\/2021\/12\/b06-le-spesse-OK.mp3?_=1\" \/><a href=\"https:\/\/app.ecomuseovajont.net\/wp-content\/uploads\/2021\/12\/b06-le-spesse-OK.mp3\">https:\/\/app.ecomuseovajont.net\/wp-content\/uploads\/2021\/12\/b06-le-spesse-OK.mp3<\/a><\/audio>\t\t\t\t<\/div>\n\t\t\t\t<\/div>\n\t\t\t\t<div class=\"elementor-element elementor-element-be16804 elementor-widget elementor-widget-text-editor\" data-id=\"be16804\" data-element_type=\"widget\" data-e-type=\"widget\" data-widget_type=\"text-editor.default\">\n\t\t\t\t<div class=\"elementor-widget-container\">\n\t\t\t\t\t\t\t\t\t<p><strong>UNO SGUARDO VERSO LE SPESSE<\/strong><\/p><p>Il paesaggio racconta quello che gli abitanti di Pineda vedevano intorno a loro: il borgo di Casso, arroccato a sinistra sopra la parete di roccia, Erto a destra; la costruzione della diga, nascosta oggi dalla frana, il lago che cresceva costringendo molte famiglie ad andarsene. E al centro l\u2019abitato delle Spesse, la frazione pi\u00f9 popolosa di Erto. Fu completamente cancellata dall\u2019onda che risparmi\u00f2 solo due schiere di case. Gli abitanti erano fuggiti verso l\u2019alto, ignari di essere gli unici sopravvissuti. Le vittime furono 67, di cui una ritrovata subito, un\u2019altra nel 1966 durante lo svuotamento del lago. Gli altri non ebbero mai sepoltura.<\/p><p>La casa che vedi sotto alle altre fu invece costruita dopo la catastrofe da un superstite che aveva perso quasi tutta la famiglia la notte del disastro. La sorella che abitava in Pineda cercava di scrutare nella notte un segno di speranza.<\/p><p><em>\u2026per tutta la notte io andavo e venivo, un pensiero mi assillava, volevo vedere la casa dei miei che era proprio di fronte, al di l\u00e0 del lago. Ditin cercava di rassicurarmi dicendomi che non era successo niente, ma io non vedevo l\u2019ora che si facesse giorno. All\u2019alba vidi che dov\u2019era la mia casa paterna non c\u2019era pi\u00f9 niente. &#8211; Io me ne vado &#8211; dicevo e dovevo trattenere le lacrime perch\u00e8 i miei due figli erano piccoli. Intanto cominciavano ad arrivare gli elicotteri ed i militari<\/em>.<\/p><p>Franca de Ben\u00e9to<\/p><p>Desolazione, incredulit\u00e0, disperazione nelle parole di Nani dal Br\u00f3mbol quando, partendo dal centro storico risparmiato dall\u2019onda, arriva alle Spesse.<\/p><p><em>Arriv\u00f2 il nostro brigadiere Antonio Zuccal\u00e0 e con lui partimmo per le Spesse. Al bivio la strada era piantonata dagli uomini della SADE. Il brigadiere non si cur\u00f2 delle loro intimazioni e passammo dopo aver declinato i nostri nomi a quegli incaricati, Il brigadiere disse: \u201cPartiamo ma non abbiamo la sicurezza di poter tornare\u201d.<\/em><\/p><p><em>Unendoci al sottufficiale, in silenzio ci avviammo.<\/em><\/p><p><em>Incominciammo a trovare materassi, pezzi di mobili, serramenti, oggetti vari, piccole scarpine da bambino. <\/em><\/p><p><em>Il cuore si stringeva sempre pi\u00f9.<\/em><\/p><p><em>Il brigadiere ci invit\u00f2 a cercare eventuali corpi umani fra tutto quel groviglio di disperate cose. Non trovammo niente. <\/em><\/p><p><em>Arrivati alle Spesse non c\u2019era pi\u00f9 nulla. Il costone che ospitava l\u2019abitato era irriconoscibile. <\/em><\/p><p><em>Non era ancora mezzanotte.<\/em><\/p>\t\t\t\t\t\t\t\t<\/div>\n\t\t\t\t<\/div>\n\t\t\t\t<div class=\"elementor-element elementor-element-8e4fdd3 elementor-arrows-position-inside elementor-pagination-position-outside elementor-widget elementor-widget-image-carousel\" data-id=\"8e4fdd3\" data-element_type=\"widget\" data-e-type=\"widget\" data-settings=\"{&quot;navigation&quot;:&quot;both&quot;,&quot;autoplay&quot;:&quot;yes&quot;,&quot;pause_on_hover&quot;:&quot;yes&quot;,&quot;pause_on_interaction&quot;:&quot;yes&quot;,&quot;autoplay_speed&quot;:5000,&quot;infinite&quot;:&quot;yes&quot;,&quot;speed&quot;:500}\" data-widget_type=\"image-carousel.default\">\n\t\t\t\t<div class=\"elementor-widget-container\">\n\t\t\t\t\t\t\t<div class=\"elementor-image-carousel-wrapper swiper\" role=\"region\" aria-roledescription=\"carousel\" aria-label=\"Carosello d&#039;immagini\" dir=\"ltr\">\n\t\t\t<div class=\"elementor-image-carousel swiper-wrapper\" aria-live=\"off\">\n\t\t\t\t\t\t\t\t<div class=\"swiper-slide\" role=\"group\" aria-roledescription=\"slide\" aria-label=\"1 di 3\"><figure class=\"swiper-slide-inner\"><img decoding=\"async\" class=\"swiper-slide-image\" src=\"https:\/\/app.ecomuseovajont.net\/wp-content\/uploads\/2021\/12\/b6_spesse1-768x554.jpg\" alt=\"b6_spesse1\" \/><\/figure><\/div><div class=\"swiper-slide\" role=\"group\" aria-roledescription=\"slide\" aria-label=\"2 di 3\"><figure class=\"swiper-slide-inner\"><img decoding=\"async\" class=\"swiper-slide-image\" src=\"https:\/\/app.ecomuseovajont.net\/wp-content\/uploads\/2021\/12\/b6_spesse2-768x576.jpg\" alt=\"b6_spesse2\" \/><\/figure><\/div><div class=\"swiper-slide\" role=\"group\" aria-roledescription=\"slide\" aria-label=\"3 di 3\"><figure class=\"swiper-slide-inner\"><img decoding=\"async\" class=\"swiper-slide-image\" src=\"https:\/\/app.ecomuseovajont.net\/wp-content\/uploads\/2021\/12\/b6_spesse3-768x516.jpg\" alt=\"b6_spesse3\" \/><\/figure><\/div>\t\t\t<\/div>\n\t\t\t\t\t\t\t\t\t\t\t\t<div class=\"elementor-swiper-button elementor-swiper-button-prev\" role=\"button\" tabindex=\"0\">\n\t\t\t\t\t\t<i aria-hidden=\"true\" class=\"eicon-chevron-left\"><\/i>\t\t\t\t\t<\/div>\n\t\t\t\t\t<div class=\"elementor-swiper-button elementor-swiper-button-next\" role=\"button\" tabindex=\"0\">\n\t\t\t\t\t\t<i aria-hidden=\"true\" class=\"eicon-chevron-right\"><\/i>\t\t\t\t\t<\/div>\n\t\t\t\t\n\t\t\t\t\t\t\t\t\t<div class=\"swiper-pagination\"><\/div>\n\t\t\t\t\t\t\t\t\t<\/div>\n\t\t\t\t\t\t<\/div>\n\t\t\t\t<\/div>\n\t\t\t\t<div class=\"elementor-element elementor-element-66a6940 elementor-align-center elementor-widget elementor-widget-button\" data-id=\"66a6940\" data-element_type=\"widget\" data-e-type=\"widget\" data-widget_type=\"button.default\">\n\t\t\t\t<div class=\"elementor-widget-container\">\n\t\t\t\t\t\t\t\t\t<div class=\"elementor-button-wrapper\">\n\t\t\t\t\t<a class=\"elementor-button elementor-button-link elementor-size-sm\" href=\"https:\/\/app.ecomuseovajont.net\/en\/b-pineda-percorso\/\">\n\t\t\t\t\t\t<span class=\"elementor-button-content-wrapper\">\n\t\t\t\t\t\t<span class=\"elementor-button-icon\">\n\t\t\t\t<i aria-hidden=\"true\" class=\"fas fa-angle-left\"><\/i>\t\t\t<\/span>\n\t\t\t\t\t\t\t\t\t<span class=\"elementor-button-text\">Torna alla mappa<\/span>\n\t\t\t\t\t<\/span>\n\t\t\t\t\t<\/a>\n\t\t\t\t<\/div>\n\t\t\t\t\t\t\t\t<\/div>\n\t\t\t\t<\/div>\n\t\t\t\t\t<\/div>\n\t\t<\/div>\n\t\t\t\t\t<\/div>\n\t\t<\/section>\n\t\t\t\t<\/div>","protected":false},"excerpt":{"rendered":"<p>LE SPESSE Ascolta l&#8217;audio UNO SGUARDO VERSO LE SPESSE Il paesaggio racconta quello che gli abitanti di Pineda vedevano intorno a loro: il borgo di Casso, arroccato a sinistra sopra la parete di roccia, Erto a destra; la costruzione della diga, nascosta oggi dalla frana, il lago che cresceva costringendo molte famiglie ad andarsene. E &#8230; <a title=\"B6 &#8211; Le Spesse\" class=\"read-more\" href=\"https:\/\/app.ecomuseovajont.net\/en\/b6-spesse\/\" aria-label=\"Read more about B6 &#8211; Le Spesse\">Read more<\/a><\/p>","protected":false},"author":1,"featured_media":0,"parent":0,"menu_order":0,"comment_status":"closed","ping_status":"closed","template":"elementor_canvas","meta":{"footnotes":""},"class_list":["post-1361","page","type-page","status-publish"],"_links":{"self":[{"href":"https:\/\/app.ecomuseovajont.net\/en\/wp-json\/wp\/v2\/pages\/1361","targetHints":{"allow":["GET"]}}],"collection":[{"href":"https:\/\/app.ecomuseovajont.net\/en\/wp-json\/wp\/v2\/pages"}],"about":[{"href":"https:\/\/app.ecomuseovajont.net\/en\/wp-json\/wp\/v2\/types\/page"}],"author":[{"embeddable":true,"href":"https:\/\/app.ecomuseovajont.net\/en\/wp-json\/wp\/v2\/users\/1"}],"replies":[{"embeddable":true,"href":"https:\/\/app.ecomuseovajont.net\/en\/wp-json\/wp\/v2\/comments?post=1361"}],"version-history":[{"count":14,"href":"https:\/\/app.ecomuseovajont.net\/en\/wp-json\/wp\/v2\/pages\/1361\/revisions"}],"predecessor-version":[{"id":1869,"href":"https:\/\/app.ecomuseovajont.net\/en\/wp-json\/wp\/v2\/pages\/1361\/revisions\/1869"}],"wp:attachment":[{"href":"https:\/\/app.ecomuseovajont.net\/en\/wp-json\/wp\/v2\/media?parent=1361"}],"curies":[{"name":"wp","href":"https:\/\/api.w.org\/{rel}","templated":true}]}}