{"id":1363,"date":"2021-11-26T09:55:58","date_gmt":"2021-11-26T08:55:58","guid":{"rendered":"https:\/\/app.ecomuseovajont.net\/?page_id=1363"},"modified":"2021-12-03T15:55:37","modified_gmt":"2021-12-03T14:55:37","slug":"b7-casa-naspo","status":"publish","type":"page","link":"https:\/\/app.ecomuseovajont.net\/en\/b7-casa-naspo\/","title":{"rendered":"B7 &#8211; Casa Naspo"},"content":{"rendered":"\t\t<div data-elementor-type=\"wp-page\" data-elementor-id=\"1363\" class=\"elementor elementor-1363\">\n\t\t\t\t\t\t<section class=\"elementor-section elementor-top-section elementor-element elementor-element-3a79f242 elementor-section-full_width elementor-section-height-default elementor-section-height-default\" data-id=\"3a79f242\" data-element_type=\"section\" data-e-type=\"section\" data-settings=\"{&quot;background_background&quot;:&quot;classic&quot;}\">\n\t\t\t\t\t\t<div class=\"elementor-container elementor-column-gap-no\">\n\t\t\t\t\t<div class=\"elementor-column elementor-col-100 elementor-top-column elementor-element elementor-element-22c2dda2\" data-id=\"22c2dda2\" data-element_type=\"column\" data-e-type=\"column\">\n\t\t\t<div class=\"elementor-widget-wrap elementor-element-populated\">\n\t\t\t\t\t\t<div class=\"elementor-element elementor-element-9b1b29d elementor-widget elementor-widget-heading\" data-id=\"9b1b29d\" data-element_type=\"widget\" data-e-type=\"widget\" data-widget_type=\"heading.default\">\n\t\t\t\t<div class=\"elementor-widget-container\">\n\t\t\t\t\t<h2 class=\"elementor-heading-title elementor-size-default\">CASA NASPO<\/h2>\t\t\t\t<\/div>\n\t\t\t\t<\/div>\n\t\t\t\t<div class=\"elementor-element elementor-element-b7a1ad2 elementor-widget elementor-widget-heading\" data-id=\"b7a1ad2\" data-element_type=\"widget\" data-e-type=\"widget\" data-widget_type=\"heading.default\">\n\t\t\t\t<div class=\"elementor-widget-container\">\n\t\t\t\t\t<h4 class=\"elementor-heading-title elementor-size-default\">Ascolta l'audio<\/h4>\t\t\t\t<\/div>\n\t\t\t\t<\/div>\n\t\t\t\t<div class=\"elementor-element elementor-element-ce6bf37 elementor-widget elementor-widget-wp-widget-media_audio\" data-id=\"ce6bf37\" data-element_type=\"widget\" data-e-type=\"widget\" data-widget_type=\"wp-widget-media_audio.default\">\n\t\t\t\t<div class=\"elementor-widget-container\">\n\t\t\t\t\t<audio class=\"wp-audio-shortcode\" id=\"audio-1363-1\" preload=\"none\" style=\"width: 100%;\" controls=\"controls\"><source type=\"audio\/mpeg\" src=\"https:\/\/app.ecomuseovajont.net\/wp-content\/uploads\/2021\/12\/b07-casa-naspo.mp3?_=1\" \/><source type=\"audio\/mpeg\" src=\"https:\/\/app.ecomuseovajont.net\/wp-content\/uploads\/2021\/12\/b07-casa-naspo.mp3?_=1\" \/><a href=\"https:\/\/app.ecomuseovajont.net\/wp-content\/uploads\/2021\/12\/b07-casa-naspo.mp3\">https:\/\/app.ecomuseovajont.net\/wp-content\/uploads\/2021\/12\/b07-casa-naspo.mp3<\/a><\/audio>\t\t\t\t<\/div>\n\t\t\t\t<\/div>\n\t\t\t\t<div class=\"elementor-element elementor-element-be16804 elementor-widget elementor-widget-text-editor\" data-id=\"be16804\" data-element_type=\"widget\" data-e-type=\"widget\" data-widget_type=\"text-editor.default\">\n\t\t\t\t<div class=\"elementor-widget-container\">\n\t\t\t\t\t\t\t\t\t<p><strong>UN\u2019ALTRA FAMIGLIA DISTRUTTA<\/strong><\/p><p>Qui viveva la famiglia Naspo. Quattro sono le persone decedute, tra cui Antonio di soli 3 anni. La sua mamma non fu mai ritrovata. Lo zio Pierino si salv\u00f2 perch\u00e9 quella sera aveva raggiunto gli amici poco lontano. Ricorda che, appena resosi conto dell\u2019accaduto, il suo primo pensiero fu rivolto alla famiglia e si avvi\u00f2 correndo verso casa sua. Per il primo tratto il paesaggio era immutato poi, improvvisamente, una distesa di ghiaia e fango. Il luogo era irriconoscibile e si rese conto di essere arrivato dove sorgeva la sua casa solo perch\u00e9 inciamp\u00f2 nei piedi di suo padre. Torn\u00f2 indietro con la disperazione nel cuore ripetendo a chiunque incontrasse \u201cho perso tutto; i miei sono tutti morti\u201d.<\/p><p>In quegli anni erano molte le persone che per lavoro si trovavano lontano dal paese. Saputo della tragedia, rientrarono immediatamente con ogni mezzo.<\/p><p><em>Italo ricorda<\/em><\/p><p><em>La mia pi\u00f9 grande impressione fu il percorre di notte i luoghi del disastro, vedere il lago illuminato dalle fotocellule, un\u2019acqua sporca, altissima, piena di detriti, tronchi e masserizie che galleggiavano; udire l\u2019incessante brontolio del Toc; guardare la montagna luccicare alla luce dei fari e che appariva ai nostri occhi, un mostro pronto a divorarti da un momento all\u2019altro; camminare per le vie, dove il silenzio regnava sovrano, come se fossimo in un paese fantasma. <\/em><\/p><p><em>Nei giorni che seguirono, tornando a Erto, avevo la sensazione che fosse venuta la fine del mondo; con gli altri compaesani ci si guardava negli occhi, sgomenti, senza parlare. Noi giovani in forza, ci mettemmo a disposizione per cercare i dispersi. A me chiesero di fare da guida in Pineda, indicavo alle squadre degli alpini i luoghi dove prima c\u2019erano le case. Di alcune, come quella della famiglia Sacrato e Nastasia non c\u2019era pi\u00f9 niente; da Naspo qualche tratto di muro perimetrale e scavando recuperarono una salma. Nel sottoscala trovammo la birra prodotta in casa.<\/em><\/p><p>I versi struggenti della poetessa Novella Cantarutti dedicati alle vittime<\/p><p>\u00a0<\/p>\t\t\t\t\t\t\t\t<\/div>\n\t\t\t\t<\/div>\n\t\t\t\t<div class=\"elementor-element elementor-element-6c9194a elementor-widget elementor-widget-image\" data-id=\"6c9194a\" data-element_type=\"widget\" data-e-type=\"widget\" data-widget_type=\"image.default\">\n\t\t\t\t<div class=\"elementor-widget-container\">\n\t\t\t\t\t\t\t\t\t\t\t\t\t\t\t<img fetchpriority=\"high\" decoding=\"async\" width=\"768\" height=\"1088\" src=\"https:\/\/app.ecomuseovajont.net\/wp-content\/uploads\/2021\/12\/b7disegno-768x1088.jpg\" class=\"attachment-medium_large size-medium_large wp-image-1512\" alt=\"\" srcset=\"https:\/\/app.ecomuseovajont.net\/wp-content\/uploads\/2021\/12\/b7disegno-768x1088.jpg 768w, https:\/\/app.ecomuseovajont.net\/wp-content\/uploads\/2021\/12\/b7disegno-212x300.jpg 212w, https:\/\/app.ecomuseovajont.net\/wp-content\/uploads\/2021\/12\/b7disegno-723x1024.jpg 723w, https:\/\/app.ecomuseovajont.net\/wp-content\/uploads\/2021\/12\/b7disegno-1085x1536.jpg 1085w, https:\/\/app.ecomuseovajont.net\/wp-content\/uploads\/2021\/12\/b7disegno-1446x2048.jpg 1446w, https:\/\/app.ecomuseovajont.net\/wp-content\/uploads\/2021\/12\/b7disegno-8x12.jpg 8w, https:\/\/app.ecomuseovajont.net\/wp-content\/uploads\/2021\/12\/b7disegno-scaled-e1638441971794.jpg 1280w\" sizes=\"(max-width: 768px) 100vw, 768px\" \/>\t\t\t\t\t\t\t\t\t\t\t\t\t\t\t<\/div>\n\t\t\t\t<\/div>\n\t\t\t\t<div class=\"elementor-element elementor-element-7b7026b elementor-widget elementor-widget-text-editor\" data-id=\"7b7026b\" data-element_type=\"widget\" data-e-type=\"widget\" data-widget_type=\"text-editor.default\">\n\t\t\t\t<div class=\"elementor-widget-container\">\n\t\t\t\t\t\t\t\t\t<p><strong>Vajont 1963<\/strong><\/p><p>La morte \u00e8 un sigillo di fango sulla bocca, la vita un ricordo strozzato.<\/p><p>La terra \u00e8 un deserto indurito, la montagna uno squarcio capovolto nell\u2019acqua.<\/p><p>L\u2019acqua nutriva la terra, portava la luce; ora \u00e8 una maledizione esplosa<\/p><p>dalla strettoia delle rocce a sommergere tutto.<\/p><p>Le braccia della madre aperte non hanno raggiunto la culla, i bimbi hanno concluso il sonno sotto le ali di Dio.<\/p><p>A chi si \u00e8 svegliato nel rombo si \u00e8 troncato il gesto e il pensiero, sommerso l\u2019urlo in bocca, cancellata la paura, frantumate la vita e la carne.<\/p><p>Sopra le case perse e la gente sepolta c\u2019\u00e8 il fango, ci sono mani che cercano, vive di sangue, ci sono cuori arsi dall\u2019affanno.<\/p><p>I corpi gemono sotto quella coltre e non sanno chiamare; quando<\/p><p>appaiono non possono ricomporre il viso per farsi conoscere.<\/p><p>Saranno uno per tutti, i morti del gran cimitero sotto mille e una croce.<\/p><p>Si dissolver\u00e0 sopra Longarone il sentore acre dei corpi disfatti,<\/p><p>la montagna marcia placher\u00e0 i suoi tremiti, torneranno limpide le acque<\/p><p>del Vajont e del Piave, solo il vento ululer\u00e0 tra le case svuotate di Erto<\/p><p>e di Casso; ma non sar\u00e0 pace n\u00e9 fine. Sul cuore di una gente sono i morti:<\/p><p>un peso che atterra.<\/p>\t\t\t\t\t\t\t\t<\/div>\n\t\t\t\t<\/div>\n\t\t\t\t<div class=\"elementor-element elementor-element-2f6c73a elementor-widget elementor-widget-gallery\" data-id=\"2f6c73a\" data-element_type=\"widget\" data-e-type=\"widget\" data-settings=\"{&quot;lazyload&quot;:&quot;yes&quot;,&quot;gallery_layout&quot;:&quot;grid&quot;,&quot;columns&quot;:4,&quot;columns_tablet&quot;:2,&quot;columns_mobile&quot;:1,&quot;gap&quot;:{&quot;unit&quot;:&quot;px&quot;,&quot;size&quot;:10,&quot;sizes&quot;:[]},&quot;gap_tablet&quot;:{&quot;unit&quot;:&quot;px&quot;,&quot;size&quot;:10,&quot;sizes&quot;:[]},&quot;gap_mobile&quot;:{&quot;unit&quot;:&quot;px&quot;,&quot;size&quot;:10,&quot;sizes&quot;:[]},&quot;link_to&quot;:&quot;file&quot;,&quot;aspect_ratio&quot;:&quot;3:2&quot;,&quot;overlay_background&quot;:&quot;yes&quot;,&quot;content_hover_animation&quot;:&quot;fade-in&quot;}\" data-widget_type=\"gallery.default\">\n\t\t\t\t<div class=\"elementor-widget-container\">\n\t\t\t\t\t\t\t<div class=\"elementor-gallery__container\">\n\t\t\t\t\t\t\t<a class=\"e-gallery-item elementor-gallery-item elementor-animated-content\" href=\"https:\/\/app.ecomuseovajont.net\/wp-content\/uploads\/2021\/12\/b7_naspo087.jpg\" data-elementor-open-lightbox=\"yes\" data-elementor-lightbox-slideshow=\"all-2f6c73a\" data-elementor-lightbox-title=\"b7_naspo087\" data-e-action-hash=\"#elementor-action%3Aaction%3Dlightbox%26settings%3DeyJpZCI6MTcwMywidXJsIjoiaHR0cHM6XC9cL2FwcC5lY29tdXNlb3Zham9udC5uZXRcL3dwLWNvbnRlbnRcL3VwbG9hZHNcLzIwMjFcLzEyXC9iN19uYXNwbzA4Ny5qcGciLCJzbGlkZXNob3ciOiJhbGwtMmY2YzczYSJ9\" rel=\"lightbox[1363]\">\n\t\t\t\t\t<div class=\"e-gallery-image elementor-gallery-item__image\" data-thumbnail=\"https:\/\/app.ecomuseovajont.net\/wp-content\/uploads\/2021\/12\/b7_naspo087-1024x598.jpg\" data-width=\"1024\" data-height=\"598\" alt=\"\" ><\/div>\n\t\t\t\t\t\t\t\t\t\t\t<div class=\"elementor-gallery-item__overlay\"><\/div>\n\t\t\t\t\t\t\t\t\t\t\t\t\t\t<\/a>\n\t\t\t\t\t\t\t<a class=\"e-gallery-item elementor-gallery-item elementor-animated-content\" href=\"https:\/\/app.ecomuseovajont.net\/wp-content\/uploads\/2021\/12\/b7_casa-naspo_2.png\" data-elementor-open-lightbox=\"yes\" data-elementor-lightbox-slideshow=\"all-2f6c73a\" data-elementor-lightbox-title=\"b7_casa-naspo_2\" data-e-action-hash=\"#elementor-action%3Aaction%3Dlightbox%26settings%3DeyJpZCI6MTcwNCwidXJsIjoiaHR0cHM6XC9cL2FwcC5lY29tdXNlb3Zham9udC5uZXRcL3dwLWNvbnRlbnRcL3VwbG9hZHNcLzIwMjFcLzEyXC9iN19jYXNhLW5hc3BvXzIucG5nIiwic2xpZGVzaG93IjoiYWxsLTJmNmM3M2EifQ%3D%3D\" rel=\"lightbox[1363]\">\n\t\t\t\t\t<div class=\"e-gallery-image elementor-gallery-item__image\" data-thumbnail=\"https:\/\/app.ecomuseovajont.net\/wp-content\/uploads\/2021\/12\/b7_casa-naspo_2-1024x990.png\" data-width=\"1024\" data-height=\"990\" alt=\"\" ><\/div>\n\t\t\t\t\t\t\t\t\t\t\t<div class=\"elementor-gallery-item__overlay\"><\/div>\n\t\t\t\t\t\t\t\t\t\t\t\t\t\t<\/a>\n\t\t\t\t\t<\/div>\n\t\t\t\t\t<\/div>\n\t\t\t\t<\/div>\n\t\t\t\t<div class=\"elementor-element elementor-element-66a6940 elementor-align-center elementor-widget elementor-widget-button\" data-id=\"66a6940\" data-element_type=\"widget\" data-e-type=\"widget\" data-widget_type=\"button.default\">\n\t\t\t\t<div class=\"elementor-widget-container\">\n\t\t\t\t\t\t\t\t\t<div class=\"elementor-button-wrapper\">\n\t\t\t\t\t<a class=\"elementor-button elementor-button-link elementor-size-sm\" href=\"https:\/\/app.ecomuseovajont.net\/b-pineda-percorso\/\">\n\t\t\t\t\t\t<span class=\"elementor-button-content-wrapper\">\n\t\t\t\t\t\t<span class=\"elementor-button-icon\">\n\t\t\t\t<i aria-hidden=\"true\" class=\"fas fa-angle-left\"><\/i>\t\t\t<\/span>\n\t\t\t\t\t\t\t\t\t<span class=\"elementor-button-text\">Torna alla mappa<\/span>\n\t\t\t\t\t<\/span>\n\t\t\t\t\t<\/a>\n\t\t\t\t<\/div>\n\t\t\t\t\t\t\t\t<\/div>\n\t\t\t\t<\/div>\n\t\t\t\t\t<\/div>\n\t\t<\/div>\n\t\t\t\t\t<\/div>\n\t\t<\/section>\n\t\t\t\t<\/div>\n\t\t","protected":false},"excerpt":{"rendered":"<p>CASA NASPO Ascolta l&#8217;audio UN\u2019ALTRA FAMIGLIA DISTRUTTA Qui viveva la famiglia Naspo. Quattro sono le persone decedute, tra cui Antonio di soli 3 anni. La sua mamma non fu mai ritrovata. Lo zio Pierino si salv\u00f2 perch\u00e9 quella sera aveva raggiunto gli amici poco lontano. Ricorda che, appena resosi conto dell\u2019accaduto, il suo primo pensiero &#8230; <a title=\"B7 &#8211; Casa Naspo\" class=\"read-more\" href=\"https:\/\/app.ecomuseovajont.net\/en\/b7-casa-naspo\/\" aria-label=\"Read more about B7 &#8211; Casa Naspo\">Read more<\/a><\/p>","protected":false},"author":1,"featured_media":0,"parent":0,"menu_order":0,"comment_status":"closed","ping_status":"closed","template":"elementor_canvas","meta":{"footnotes":""},"class_list":["post-1363","page","type-page","status-publish"],"_links":{"self":[{"href":"https:\/\/app.ecomuseovajont.net\/en\/wp-json\/wp\/v2\/pages\/1363","targetHints":{"allow":["GET"]}}],"collection":[{"href":"https:\/\/app.ecomuseovajont.net\/en\/wp-json\/wp\/v2\/pages"}],"about":[{"href":"https:\/\/app.ecomuseovajont.net\/en\/wp-json\/wp\/v2\/types\/page"}],"author":[{"embeddable":true,"href":"https:\/\/app.ecomuseovajont.net\/en\/wp-json\/wp\/v2\/users\/1"}],"replies":[{"embeddable":true,"href":"https:\/\/app.ecomuseovajont.net\/en\/wp-json\/wp\/v2\/comments?post=1363"}],"version-history":[{"count":11,"href":"https:\/\/app.ecomuseovajont.net\/en\/wp-json\/wp\/v2\/pages\/1363\/revisions"}],"predecessor-version":[{"id":1707,"href":"https:\/\/app.ecomuseovajont.net\/en\/wp-json\/wp\/v2\/pages\/1363\/revisions\/1707"}],"wp:attachment":[{"href":"https:\/\/app.ecomuseovajont.net\/en\/wp-json\/wp\/v2\/media?parent=1363"}],"curies":[{"name":"wp","href":"https:\/\/api.w.org\/{rel}","templated":true}]}}