{"id":2212,"date":"2024-12-23T11:14:07","date_gmt":"2024-12-23T10:14:07","guid":{"rendered":"https:\/\/app.ecomuseovajont.net\/?page_id=2212"},"modified":"2025-01-08T08:38:49","modified_gmt":"2025-01-08T07:38:49","slug":"e1-centro-storico-inizio","status":"publish","type":"page","link":"https:\/\/app.ecomuseovajont.net\/en\/e1-centro-storico-inizio\/","title":{"rendered":"E1 &#8211; Centro Storico &#8211; Inizio"},"content":{"rendered":"<div data-elementor-type=\"wp-page\" data-elementor-id=\"2212\" class=\"elementor elementor-2212\">\n\t\t\t\t\t\t<section class=\"elementor-section elementor-top-section elementor-element elementor-element-3a79f242 elementor-section-full_width elementor-section-height-default elementor-section-height-default\" data-id=\"3a79f242\" data-element_type=\"section\" data-e-type=\"section\" data-settings=\"{&quot;background_background&quot;:&quot;classic&quot;}\">\n\t\t\t\t\t\t<div class=\"elementor-container elementor-column-gap-no\">\n\t\t\t\t\t<div class=\"elementor-column elementor-col-100 elementor-top-column elementor-element elementor-element-22c2dda2\" data-id=\"22c2dda2\" data-element_type=\"column\" data-e-type=\"column\">\n\t\t\t<div class=\"elementor-widget-wrap elementor-element-populated\">\n\t\t\t\t\t\t<div class=\"elementor-element elementor-element-9b1b29d elementor-widget elementor-widget-heading\" data-id=\"9b1b29d\" data-element_type=\"widget\" data-e-type=\"widget\" data-widget_type=\"heading.default\">\n\t\t\t\t<div class=\"elementor-widget-container\">\n\t\t\t\t\t<h2 class=\"elementor-heading-title elementor-size-default\">CENTRO STORICO<\/h2>\t\t\t\t<\/div>\n\t\t\t\t<\/div>\n\t\t\t\t<div class=\"elementor-element elementor-element-c014c56 elementor-widget elementor-widget-heading\" data-id=\"c014c56\" data-element_type=\"widget\" data-e-type=\"widget\" data-widget_type=\"heading.default\">\n\t\t\t\t<div class=\"elementor-widget-container\">\n\t\t\t\t\t<h4 class=\"elementor-heading-title elementor-size-default\">Ascolta l'audio<\/h4>\t\t\t\t<\/div>\n\t\t\t\t<\/div>\n\t\t\t\t<div class=\"elementor-element elementor-element-ce6bf37 elementor-widget elementor-widget-wp-widget-media_audio\" data-id=\"ce6bf37\" data-element_type=\"widget\" data-e-type=\"widget\" data-widget_type=\"wp-widget-media_audio.default\">\n\t\t\t\t<div class=\"elementor-widget-container\">\n\t\t\t\t\t<audio class=\"wp-audio-shortcode\" id=\"audio-2212-1\" preload=\"none\" style=\"width: 100%;\" controls=\"controls\"><source type=\"audio\/mpeg\" src=\"https:\/\/app.ecomuseovajont.net\/wp-content\/uploads\/2024\/12\/Tappa1.mp3?_=1\" \/><source type=\"audio\/mpeg\" src=\"https:\/\/app.ecomuseovajont.net\/wp-content\/uploads\/2024\/12\/Tappa1.mp3?_=1\" \/><a href=\"https:\/\/app.ecomuseovajont.net\/wp-content\/uploads\/2024\/12\/Tappa1.mp3\">https:\/\/app.ecomuseovajont.net\/wp-content\/uploads\/2024\/12\/Tappa1.mp3<\/a><\/audio>\t\t\t\t<\/div>\n\t\t\t\t<\/div>\n\t\t\t\t<div class=\"elementor-element elementor-element-be16804 elementor-widget elementor-widget-text-editor\" data-id=\"be16804\" data-element_type=\"widget\" data-e-type=\"widget\" data-widget_type=\"text-editor.default\">\n\t\t\t\t<div class=\"elementor-widget-container\">\n\t\t\t\t\t\t\t\t\t<p class=\"p1\">9 ottobre 1963 ore 22.39, la frana si stacca dal monte Toc e un\u2019onda sconquassa la nostra valle.<\/p><p class=\"p1\"><em>\u00a0 \u00a0 \u00a0 \u00a0 \u00a0 \u00a0 \u00a0 \u00a0 \u00a0 \u00a0 \u00a0 \u00a0 \u00a0 \u00a0 \u00a0 \u00a0 \u00a0 \u00a0 \u00a0 \u00a0 \u00a0 \u00a0 \u00a0 \u00a0 \u00a0 \u00a0 \u00a0 \u00a0 \u00a0 \u00a0 \u00a0 \u00a0 \u00a0 \u00a0 \u00a0 \u00a0 \u00a0 \u00a0 \u00a0 \u00a0 \u00a0 \u00a0 \u00a0Boato che scuote il silenzio di una notte<\/em><\/p><p class=\"p1\"><em>\u00a0 \u00a0 \u00a0 \u00a0 \u00a0 \u00a0 \u00a0 \u00a0 \u00a0 \u00a0 \u00a0 \u00a0 \u00a0 \u00a0 \u00a0 \u00a0 \u00a0 \u00a0 \u00a0 \u00a0 \u00a0 \u00a0 \u00a0 \u00a0 \u00a0 \u00a0 \u00a0 \u00a0 \u00a0 \u00a0 \u00a0 sensazione di un temporale<\/em><\/p><p class=\"p1\"><em>\u00a0 \u00a0 \u00a0 \u00a0 \u00a0 \u00a0 \u00a0 \u00a0 \u00a0 \u00a0 \u00a0 \u00a0 \u00a0 \u00a0acqua<\/em><\/p><p class=\"p1\"><em>\u00a0 \u00a0 \u00a0 \u00a0 \u00a0 \u00a0 \u00a0 \u00a0 \u00a0 \u00a0 \u00a0 \u00a0 \u00a0 \u00a0 \u00a0 \u00a0 \u00a0 \u00a0 \u00a0 \u00a0 \u00a0 \u00a0rumore di sassi che rotolano<\/em><\/p><p class=\"p1\"><em>\u00a0 \u00a0 \u00a0 \u00a0 \u00a0 \u00a0 \u00a0 \u00a0 \u00a0 \u00a0 \u00a0 \u00a0 \u00a0 \u00a0 \u00a0 \u00a0 \u00a0 \u00a0 \u00a0 \u00a0 \u00a0 \u00a0 \u00a0 \u00a0 \u00a0 \u00a0 \u00a0 \u00a0 \u00a0 \u00a0 \u00a0 \u00a0 \u00a0 \u00a0 \u00a0 \u00a0 \u00a0 \u00a0 \u00a0 \u00a0 \u00a0 \u00a0 \u00a0 \u00a0 \u00a0 \u00a0 \u00a0 \u00a0 \u00a0 \u00a0 \u00a0 \u00a0 \u00a0 \u00a0 \u00a0 \u00a0 \u00a0 \u00a0 \u00a0 \u00a0 \u00a0\u00a0 \u00a0 \u00a0 \u00a0 \u00a0 \u00a0 \u00a0 alberi che si piegano<\/em><\/p><p class=\"p1\"><em>\u00a0 \u00a0 \u00a0 \u00a0 \u00a0 \u00a0 \u00a0 \u00a0 \u00a0 \u00a0 \u00a0 \u00a0 \u00a0luci che si spengono<\/em><\/p><p class=\"p1\"><em>\u00a0 \u00a0 \u00a0 \u00a0 \u00a0 \u00a0 \u00a0 \u00a0 \u00a0 \u00a0 \u00a0 \u00a0 \u00a0 \u00a0 \u00a0 \u00a0 \u00a0 \u00a0 \u00a0 \u00a0 \u00a0 \u00a0 \u00a0 \u00a0 \u00a0 \u00a0 \u00a0 \u00a0 \u00a0 \u00a0 \u00a0 \u00a0 \u00a0 \u00a0 \u00a0 \u00a0 \u00a0corsa in strada<\/em><\/p><p class=\"p1\"><em>\u00a0 \u00a0 \u00a0 \u00a0 \u00a0 \u00a0 \u00a0 \u00a0 \u00a0 \u00a0 \u00a0 \u00a0 \u00a0voci<\/em><\/p><p class=\"p1\"><em>\u00a0 \u00a0 \u00a0 \u00a0 \u00a0 \u00a0 \u00a0 \u00a0 \u00a0 \u00a0 \u00a0 \u00a0 \u00a0 \u00a0 \u00a0 \u00a0 \u00a0 \u00a0 \u00a0 \u00a0 \u00a0 \u00a0 \u00a0 \u00a0 \u00a0 \u00a0 \u00a0 \u00a0 \u00a0 \u00a0 \u00a0 \u00a0 \u00a0 \u00a0 \u00a0 \u00a0 \u00a0 \u00a0 \u00a0 \u00a0 \u00a0 \u00a0 \u00a0 \u00a0 \u00a0 \u00a0 \u00a0 \u00a0 \u00a0 \u00a0 \u00a0 \u00a0 \u00a0 \u00a0 \u00a0 \u00a0 \u00a0 \u00a0 \u00a0 \u00a0 \u00a0 \u00a0 \u00a0 \u00a0 \u00a0 \u00a0 \u00a0 \u00a0 \u00a0 \u00a0 \u00a0 \u00a0 \u00a0 \u00a0 \u00a0 \u00a0 \u00a0 \u00a0 \u00a0 \u00a0 \u00a0 \u00a0 \u00a0 \u00a0 \u00a0 \u00a0 \u00a0 \u00a0 \u00a0 \u00a0 \u00a0 \u00a0 \u00a0 \u00a0 \u00a0 \u00a0 \u00a0urla\u2026<\/em><\/p><p class=\"p2\">Il centro storico di Erto con le sue case addossate una vicina all\u2019altra non \u00e8 stato travolto dall\u2019acqua, cos\u00ec ogni pietra pu\u00f2 continuare a raccontare la disperazione di quella notte. La maggior parte delle persone era gi\u00e0 a letto o stava per coricarsi e qualcuno si era attardato al bar. Ognuno qui in paese ha vissuto quei momenti con paura e incredulit\u00e0.<\/p><p class=\"p2\">Dalla loro voce cogliamo quegli attimi. Mentre le voci si rincorrono, file di persone scappano verso l\u2019alto.<span class=\"Apple-converted-space\">\u00a0 <\/span>Nelle orecchie l\u2019incessante brontolio del Toc.<\/p><p class=\"p4\"><i>\u2026 Mentre servivo il bicchierino sentii il banco tremare e muoversi. Scappai verso la porta pensando al terremoto o al Toc, quando arrivai fuori vidi una schiuma bianca verso il Vajont e pioveva mentre il cielo era sereno. Nel momento in cui vedevo questo sentii un forte boato e subito vidi verso il Toc le lastre bianche della frana. In quel momento uscirono in strada i carabinieri. Marietta in camicia da notte, quelle de Dhan mezze nude. La com\u00e8re, l\u2019ostetrica Elsa e altra gente, tutti urlavano. Arriv\u00f2 pure il parroco che cercava di calmare la gente. In bottega scesero Tanta e Gi\u00f2ta mentre io presi i quattro ragazzi e mi diressi verso le case pi\u00f9 alte arrivando da Ian de Mil\u00e0o. <\/i><\/p><p class=\"p4\">Mina, dal bar di Gi\u00f2ta de Fr\u00e0mbol<span class=\"Apple-converted-space\">\u00a0 \u00a0<\/span><\/p><p class=\"p6\">Molte persone del paese furono ospitate nella casa di I\u00e0n de Mil\u00e0o, \u00e8 quella tinteggiata di rosa, appena sotto la pizzeria Stella. Maria, la moglie di Ian ricorda quella sera.<\/p><p class=\"p6\"><i>Mentre ero a letto ho sentito tutta la casa tremare, mi sono alzata e sono uscita in terrazza. Ho visto tutta la gente che correva e parlava che era franato il Toc.<\/i><\/p><p class=\"p6\"><i>\u2026La mia casa che \u00e8 un po\u2019 distante dal paese era piena di persone di tutte le et\u00e0 e parlavano tra loro.<\/i><\/p><p class=\"p6\">Anche Amabile, la figlia che aveva otto anni, ha impresso nella memoria il trambusto di quella notte.<\/p><p class=\"p4\"><i>Eravamo tutti a dormire. Io dormivo con mia mamma perch\u00e9 mio padre era via per lavoro. All\u2019improvviso sentiamo un boato e la porta della camera si apre. Mentre mia mamma si veste tengo la porta. I miei fratelli che dormivano al piano di sopra, sono scesi di corsa e sono andati in paese per vedere cosa fosse successo. Noi abitavamo un po\u2019 fuori dal centro. Sono ritornati dicendoci che era franato il monte Toc. Da quel momento in poi, in casa, c\u2019\u00e8 stato un via vai di persone e la nostra cucina era piena di gente. C\u2019erano persone adulte e bambini. La camera di mia madre era composta da un letto matrimoniale e uno singolo. In men che non si dica i letti erano pieni. In quello matrimoniale eravamo in sei: tre sulla testata e tre in fondo al letto. Praticamente a incastro tipo puzzle. In quello singolo allo stesso<\/i> <i>modo dormivano in quattro.<\/i><\/p><p class=\"p6\"><i>Mercoled\u00ec 9 ottobre 1963. Avevo nove anni, frequentavo le elementari. In casa c\u2019eravamo solo io e mia madre Sabina, mio padre Giuseppe era morto tre anni prima nel lavoro di costruzione delle gallerie di scarico del lago verso Cimolais, le mie sorelle erano altrove. Ricordo che avevamo fatto pulizia e riordinato alcuni cassetti della credenza e poi ci eravamo coricate verso le 21.30. Quando mia madre mi svegli\u00f2, scrollandomi vigorosamente, credevo di aver dormito molto, ma erano solo le 22.40.<\/i><\/p><p class=\"p2\"><i> \u201cMaddalena alzati, non so cosa sia successo, ma certamente qualcosa di grave, senti sulla strada, tutti scappano, per l\u2019amor di Dio, svelta, fuggiamo!\u201d <\/i><\/p><p class=\"p2\">Maddalena<\/p><p class=\"p4\"><i>Ricordo che quella sera avevamo giocato in casa fino a tardi, io e i miei fratelli. Ci si divertiva con dei giocattoli vecchi mentre la mamma parlava con un amico di famiglia. Ogni tanto ci sgridava finch\u00e9 un certo punto andammo a letto. Dormivamo tutti in una stanza perch\u00e9 mio padre mancava essendo fuori a caccia da diversi giorni. All\u2019improvviso sentii la mamma urlare: \u201cViene gi\u00f9 il Toc\u201d. <\/i><\/p><p class=\"p4\"><i>\u2026 quando fuggimmo, mia madre aveva lasciato una nostra zia sordomuta e vecchia dicendo che prima portava in salvo noi. Io tornai con grande paura a riprenderla e piano piano la portai da Pin\u00f2to. Ancor oggi ricordo con piacere quel gesto d\u2019affetto, Mentre andavamo da Giulio de Davide vedevo delle donne con bambini piccoli, avvolti in fasci di coperte, salire per la ripida strada.<\/i><\/p><p class=\"p4\">Mauro Corona.<\/p><p class=\"p4\"><i>Verso le 10.30 sentimmo un piccolo boato, la luce traball\u00f2 due o tre volte, segu\u00ec un secondo terribile boato e questa volta manc\u00f2 la luce. La prima volta non ci venne in mente subito la frana, se non quando sopraggiunse il secondo boato e si ripet\u00e9 a lungo, Patrizio disse: \u201cIl Toc \u00e8 caduto\u201d. <\/i><\/p><p class=\"p4\">Giacomo Mil\u00e0o<\/p><p class=\"p4\">E alla luce del giorno ci\u00f2 che apparve davanti ai loro occhi era indescrivibile e scese il gelo.<\/p><p class=\"p6\"><b>Prosegui fino al parcheggio in prossimit\u00e0 del cimitero.<\/b><\/p>\t\t\t\t\t\t\t\t<\/div>\n\t\t\t\t<\/div>\n\t\t\t\t<div class=\"elementor-element elementor-element-5b671c3 elementor-widget elementor-widget-gallery\" data-id=\"5b671c3\" data-element_type=\"widget\" data-e-type=\"widget\" data-settings=\"{&quot;gallery_layout&quot;:&quot;masonry&quot;,&quot;lazyload&quot;:&quot;yes&quot;,&quot;columns&quot;:4,&quot;columns_tablet&quot;:2,&quot;columns_mobile&quot;:1,&quot;gap&quot;:{&quot;unit&quot;:&quot;px&quot;,&quot;size&quot;:10,&quot;sizes&quot;:[]},&quot;gap_tablet&quot;:{&quot;unit&quot;:&quot;px&quot;,&quot;size&quot;:10,&quot;sizes&quot;:[]},&quot;gap_mobile&quot;:{&quot;unit&quot;:&quot;px&quot;,&quot;size&quot;:10,&quot;sizes&quot;:[]},&quot;overlay_background&quot;:&quot;yes&quot;,&quot;content_hover_animation&quot;:&quot;fade-in&quot;}\" data-widget_type=\"gallery.default\">\n\t\t\t\t<div class=\"elementor-widget-container\">\n\t\t\t\t\t\t\t<div class=\"elementor-gallery__container\">\n\t\t\t\t\t\t\t<div class=\"e-gallery-item elementor-gallery-item elementor-animated-content\">\n\t\t\t\t\t<div class=\"e-gallery-image elementor-gallery-item__image\" data-thumbnail=\"https:\/\/app.ecomuseovajont.net\/wp-content\/uploads\/2024\/12\/IMG_8351-scaled.jpg\" data-width=\"2560\" data-height=\"1541\" alt=\"\" ><\/div>\n\t\t\t\t\t\t\t\t\t\t\t<div class=\"elementor-gallery-item__overlay\"><\/div>\n\t\t\t\t\t\t\t\t\t\t\t\t\t\t<\/div>\n\t\t\t\t\t\t\t<div class=\"e-gallery-item elementor-gallery-item elementor-animated-content\">\n\t\t\t\t\t<div class=\"e-gallery-image elementor-gallery-item__image\" data-thumbnail=\"https:\/\/app.ecomuseovajont.net\/wp-content\/uploads\/2024\/12\/IMG_8348-scaled.jpg\" data-width=\"1885\" data-height=\"2560\" alt=\"\" ><\/div>\n\t\t\t\t\t\t\t\t\t\t\t<div class=\"elementor-gallery-item__overlay\"><\/div>\n\t\t\t\t\t\t\t\t\t\t\t\t\t\t<\/div>\n\t\t\t\t\t\t\t<div class=\"e-gallery-item elementor-gallery-item elementor-animated-content\">\n\t\t\t\t\t<div class=\"e-gallery-image elementor-gallery-item__image\" data-thumbnail=\"https:\/\/app.ecomuseovajont.net\/wp-content\/uploads\/2024\/12\/IMG_8347-scaled.jpg\" data-width=\"2560\" data-height=\"1792\" alt=\"\" ><\/div>\n\t\t\t\t\t\t\t\t\t\t\t<div class=\"elementor-gallery-item__overlay\"><\/div>\n\t\t\t\t\t\t\t\t\t\t\t\t\t\t<\/div>\n\t\t\t\t\t\t\t<div class=\"e-gallery-item elementor-gallery-item elementor-animated-content\">\n\t\t\t\t\t<div class=\"e-gallery-image elementor-gallery-item__image\" data-thumbnail=\"https:\/\/app.ecomuseovajont.net\/wp-content\/uploads\/2024\/12\/IMG_8352-scaled.jpg\" data-width=\"1727\" data-height=\"2560\" alt=\"\" ><\/div>\n\t\t\t\t\t\t\t\t\t\t\t<div class=\"elementor-gallery-item__overlay\"><\/div>\n\t\t\t\t\t\t\t\t\t\t\t\t\t\t<\/div>\n\t\t\t\t\t\t\t<div class=\"e-gallery-item elementor-gallery-item elementor-animated-content\">\n\t\t\t\t\t<div class=\"e-gallery-image elementor-gallery-item__image\" data-thumbnail=\"https:\/\/app.ecomuseovajont.net\/wp-content\/uploads\/2024\/12\/IMG_8353-scaled.jpg\" data-width=\"2560\" data-height=\"2004\" alt=\"\" ><\/div>\n\t\t\t\t\t\t\t\t\t\t\t<div class=\"elementor-gallery-item__overlay\"><\/div>\n\t\t\t\t\t\t\t\t\t\t\t\t\t\t<\/div>\n\t\t\t\t\t<\/div>\n\t\t\t\t\t<\/div>\n\t\t\t\t<\/div>\n\t\t\t\t<div class=\"elementor-element elementor-element-66a6940 elementor-align-center elementor-widget elementor-widget-button\" data-id=\"66a6940\" data-element_type=\"widget\" data-e-type=\"widget\" data-widget_type=\"button.default\">\n\t\t\t\t<div class=\"elementor-widget-container\">\n\t\t\t\t\t\t\t\t\t<div class=\"elementor-button-wrapper\">\n\t\t\t\t\t<a class=\"elementor-button elementor-button-link elementor-size-sm\" href=\"https:\/\/app.ecomuseovajont.net\/en\/e-le-spesse-percorso\/\">\n\t\t\t\t\t\t<span class=\"elementor-button-content-wrapper\">\n\t\t\t\t\t\t<span class=\"elementor-button-icon\">\n\t\t\t\t<i aria-hidden=\"true\" class=\"fas fa-angle-left\"><\/i>\t\t\t<\/span>\n\t\t\t\t\t\t\t\t\t<span class=\"elementor-button-text\">Torna alla mappa<\/span>\n\t\t\t\t\t<\/span>\n\t\t\t\t\t<\/a>\n\t\t\t\t<\/div>\n\t\t\t\t\t\t\t\t<\/div>\n\t\t\t\t<\/div>\n\t\t\t\t\t<\/div>\n\t\t<\/div>\n\t\t\t\t\t<\/div>\n\t\t<\/section>\n\t\t\t\t<\/div>","protected":false},"excerpt":{"rendered":"<p>CENTRO STORICO Ascolta l&#8217;audio 9 ottobre 1963 ore 22.39, la frana si stacca dal monte Toc e un\u2019onda sconquassa la nostra valle. \u00a0 \u00a0 \u00a0 \u00a0 \u00a0 \u00a0 \u00a0 \u00a0 \u00a0 \u00a0 \u00a0 \u00a0 \u00a0 \u00a0 \u00a0 \u00a0 \u00a0 \u00a0 \u00a0 \u00a0 \u00a0 \u00a0 \u00a0 \u00a0 \u00a0 \u00a0 \u00a0 \u00a0 \u00a0 \u00a0 \u00a0 \u00a0 \u00a0 &#8230; <a title=\"E1 &#8211; Centro Storico &#8211; Inizio\" class=\"read-more\" href=\"https:\/\/app.ecomuseovajont.net\/en\/e1-centro-storico-inizio\/\" aria-label=\"Read more about E1 &#8211; Centro Storico &#8211; Inizio\">Read more<\/a><\/p>","protected":false},"author":1,"featured_media":0,"parent":0,"menu_order":0,"comment_status":"closed","ping_status":"closed","template":"elementor_canvas","meta":{"footnotes":""},"class_list":["post-2212","page","type-page","status-publish"],"_links":{"self":[{"href":"https:\/\/app.ecomuseovajont.net\/en\/wp-json\/wp\/v2\/pages\/2212","targetHints":{"allow":["GET"]}}],"collection":[{"href":"https:\/\/app.ecomuseovajont.net\/en\/wp-json\/wp\/v2\/pages"}],"about":[{"href":"https:\/\/app.ecomuseovajont.net\/en\/wp-json\/wp\/v2\/types\/page"}],"author":[{"embeddable":true,"href":"https:\/\/app.ecomuseovajont.net\/en\/wp-json\/wp\/v2\/users\/1"}],"replies":[{"embeddable":true,"href":"https:\/\/app.ecomuseovajont.net\/en\/wp-json\/wp\/v2\/comments?post=2212"}],"version-history":[{"count":22,"href":"https:\/\/app.ecomuseovajont.net\/en\/wp-json\/wp\/v2\/pages\/2212\/revisions"}],"predecessor-version":[{"id":2699,"href":"https:\/\/app.ecomuseovajont.net\/en\/wp-json\/wp\/v2\/pages\/2212\/revisions\/2699"}],"wp:attachment":[{"href":"https:\/\/app.ecomuseovajont.net\/en\/wp-json\/wp\/v2\/media?parent=2212"}],"curies":[{"name":"wp","href":"https:\/\/api.w.org\/{rel}","templated":true}]}}