{"id":2240,"date":"2024-12-24T11:40:50","date_gmt":"2024-12-24T10:40:50","guid":{"rendered":"https:\/\/app.ecomuseovajont.net\/?page_id=2240"},"modified":"2025-01-08T08:42:59","modified_gmt":"2025-01-08T07:42:59","slug":"e2-sguardo-al-di-la-del-lago","status":"publish","type":"page","link":"https:\/\/app.ecomuseovajont.net\/en\/e2-sguardo-al-di-la-del-lago\/","title":{"rendered":"E2- Sguardo al di la\u0300 del lago"},"content":{"rendered":"<div data-elementor-type=\"wp-page\" data-elementor-id=\"2240\" class=\"elementor elementor-2240\">\n\t\t\t\t\t\t<section class=\"elementor-section elementor-top-section elementor-element elementor-element-3a79f242 elementor-section-full_width elementor-section-height-default elementor-section-height-default\" data-id=\"3a79f242\" data-element_type=\"section\" data-e-type=\"section\" data-settings=\"{&quot;background_background&quot;:&quot;classic&quot;}\">\n\t\t\t\t\t\t<div class=\"elementor-container elementor-column-gap-no\">\n\t\t\t\t\t<div class=\"elementor-column elementor-col-100 elementor-top-column elementor-element elementor-element-22c2dda2\" data-id=\"22c2dda2\" data-element_type=\"column\" data-e-type=\"column\">\n\t\t\t<div class=\"elementor-widget-wrap elementor-element-populated\">\n\t\t\t\t\t\t<div class=\"elementor-element elementor-element-9b1b29d elementor-widget elementor-widget-heading\" data-id=\"9b1b29d\" data-element_type=\"widget\" data-e-type=\"widget\" data-widget_type=\"heading.default\">\n\t\t\t\t<div class=\"elementor-widget-container\">\n\t\t\t\t\t<h2 class=\"elementor-heading-title elementor-size-default\">SGUARDO AL DI L\u00c0 DEL LAGO<\/h2>\t\t\t\t<\/div>\n\t\t\t\t<\/div>\n\t\t\t\t<div class=\"elementor-element elementor-element-c014c56 elementor-widget elementor-widget-heading\" data-id=\"c014c56\" data-element_type=\"widget\" data-e-type=\"widget\" data-widget_type=\"heading.default\">\n\t\t\t\t<div class=\"elementor-widget-container\">\n\t\t\t\t\t<h4 class=\"elementor-heading-title elementor-size-default\">Ascolta l'audio<\/h4>\t\t\t\t<\/div>\n\t\t\t\t<\/div>\n\t\t\t\t<div class=\"elementor-element elementor-element-ce6bf37 elementor-widget elementor-widget-wp-widget-media_audio\" data-id=\"ce6bf37\" data-element_type=\"widget\" data-e-type=\"widget\" data-widget_type=\"wp-widget-media_audio.default\">\n\t\t\t\t<div class=\"elementor-widget-container\">\n\t\t\t\t\t<audio class=\"wp-audio-shortcode\" id=\"audio-2240-1\" preload=\"none\" style=\"width: 100%;\" controls=\"controls\"><source type=\"audio\/mpeg\" src=\"https:\/\/app.ecomuseovajont.net\/wp-content\/uploads\/2024\/12\/Tappa2.mp3?_=1\" \/><source type=\"audio\/mpeg\" src=\"https:\/\/app.ecomuseovajont.net\/wp-content\/uploads\/2024\/12\/Tappa2.mp3?_=1\" \/><a href=\"https:\/\/app.ecomuseovajont.net\/wp-content\/uploads\/2024\/12\/Tappa2.mp3\">https:\/\/app.ecomuseovajont.net\/wp-content\/uploads\/2024\/12\/Tappa2.mp3<\/a><\/audio>\t\t\t\t<\/div>\n\t\t\t\t<\/div>\n\t\t\t\t<div class=\"elementor-element elementor-element-be16804 elementor-widget elementor-widget-text-editor\" data-id=\"be16804\" data-element_type=\"widget\" data-e-type=\"widget\" data-widget_type=\"text-editor.default\">\n\t\t\t\t<div class=\"elementor-widget-container\">\n\t\t\t\t\t\t\t\t\t<p class=\"p1\"><span class=\"s1\">Davanti a voi vedete le localit\u00e0: Prada, Orn\u00e9rs, C\u00e8va e Marth\u00e0na. Oggi il bosco nasconde e protegge i sedimi delle case e delle stalle distrutte e nel tempo ha preso il posto dei prati, dei cortili, dei campi che mani amorevoli tenevano con cura. <\/span><\/p>\t\t\t\t\t\t\t\t<\/div>\n\t\t\t\t<\/div>\n\t\t\t\t<div class=\"elementor-element elementor-element-8888aa6 elementor-widget elementor-widget-image\" data-id=\"8888aa6\" data-element_type=\"widget\" data-e-type=\"widget\" data-widget_type=\"image.default\">\n\t\t\t\t<div class=\"elementor-widget-container\">\n\t\t\t\t\t\t\t\t\t\t\t\t<figure class=\"wp-caption\">\n\t\t\t\t\t\t\t\t\t\t<img fetchpriority=\"high\" decoding=\"async\" width=\"1024\" height=\"710\" src=\"https:\/\/app.ecomuseovajont.net\/wp-content\/uploads\/2024\/12\/1-Veduta-verso-Ceva-Orners-e-Prada-1024x710.jpg\" class=\"attachment-large size-large wp-image-2242\" alt=\"\" srcset=\"https:\/\/app.ecomuseovajont.net\/wp-content\/uploads\/2024\/12\/1-Veduta-verso-Ceva-Orners-e-Prada-1024x710.jpg 1024w, https:\/\/app.ecomuseovajont.net\/wp-content\/uploads\/2024\/12\/1-Veduta-verso-Ceva-Orners-e-Prada-300x208.jpg 300w, https:\/\/app.ecomuseovajont.net\/wp-content\/uploads\/2024\/12\/1-Veduta-verso-Ceva-Orners-e-Prada-768x532.jpg 768w, https:\/\/app.ecomuseovajont.net\/wp-content\/uploads\/2024\/12\/1-Veduta-verso-Ceva-Orners-e-Prada-1536x1064.jpg 1536w, https:\/\/app.ecomuseovajont.net\/wp-content\/uploads\/2024\/12\/1-Veduta-verso-Ceva-Orners-e-Prada-2048x1419.jpg 2048w, https:\/\/app.ecomuseovajont.net\/wp-content\/uploads\/2024\/12\/1-Veduta-verso-Ceva-Orners-e-Prada-18x12.jpg 18w\" sizes=\"(max-width: 1024px) 100vw, 1024px\" \/>\t\t\t\t\t\t\t\t\t\t\t<figcaption class=\"widget-image-caption wp-caption-text\">Da Erto verso C\u00e8va, Orn\u00e9rs e Prada<\/figcaption>\n\t\t\t\t\t\t\t\t\t\t<\/figure>\n\t\t\t\t\t\t\t\t\t<\/div>\n\t\t\t\t<\/div>\n\t\t\t\t<div class=\"elementor-element elementor-element-8b0541a elementor-widget elementor-widget-text-editor\" data-id=\"8b0541a\" data-element_type=\"widget\" data-e-type=\"widget\" data-widget_type=\"text-editor.default\">\n\t\t\t\t<div class=\"elementor-widget-container\">\n\t\t\t\t\t\t\t\t\t<p class=\"p1\">Quella notte da qui era facile guardare al di l\u00e0 del lago, ma nel buio si poteva solo intuire che qualcosa era successo. Non rimaneva che urlare il nome del proprio caro nella speranza di udirne la voce.<\/p>\t\t\t\t\t\t\t\t<\/div>\n\t\t\t\t<\/div>\n\t\t\t\t<section class=\"elementor-section elementor-inner-section elementor-element elementor-element-f988269 elementor-section-boxed elementor-section-height-default elementor-section-height-default\" data-id=\"f988269\" data-element_type=\"section\" data-e-type=\"section\">\n\t\t\t\t\t\t<div class=\"elementor-container elementor-column-gap-default\">\n\t\t\t\t\t<div class=\"elementor-column elementor-col-50 elementor-inner-column elementor-element elementor-element-3d05fb7\" data-id=\"3d05fb7\" data-element_type=\"column\" data-e-type=\"column\">\n\t\t\t<div class=\"elementor-widget-wrap elementor-element-populated\">\n\t\t\t\t\t\t<div class=\"elementor-element elementor-element-fadc12c elementor-widget elementor-widget-image\" data-id=\"fadc12c\" data-element_type=\"widget\" data-e-type=\"widget\" data-widget_type=\"image.default\">\n\t\t\t\t<div class=\"elementor-widget-container\">\n\t\t\t\t\t\t\t\t\t\t\t\t<figure class=\"wp-caption\">\n\t\t\t\t\t\t\t\t\t\t<img decoding=\"async\" width=\"1024\" height=\"766\" src=\"https:\/\/app.ecomuseovajont.net\/wp-content\/uploads\/2024\/12\/2Localita-Orners-1024x766.jpg\" class=\"attachment-large size-large wp-image-2243\" alt=\"\" srcset=\"https:\/\/app.ecomuseovajont.net\/wp-content\/uploads\/2024\/12\/2Localita-Orners-1024x766.jpg 1024w, https:\/\/app.ecomuseovajont.net\/wp-content\/uploads\/2024\/12\/2Localita-Orners-300x225.jpg 300w, https:\/\/app.ecomuseovajont.net\/wp-content\/uploads\/2024\/12\/2Localita-Orners-768x575.jpg 768w, https:\/\/app.ecomuseovajont.net\/wp-content\/uploads\/2024\/12\/2Localita-Orners-1536x1150.jpg 1536w, https:\/\/app.ecomuseovajont.net\/wp-content\/uploads\/2024\/12\/2Localita-Orners-2048x1533.jpg 2048w, https:\/\/app.ecomuseovajont.net\/wp-content\/uploads\/2024\/12\/2Localita-Orners-16x12.jpg 16w\" sizes=\"(max-width: 1024px) 100vw, 1024px\" \/>\t\t\t\t\t\t\t\t\t\t\t<figcaption class=\"widget-image-caption wp-caption-text\">Localit\u00e0 Orn\u00e9rs<\/figcaption>\n\t\t\t\t\t\t\t\t\t\t<\/figure>\n\t\t\t\t\t\t\t\t\t<\/div>\n\t\t\t\t<\/div>\n\t\t\t\t\t<\/div>\n\t\t<\/div>\n\t\t\t\t<div class=\"elementor-column elementor-col-50 elementor-inner-column elementor-element elementor-element-8dfacdc\" data-id=\"8dfacdc\" data-element_type=\"column\" data-e-type=\"column\">\n\t\t\t<div class=\"elementor-widget-wrap elementor-element-populated\">\n\t\t\t\t\t\t<div class=\"elementor-element elementor-element-f3aea29 elementor-widget elementor-widget-image\" data-id=\"f3aea29\" data-element_type=\"widget\" data-e-type=\"widget\" data-widget_type=\"image.default\">\n\t\t\t\t<div class=\"elementor-widget-container\">\n\t\t\t\t\t\t\t\t\t\t\t\t<figure class=\"wp-caption\">\n\t\t\t\t\t\t\t\t\t\t<img decoding=\"async\" width=\"1024\" height=\"735\" src=\"https:\/\/app.ecomuseovajont.net\/wp-content\/uploads\/2024\/12\/3Prada-1-1024x735.jpg\" class=\"attachment-large size-large wp-image-2461\" alt=\"\" srcset=\"https:\/\/app.ecomuseovajont.net\/wp-content\/uploads\/2024\/12\/3Prada-1-1024x735.jpg 1024w, https:\/\/app.ecomuseovajont.net\/wp-content\/uploads\/2024\/12\/3Prada-1-300x215.jpg 300w, https:\/\/app.ecomuseovajont.net\/wp-content\/uploads\/2024\/12\/3Prada-1-768x552.jpg 768w, https:\/\/app.ecomuseovajont.net\/wp-content\/uploads\/2024\/12\/3Prada-1-1536x1103.jpg 1536w, https:\/\/app.ecomuseovajont.net\/wp-content\/uploads\/2024\/12\/3Prada-1-2048x1471.jpg 2048w, https:\/\/app.ecomuseovajont.net\/wp-content\/uploads\/2024\/12\/3Prada-1-18x12.jpg 18w\" sizes=\"(max-width: 1024px) 100vw, 1024px\" \/>\t\t\t\t\t\t\t\t\t\t\t<figcaption class=\"widget-image-caption wp-caption-text\">Localit\u00e0 Prada vista da Erto<\/figcaption>\n\t\t\t\t\t\t\t\t\t\t<\/figure>\n\t\t\t\t\t\t\t\t\t<\/div>\n\t\t\t\t<\/div>\n\t\t\t\t\t<\/div>\n\t\t<\/div>\n\t\t\t\t\t<\/div>\n\t\t<\/section>\n\t\t\t\t<div class=\"elementor-element elementor-element-40b9df8 elementor-widget elementor-widget-text-editor\" data-id=\"40b9df8\" data-element_type=\"widget\" data-e-type=\"widget\" data-widget_type=\"text-editor.default\">\n\t\t\t\t<div class=\"elementor-widget-container\">\n\t\t\t\t\t\t\t\t\t<p class=\"p1\">Dietro a voi, poco pi\u00f9 in alto c\u2019\u00e8 il cortile della casa dove Menina andava per capire se Ferruccia, la nipotina di tre anni era viva. Guardando con il binocolo si rese conto di ci\u00f2 che era successo.<\/p><p class=\"p2\"><i>\u2026e cos\u00ec andai davanti alla casa di S\u00e9p e l\u00ec&#8230; vidi, non vidi pi\u00f9 niente\u2026 Ormai capii che Ferruccia non c&#8217;era pi\u00f9. <\/i><\/p><p class=\"p2\"><i>\u2026ricordo che la signora, Pierina de la St\u00e9la, ha iniziato a chiamare sua figlia Ferruccia che era rimasta in Prada con la nonna e la zia, ma purtroppo anche l\u00ec solo fango. Naturalmente nessuna risposta. Pi\u00f9 tardi ci dissero che c\u2019era la probabilit\u00e0 di un\u2019altra ondata e che bisognava salire pi\u00f9 in alto. Allora siamo saliti in localit\u00e0 Forc\u00e0i dove mio nonno R\u00e8cia aveva la casa con la stalla. <\/i><\/p><p class=\"p2\">Amabile<\/p>\t\t\t\t\t\t\t\t<\/div>\n\t\t\t\t<\/div>\n\t\t\t\t<div class=\"elementor-element elementor-element-87c5830 elementor-widget elementor-widget-image\" data-id=\"87c5830\" data-element_type=\"widget\" data-e-type=\"widget\" data-widget_type=\"image.default\">\n\t\t\t\t<div class=\"elementor-widget-container\">\n\t\t\t\t\t\t\t\t\t\t\t\t<figure class=\"wp-caption\">\n\t\t\t\t\t\t\t\t\t\t<img loading=\"lazy\" decoding=\"async\" width=\"1024\" height=\"768\" src=\"https:\/\/app.ecomuseovajont.net\/wp-content\/uploads\/2024\/12\/4Panorama-verso-Marthana.-Nella-parte-bassa-le-case-espropriate-1024x768.jpeg\" class=\"attachment-large size-large wp-image-2245\" alt=\"\" srcset=\"https:\/\/app.ecomuseovajont.net\/wp-content\/uploads\/2024\/12\/4Panorama-verso-Marthana.-Nella-parte-bassa-le-case-espropriate-1024x768.jpeg 1024w, https:\/\/app.ecomuseovajont.net\/wp-content\/uploads\/2024\/12\/4Panorama-verso-Marthana.-Nella-parte-bassa-le-case-espropriate-300x225.jpeg 300w, https:\/\/app.ecomuseovajont.net\/wp-content\/uploads\/2024\/12\/4Panorama-verso-Marthana.-Nella-parte-bassa-le-case-espropriate-768x576.jpeg 768w, https:\/\/app.ecomuseovajont.net\/wp-content\/uploads\/2024\/12\/4Panorama-verso-Marthana.-Nella-parte-bassa-le-case-espropriate-1536x1152.jpeg 1536w, https:\/\/app.ecomuseovajont.net\/wp-content\/uploads\/2024\/12\/4Panorama-verso-Marthana.-Nella-parte-bassa-le-case-espropriate-2048x1536.jpeg 2048w, https:\/\/app.ecomuseovajont.net\/wp-content\/uploads\/2024\/12\/4Panorama-verso-Marthana.-Nella-parte-bassa-le-case-espropriate-16x12.jpeg 16w\" sizes=\"(max-width: 1024px) 100vw, 1024px\" \/>\t\t\t\t\t\t\t\t\t\t\t<figcaption class=\"widget-image-caption wp-caption-text\">Panorama verso Marth\u00e0na. Nella parte bassa il lago sommerge le case espropriate<\/figcaption>\n\t\t\t\t\t\t\t\t\t\t<\/figure>\n\t\t\t\t\t\t\t\t\t<\/div>\n\t\t\t\t<\/div>\n\t\t\t\t<div class=\"elementor-element elementor-element-00b6739 elementor-widget elementor-widget-text-editor\" data-id=\"00b6739\" data-element_type=\"widget\" data-e-type=\"widget\" data-widget_type=\"text-editor.default\">\n\t\t\t\t<div class=\"elementor-widget-container\">\n\t\t\t\t\t\t\t\t\t<p class=\"p1\"><span class=\"s1\">Ester con gli occhi di bambina rivede quell\u2019ultima estate<\/span><\/p><p class=\"p1\"><span class=\"s1\"><i>Quell\u2019estate in Prada ci eravamo divertiti tantissimo, avevamo tutti i nostri giochi l\u00ec. Marina la mia bambola che sembrava una bambina vera, aveva persino gli orecchini e poi la bicicletta che avevo avuto in regalo per la Cresima: rosso fragola con i copri raggi e dei nastrini colorati sul manubrio; quante corse abbiamo fatto io e Lucia. E poi il lago, c\u2019era un posto a Marth\u00e0na dove non diventava subito profondo, ma il prato si tuffava dolcemente nell\u2019acqua. Erano stati per tutta l\u2019estate il nostro mare e la nostra spiaggia d\u2019erba. <\/i><\/span><\/p><p class=\"p1\"><span class=\"s1\">E poi i suoi ricordi tornano alla notte del disastro.<\/span><\/p><p class=\"p2\"><span class=\"s1\"><i>La gente sembrava impazzita, gridava, piangeva, chiamava quelli che erano in Prada! Mi svegliai in quella casa sconosciuta, silenzio! Scesi in cucina, nessuno! Guardai dalla grande finestra e vidi sull\u2019enorme terrazzo tanta gente anche Tanta, Gi\u00f2ta e la mamma. Uscii, non c\u2019erano pi\u00f9 i colori nel mio paese, le persone sembravano statue immobili! Non capivo se stavo sognando, dove ero? Cos\u2019era tutto quel fango? Tutto era color caffelatte!<\/i><\/span><\/p><p class=\"p2\"><span class=\"s1\"><i>Non sapevo ancora che quel mare di melma si era portato via tanta gente, la mia bambola, la mia bicicletta<\/i>!<\/span><\/p><p class=\"p4\"><span class=\"s1\"><b>Prosegui fino a raggiungere il monumento ai caduti.<\/b><\/span><\/p>\t\t\t\t\t\t\t\t<\/div>\n\t\t\t\t<\/div>\n\t\t\t\t<div class=\"elementor-element elementor-element-66a6940 elementor-align-center elementor-widget elementor-widget-button\" data-id=\"66a6940\" data-element_type=\"widget\" data-e-type=\"widget\" data-widget_type=\"button.default\">\n\t\t\t\t<div class=\"elementor-widget-container\">\n\t\t\t\t\t\t\t\t\t<div class=\"elementor-button-wrapper\">\n\t\t\t\t\t<a class=\"elementor-button elementor-button-link elementor-size-sm\" href=\"https:\/\/app.ecomuseovajont.net\/en\/e-le-spesse-percorso\/\">\n\t\t\t\t\t\t<span class=\"elementor-button-content-wrapper\">\n\t\t\t\t\t\t<span class=\"elementor-button-icon\">\n\t\t\t\t<i aria-hidden=\"true\" class=\"fas fa-angle-left\"><\/i>\t\t\t<\/span>\n\t\t\t\t\t\t\t\t\t<span class=\"elementor-button-text\">Torna alla mappa<\/span>\n\t\t\t\t\t<\/span>\n\t\t\t\t\t<\/a>\n\t\t\t\t<\/div>\n\t\t\t\t\t\t\t\t<\/div>\n\t\t\t\t<\/div>\n\t\t\t\t\t<\/div>\n\t\t<\/div>\n\t\t\t\t\t<\/div>\n\t\t<\/section>\n\t\t\t\t<\/div>","protected":false},"excerpt":{"rendered":"<p>SGUARDO AL DI L\u00c0 DEL LAGO Ascolta l&#8217;audio Davanti a voi vedete le localit\u00e0: Prada, Orn\u00e9rs, C\u00e8va e Marth\u00e0na. Oggi il bosco nasconde e protegge i sedimi delle case e delle stalle distrutte e nel tempo ha preso il posto dei prati, dei cortili, dei campi che mani amorevoli tenevano con cura. Da Erto verso &#8230; <a title=\"E2- Sguardo al di la\u0300 del lago\" class=\"read-more\" href=\"https:\/\/app.ecomuseovajont.net\/en\/e2-sguardo-al-di-la-del-lago\/\" aria-label=\"Read more about E2- Sguardo al di la\u0300 del lago\">Read more<\/a><\/p>","protected":false},"author":1,"featured_media":0,"parent":0,"menu_order":0,"comment_status":"closed","ping_status":"closed","template":"elementor_canvas","meta":{"footnotes":""},"class_list":["post-2240","page","type-page","status-publish"],"_links":{"self":[{"href":"https:\/\/app.ecomuseovajont.net\/en\/wp-json\/wp\/v2\/pages\/2240","targetHints":{"allow":["GET"]}}],"collection":[{"href":"https:\/\/app.ecomuseovajont.net\/en\/wp-json\/wp\/v2\/pages"}],"about":[{"href":"https:\/\/app.ecomuseovajont.net\/en\/wp-json\/wp\/v2\/types\/page"}],"author":[{"embeddable":true,"href":"https:\/\/app.ecomuseovajont.net\/en\/wp-json\/wp\/v2\/users\/1"}],"replies":[{"embeddable":true,"href":"https:\/\/app.ecomuseovajont.net\/en\/wp-json\/wp\/v2\/comments?post=2240"}],"version-history":[{"count":16,"href":"https:\/\/app.ecomuseovajont.net\/en\/wp-json\/wp\/v2\/pages\/2240\/revisions"}],"predecessor-version":[{"id":2703,"href":"https:\/\/app.ecomuseovajont.net\/en\/wp-json\/wp\/v2\/pages\/2240\/revisions\/2703"}],"wp:attachment":[{"href":"https:\/\/app.ecomuseovajont.net\/en\/wp-json\/wp\/v2\/media?parent=2240"}],"curies":[{"name":"wp","href":"https:\/\/api.w.org\/{rel}","templated":true}]}}