{"id":2270,"date":"2024-12-24T11:55:12","date_gmt":"2024-12-24T10:55:12","guid":{"rendered":"https:\/\/app.ecomuseovajont.net\/?page_id=2270"},"modified":"2024-12-30T15:38:40","modified_gmt":"2024-12-30T14:38:40","slug":"e4-il-traliccio","status":"publish","type":"page","link":"https:\/\/app.ecomuseovajont.net\/en\/e4-il-traliccio\/","title":{"rendered":"E4 &#8211; Il Traliccio"},"content":{"rendered":"\t\t<div data-elementor-type=\"wp-page\" data-elementor-id=\"2270\" class=\"elementor elementor-2270\">\n\t\t\t\t\t\t<section class=\"elementor-section elementor-top-section elementor-element elementor-element-3a79f242 elementor-section-full_width elementor-section-height-default elementor-section-height-default\" data-id=\"3a79f242\" data-element_type=\"section\" data-e-type=\"section\" data-settings=\"{&quot;background_background&quot;:&quot;classic&quot;}\">\n\t\t\t\t\t\t<div class=\"elementor-container elementor-column-gap-no\">\n\t\t\t\t\t<div class=\"elementor-column elementor-col-100 elementor-top-column elementor-element elementor-element-22c2dda2\" data-id=\"22c2dda2\" data-element_type=\"column\" data-e-type=\"column\">\n\t\t\t<div class=\"elementor-widget-wrap elementor-element-populated\">\n\t\t\t\t\t\t<div class=\"elementor-element elementor-element-9b1b29d elementor-widget elementor-widget-heading\" data-id=\"9b1b29d\" data-element_type=\"widget\" data-e-type=\"widget\" data-widget_type=\"heading.default\">\n\t\t\t\t<div class=\"elementor-widget-container\">\n\t\t\t\t\t<h2 class=\"elementor-heading-title elementor-size-default\">IL TRALICCIO<\/h2>\t\t\t\t<\/div>\n\t\t\t\t<\/div>\n\t\t\t\t<div class=\"elementor-element elementor-element-c014c56 elementor-widget elementor-widget-heading\" data-id=\"c014c56\" data-element_type=\"widget\" data-e-type=\"widget\" data-widget_type=\"heading.default\">\n\t\t\t\t<div class=\"elementor-widget-container\">\n\t\t\t\t\t<h4 class=\"elementor-heading-title elementor-size-default\">Ascolta l'audio<\/h4>\t\t\t\t<\/div>\n\t\t\t\t<\/div>\n\t\t\t\t<div class=\"elementor-element elementor-element-ce6bf37 elementor-widget elementor-widget-wp-widget-media_audio\" data-id=\"ce6bf37\" data-element_type=\"widget\" data-e-type=\"widget\" data-widget_type=\"wp-widget-media_audio.default\">\n\t\t\t\t<div class=\"elementor-widget-container\">\n\t\t\t\t\t<audio class=\"wp-audio-shortcode\" id=\"audio-2270-1\" preload=\"none\" style=\"width: 100%;\" controls=\"controls\"><source type=\"audio\/mpeg\" src=\"https:\/\/app.ecomuseovajont.net\/wp-content\/uploads\/2024\/12\/Tappa-4.mp3?_=1\" \/><source type=\"audio\/mpeg\" src=\"https:\/\/app.ecomuseovajont.net\/wp-content\/uploads\/2024\/12\/Tappa-4.mp3?_=1\" \/><a href=\"https:\/\/app.ecomuseovajont.net\/wp-content\/uploads\/2024\/12\/Tappa-4.mp3\">https:\/\/app.ecomuseovajont.net\/wp-content\/uploads\/2024\/12\/Tappa-4.mp3<\/a><\/audio>\t\t\t\t<\/div>\n\t\t\t\t<\/div>\n\t\t\t\t<div class=\"elementor-element elementor-element-5175c4d elementor-widget elementor-widget-text-editor\" data-id=\"5175c4d\" data-element_type=\"widget\" data-e-type=\"widget\" data-widget_type=\"text-editor.default\">\n\t\t\t\t<div class=\"elementor-widget-container\">\n\t\t\t\t\t\t\t\t\t<p class=\"p1\">Davanti a voi vedete il traliccio, arrugginito nel tempo, ma della notte del 9 ottobre 1963 conserva ancora il segno dell\u2019onda: contorto e piegato.<\/p>\t\t\t\t\t\t\t\t<\/div>\n\t\t\t\t<\/div>\n\t\t\t\t<div class=\"elementor-element elementor-element-8888aa6 elementor-widget elementor-widget-image\" data-id=\"8888aa6\" data-element_type=\"widget\" data-e-type=\"widget\" data-widget_type=\"image.default\">\n\t\t\t\t<div class=\"elementor-widget-container\">\n\t\t\t\t\t\t\t\t\t\t\t\t<figure class=\"wp-caption\">\n\t\t\t\t\t\t\t\t\t\t<img fetchpriority=\"high\" decoding=\"async\" width=\"973\" height=\"1024\" src=\"https:\/\/app.ecomuseovajont.net\/wp-content\/uploads\/2024\/12\/1-Il-traliccio-973x1024.jpg\" class=\"attachment-large size-large wp-image-2272\" alt=\"\" srcset=\"https:\/\/app.ecomuseovajont.net\/wp-content\/uploads\/2024\/12\/1-Il-traliccio-973x1024.jpg 973w, https:\/\/app.ecomuseovajont.net\/wp-content\/uploads\/2024\/12\/1-Il-traliccio-285x300.jpg 285w, https:\/\/app.ecomuseovajont.net\/wp-content\/uploads\/2024\/12\/1-Il-traliccio-768x808.jpg 768w, https:\/\/app.ecomuseovajont.net\/wp-content\/uploads\/2024\/12\/1-Il-traliccio-1460x1536.jpg 1460w, https:\/\/app.ecomuseovajont.net\/wp-content\/uploads\/2024\/12\/1-Il-traliccio-1946x2048.jpg 1946w, https:\/\/app.ecomuseovajont.net\/wp-content\/uploads\/2024\/12\/1-Il-traliccio-11x12.jpg 11w\" sizes=\"(max-width: 973px) 100vw, 973px\" \/>\t\t\t\t\t\t\t\t\t\t\t<figcaption class=\"widget-image-caption wp-caption-text\">Il traliccio oggi<\/figcaption>\n\t\t\t\t\t\t\t\t\t\t<\/figure>\n\t\t\t\t\t\t\t\t\t<\/div>\n\t\t\t\t<\/div>\n\t\t\t\t<div class=\"elementor-element elementor-element-8b0541a elementor-widget elementor-widget-text-editor\" data-id=\"8b0541a\" data-element_type=\"widget\" data-e-type=\"widget\" data-widget_type=\"text-editor.default\">\n\t\t\t\t<div class=\"elementor-widget-container\">\n\t\t\t\t\t\t\t\t\t<p class=\"p1\">In questa casa, sulla curva, abitava Lucia e proprio davanti, al di l\u00e0 della strada c\u2019erano i noci, primo riparo della famiglia. Alcuni anni fa sono stati abbattuti perch\u00e9 la tempesta Vaia li aveva indeboliti. Negli scatti di Luciano e Angelica il ricordo.<\/p>\t\t\t\t\t\t\t\t<\/div>\n\t\t\t\t<\/div>\n\t\t\t\t<section class=\"elementor-section elementor-inner-section elementor-element elementor-element-9f5d251 elementor-section-boxed elementor-section-height-default elementor-section-height-default\" data-id=\"9f5d251\" data-element_type=\"section\" data-e-type=\"section\">\n\t\t\t\t\t\t<div class=\"elementor-container elementor-column-gap-default\">\n\t\t\t\t\t<div class=\"elementor-column elementor-col-50 elementor-inner-column elementor-element elementor-element-9f6e6c5\" data-id=\"9f6e6c5\" data-element_type=\"column\" data-e-type=\"column\">\n\t\t\t<div class=\"elementor-widget-wrap elementor-element-populated\">\n\t\t\t\t\t\t<div class=\"elementor-element elementor-element-87c5830 elementor-widget elementor-widget-image\" data-id=\"87c5830\" data-element_type=\"widget\" data-e-type=\"widget\" data-widget_type=\"image.default\">\n\t\t\t\t<div class=\"elementor-widget-container\">\n\t\t\t\t\t\t\t\t\t\t\t\t<figure class=\"wp-caption\">\n\t\t\t\t\t\t\t\t\t\t<img decoding=\"async\" width=\"768\" height=\"1024\" src=\"https:\/\/app.ecomuseovajont.net\/wp-content\/uploads\/2024\/12\/2-Tre-noci-768x1024.jpg\" class=\"attachment-large size-large wp-image-2273\" alt=\"\" srcset=\"https:\/\/app.ecomuseovajont.net\/wp-content\/uploads\/2024\/12\/2-Tre-noci-768x1024.jpg 768w, https:\/\/app.ecomuseovajont.net\/wp-content\/uploads\/2024\/12\/2-Tre-noci-225x300.jpg 225w, https:\/\/app.ecomuseovajont.net\/wp-content\/uploads\/2024\/12\/2-Tre-noci-1152x1536.jpg 1152w, https:\/\/app.ecomuseovajont.net\/wp-content\/uploads\/2024\/12\/2-Tre-noci-9x12.jpg 9w, https:\/\/app.ecomuseovajont.net\/wp-content\/uploads\/2024\/12\/2-Tre-noci.jpg 1536w\" sizes=\"(max-width: 768px) 100vw, 768px\" \/>\t\t\t\t\t\t\t\t\t\t\t<figcaption class=\"widget-image-caption wp-caption-text\">I tre noci<\/figcaption>\n\t\t\t\t\t\t\t\t\t\t<\/figure>\n\t\t\t\t\t\t\t\t\t<\/div>\n\t\t\t\t<\/div>\n\t\t\t\t\t<\/div>\n\t\t<\/div>\n\t\t\t\t<div class=\"elementor-column elementor-col-50 elementor-inner-column elementor-element elementor-element-4db0fe6\" data-id=\"4db0fe6\" data-element_type=\"column\" data-e-type=\"column\">\n\t\t\t<div class=\"elementor-widget-wrap elementor-element-populated\">\n\t\t\t\t\t\t<div class=\"elementor-element elementor-element-f77d224 elementor-widget__width-initial elementor-widget elementor-widget-image\" data-id=\"f77d224\" data-element_type=\"widget\" data-e-type=\"widget\" data-widget_type=\"image.default\">\n\t\t\t\t<div class=\"elementor-widget-container\">\n\t\t\t\t\t\t\t\t\t\t\t\t<figure class=\"wp-caption\">\n\t\t\t\t\t\t\t\t\t\t<img decoding=\"async\" width=\"931\" height=\"1024\" src=\"https:\/\/app.ecomuseovajont.net\/wp-content\/uploads\/2024\/12\/3-La-casa-di-Lucia-931x1024.jpg\" class=\"attachment-large size-large wp-image-2274\" alt=\"\" srcset=\"https:\/\/app.ecomuseovajont.net\/wp-content\/uploads\/2024\/12\/3-La-casa-di-Lucia-931x1024.jpg 931w, https:\/\/app.ecomuseovajont.net\/wp-content\/uploads\/2024\/12\/3-La-casa-di-Lucia-273x300.jpg 273w, https:\/\/app.ecomuseovajont.net\/wp-content\/uploads\/2024\/12\/3-La-casa-di-Lucia-768x845.jpg 768w, https:\/\/app.ecomuseovajont.net\/wp-content\/uploads\/2024\/12\/3-La-casa-di-Lucia-1396x1536.jpg 1396w, https:\/\/app.ecomuseovajont.net\/wp-content\/uploads\/2024\/12\/3-La-casa-di-Lucia-1862x2048.jpg 1862w, https:\/\/app.ecomuseovajont.net\/wp-content\/uploads\/2024\/12\/3-La-casa-di-Lucia-11x12.jpg 11w\" sizes=\"(max-width: 931px) 100vw, 931px\" \/>\t\t\t\t\t\t\t\t\t\t\t<figcaption class=\"widget-image-caption wp-caption-text\">La casa di Lucia<\/figcaption>\n\t\t\t\t\t\t\t\t\t\t<\/figure>\n\t\t\t\t\t\t\t\t\t<\/div>\n\t\t\t\t<\/div>\n\t\t\t\t\t<\/div>\n\t\t<\/div>\n\t\t\t\t\t<\/div>\n\t\t<\/section>\n\t\t\t\t<div class=\"elementor-element elementor-element-5ac41e2 elementor-widget elementor-widget-text-editor\" data-id=\"5ac41e2\" data-element_type=\"widget\" data-e-type=\"widget\" data-widget_type=\"text-editor.default\">\n\t\t\t\t<div class=\"elementor-widget-container\">\n\t\t\t\t\t\t\t\t\t<p class=\"p1\"><i>Eravamo a dormire e sento un boato, si sono spalancate tutte le finestre, \u00e8 mancata la luce\u2026 Allora, bah, \u201csar\u00e0 il temporale\u201d [ho pensato], ma ho sentito mia mamma che si \u00e8 mossa e ho detto: \u201cQuesta \u00e8 la frana\u201d. E ho preso mia mamma sotto il braccio, gi\u00f9 per le scale, a trascinarla gi\u00f9\u2026 camminava pi\u00f9 di me, ma non sapevo cosa facevo con la paura.<\/i><\/p><p class=\"p1\"><i>Siamo arrivati gi\u00f9, siamo andate fuori sotto il cucol\u00e9r\u2026 eravamo in sottoveste, scappate dal letto! E intanto si vedeva tutto un bianco via per la Prada, via per Pineda\u2026 una roba bianca\u2026 allora mia mamma ha detto:\u201cVal\u00e0, val\u00e0, \u00e8 meglio che andiamo in su\u201d. Intanto si sentivano le gocce d\u2019acqua, allora siamo scappate, nude come eravamo, siamo andate in su.<\/i><\/p><p class=\"p1\"><i>Dopo un po\u2019&#8230; boh, era tutto buio, abbiamo sentito tutto sto casino, tutti che urlavano, avanti e indietro\u2026 siamo tornate a vestirci, di corsa veloce, e c\u2019era l\u2019acqua in casa. Non \u00e8 successo niente, era solo arrivata l\u2019acqua, ma se stavamo ancora l\u00ec dal cucol\u00e9r un attimo ci tirava gi\u00f9 tutte e due, perch\u00e9 hai visto il palo sotto casa\u2026 eh, non era la nostra ora, te l\u2019ho detto\u2026 allora siamo andate su dai miei nonni su in Forsc\u00e8s, e tutta la notte sentivi urlare, chiamare\u2026<\/i><\/p><p class=\"p1\"><i>\u2026Eh no, tutta la notte avanti e indietro\u2026 aah, non voglio pi\u00f9 ricordare\u2026 Tra lo spavento, tra sentire tutti sti urli, tra\u2026 mamma mia\u2026 bon bon, \u00e8 cos\u00ec eh\u2026<\/i><\/p><p class=\"p1\"><i>C\u2019era Don Gastone povero, che urlava \u201cPuntate i fari gi\u00f9 dal lago che c\u2019\u00e8 gente forse da salvare\u201d, perch\u00e9 si sentiva urlare\u2026<\/i><\/p><p class=\"p1\"><i>Son cose che le dici ma ricordarle ti fa male, ancora fa male guarda\u2026 con lo spavento, con tutti sti morti\u2026 <\/i><\/p><p class=\"p1\"><i>La mattina quando \u00e8 venuto giorno, che abbiamo guardato gi\u00f9, ho visto che via Patata non c\u2019era niente\u2026 dopo sul lago c\u2019erano travi, c\u2019erano mucche, c\u2019era gente che galleggiava, guarda\u2026 un\u2019esperienza che non vorrei pi\u00f9 ripetere\u2026 dopo ti passa, perch\u00e8 tutto passa, ma a ricordarti\u2026<\/i><\/p><p class=\"p2\">Lucia Corona (Ci\u00e0cio)<\/p><p class=\"p2\">La casa dopo il traliccio, al tempo del disastro era l\u2019osteria da Zibibbo che fungeva da circolo ricreativo. Entrando c\u2019era il bar e poi in una saletta adiacente, la televisione, unica in paese in un locale pubblico. Era come essere al cinema, c\u2019erano le sedie pieghevoli e le panche di legno.<\/p><p class=\"p2\">L\u2019edificio a destra era il luogo di ritrovo del paese dove si ballava e si assisteva alle prime proiezioni cinematografiche.<\/p>\t\t\t\t\t\t\t\t<\/div>\n\t\t\t\t<\/div>\n\t\t\t\t<div class=\"elementor-element elementor-element-044f7b2 elementor-widget elementor-widget-image\" data-id=\"044f7b2\" data-element_type=\"widget\" data-e-type=\"widget\" data-widget_type=\"image.default\">\n\t\t\t\t<div class=\"elementor-widget-container\">\n\t\t\t\t\t\t\t\t\t\t\t\t<figure class=\"wp-caption\">\n\t\t\t\t\t\t\t\t\t\t<img loading=\"lazy\" decoding=\"async\" width=\"1024\" height=\"597\" src=\"https:\/\/app.ecomuseovajont.net\/wp-content\/uploads\/2024\/12\/4-localita-Sciaston-1024x597.jpeg\" class=\"attachment-large size-large wp-image-2275\" alt=\"\" srcset=\"https:\/\/app.ecomuseovajont.net\/wp-content\/uploads\/2024\/12\/4-localita-Sciaston-1024x597.jpeg 1024w, https:\/\/app.ecomuseovajont.net\/wp-content\/uploads\/2024\/12\/4-localita-Sciaston-300x175.jpeg 300w, https:\/\/app.ecomuseovajont.net\/wp-content\/uploads\/2024\/12\/4-localita-Sciaston-768x448.jpeg 768w, https:\/\/app.ecomuseovajont.net\/wp-content\/uploads\/2024\/12\/4-localita-Sciaston-1536x895.jpeg 1536w, https:\/\/app.ecomuseovajont.net\/wp-content\/uploads\/2024\/12\/4-localita-Sciaston-2048x1193.jpeg 2048w, https:\/\/app.ecomuseovajont.net\/wp-content\/uploads\/2024\/12\/4-localita-Sciaston-18x10.jpeg 18w\" sizes=\"(max-width: 1024px) 100vw, 1024px\" \/>\t\t\t\t\t\t\t\t\t\t\t<figcaption class=\"widget-image-caption wp-caption-text\">localit\u00e0 Sciast\u00f2n<\/figcaption>\n\t\t\t\t\t\t\t\t\t\t<\/figure>\n\t\t\t\t\t\t\t\t\t<\/div>\n\t\t\t\t<\/div>\n\t\t\t\t<div class=\"elementor-element elementor-element-a670281 elementor-widget elementor-widget-text-editor\" data-id=\"a670281\" data-element_type=\"widget\" data-e-type=\"widget\" data-widget_type=\"text-editor.default\">\n\t\t\t\t<div class=\"elementor-widget-container\">\n\t\t\t\t\t\t\t\t\t<p class=\"p1\"><b>Prosegui dritto fino al bivio<\/b><\/p>\t\t\t\t\t\t\t\t<\/div>\n\t\t\t\t<\/div>\n\t\t\t\t<div class=\"elementor-element elementor-element-66a6940 elementor-align-center elementor-widget elementor-widget-button\" data-id=\"66a6940\" data-element_type=\"widget\" data-e-type=\"widget\" data-widget_type=\"button.default\">\n\t\t\t\t<div class=\"elementor-widget-container\">\n\t\t\t\t\t\t\t\t\t<div class=\"elementor-button-wrapper\">\n\t\t\t\t\t<a class=\"elementor-button elementor-button-link elementor-size-sm\" href=\"https:\/\/app.ecomuseovajont.net\/e-le-spesse-percorso\">\n\t\t\t\t\t\t<span class=\"elementor-button-content-wrapper\">\n\t\t\t\t\t\t<span class=\"elementor-button-icon\">\n\t\t\t\t<i aria-hidden=\"true\" class=\"fas fa-angle-left\"><\/i>\t\t\t<\/span>\n\t\t\t\t\t\t\t\t\t<span class=\"elementor-button-text\">Torna alla mappa<\/span>\n\t\t\t\t\t<\/span>\n\t\t\t\t\t<\/a>\n\t\t\t\t<\/div>\n\t\t\t\t\t\t\t\t<\/div>\n\t\t\t\t<\/div>\n\t\t\t\t\t<\/div>\n\t\t<\/div>\n\t\t\t\t\t<\/div>\n\t\t<\/section>\n\t\t\t\t<\/div>\n\t\t","protected":false},"excerpt":{"rendered":"<p>IL TRALICCIO Ascolta l&#8217;audio Davanti a voi vedete il traliccio, arrugginito nel tempo, ma della notte del 9 ottobre 1963 conserva ancora il segno dell\u2019onda: contorto e piegato. Il traliccio oggi In questa casa, sulla curva, abitava Lucia e proprio davanti, al di l\u00e0 della strada c\u2019erano i noci, primo riparo della famiglia. Alcuni anni &#8230; <a title=\"E4 &#8211; Il Traliccio\" class=\"read-more\" href=\"https:\/\/app.ecomuseovajont.net\/en\/e4-il-traliccio\/\" aria-label=\"Read more about E4 &#8211; Il Traliccio\">Read more<\/a><\/p>","protected":false},"author":1,"featured_media":0,"parent":0,"menu_order":0,"comment_status":"closed","ping_status":"closed","template":"elementor_canvas","meta":{"footnotes":""},"class_list":["post-2270","page","type-page","status-publish"],"_links":{"self":[{"href":"https:\/\/app.ecomuseovajont.net\/en\/wp-json\/wp\/v2\/pages\/2270","targetHints":{"allow":["GET"]}}],"collection":[{"href":"https:\/\/app.ecomuseovajont.net\/en\/wp-json\/wp\/v2\/pages"}],"about":[{"href":"https:\/\/app.ecomuseovajont.net\/en\/wp-json\/wp\/v2\/types\/page"}],"author":[{"embeddable":true,"href":"https:\/\/app.ecomuseovajont.net\/en\/wp-json\/wp\/v2\/users\/1"}],"replies":[{"embeddable":true,"href":"https:\/\/app.ecomuseovajont.net\/en\/wp-json\/wp\/v2\/comments?post=2270"}],"version-history":[{"count":7,"href":"https:\/\/app.ecomuseovajont.net\/en\/wp-json\/wp\/v2\/pages\/2270\/revisions"}],"predecessor-version":[{"id":2478,"href":"https:\/\/app.ecomuseovajont.net\/en\/wp-json\/wp\/v2\/pages\/2270\/revisions\/2478"}],"wp:attachment":[{"href":"https:\/\/app.ecomuseovajont.net\/en\/wp-json\/wp\/v2\/media?parent=2270"}],"curies":[{"name":"wp","href":"https:\/\/api.w.org\/{rel}","templated":true}]}}