{"id":2282,"date":"2024-12-24T12:02:50","date_gmt":"2024-12-24T11:02:50","guid":{"rendered":"https:\/\/app.ecomuseovajont.net\/?page_id=2282"},"modified":"2024-12-30T15:40:22","modified_gmt":"2024-12-30T14:40:22","slug":"e5-al-bivio","status":"publish","type":"page","link":"https:\/\/app.ecomuseovajont.net\/en\/e5-al-bivio\/","title":{"rendered":"E5 &#8211; Al Bivio"},"content":{"rendered":"<div data-elementor-type=\"wp-page\" data-elementor-id=\"2282\" class=\"elementor elementor-2282\">\n\t\t\t\t\t\t<section class=\"elementor-section elementor-top-section elementor-element elementor-element-3a79f242 elementor-section-full_width elementor-section-height-default elementor-section-height-default\" data-id=\"3a79f242\" data-element_type=\"section\" data-e-type=\"section\" data-settings=\"{&quot;background_background&quot;:&quot;classic&quot;}\">\n\t\t\t\t\t\t<div class=\"elementor-container elementor-column-gap-no\">\n\t\t\t\t\t<div class=\"elementor-column elementor-col-100 elementor-top-column elementor-element elementor-element-22c2dda2\" data-id=\"22c2dda2\" data-element_type=\"column\" data-e-type=\"column\">\n\t\t\t<div class=\"elementor-widget-wrap elementor-element-populated\">\n\t\t\t\t\t\t<div class=\"elementor-element elementor-element-9b1b29d elementor-widget elementor-widget-heading\" data-id=\"9b1b29d\" data-element_type=\"widget\" data-e-type=\"widget\" data-widget_type=\"heading.default\">\n\t\t\t\t<div class=\"elementor-widget-container\">\n\t\t\t\t\t<h2 class=\"elementor-heading-title elementor-size-default\">AL BIVIO<\/h2>\t\t\t\t<\/div>\n\t\t\t\t<\/div>\n\t\t\t\t<div class=\"elementor-element elementor-element-c014c56 elementor-widget elementor-widget-heading\" data-id=\"c014c56\" data-element_type=\"widget\" data-e-type=\"widget\" data-widget_type=\"heading.default\">\n\t\t\t\t<div class=\"elementor-widget-container\">\n\t\t\t\t\t<h4 class=\"elementor-heading-title elementor-size-default\">Ascolta l'audio<\/h4>\t\t\t\t<\/div>\n\t\t\t\t<\/div>\n\t\t\t\t<div class=\"elementor-element elementor-element-ce6bf37 elementor-widget elementor-widget-wp-widget-media_audio\" data-id=\"ce6bf37\" data-element_type=\"widget\" data-e-type=\"widget\" data-widget_type=\"wp-widget-media_audio.default\">\n\t\t\t\t<div class=\"elementor-widget-container\">\n\t\t\t\t\t<audio class=\"wp-audio-shortcode\" id=\"audio-2282-1\" preload=\"none\" style=\"width: 100%;\" controls=\"controls\"><source type=\"audio\/mpeg\" src=\"https:\/\/app.ecomuseovajont.net\/wp-content\/uploads\/2024\/12\/Tappa-5.mp3?_=1\" \/><source type=\"audio\/mpeg\" src=\"https:\/\/app.ecomuseovajont.net\/wp-content\/uploads\/2024\/12\/Tappa-5.mp3?_=1\" \/><a href=\"https:\/\/app.ecomuseovajont.net\/wp-content\/uploads\/2024\/12\/Tappa-5.mp3\">https:\/\/app.ecomuseovajont.net\/wp-content\/uploads\/2024\/12\/Tappa-5.mp3<\/a><\/audio>\t\t\t\t<\/div>\n\t\t\t\t<\/div>\n\t\t\t\t<div class=\"elementor-element elementor-element-5175c4d elementor-widget elementor-widget-text-editor\" data-id=\"5175c4d\" data-element_type=\"widget\" data-e-type=\"widget\" data-widget_type=\"text-editor.default\">\n\t\t\t\t<div class=\"elementor-widget-container\">\n\t\t\t\t\t\t\t\t\t<p class=\"p1\">\u00c8 la notte della catastrofe, al bivio c\u2019erano due uomini di guardia. Oltre non si poteva andare, c\u2019era pericolo, ma non avevano pensato di allontanare le persone che abitavano alle Spesse.<span class=\"Apple-converted-space\">\u00a0 <\/span>I due operai si chiamavano Specia Augusto e Roman Teonisto.<\/p><p class=\"p1\">&#8230;<i>Alle 21.40 fui svegliato dall\u2019assistente Casagrande della SADE che mi preg\u00f2 di recarmi, con Specia Augusto, al bivio di Erto, per bloccare la strada, informandomi genericamente che vi era pericolo per gli autoveicoli in transito a causa della frana.<\/i><\/p><p class=\"p1\">(pag. 406, Vajont. La prima sentenza. L\u2019istruttoria del giudice<span class=\"Apple-converted-space\">\u00a0 <\/span>Mario Fabbri<span class=\"Apple-converted-space\">\u00a0 <\/span>a cura di Maurizio Reberschak, Silvia Miscellaneo, Enrico Bacchetti).<\/p><p class=\"p1\">Cos\u00ec raccontano i testimoni Nani de l\u2019Alba e Nani dal Br\u00f3mbol che poco dopo le 22,39 si recano alle Spesse.<\/p><p class=\"p1\">\u2026<i>al bivio incontrammo due operai della SADE, ci dissero che non si poteva passare perch\u00e9 era pericoloso. Avevano sentito un grande rumore ma non si erano accorti di niente.<\/i><\/p><p class=\"p1\"><i>&#8230;al bivio la strada era piantonata da uomini della SADE. Il brigadiere non si cur\u00f2 della loro intimidazione e passammo.<\/i><\/p>\t\t\t\t\t\t\t\t<\/div>\n\t\t\t\t<\/div>\n\t\t\t\t<div class=\"elementor-element elementor-element-8888aa6 elementor-widget elementor-widget-image\" data-id=\"8888aa6\" data-element_type=\"widget\" data-e-type=\"widget\" data-widget_type=\"image.default\">\n\t\t\t\t<div class=\"elementor-widget-container\">\n\t\t\t\t\t\t\t\t\t\t\t\t<figure class=\"wp-caption\">\n\t\t\t\t\t\t\t\t\t\t<img fetchpriority=\"high\" decoding=\"async\" width=\"1024\" height=\"545\" src=\"https:\/\/app.ecomuseovajont.net\/wp-content\/uploads\/2024\/12\/Bivio-subito-dopo-il-disastro-1024x545.jpg\" class=\"attachment-large size-large wp-image-2284\" alt=\"\" srcset=\"https:\/\/app.ecomuseovajont.net\/wp-content\/uploads\/2024\/12\/Bivio-subito-dopo-il-disastro-1024x545.jpg 1024w, https:\/\/app.ecomuseovajont.net\/wp-content\/uploads\/2024\/12\/Bivio-subito-dopo-il-disastro-300x160.jpg 300w, https:\/\/app.ecomuseovajont.net\/wp-content\/uploads\/2024\/12\/Bivio-subito-dopo-il-disastro-768x408.jpg 768w, https:\/\/app.ecomuseovajont.net\/wp-content\/uploads\/2024\/12\/Bivio-subito-dopo-il-disastro-1536x817.jpg 1536w, https:\/\/app.ecomuseovajont.net\/wp-content\/uploads\/2024\/12\/Bivio-subito-dopo-il-disastro-2048x1089.jpg 2048w, https:\/\/app.ecomuseovajont.net\/wp-content\/uploads\/2024\/12\/Bivio-subito-dopo-il-disastro-18x10.jpg 18w\" sizes=\"(max-width: 1024px) 100vw, 1024px\" \/>\t\t\t\t\t\t\t\t\t\t\t<figcaption class=\"widget-image-caption wp-caption-text\">bivio subito dopo il disastro<\/figcaption>\n\t\t\t\t\t\t\t\t\t\t<\/figure>\n\t\t\t\t\t\t\t\t\t<\/div>\n\t\t\t\t<\/div>\n\t\t\t\t<div class=\"elementor-element elementor-element-8b0541a elementor-widget elementor-widget-text-editor\" data-id=\"8b0541a\" data-element_type=\"widget\" data-e-type=\"widget\" data-widget_type=\"text-editor.default\">\n\t\t\t\t<div class=\"elementor-widget-container\">\n\t\t\t\t\t\t\t\t\t<p class=\"p1\">La fotografia evidenzia di come l\u2019onda, deviata dal costone, era arrivata fino a qui nella sua corsa verso la sinistra lago.<\/p><p class=\"p1\">La casa ristrutturata che avete appena lasciato alle vostre spalle era abitata dalla famiglia di Geremia. Lui era lontano per lavoro.<\/p><p class=\"p1\"><i>Io ero via la notte del disastro. C\u2019erano mia moglie, i miei figli e mia cugina Jolanda che fu ferita. Se fossero rimaste in casa non si sarebbero neppure bagnate. Quando furono fuori, il vento le alz\u00f2 e le adagi\u00f2 e un sasso fer\u00ec Iolanda. Aveva pi\u00f9 sangue che altro, and\u00f2 dal dottor Gallo: &#8211; Non \u00e8 niente. Pensa che a pochi passi, il traliccio era a terra, attorcigliato dall\u2019acqua e in casa c\u2019era la luce.<\/i><\/p><p class=\"p1\"><i>Qui davanti era impressionante: materassi, legname. Le cose leggere arrivarono qui.<\/i><\/p><p class=\"p1\"><i>Mezza casa e la sala da ballo erano bagnate. Mi dispiace averla sistemata, aveva dei buchi e c\u2019erano dei sassi grossi. Erano i segni lasciati dall\u2019onda. Mia moglie vide anche le guardie, una era forse di Belluno e usc\u00ec di testa.<\/i><\/p><p class=\"p1\"><b>Prosegui sulla strada statale per raggiungere Le Spesse<\/b><\/p>\t\t\t\t\t\t\t\t<\/div>\n\t\t\t\t<\/div>\n\t\t\t\t<div class=\"elementor-element elementor-element-66a6940 elementor-align-center elementor-widget elementor-widget-button\" data-id=\"66a6940\" data-element_type=\"widget\" data-e-type=\"widget\" data-widget_type=\"button.default\">\n\t\t\t\t<div class=\"elementor-widget-container\">\n\t\t\t\t\t\t\t\t\t<div class=\"elementor-button-wrapper\">\n\t\t\t\t\t<a class=\"elementor-button elementor-button-link elementor-size-sm\" href=\"https:\/\/app.ecomuseovajont.net\/en\/e-le-spesse-percorso\/\">\n\t\t\t\t\t\t<span class=\"elementor-button-content-wrapper\">\n\t\t\t\t\t\t<span class=\"elementor-button-icon\">\n\t\t\t\t<i aria-hidden=\"true\" class=\"fas fa-angle-left\"><\/i>\t\t\t<\/span>\n\t\t\t\t\t\t\t\t\t<span class=\"elementor-button-text\">Torna alla mappa<\/span>\n\t\t\t\t\t<\/span>\n\t\t\t\t\t<\/a>\n\t\t\t\t<\/div>\n\t\t\t\t\t\t\t\t<\/div>\n\t\t\t\t<\/div>\n\t\t\t\t\t<\/div>\n\t\t<\/div>\n\t\t\t\t\t<\/div>\n\t\t<\/section>\n\t\t\t\t<\/div>","protected":false},"excerpt":{"rendered":"<p>AL BIVIO Ascolta l&#8217;audio \u00c8 la notte della catastrofe, al bivio c\u2019erano due uomini di guardia. Oltre non si poteva andare, c\u2019era pericolo, ma non avevano pensato di allontanare le persone che abitavano alle Spesse.\u00a0 I due operai si chiamavano Specia Augusto e Roman Teonisto. &#8230;Alle 21.40 fui svegliato dall\u2019assistente Casagrande della SADE che mi &#8230; <a title=\"E5 &#8211; Al Bivio\" class=\"read-more\" href=\"https:\/\/app.ecomuseovajont.net\/en\/e5-al-bivio\/\" aria-label=\"Read more about E5 &#8211; Al Bivio\">Read more<\/a><\/p>","protected":false},"author":1,"featured_media":0,"parent":0,"menu_order":0,"comment_status":"closed","ping_status":"closed","template":"elementor_canvas","meta":{"footnotes":""},"class_list":["post-2282","page","type-page","status-publish"],"_links":{"self":[{"href":"https:\/\/app.ecomuseovajont.net\/en\/wp-json\/wp\/v2\/pages\/2282","targetHints":{"allow":["GET"]}}],"collection":[{"href":"https:\/\/app.ecomuseovajont.net\/en\/wp-json\/wp\/v2\/pages"}],"about":[{"href":"https:\/\/app.ecomuseovajont.net\/en\/wp-json\/wp\/v2\/types\/page"}],"author":[{"embeddable":true,"href":"https:\/\/app.ecomuseovajont.net\/en\/wp-json\/wp\/v2\/users\/1"}],"replies":[{"embeddable":true,"href":"https:\/\/app.ecomuseovajont.net\/en\/wp-json\/wp\/v2\/comments?post=2282"}],"version-history":[{"count":7,"href":"https:\/\/app.ecomuseovajont.net\/en\/wp-json\/wp\/v2\/pages\/2282\/revisions"}],"predecessor-version":[{"id":2482,"href":"https:\/\/app.ecomuseovajont.net\/en\/wp-json\/wp\/v2\/pages\/2282\/revisions\/2482"}],"wp:attachment":[{"href":"https:\/\/app.ecomuseovajont.net\/en\/wp-json\/wp\/v2\/media?parent=2282"}],"curies":[{"name":"wp","href":"https:\/\/api.w.org\/{rel}","templated":true}]}}