{"id":2291,"date":"2024-12-24T16:43:12","date_gmt":"2024-12-24T15:43:12","guid":{"rendered":"https:\/\/app.ecomuseovajont.net\/?page_id=2291"},"modified":"2025-01-08T08:50:39","modified_gmt":"2025-01-08T07:50:39","slug":"e6-le-spesse","status":"publish","type":"page","link":"https:\/\/app.ecomuseovajont.net\/en\/e6-le-spesse\/","title":{"rendered":"E6 &#8211; Le Spesse"},"content":{"rendered":"<div data-elementor-type=\"wp-page\" data-elementor-id=\"2291\" class=\"elementor elementor-2291\">\n\t\t\t\t\t\t<section class=\"elementor-section elementor-top-section elementor-element elementor-element-3a79f242 elementor-section-full_width elementor-section-height-default elementor-section-height-default\" data-id=\"3a79f242\" data-element_type=\"section\" data-e-type=\"section\" data-settings=\"{&quot;background_background&quot;:&quot;classic&quot;}\">\n\t\t\t\t\t\t<div class=\"elementor-container elementor-column-gap-no\">\n\t\t\t\t\t<div class=\"elementor-column elementor-col-100 elementor-top-column elementor-element elementor-element-22c2dda2\" data-id=\"22c2dda2\" data-element_type=\"column\" data-e-type=\"column\">\n\t\t\t<div class=\"elementor-widget-wrap elementor-element-populated\">\n\t\t\t\t\t\t<div class=\"elementor-element elementor-element-9b1b29d elementor-widget elementor-widget-heading\" data-id=\"9b1b29d\" data-element_type=\"widget\" data-e-type=\"widget\" data-widget_type=\"heading.default\">\n\t\t\t\t<div class=\"elementor-widget-container\">\n\t\t\t\t\t<h2 class=\"elementor-heading-title elementor-size-default\">LE SPESSE<\/h2>\t\t\t\t<\/div>\n\t\t\t\t<\/div>\n\t\t\t\t<div class=\"elementor-element elementor-element-c014c56 elementor-widget elementor-widget-heading\" data-id=\"c014c56\" data-element_type=\"widget\" data-e-type=\"widget\" data-widget_type=\"heading.default\">\n\t\t\t\t<div class=\"elementor-widget-container\">\n\t\t\t\t\t<h4 class=\"elementor-heading-title elementor-size-default\">Ascolta l'audio<\/h4>\t\t\t\t<\/div>\n\t\t\t\t<\/div>\n\t\t\t\t<div class=\"elementor-element elementor-element-ce6bf37 elementor-widget elementor-widget-wp-widget-media_audio\" data-id=\"ce6bf37\" data-element_type=\"widget\" data-e-type=\"widget\" data-widget_type=\"wp-widget-media_audio.default\">\n\t\t\t\t<div class=\"elementor-widget-container\">\n\t\t\t\t\t<audio class=\"wp-audio-shortcode\" id=\"audio-2291-1\" preload=\"none\" style=\"width: 100%;\" controls=\"controls\"><source type=\"audio\/mpeg\" src=\"https:\/\/app.ecomuseovajont.net\/wp-content\/uploads\/2024\/12\/Tappa-6.mp3?_=1\" \/><source type=\"audio\/mpeg\" src=\"https:\/\/app.ecomuseovajont.net\/wp-content\/uploads\/2024\/12\/Tappa-6.mp3?_=1\" \/><a href=\"https:\/\/app.ecomuseovajont.net\/wp-content\/uploads\/2024\/12\/Tappa-6.mp3\">https:\/\/app.ecomuseovajont.net\/wp-content\/uploads\/2024\/12\/Tappa-6.mp3<\/a><\/audio>\t\t\t\t<\/div>\n\t\t\t\t<\/div>\n\t\t\t\t<div class=\"elementor-element elementor-element-5175c4d elementor-widget elementor-widget-text-editor\" data-id=\"5175c4d\" data-element_type=\"widget\" data-e-type=\"widget\" data-widget_type=\"text-editor.default\">\n\t\t\t\t<div class=\"elementor-widget-container\">\n\t\t\t\t\t\t\t\t\t<p class=\"p1\">Sei alle Spesse (denominata anche Patata o C\u00f2l de la R\u00f9ava) il borgo pi\u00f9 colpito dalla catastrofe.<\/p><p class=\"p1\">Quel costone rossiccio devi\u00f2 l\u2019onda verso le zone della sinistra lago, risparmiando il centro storico.<\/p>\t\t\t\t\t\t\t\t<\/div>\n\t\t\t\t<\/div>\n\t\t\t\t<section class=\"elementor-section elementor-inner-section elementor-element elementor-element-8c00198 elementor-section-boxed elementor-section-height-default elementor-section-height-default\" data-id=\"8c00198\" data-element_type=\"section\" data-e-type=\"section\">\n\t\t\t\t\t\t<div class=\"elementor-container elementor-column-gap-default\">\n\t\t\t\t\t<div class=\"elementor-column elementor-col-50 elementor-inner-column elementor-element elementor-element-7e83db3\" data-id=\"7e83db3\" data-element_type=\"column\" data-e-type=\"column\">\n\t\t\t<div class=\"elementor-widget-wrap elementor-element-populated\">\n\t\t\t\t\t\t<div class=\"elementor-element elementor-element-8888aa6 elementor-widget elementor-widget-image\" data-id=\"8888aa6\" data-element_type=\"widget\" data-e-type=\"widget\" data-widget_type=\"image.default\">\n\t\t\t\t<div class=\"elementor-widget-container\">\n\t\t\t\t\t\t\t\t\t\t\t\t<figure class=\"wp-caption\">\n\t\t\t\t\t\t\t\t\t\t<img fetchpriority=\"high\" decoding=\"async\" width=\"1024\" height=\"646\" src=\"https:\/\/app.ecomuseovajont.net\/wp-content\/uploads\/2024\/12\/1-Panoramica-del-lago-con-il-costone-roccioso-che-ha-deviato-londa-1024x646.jpg\" class=\"attachment-large size-large wp-image-2294\" alt=\"\" srcset=\"https:\/\/app.ecomuseovajont.net\/wp-content\/uploads\/2024\/12\/1-Panoramica-del-lago-con-il-costone-roccioso-che-ha-deviato-londa-1024x646.jpg 1024w, https:\/\/app.ecomuseovajont.net\/wp-content\/uploads\/2024\/12\/1-Panoramica-del-lago-con-il-costone-roccioso-che-ha-deviato-londa-300x189.jpg 300w, https:\/\/app.ecomuseovajont.net\/wp-content\/uploads\/2024\/12\/1-Panoramica-del-lago-con-il-costone-roccioso-che-ha-deviato-londa-768x485.jpg 768w, https:\/\/app.ecomuseovajont.net\/wp-content\/uploads\/2024\/12\/1-Panoramica-del-lago-con-il-costone-roccioso-che-ha-deviato-londa-1536x969.jpg 1536w, https:\/\/app.ecomuseovajont.net\/wp-content\/uploads\/2024\/12\/1-Panoramica-del-lago-con-il-costone-roccioso-che-ha-deviato-londa-2048x1292.jpg 2048w, https:\/\/app.ecomuseovajont.net\/wp-content\/uploads\/2024\/12\/1-Panoramica-del-lago-con-il-costone-roccioso-che-ha-deviato-londa-18x12.jpg 18w\" sizes=\"(max-width: 1024px) 100vw, 1024px\" \/>\t\t\t\t\t\t\t\t\t\t\t<figcaption class=\"widget-image-caption wp-caption-text\">Panoramica del lago con il costone roccioso che ha deviato l\u2019onda<\/figcaption>\n\t\t\t\t\t\t\t\t\t\t<\/figure>\n\t\t\t\t\t\t\t\t\t<\/div>\n\t\t\t\t<\/div>\n\t\t\t\t\t<\/div>\n\t\t<\/div>\n\t\t\t\t<div class=\"elementor-column elementor-col-50 elementor-inner-column elementor-element elementor-element-b34af48\" data-id=\"b34af48\" data-element_type=\"column\" data-e-type=\"column\">\n\t\t\t<div class=\"elementor-widget-wrap elementor-element-populated\">\n\t\t\t\t\t\t<div class=\"elementor-element elementor-element-bbb43c5 elementor-widget elementor-widget-image\" data-id=\"bbb43c5\" data-element_type=\"widget\" data-e-type=\"widget\" data-widget_type=\"image.default\">\n\t\t\t\t<div class=\"elementor-widget-container\">\n\t\t\t\t\t\t\t\t\t\t\t\t<figure class=\"wp-caption\">\n\t\t\t\t\t\t\t\t\t\t<img decoding=\"async\" width=\"592\" height=\"861\" src=\"https:\/\/app.ecomuseovajont.net\/wp-content\/uploads\/2024\/12\/2-Uno-scatto-di-Doris-nella-primavera-del-1964.jpg\" class=\"attachment-large size-large wp-image-2296\" alt=\"\" srcset=\"https:\/\/app.ecomuseovajont.net\/wp-content\/uploads\/2024\/12\/2-Uno-scatto-di-Doris-nella-primavera-del-1964.jpg 592w, https:\/\/app.ecomuseovajont.net\/wp-content\/uploads\/2024\/12\/2-Uno-scatto-di-Doris-nella-primavera-del-1964-206x300.jpg 206w, https:\/\/app.ecomuseovajont.net\/wp-content\/uploads\/2024\/12\/2-Uno-scatto-di-Doris-nella-primavera-del-1964-8x12.jpg 8w\" sizes=\"(max-width: 592px) 100vw, 592px\" \/>\t\t\t\t\t\t\t\t\t\t\t<figcaption class=\"widget-image-caption wp-caption-text\">Uno scatto di Doris nella primavera del 1964<\/figcaption>\n\t\t\t\t\t\t\t\t\t\t<\/figure>\n\t\t\t\t\t\t\t\t\t<\/div>\n\t\t\t\t<\/div>\n\t\t\t\t\t<\/div>\n\t\t<\/div>\n\t\t\t\t\t<\/div>\n\t\t<\/section>\n\t\t\t\t<div class=\"elementor-element elementor-element-8b0541a elementor-widget elementor-widget-text-editor\" data-id=\"8b0541a\" data-element_type=\"widget\" data-e-type=\"widget\" data-widget_type=\"text-editor.default\">\n\t\t\t\t<div class=\"elementor-widget-container\">\n\t\t\t\t\t\t\t\t\t<p class=\"p1\">C\u2019erano campi, prati, orti, qualcuno aveva le mucche. L\u2019abbondanza d\u2019acqua, ci riporta indietro nel tempo quando c\u2019erano un mulino e una segheria. Questa zona fu interessata anche dall\u2019esproprio nella parte bassa. Qualche famiglia lasci\u00f2 il paese, due invece ricostruirono la casa sempre qui ma pi\u00f9 a monte. Inutilmente perch\u00e9 furono travolti dall\u2019onda. In mezzo alla vegetazione, dove \u00e8 possibile, scopriremo i 17 sedimi delle case distrutte. Nella speranza di ritrovare le vittime si scav\u00f2 per giorni fino a far riemergere i pavimenti. I parenti, per ricordare i congiunti travolti dall\u2019onda, lasciarono dei segni che oggi possiamo vedere: una pietra con una croce, una lapide, una fotografia, un fiore di plastica sostituito da quello fresco nella buona stagione. Ogni anniversario, qui \u00e8 come il giorno dei morti, il paese \u00e8 un cimitero a cielo aperto, ogni sedime \u00e8 una tomba senza un corpo. Le piastrelle, le lastre scalpellate e i pochi oggetti ritrovati riportano a spazi che sembravano sicuri, a sorrisi di bimbi, a racconti, a piccoli e grandi gesti, a prati verdi e campi coltivati. Oggetti graffiati dall\u2019onda e che oggi sono le voci dei luoghi dove regna sovrana la morte, mentre intorno la natura ti prende per mano. Sono brandelli di vita e di storia.<\/p>\t\t\t\t\t\t\t\t<\/div>\n\t\t\t\t<\/div>\n\t\t\t\t<div class=\"elementor-element elementor-element-8b75592 elementor-widget elementor-widget-image\" data-id=\"8b75592\" data-element_type=\"widget\" data-e-type=\"widget\" data-widget_type=\"image.default\">\n\t\t\t\t<div class=\"elementor-widget-container\">\n\t\t\t\t\t\t\t\t\t\t\t\t<figure class=\"wp-caption\">\n\t\t\t\t\t\t\t\t\t\t<img decoding=\"async\" width=\"915\" height=\"1024\" src=\"https:\/\/app.ecomuseovajont.net\/wp-content\/uploads\/2024\/12\/2-A-Resti-di-un-bambolotto-915x1024.jpg\" class=\"attachment-large size-large wp-image-2295\" alt=\"\" srcset=\"https:\/\/app.ecomuseovajont.net\/wp-content\/uploads\/2024\/12\/2-A-Resti-di-un-bambolotto-915x1024.jpg 915w, https:\/\/app.ecomuseovajont.net\/wp-content\/uploads\/2024\/12\/2-A-Resti-di-un-bambolotto-268x300.jpg 268w, https:\/\/app.ecomuseovajont.net\/wp-content\/uploads\/2024\/12\/2-A-Resti-di-un-bambolotto-768x860.jpg 768w, https:\/\/app.ecomuseovajont.net\/wp-content\/uploads\/2024\/12\/2-A-Resti-di-un-bambolotto-1372x1536.jpg 1372w, https:\/\/app.ecomuseovajont.net\/wp-content\/uploads\/2024\/12\/2-A-Resti-di-un-bambolotto-11x12.jpg 11w, https:\/\/app.ecomuseovajont.net\/wp-content\/uploads\/2024\/12\/2-A-Resti-di-un-bambolotto.jpg 1728w\" sizes=\"(max-width: 915px) 100vw, 915px\" \/>\t\t\t\t\t\t\t\t\t\t\t<figcaption class=\"widget-image-caption wp-caption-text\">Resti di un bambolotto<\/figcaption>\n\t\t\t\t\t\t\t\t\t\t<\/figure>\n\t\t\t\t\t\t\t\t\t<\/div>\n\t\t\t\t<\/div>\n\t\t\t\t<div class=\"elementor-element elementor-element-6a32b32 elementor-widget elementor-widget-text-editor\" data-id=\"6a32b32\" data-element_type=\"widget\" data-e-type=\"widget\" data-widget_type=\"text-editor.default\">\n\t\t\t\t<div class=\"elementor-widget-container\">\n\t\t\t\t\t\t\t\t\t<p class=\"p1\"><i>Resti di un pupo ripescati presso la frazione delle Spesse. Forse ha reso meno triste l\u2019ultima giornata terrena di un nostro bimbo.<\/i><\/p><p class=\"p1\">L\u2019Amico di famiglia Bollettino della Parrocchia di Erto Maggio 1964<\/p><p class=\"p1\">Pochi i superstiti, abitavano lass\u00f9 in alto nell\u2019ultima fila di case risparmiate dall\u2019onda o erano lontano da casa.<\/p>\t\t\t\t\t\t\t\t<\/div>\n\t\t\t\t<\/div>\n\t\t\t\t<div class=\"elementor-element elementor-element-46a5ec5 elementor-widget elementor-widget-image\" data-id=\"46a5ec5\" data-element_type=\"widget\" data-e-type=\"widget\" data-widget_type=\"image.default\">\n\t\t\t\t<div class=\"elementor-widget-container\">\n\t\t\t\t\t\t\t\t\t\t\t\t<figure class=\"wp-caption\">\n\t\t\t\t\t\t\t\t\t\t<img loading=\"lazy\" decoding=\"async\" width=\"1024\" height=\"638\" src=\"https:\/\/app.ecomuseovajont.net\/wp-content\/uploads\/2024\/12\/3-Deserto-a-Le-Spesse-1024x638.jpeg\" class=\"attachment-large size-large wp-image-2297\" alt=\"\" srcset=\"https:\/\/app.ecomuseovajont.net\/wp-content\/uploads\/2024\/12\/3-Deserto-a-Le-Spesse-1024x638.jpeg 1024w, https:\/\/app.ecomuseovajont.net\/wp-content\/uploads\/2024\/12\/3-Deserto-a-Le-Spesse-300x187.jpeg 300w, https:\/\/app.ecomuseovajont.net\/wp-content\/uploads\/2024\/12\/3-Deserto-a-Le-Spesse-768x478.jpeg 768w, https:\/\/app.ecomuseovajont.net\/wp-content\/uploads\/2024\/12\/3-Deserto-a-Le-Spesse-1536x957.jpeg 1536w, https:\/\/app.ecomuseovajont.net\/wp-content\/uploads\/2024\/12\/3-Deserto-a-Le-Spesse-18x12.jpeg 18w, https:\/\/app.ecomuseovajont.net\/wp-content\/uploads\/2024\/12\/3-Deserto-a-Le-Spesse.jpeg 1745w\" sizes=\"(max-width: 1024px) 100vw, 1024px\" \/>\t\t\t\t\t\t\t\t\t\t\t<figcaption class=\"widget-image-caption wp-caption-text\">deserto a Le Spesse<\/figcaption>\n\t\t\t\t\t\t\t\t\t\t<\/figure>\n\t\t\t\t\t\t\t\t\t<\/div>\n\t\t\t\t<\/div>\n\t\t\t\t<div class=\"elementor-element elementor-element-fa92671 elementor-widget elementor-widget-text-editor\" data-id=\"fa92671\" data-element_type=\"widget\" data-e-type=\"widget\" data-widget_type=\"text-editor.default\">\n\t\t\t\t<div class=\"elementor-widget-container\">\n\t\t\t\t\t\t\t\t\t<p class=\"p1\">Ascoltiamo le testimonianze di Nani dal Br\u00f3mbol e Nani de l\u2019Alba che arrivarono qui appena successo il disastro e nelle ore successive. Quello che appare ai loro occhi \u00e8 indescrivibile.<\/p><p class=\"p2\"><i>.. in silenzio ci avviammo. Incominciammo a trovare materassi, pezzi di mobili, serramenti, oggetti vari, piccole scarpine da bambino. Il cuore si stringeva sempre pi\u00f9. <\/i><\/p><p class=\"p2\"><i>\u2026 la strada era ingombra di materiale. Con la luce della pila ci accorgemmo che erano sassi, tavole, materassi, tutti resti di case. <\/i><\/p><p class=\"p1\"><i>\u2026Arrivammo alla via Spesse, non c\u2019era pi\u00f9 nulla. Il costone che ospitava l\u2019abitato era irriconoscibile. Avanzammo sempre senza trovare nulla. <\/i><\/p>\t\t\t\t\t\t\t\t<\/div>\n\t\t\t\t<\/div>\n\t\t\t\t<div class=\"elementor-element elementor-element-8ec5ab6 elementor-widget elementor-widget-image\" data-id=\"8ec5ab6\" data-element_type=\"widget\" data-e-type=\"widget\" data-widget_type=\"image.default\">\n\t\t\t\t<div class=\"elementor-widget-container\">\n\t\t\t\t\t\t\t\t\t\t\t\t<figure class=\"wp-caption\">\n\t\t\t\t\t\t\t\t\t\t<img loading=\"lazy\" decoding=\"async\" width=\"1024\" height=\"688\" src=\"https:\/\/app.ecomuseovajont.net\/wp-content\/uploads\/2024\/12\/4-Spesse-il-giorno-dopo-1024x688.jpg\" class=\"attachment-large size-large wp-image-2298\" alt=\"\" srcset=\"https:\/\/app.ecomuseovajont.net\/wp-content\/uploads\/2024\/12\/4-Spesse-il-giorno-dopo-1024x688.jpg 1024w, https:\/\/app.ecomuseovajont.net\/wp-content\/uploads\/2024\/12\/4-Spesse-il-giorno-dopo-300x202.jpg 300w, https:\/\/app.ecomuseovajont.net\/wp-content\/uploads\/2024\/12\/4-Spesse-il-giorno-dopo-768x516.jpg 768w, https:\/\/app.ecomuseovajont.net\/wp-content\/uploads\/2024\/12\/4-Spesse-il-giorno-dopo-1536x1032.jpg 1536w, https:\/\/app.ecomuseovajont.net\/wp-content\/uploads\/2024\/12\/4-Spesse-il-giorno-dopo-18x12.jpg 18w, https:\/\/app.ecomuseovajont.net\/wp-content\/uploads\/2024\/12\/4-Spesse-il-giorno-dopo.jpg 1650w\" sizes=\"(max-width: 1024px) 100vw, 1024px\" \/>\t\t\t\t\t\t\t\t\t\t\t<figcaption class=\"widget-image-caption wp-caption-text\">Le Spesse il giorno dopo<\/figcaption>\n\t\t\t\t\t\t\t\t\t\t<\/figure>\n\t\t\t\t\t\t\t\t\t<\/div>\n\t\t\t\t<\/div>\n\t\t\t\t<div class=\"elementor-element elementor-element-bb7a128 elementor-widget elementor-widget-text-editor\" data-id=\"bb7a128\" data-element_type=\"widget\" data-e-type=\"widget\" data-widget_type=\"text-editor.default\">\n\t\t\t\t<div class=\"elementor-widget-container\">\n\t\t\t\t\t\t\t\t\t<p class=\"p1\">\u2026<i>Ma il nostro stupore pi\u00f9 grande fu quando si giunse a fatica alle prime case di Patata, non c\u2019erano pi\u00f9. Proprio spazzate via completamente.<\/i><i> <\/i><\/p><p class=\"p1\"><i>Il brigadiere ci invit\u00f2 a cercare eventuali corpi umani fra tutto quel groviglio di disperate cose. Non trovammo niente. <\/i><\/p><p class=\"p3\">Questa terra denudata accolse anche i superstiti della sinistra lago e le vittime ritrovate nelle varie localit\u00e0. Era uno spazio idoneo per gli elicotteri. I famigliari si riunivano per dare una mano o per onorarne la memoria.<\/p>\t\t\t\t\t\t\t\t<\/div>\n\t\t\t\t<\/div>\n\t\t\t\t<section class=\"elementor-section elementor-inner-section elementor-element elementor-element-0eb835e elementor-section-boxed elementor-section-height-default elementor-section-height-default\" data-id=\"0eb835e\" data-element_type=\"section\" data-e-type=\"section\">\n\t\t\t\t\t\t<div class=\"elementor-container elementor-column-gap-default\">\n\t\t\t\t\t<div class=\"elementor-column elementor-col-50 elementor-inner-column elementor-element elementor-element-67a4cb7\" data-id=\"67a4cb7\" data-element_type=\"column\" data-e-type=\"column\">\n\t\t\t<div class=\"elementor-widget-wrap elementor-element-populated\">\n\t\t\t\t\t\t<div class=\"elementor-element elementor-element-fa19b90 elementor-widget elementor-widget-image\" data-id=\"fa19b90\" data-element_type=\"widget\" data-e-type=\"widget\" data-widget_type=\"image.default\">\n\t\t\t\t<div class=\"elementor-widget-container\">\n\t\t\t\t\t\t\t\t\t\t\t\t<figure class=\"wp-caption\">\n\t\t\t\t\t\t\t\t\t\t<img loading=\"lazy\" decoding=\"async\" width=\"1024\" height=\"731\" src=\"https:\/\/app.ecomuseovajont.net\/wp-content\/uploads\/2024\/12\/5-I-soccorsi-1024x731.jpg\" class=\"attachment-large size-large wp-image-2299\" alt=\"\" srcset=\"https:\/\/app.ecomuseovajont.net\/wp-content\/uploads\/2024\/12\/5-I-soccorsi-1024x731.jpg 1024w, https:\/\/app.ecomuseovajont.net\/wp-content\/uploads\/2024\/12\/5-I-soccorsi-300x214.jpg 300w, https:\/\/app.ecomuseovajont.net\/wp-content\/uploads\/2024\/12\/5-I-soccorsi-768x548.jpg 768w, https:\/\/app.ecomuseovajont.net\/wp-content\/uploads\/2024\/12\/5-I-soccorsi-18x12.jpg 18w, https:\/\/app.ecomuseovajont.net\/wp-content\/uploads\/2024\/12\/5-I-soccorsi.jpg 1231w\" sizes=\"(max-width: 1024px) 100vw, 1024px\" \/>\t\t\t\t\t\t\t\t\t\t\t<figcaption class=\"widget-image-caption wp-caption-text\">I soccorsi <\/figcaption>\n\t\t\t\t\t\t\t\t\t\t<\/figure>\n\t\t\t\t\t\t\t\t\t<\/div>\n\t\t\t\t<\/div>\n\t\t\t\t\t<\/div>\n\t\t<\/div>\n\t\t\t\t<div class=\"elementor-column elementor-col-50 elementor-inner-column elementor-element elementor-element-8771947\" data-id=\"8771947\" data-element_type=\"column\" data-e-type=\"column\">\n\t\t\t<div class=\"elementor-widget-wrap elementor-element-populated\">\n\t\t\t\t\t\t<div class=\"elementor-element elementor-element-a7556b0 elementor-widget elementor-widget-image\" data-id=\"a7556b0\" data-element_type=\"widget\" data-e-type=\"widget\" data-widget_type=\"image.default\">\n\t\t\t\t<div class=\"elementor-widget-container\">\n\t\t\t\t\t\t\t\t\t\t\t\t<figure class=\"wp-caption\">\n\t\t\t\t\t\t\t\t\t\t<img loading=\"lazy\" decoding=\"async\" width=\"1024\" height=\"748\" src=\"https:\/\/app.ecomuseovajont.net\/wp-content\/uploads\/2024\/12\/6-I-soccorsi-1024x748.jpg\" class=\"attachment-large size-large wp-image-2300\" alt=\"\" srcset=\"https:\/\/app.ecomuseovajont.net\/wp-content\/uploads\/2024\/12\/6-I-soccorsi-1024x748.jpg 1024w, https:\/\/app.ecomuseovajont.net\/wp-content\/uploads\/2024\/12\/6-I-soccorsi-300x219.jpg 300w, https:\/\/app.ecomuseovajont.net\/wp-content\/uploads\/2024\/12\/6-I-soccorsi-768x561.jpg 768w, https:\/\/app.ecomuseovajont.net\/wp-content\/uploads\/2024\/12\/6-I-soccorsi-16x12.jpg 16w, https:\/\/app.ecomuseovajont.net\/wp-content\/uploads\/2024\/12\/6-I-soccorsi.jpg 1101w\" sizes=\"(max-width: 1024px) 100vw, 1024px\" \/>\t\t\t\t\t\t\t\t\t\t\t<figcaption class=\"widget-image-caption wp-caption-text\">I soccorsi <\/figcaption>\n\t\t\t\t\t\t\t\t\t\t<\/figure>\n\t\t\t\t\t\t\t\t\t<\/div>\n\t\t\t\t<\/div>\n\t\t\t\t\t<\/div>\n\t\t<\/div>\n\t\t\t\t\t<\/div>\n\t\t<\/section>\n\t\t\t\t<div class=\"elementor-element elementor-element-0fcab05 elementor-widget elementor-widget-image\" data-id=\"0fcab05\" data-element_type=\"widget\" data-e-type=\"widget\" data-widget_type=\"image.default\">\n\t\t\t\t<div class=\"elementor-widget-container\">\n\t\t\t\t\t\t\t\t\t\t\t\t<figure class=\"wp-caption\">\n\t\t\t\t\t\t\t\t\t\t<img loading=\"lazy\" decoding=\"async\" width=\"1024\" height=\"697\" src=\"https:\/\/app.ecomuseovajont.net\/wp-content\/uploads\/2024\/12\/7-Larrivo-delle-prime-vittime-1-1024x697.jpg\" class=\"attachment-large size-large wp-image-2483\" alt=\"\" srcset=\"https:\/\/app.ecomuseovajont.net\/wp-content\/uploads\/2024\/12\/7-Larrivo-delle-prime-vittime-1-1024x697.jpg 1024w, https:\/\/app.ecomuseovajont.net\/wp-content\/uploads\/2024\/12\/7-Larrivo-delle-prime-vittime-1-300x204.jpg 300w, https:\/\/app.ecomuseovajont.net\/wp-content\/uploads\/2024\/12\/7-Larrivo-delle-prime-vittime-1-768x523.jpg 768w, https:\/\/app.ecomuseovajont.net\/wp-content\/uploads\/2024\/12\/7-Larrivo-delle-prime-vittime-1-18x12.jpg 18w, https:\/\/app.ecomuseovajont.net\/wp-content\/uploads\/2024\/12\/7-Larrivo-delle-prime-vittime-1.jpg 1153w\" sizes=\"(max-width: 1024px) 100vw, 1024px\" \/>\t\t\t\t\t\t\t\t\t\t\t<figcaption class=\"widget-image-caption wp-caption-text\">L\u2019arrivo delle prime vittime<\/figcaption>\n\t\t\t\t\t\t\t\t\t\t<\/figure>\n\t\t\t\t\t\t\t\t\t<\/div>\n\t\t\t\t<\/div>\n\t\t\t\t<div class=\"elementor-element elementor-element-e972308 elementor-widget elementor-widget-text-editor\" data-id=\"e972308\" data-element_type=\"widget\" data-e-type=\"widget\" data-widget_type=\"text-editor.default\">\n\t\t\t\t<div class=\"elementor-widget-container\">\n\t\t\t\t\t\t\t\t\t<p class=\"p1\"><i>\u2026Ad un tratto si stava avvicinando un elicottero. I piloti ci fecero segno di avvicinarci. Assieme a Mene de Mel\u00ecsa e ai Vigili del Fuoco di Udine ci avvicinammo mentre atterrava. Quell\u2019elicottero veniva dalla Pineda, con la prima salma.<\/i><\/p><p class=\"p1\">Nani dal Br\u00f3mbol<\/p><p class=\"p1\"><b>A pochi passi potrai ascoltare il racconto della famiglia P\u00ecntha<\/b><\/p>\t\t\t\t\t\t\t\t<\/div>\n\t\t\t\t<\/div>\n\t\t\t\t<div class=\"elementor-element elementor-element-66a6940 elementor-align-center elementor-widget elementor-widget-button\" data-id=\"66a6940\" data-element_type=\"widget\" data-e-type=\"widget\" data-widget_type=\"button.default\">\n\t\t\t\t<div class=\"elementor-widget-container\">\n\t\t\t\t\t\t\t\t\t<div class=\"elementor-button-wrapper\">\n\t\t\t\t\t<a class=\"elementor-button elementor-button-link elementor-size-sm\" href=\"https:\/\/app.ecomuseovajont.net\/en\/e-le-spesse-percorso\/\">\n\t\t\t\t\t\t<span class=\"elementor-button-content-wrapper\">\n\t\t\t\t\t\t<span class=\"elementor-button-icon\">\n\t\t\t\t<i aria-hidden=\"true\" class=\"fas fa-angle-left\"><\/i>\t\t\t<\/span>\n\t\t\t\t\t\t\t\t\t<span class=\"elementor-button-text\">Torna alla mappa<\/span>\n\t\t\t\t\t<\/span>\n\t\t\t\t\t<\/a>\n\t\t\t\t<\/div>\n\t\t\t\t\t\t\t\t<\/div>\n\t\t\t\t<\/div>\n\t\t\t\t\t<\/div>\n\t\t<\/div>\n\t\t\t\t\t<\/div>\n\t\t<\/section>\n\t\t\t\t<\/div>","protected":false},"excerpt":{"rendered":"<p>LE SPESSE Ascolta l&#8217;audio Sei alle Spesse (denominata anche Patata o C\u00f2l de la R\u00f9ava) il borgo pi\u00f9 colpito dalla catastrofe. Quel costone rossiccio devi\u00f2 l\u2019onda verso le zone della sinistra lago, risparmiando il centro storico. Panoramica del lago con il costone roccioso che ha deviato l\u2019onda Uno scatto di Doris nella primavera del 1964 &#8230; <a title=\"E6 &#8211; Le Spesse\" class=\"read-more\" href=\"https:\/\/app.ecomuseovajont.net\/en\/e6-le-spesse\/\" aria-label=\"Read more about E6 &#8211; Le Spesse\">Read more<\/a><\/p>","protected":false},"author":1,"featured_media":0,"parent":0,"menu_order":0,"comment_status":"closed","ping_status":"closed","template":"elementor_canvas","meta":{"footnotes":""},"class_list":["post-2291","page","type-page","status-publish"],"_links":{"self":[{"href":"https:\/\/app.ecomuseovajont.net\/en\/wp-json\/wp\/v2\/pages\/2291","targetHints":{"allow":["GET"]}}],"collection":[{"href":"https:\/\/app.ecomuseovajont.net\/en\/wp-json\/wp\/v2\/pages"}],"about":[{"href":"https:\/\/app.ecomuseovajont.net\/en\/wp-json\/wp\/v2\/types\/page"}],"author":[{"embeddable":true,"href":"https:\/\/app.ecomuseovajont.net\/en\/wp-json\/wp\/v2\/users\/1"}],"replies":[{"embeddable":true,"href":"https:\/\/app.ecomuseovajont.net\/en\/wp-json\/wp\/v2\/comments?post=2291"}],"version-history":[{"count":19,"href":"https:\/\/app.ecomuseovajont.net\/en\/wp-json\/wp\/v2\/pages\/2291\/revisions"}],"predecessor-version":[{"id":2712,"href":"https:\/\/app.ecomuseovajont.net\/en\/wp-json\/wp\/v2\/pages\/2291\/revisions\/2712"}],"wp:attachment":[{"href":"https:\/\/app.ecomuseovajont.net\/en\/wp-json\/wp\/v2\/media?parent=2291"}],"curies":[{"name":"wp","href":"https:\/\/api.w.org\/{rel}","templated":true}]}}