{"id":2308,"date":"2024-12-24T16:52:55","date_gmt":"2024-12-24T15:52:55","guid":{"rendered":"https:\/\/app.ecomuseovajont.net\/?page_id=2308"},"modified":"2024-12-30T15:47:47","modified_gmt":"2024-12-30T14:47:47","slug":"e7-famiglia-phinta","status":"publish","type":"page","link":"https:\/\/app.ecomuseovajont.net\/en\/e7-famiglia-phinta\/","title":{"rendered":"E7 &#8211; Famiglia Phinta"},"content":{"rendered":"<div data-elementor-type=\"wp-page\" data-elementor-id=\"2308\" class=\"elementor elementor-2308\">\n\t\t\t\t\t\t<section class=\"elementor-section elementor-top-section elementor-element elementor-element-3a79f242 elementor-section-full_width elementor-section-height-default elementor-section-height-default\" data-id=\"3a79f242\" data-element_type=\"section\" data-e-type=\"section\" data-settings=\"{&quot;background_background&quot;:&quot;classic&quot;}\">\n\t\t\t\t\t\t<div class=\"elementor-container elementor-column-gap-no\">\n\t\t\t\t\t<div class=\"elementor-column elementor-col-100 elementor-top-column elementor-element elementor-element-22c2dda2\" data-id=\"22c2dda2\" data-element_type=\"column\" data-e-type=\"column\">\n\t\t\t<div class=\"elementor-widget-wrap elementor-element-populated\">\n\t\t\t\t\t\t<div class=\"elementor-element elementor-element-9b1b29d elementor-widget elementor-widget-heading\" data-id=\"9b1b29d\" data-element_type=\"widget\" data-e-type=\"widget\" data-widget_type=\"heading.default\">\n\t\t\t\t<div class=\"elementor-widget-container\">\n\t\t\t\t\t<h2 class=\"elementor-heading-title elementor-size-default\">FAMIGLIA P\u00ccNTHA<\/h2>\t\t\t\t<\/div>\n\t\t\t\t<\/div>\n\t\t\t\t<div class=\"elementor-element elementor-element-c014c56 elementor-widget elementor-widget-heading\" data-id=\"c014c56\" data-element_type=\"widget\" data-e-type=\"widget\" data-widget_type=\"heading.default\">\n\t\t\t\t<div class=\"elementor-widget-container\">\n\t\t\t\t\t<h4 class=\"elementor-heading-title elementor-size-default\">Ascolta l'audio<\/h4>\t\t\t\t<\/div>\n\t\t\t\t<\/div>\n\t\t\t\t<div class=\"elementor-element elementor-element-ce6bf37 elementor-widget elementor-widget-wp-widget-media_audio\" data-id=\"ce6bf37\" data-element_type=\"widget\" data-e-type=\"widget\" data-widget_type=\"wp-widget-media_audio.default\">\n\t\t\t\t<div class=\"elementor-widget-container\">\n\t\t\t\t\t<audio class=\"wp-audio-shortcode\" id=\"audio-2308-1\" preload=\"none\" style=\"width: 100%;\" controls=\"controls\"><source type=\"audio\/mpeg\" src=\"https:\/\/app.ecomuseovajont.net\/wp-content\/uploads\/2024\/12\/Tappa-7.mp3?_=1\" \/><source type=\"audio\/mpeg\" src=\"https:\/\/app.ecomuseovajont.net\/wp-content\/uploads\/2024\/12\/Tappa-7.mp3?_=1\" \/><a href=\"https:\/\/app.ecomuseovajont.net\/wp-content\/uploads\/2024\/12\/Tappa-7.mp3\">https:\/\/app.ecomuseovajont.net\/wp-content\/uploads\/2024\/12\/Tappa-7.mp3<\/a><\/audio>\t\t\t\t<\/div>\n\t\t\t\t<\/div>\n\t\t\t\t<div class=\"elementor-element elementor-element-5175c4d elementor-widget elementor-widget-text-editor\" data-id=\"5175c4d\" data-element_type=\"widget\" data-e-type=\"widget\" data-widget_type=\"text-editor.default\">\n\t\t\t\t<div class=\"elementor-widget-container\">\n\t\t\t\t\t\t\t\t\t<p class=\"p1\">Appena qui sotto c\u2019\u00e8 il sedime della famiglia P\u00ecntha.<\/p>\t\t\t\t\t\t\t\t<\/div>\n\t\t\t\t<\/div>\n\t\t\t\t<section class=\"elementor-section elementor-inner-section elementor-element elementor-element-8c00198 elementor-section-boxed elementor-section-height-default elementor-section-height-default\" data-id=\"8c00198\" data-element_type=\"section\" data-e-type=\"section\">\n\t\t\t\t\t\t<div class=\"elementor-container elementor-column-gap-default\">\n\t\t\t\t\t<div class=\"elementor-column elementor-col-50 elementor-inner-column elementor-element elementor-element-7e83db3\" data-id=\"7e83db3\" data-element_type=\"column\" data-e-type=\"column\">\n\t\t\t<div class=\"elementor-widget-wrap elementor-element-populated\">\n\t\t\t\t\t\t<div class=\"elementor-element elementor-element-8888aa6 elementor-widget elementor-widget-image\" data-id=\"8888aa6\" data-element_type=\"widget\" data-e-type=\"widget\" data-widget_type=\"image.default\">\n\t\t\t\t<div class=\"elementor-widget-container\">\n\t\t\t\t\t\t\t\t\t\t\t\t<figure class=\"wp-caption\">\n\t\t\t\t\t\t\t\t\t\t<img fetchpriority=\"high\" decoding=\"async\" width=\"1024\" height=\"707\" src=\"https:\/\/app.ecomuseovajont.net\/wp-content\/uploads\/2024\/12\/1-La-casa-prima-del-disastro-1024x707.jpg\" class=\"attachment-large size-large wp-image-2312\" alt=\"\" srcset=\"https:\/\/app.ecomuseovajont.net\/wp-content\/uploads\/2024\/12\/1-La-casa-prima-del-disastro-1024x707.jpg 1024w, https:\/\/app.ecomuseovajont.net\/wp-content\/uploads\/2024\/12\/1-La-casa-prima-del-disastro-300x207.jpg 300w, https:\/\/app.ecomuseovajont.net\/wp-content\/uploads\/2024\/12\/1-La-casa-prima-del-disastro-768x530.jpg 768w, https:\/\/app.ecomuseovajont.net\/wp-content\/uploads\/2024\/12\/1-La-casa-prima-del-disastro-1536x1061.jpg 1536w, https:\/\/app.ecomuseovajont.net\/wp-content\/uploads\/2024\/12\/1-La-casa-prima-del-disastro-18x12.jpg 18w, https:\/\/app.ecomuseovajont.net\/wp-content\/uploads\/2024\/12\/1-La-casa-prima-del-disastro.jpg 1539w\" sizes=\"(max-width: 1024px) 100vw, 1024px\" \/>\t\t\t\t\t\t\t\t\t\t\t<figcaption class=\"widget-image-caption wp-caption-text\">La casa prima del disastro<\/figcaption>\n\t\t\t\t\t\t\t\t\t\t<\/figure>\n\t\t\t\t\t\t\t\t\t<\/div>\n\t\t\t\t<\/div>\n\t\t\t\t\t<\/div>\n\t\t<\/div>\n\t\t\t\t<div class=\"elementor-column elementor-col-50 elementor-inner-column elementor-element elementor-element-b34af48\" data-id=\"b34af48\" data-element_type=\"column\" data-e-type=\"column\">\n\t\t\t<div class=\"elementor-widget-wrap elementor-element-populated\">\n\t\t\t\t\t\t<div class=\"elementor-element elementor-element-5cfcff5 elementor-widget elementor-widget-image\" data-id=\"5cfcff5\" data-element_type=\"widget\" data-e-type=\"widget\" data-widget_type=\"image.default\">\n\t\t\t\t<div class=\"elementor-widget-container\">\n\t\t\t\t\t\t\t\t\t\t\t\t<figure class=\"wp-caption\">\n\t\t\t\t\t\t\t\t\t\t<img decoding=\"async\" width=\"1024\" height=\"577\" src=\"https:\/\/app.ecomuseovajont.net\/wp-content\/uploads\/2024\/12\/2-Il-sedime-1024x577.jpg\" class=\"attachment-large size-large wp-image-2313\" alt=\"\" srcset=\"https:\/\/app.ecomuseovajont.net\/wp-content\/uploads\/2024\/12\/2-Il-sedime-1024x577.jpg 1024w, https:\/\/app.ecomuseovajont.net\/wp-content\/uploads\/2024\/12\/2-Il-sedime-300x169.jpg 300w, https:\/\/app.ecomuseovajont.net\/wp-content\/uploads\/2024\/12\/2-Il-sedime-768x432.jpg 768w, https:\/\/app.ecomuseovajont.net\/wp-content\/uploads\/2024\/12\/2-Il-sedime-1536x865.jpg 1536w, https:\/\/app.ecomuseovajont.net\/wp-content\/uploads\/2024\/12\/2-Il-sedime-2048x1153.jpg 2048w, https:\/\/app.ecomuseovajont.net\/wp-content\/uploads\/2024\/12\/2-Il-sedime-18x10.jpg 18w\" sizes=\"(max-width: 1024px) 100vw, 1024px\" \/>\t\t\t\t\t\t\t\t\t\t\t<figcaption class=\"widget-image-caption wp-caption-text\">Il sedime<\/figcaption>\n\t\t\t\t\t\t\t\t\t\t<\/figure>\n\t\t\t\t\t\t\t\t\t<\/div>\n\t\t\t\t<\/div>\n\t\t\t\t\t<\/div>\n\t\t<\/div>\n\t\t\t\t\t<\/div>\n\t\t<\/section>\n\t\t\t\t<div class=\"elementor-element elementor-element-8b0541a elementor-widget elementor-widget-text-editor\" data-id=\"8b0541a\" data-element_type=\"widget\" data-e-type=\"widget\" data-widget_type=\"text-editor.default\">\n\t\t\t\t<div class=\"elementor-widget-container\">\n\t\t\t\t\t\t\t\t\t<p class=\"p1\">Sono morti Giacomo con la figlia Maria Luisa, la mamma era in Prada perch\u00e9 erano i giorni che si cavavano le patate.<\/p>\t\t\t\t\t\t\t\t<\/div>\n\t\t\t\t<\/div>\n\t\t\t\t<section class=\"elementor-section elementor-inner-section elementor-element elementor-element-fa89e7a elementor-section-boxed elementor-section-height-default elementor-section-height-default\" data-id=\"fa89e7a\" data-element_type=\"section\" data-e-type=\"section\">\n\t\t\t\t\t\t<div class=\"elementor-container elementor-column-gap-default\">\n\t\t\t\t\t<div class=\"elementor-column elementor-col-50 elementor-inner-column elementor-element elementor-element-ca1f6e3\" data-id=\"ca1f6e3\" data-element_type=\"column\" data-e-type=\"column\">\n\t\t\t<div class=\"elementor-widget-wrap elementor-element-populated\">\n\t\t\t\t\t\t<div class=\"elementor-element elementor-element-40dd552 elementor-widget elementor-widget-image\" data-id=\"40dd552\" data-element_type=\"widget\" data-e-type=\"widget\" data-widget_type=\"image.default\">\n\t\t\t\t<div class=\"elementor-widget-container\">\n\t\t\t\t\t\t\t\t\t\t\t\t<figure class=\"wp-caption\">\n\t\t\t\t\t\t\t\t\t\t<img decoding=\"async\" width=\"487\" height=\"644\" src=\"https:\/\/app.ecomuseovajont.net\/wp-content\/uploads\/2024\/12\/3-Giacomo.jpeg\" class=\"attachment-large size-large wp-image-2314\" alt=\"\" srcset=\"https:\/\/app.ecomuseovajont.net\/wp-content\/uploads\/2024\/12\/3-Giacomo.jpeg 487w, https:\/\/app.ecomuseovajont.net\/wp-content\/uploads\/2024\/12\/3-Giacomo-227x300.jpeg 227w, https:\/\/app.ecomuseovajont.net\/wp-content\/uploads\/2024\/12\/3-Giacomo-9x12.jpeg 9w\" sizes=\"(max-width: 487px) 100vw, 487px\" \/>\t\t\t\t\t\t\t\t\t\t\t<figcaption class=\"widget-image-caption wp-caption-text\">Giacomo<\/figcaption>\n\t\t\t\t\t\t\t\t\t\t<\/figure>\n\t\t\t\t\t\t\t\t\t<\/div>\n\t\t\t\t<\/div>\n\t\t\t\t\t<\/div>\n\t\t<\/div>\n\t\t\t\t<div class=\"elementor-column elementor-col-50 elementor-inner-column elementor-element elementor-element-3adeaa0\" data-id=\"3adeaa0\" data-element_type=\"column\" data-e-type=\"column\">\n\t\t\t<div class=\"elementor-widget-wrap elementor-element-populated\">\n\t\t\t\t\t\t<div class=\"elementor-element elementor-element-b073377 elementor-widget elementor-widget-image\" data-id=\"b073377\" data-element_type=\"widget\" data-e-type=\"widget\" data-widget_type=\"image.default\">\n\t\t\t\t<div class=\"elementor-widget-container\">\n\t\t\t\t\t\t\t\t\t\t\t\t<figure class=\"wp-caption\">\n\t\t\t\t\t\t\t\t\t\t<img loading=\"lazy\" decoding=\"async\" width=\"506\" height=\"548\" src=\"https:\/\/app.ecomuseovajont.net\/wp-content\/uploads\/2024\/12\/4-M.-Luisa.jpeg\" class=\"attachment-large size-large wp-image-2315\" alt=\"\" srcset=\"https:\/\/app.ecomuseovajont.net\/wp-content\/uploads\/2024\/12\/4-M.-Luisa.jpeg 506w, https:\/\/app.ecomuseovajont.net\/wp-content\/uploads\/2024\/12\/4-M.-Luisa-277x300.jpeg 277w, https:\/\/app.ecomuseovajont.net\/wp-content\/uploads\/2024\/12\/4-M.-Luisa-11x12.jpeg 11w\" sizes=\"(max-width: 506px) 100vw, 506px\" \/>\t\t\t\t\t\t\t\t\t\t\t<figcaption class=\"widget-image-caption wp-caption-text\">M.Luisa<\/figcaption>\n\t\t\t\t\t\t\t\t\t\t<\/figure>\n\t\t\t\t\t\t\t\t\t<\/div>\n\t\t\t\t<\/div>\n\t\t\t\t\t<\/div>\n\t\t<\/div>\n\t\t\t\t\t<\/div>\n\t\t<\/section>\n\t\t\t\t<div class=\"elementor-element elementor-element-6a32b32 elementor-widget elementor-widget-text-editor\" data-id=\"6a32b32\" data-element_type=\"widget\" data-e-type=\"widget\" data-widget_type=\"text-editor.default\">\n\t\t\t\t<div class=\"elementor-widget-container\">\n\t\t\t\t\t\t\t\t\t<p class=\"p1\">Nella casa accanto l\u2019onda ha travolto i fratelli: Giampietro, Assunta e Delfina. La mamma era in ospedale ad assistere il loro pap\u00e0 Giovanni che si era fatto male mentre lavorava a Castellavazzo.<\/p>\t\t\t\t\t\t\t\t<\/div>\n\t\t\t\t<\/div>\n\t\t\t\t<div class=\"elementor-element elementor-element-46a5ec5 elementor-widget elementor-widget-image\" data-id=\"46a5ec5\" data-element_type=\"widget\" data-e-type=\"widget\" data-widget_type=\"image.default\">\n\t\t\t\t<div class=\"elementor-widget-container\">\n\t\t\t\t\t\t\t\t\t\t\t\t<figure class=\"wp-caption\">\n\t\t\t\t\t\t\t\t\t\t<img loading=\"lazy\" decoding=\"async\" width=\"798\" height=\"506\" src=\"https:\/\/app.ecomuseovajont.net\/wp-content\/uploads\/2024\/12\/5-Giampietro-Assunta-e-Delfina-rotated.jpeg\" class=\"attachment-large size-large wp-image-2316\" alt=\"\" srcset=\"https:\/\/app.ecomuseovajont.net\/wp-content\/uploads\/2024\/12\/5-Giampietro-Assunta-e-Delfina-rotated.jpeg 798w, https:\/\/app.ecomuseovajont.net\/wp-content\/uploads\/2024\/12\/5-Giampietro-Assunta-e-Delfina-300x190.jpeg 300w, https:\/\/app.ecomuseovajont.net\/wp-content\/uploads\/2024\/12\/5-Giampietro-Assunta-e-Delfina-768x487.jpeg 768w, https:\/\/app.ecomuseovajont.net\/wp-content\/uploads\/2024\/12\/5-Giampietro-Assunta-e-Delfina-18x12.jpeg 18w\" sizes=\"(max-width: 798px) 100vw, 798px\" \/>\t\t\t\t\t\t\t\t\t\t\t<figcaption class=\"widget-image-caption wp-caption-text\">Gianpietro, Assunta e Delfina<\/figcaption>\n\t\t\t\t\t\t\t\t\t\t<\/figure>\n\t\t\t\t\t\t\t\t\t<\/div>\n\t\t\t\t<\/div>\n\t\t\t\t<div class=\"elementor-element elementor-element-fa92671 elementor-widget elementor-widget-text-editor\" data-id=\"fa92671\" data-element_type=\"widget\" data-e-type=\"widget\" data-widget_type=\"text-editor.default\">\n\t\t\t\t<div class=\"elementor-widget-container\">\n\t\t\t\t\t\t\t\t\t<p class=\"p1\">Vittoria, la sorella di Giacomo e Giovanni, ha ricordi nitidi di quei giorni.<\/p><p class=\"p1\"><i>All\u2019epoca del disastro abitavo a Claut, quel giorno ero andata a Belluno per fare visita a mio fratello Giovanni che si trovava in ospedale; a Erto era salita in corriera mia sorella Domenica e lungo la strada vidi che stavano trasferendo le mucche dal monte Toc a Casso. Le chiesi il perch\u00e8 e lei mi rispose che la montagna era in pericolo. Di solito, negli anni precedenti, le mucche venivano trasferite in paese i primi giorni di novembre.<\/i><\/p><p class=\"p1\"><i>La mattina del 10 ottobre 1963, mentre stavo portando mio figlio all\u2019asilo, una signora di Claut che si chiamava Gina mi chiese se avevo sentito alla radio della frana del monte Toc; successivamente incontrai il parroco don Elvino che mi fece la stessa domanda e mi disse che era meglio che non andassi a vedere. Io, preoccupata, chiesi a Lorenzo, un mio compaesano, di portarmi a Erto. Giunta a S. Martino, i militari lasciavano passare solo i parenti, perci\u00f2 il mio amico torn\u00f2 indietro da solo. Da l\u00ec, capii che dove c\u2019era la mia casa, in localit\u00e0 \u201cLe Spesse\u201d non c\u2019era pi\u00f9 niente. Percorsi circa 3 chilometri senza rendermene conto, non so se avevo corso o camminato, finch\u00e9 giunsi nel punto in cui c\u2019era la mia casa, ma non era rimasto nulla! Svenni, mi riportarono in paese e mi risvegliai su un tavolo, accanto a mia sorella che era stata chiamata. Lo stesso giorno iniziarono a far sfollare la gente, mia sorella, con mio nipote e mia cognata si trasferirono a Claut a casa mia. Il giorno successivo io e mia cognata Norma ci recammo a Belluno attraversando la Valcellina e Vittorio Veneto perch\u00e9 dalla parte di Longarone non esisteva pi\u00f9 la strada. Volevamo informare nostro fratello dell\u2019accaduto; egli aveva gi\u00e0 intuito qualcosa vedendo giungere in ospedale tanti feriti. Chiese notizie a mia cognata delle due figlie di 16 e 17 anni e del figlioletto di 2; lei non rispose, erano morti tutti, assieme ad altri familiari. Con loro era morto anche mio fratello Giacomo, il pi\u00f9 anziano, assieme alle due figlie e a due nipoti di uno e due anni. In quei giorni i morti ritrovati venivano portati vicino alla stazione di Belluno per il riconoscimento. Ritornai a Claut e il dolore fu fortissimo, quel dolore che non mi \u00e8 mai passato e non passer\u00e0 mai perch\u00e9 il ricordo \u00e8 sempre presente.<\/i><\/p><p class=\"p1\">Le immagini fotografiche restituiscono momenti di vita davanti alla casa.<\/p>\t\t\t\t\t\t\t\t<\/div>\n\t\t\t\t<\/div>\n\t\t\t\t<section class=\"elementor-section elementor-inner-section elementor-element elementor-element-0eb835e elementor-section-boxed elementor-section-height-default elementor-section-height-default\" data-id=\"0eb835e\" data-element_type=\"section\" data-e-type=\"section\">\n\t\t\t\t\t\t<div class=\"elementor-container elementor-column-gap-default\">\n\t\t\t\t\t<div class=\"elementor-column elementor-col-33 elementor-inner-column elementor-element elementor-element-67a4cb7\" data-id=\"67a4cb7\" data-element_type=\"column\" data-e-type=\"column\">\n\t\t\t<div class=\"elementor-widget-wrap elementor-element-populated\">\n\t\t\t\t\t\t<div class=\"elementor-element elementor-element-fa19b90 elementor-widget elementor-widget-image\" data-id=\"fa19b90\" data-element_type=\"widget\" data-e-type=\"widget\" data-widget_type=\"image.default\">\n\t\t\t\t<div class=\"elementor-widget-container\">\n\t\t\t\t\t\t\t\t\t\t\t\t<figure class=\"wp-caption\">\n\t\t\t\t\t\t\t\t\t\t<img loading=\"lazy\" decoding=\"async\" width=\"731\" height=\"1024\" src=\"https:\/\/app.ecomuseovajont.net\/wp-content\/uploads\/2024\/12\/6-Ricordi-731x1024.jpg\" class=\"attachment-large size-large wp-image-2317\" alt=\"\" srcset=\"https:\/\/app.ecomuseovajont.net\/wp-content\/uploads\/2024\/12\/6-Ricordi-731x1024.jpg 731w, https:\/\/app.ecomuseovajont.net\/wp-content\/uploads\/2024\/12\/6-Ricordi-214x300.jpg 214w, https:\/\/app.ecomuseovajont.net\/wp-content\/uploads\/2024\/12\/6-Ricordi-768x1076.jpg 768w, https:\/\/app.ecomuseovajont.net\/wp-content\/uploads\/2024\/12\/6-Ricordi-1096x1536.jpg 1096w, https:\/\/app.ecomuseovajont.net\/wp-content\/uploads\/2024\/12\/6-Ricordi-1462x2048.jpg 1462w, https:\/\/app.ecomuseovajont.net\/wp-content\/uploads\/2024\/12\/6-Ricordi-9x12.jpg 9w, https:\/\/app.ecomuseovajont.net\/wp-content\/uploads\/2024\/12\/6-Ricordi.jpg 1616w\" sizes=\"(max-width: 731px) 100vw, 731px\" \/>\t\t\t\t\t\t\t\t\t\t\t<figcaption class=\"widget-image-caption wp-caption-text\">Ricordi nel cortile di casa<\/figcaption>\n\t\t\t\t\t\t\t\t\t\t<\/figure>\n\t\t\t\t\t\t\t\t\t<\/div>\n\t\t\t\t<\/div>\n\t\t\t\t\t<\/div>\n\t\t<\/div>\n\t\t\t\t<div class=\"elementor-column elementor-col-33 elementor-inner-column elementor-element elementor-element-8771947\" data-id=\"8771947\" data-element_type=\"column\" data-e-type=\"column\">\n\t\t\t<div class=\"elementor-widget-wrap elementor-element-populated\">\n\t\t\t\t\t\t<div class=\"elementor-element elementor-element-a7556b0 elementor-widget elementor-widget-image\" data-id=\"a7556b0\" data-element_type=\"widget\" data-e-type=\"widget\" data-widget_type=\"image.default\">\n\t\t\t\t<div class=\"elementor-widget-container\">\n\t\t\t\t\t\t\t\t\t\t\t\t<figure class=\"wp-caption\">\n\t\t\t\t\t\t\t\t\t\t<img loading=\"lazy\" decoding=\"async\" width=\"707\" height=\"1024\" src=\"https:\/\/app.ecomuseovajont.net\/wp-content\/uploads\/2024\/12\/7-Ricordi-707x1024.jpg\" class=\"attachment-large size-large wp-image-2318\" alt=\"\" srcset=\"https:\/\/app.ecomuseovajont.net\/wp-content\/uploads\/2024\/12\/7-Ricordi-707x1024.jpg 707w, https:\/\/app.ecomuseovajont.net\/wp-content\/uploads\/2024\/12\/7-Ricordi-207x300.jpg 207w, https:\/\/app.ecomuseovajont.net\/wp-content\/uploads\/2024\/12\/7-Ricordi-768x1112.jpg 768w, https:\/\/app.ecomuseovajont.net\/wp-content\/uploads\/2024\/12\/7-Ricordi-8x12.jpg 8w, https:\/\/app.ecomuseovajont.net\/wp-content\/uploads\/2024\/12\/7-Ricordi.jpg 1020w\" sizes=\"(max-width: 707px) 100vw, 707px\" \/>\t\t\t\t\t\t\t\t\t\t\t<figcaption class=\"widget-image-caption wp-caption-text\">Ricordi nel cortile di casa<\/figcaption>\n\t\t\t\t\t\t\t\t\t\t<\/figure>\n\t\t\t\t\t\t\t\t\t<\/div>\n\t\t\t\t<\/div>\n\t\t\t\t\t<\/div>\n\t\t<\/div>\n\t\t\t\t<div class=\"elementor-column elementor-col-33 elementor-inner-column elementor-element elementor-element-20b8237\" data-id=\"20b8237\" data-element_type=\"column\" data-e-type=\"column\">\n\t\t\t<div class=\"elementor-widget-wrap elementor-element-populated\">\n\t\t\t\t\t\t<div class=\"elementor-element elementor-element-4e47a70 elementor-widget elementor-widget-image\" data-id=\"4e47a70\" data-element_type=\"widget\" data-e-type=\"widget\" data-widget_type=\"image.default\">\n\t\t\t\t<div class=\"elementor-widget-container\">\n\t\t\t\t\t\t\t\t\t\t\t\t<figure class=\"wp-caption\">\n\t\t\t\t\t\t\t\t\t\t<img loading=\"lazy\" decoding=\"async\" width=\"727\" height=\"1024\" src=\"https:\/\/app.ecomuseovajont.net\/wp-content\/uploads\/2024\/12\/8-Ricordi-727x1024.jpg\" class=\"attachment-large size-large wp-image-2319\" alt=\"\" srcset=\"https:\/\/app.ecomuseovajont.net\/wp-content\/uploads\/2024\/12\/8-Ricordi-727x1024.jpg 727w, https:\/\/app.ecomuseovajont.net\/wp-content\/uploads\/2024\/12\/8-Ricordi-213x300.jpg 213w, https:\/\/app.ecomuseovajont.net\/wp-content\/uploads\/2024\/12\/8-Ricordi-768x1081.jpg 768w, https:\/\/app.ecomuseovajont.net\/wp-content\/uploads\/2024\/12\/8-Ricordi-1091x1536.jpg 1091w, https:\/\/app.ecomuseovajont.net\/wp-content\/uploads\/2024\/12\/8-Ricordi-1455x2048.jpg 1455w, https:\/\/app.ecomuseovajont.net\/wp-content\/uploads\/2024\/12\/8-Ricordi-9x12.jpg 9w, https:\/\/app.ecomuseovajont.net\/wp-content\/uploads\/2024\/12\/8-Ricordi.jpg 1608w\" sizes=\"(max-width: 727px) 100vw, 727px\" \/>\t\t\t\t\t\t\t\t\t\t\t<figcaption class=\"widget-image-caption wp-caption-text\">Ricordi nel cortile di casa<\/figcaption>\n\t\t\t\t\t\t\t\t\t\t<\/figure>\n\t\t\t\t\t\t\t\t\t<\/div>\n\t\t\t\t<\/div>\n\t\t\t\t\t<\/div>\n\t\t<\/div>\n\t\t\t\t\t<\/div>\n\t\t<\/section>\n\t\t\t\t<div class=\"elementor-element elementor-element-e972308 elementor-widget elementor-widget-text-editor\" data-id=\"e972308\" data-element_type=\"widget\" data-e-type=\"widget\" data-widget_type=\"text-editor.default\">\n\t\t\t\t<div class=\"elementor-widget-container\">\n\t\t\t\t\t\t\t\t\t<p class=\"p1\"><b>Ora attraversa la strada per visitare gli altri sedimi.<\/b><\/p>\t\t\t\t\t\t\t\t<\/div>\n\t\t\t\t<\/div>\n\t\t\t\t<div class=\"elementor-element elementor-element-66a6940 elementor-align-center elementor-widget elementor-widget-button\" data-id=\"66a6940\" data-element_type=\"widget\" data-e-type=\"widget\" data-widget_type=\"button.default\">\n\t\t\t\t<div class=\"elementor-widget-container\">\n\t\t\t\t\t\t\t\t\t<div class=\"elementor-button-wrapper\">\n\t\t\t\t\t<a class=\"elementor-button elementor-button-link elementor-size-sm\" href=\"https:\/\/app.ecomuseovajont.net\/en\/e-le-spesse-percorso\/\">\n\t\t\t\t\t\t<span class=\"elementor-button-content-wrapper\">\n\t\t\t\t\t\t<span class=\"elementor-button-icon\">\n\t\t\t\t<i aria-hidden=\"true\" class=\"fas fa-angle-left\"><\/i>\t\t\t<\/span>\n\t\t\t\t\t\t\t\t\t<span class=\"elementor-button-text\">Torna alla mappa<\/span>\n\t\t\t\t\t<\/span>\n\t\t\t\t\t<\/a>\n\t\t\t\t<\/div>\n\t\t\t\t\t\t\t\t<\/div>\n\t\t\t\t<\/div>\n\t\t\t\t\t<\/div>\n\t\t<\/div>\n\t\t\t\t\t<\/div>\n\t\t<\/section>\n\t\t\t\t<\/div>","protected":false},"excerpt":{"rendered":"<p>FAMIGLIA P\u00ccNTHA Ascolta l&#8217;audio Appena qui sotto c\u2019\u00e8 il sedime della famiglia P\u00ecntha. La casa prima del disastro Il sedime Sono morti Giacomo con la figlia Maria Luisa, la mamma era in Prada perch\u00e9 erano i giorni che si cavavano le patate. Giacomo M.Luisa Nella casa accanto l\u2019onda ha travolto i fratelli: Giampietro, Assunta e &#8230; <a title=\"E7 &#8211; Famiglia Phinta\" class=\"read-more\" href=\"https:\/\/app.ecomuseovajont.net\/en\/e7-famiglia-phinta\/\" aria-label=\"Read more about E7 &#8211; Famiglia Phinta\">Read more<\/a><\/p>","protected":false},"author":1,"featured_media":0,"parent":0,"menu_order":0,"comment_status":"closed","ping_status":"closed","template":"elementor_canvas","meta":{"footnotes":""},"class_list":["post-2308","page","type-page","status-publish"],"_links":{"self":[{"href":"https:\/\/app.ecomuseovajont.net\/en\/wp-json\/wp\/v2\/pages\/2308","targetHints":{"allow":["GET"]}}],"collection":[{"href":"https:\/\/app.ecomuseovajont.net\/en\/wp-json\/wp\/v2\/pages"}],"about":[{"href":"https:\/\/app.ecomuseovajont.net\/en\/wp-json\/wp\/v2\/types\/page"}],"author":[{"embeddable":true,"href":"https:\/\/app.ecomuseovajont.net\/en\/wp-json\/wp\/v2\/users\/1"}],"replies":[{"embeddable":true,"href":"https:\/\/app.ecomuseovajont.net\/en\/wp-json\/wp\/v2\/comments?post=2308"}],"version-history":[{"count":7,"href":"https:\/\/app.ecomuseovajont.net\/en\/wp-json\/wp\/v2\/pages\/2308\/revisions"}],"predecessor-version":[{"id":2494,"href":"https:\/\/app.ecomuseovajont.net\/en\/wp-json\/wp\/v2\/pages\/2308\/revisions\/2494"}],"wp:attachment":[{"href":"https:\/\/app.ecomuseovajont.net\/en\/wp-json\/wp\/v2\/media?parent=2308"}],"curies":[{"name":"wp","href":"https:\/\/api.w.org\/{rel}","templated":true}]}}