{"id":2591,"date":"2024-12-30T16:57:18","date_gmt":"2024-12-30T15:57:18","guid":{"rendered":"https:\/\/app.ecomuseovajont.net\/?page_id=2591"},"modified":"2025-01-08T09:52:19","modified_gmt":"2025-01-08T08:52:19","slug":"e16-famiglia-giuseppe-maghet","status":"publish","type":"page","link":"https:\/\/app.ecomuseovajont.net\/en\/e16-famiglia-giuseppe-maghet\/","title":{"rendered":"E16 &#8211; Famiglia Giuseppe Maghe\u0301t"},"content":{"rendered":"<div data-elementor-type=\"wp-page\" data-elementor-id=\"2591\" class=\"elementor elementor-2591\">\n\t\t\t\t\t\t<section class=\"elementor-section elementor-top-section elementor-element elementor-element-3a79f242 elementor-section-full_width elementor-section-height-default elementor-section-height-default\" data-id=\"3a79f242\" data-element_type=\"section\" data-e-type=\"section\" data-settings=\"{&quot;background_background&quot;:&quot;classic&quot;}\">\n\t\t\t\t\t\t<div class=\"elementor-container elementor-column-gap-no\">\n\t\t\t\t\t<div class=\"elementor-column elementor-col-100 elementor-top-column elementor-element elementor-element-22c2dda2\" data-id=\"22c2dda2\" data-element_type=\"column\" data-e-type=\"column\">\n\t\t\t<div class=\"elementor-widget-wrap elementor-element-populated\">\n\t\t\t\t\t\t<div class=\"elementor-element elementor-element-9b1b29d elementor-widget elementor-widget-heading\" data-id=\"9b1b29d\" data-element_type=\"widget\" data-e-type=\"widget\" data-widget_type=\"heading.default\">\n\t\t\t\t<div class=\"elementor-widget-container\">\n\t\t\t\t\t<h2 class=\"elementor-heading-title elementor-size-default\">FAMIGLIA GIUSEPPE MAGH\u00c9T<\/h2>\t\t\t\t<\/div>\n\t\t\t\t<\/div>\n\t\t\t\t<div class=\"elementor-element elementor-element-c014c56 elementor-widget elementor-widget-heading\" data-id=\"c014c56\" data-element_type=\"widget\" data-e-type=\"widget\" data-widget_type=\"heading.default\">\n\t\t\t\t<div class=\"elementor-widget-container\">\n\t\t\t\t\t<h4 class=\"elementor-heading-title elementor-size-default\">Ascolta l'audio<\/h4>\t\t\t\t<\/div>\n\t\t\t\t<\/div>\n\t\t\t\t<div class=\"elementor-element elementor-element-ce6bf37 elementor-widget elementor-widget-wp-widget-media_audio\" data-id=\"ce6bf37\" data-element_type=\"widget\" data-e-type=\"widget\" data-widget_type=\"wp-widget-media_audio.default\">\n\t\t\t\t<div class=\"elementor-widget-container\">\n\t\t\t\t\t<audio class=\"wp-audio-shortcode\" id=\"audio-2591-1\" preload=\"none\" style=\"width: 100%;\" controls=\"controls\"><source type=\"audio\/mpeg\" src=\"https:\/\/app.ecomuseovajont.net\/wp-content\/uploads\/2024\/12\/Tappa-16.mp3?_=1\" \/><source type=\"audio\/mpeg\" src=\"https:\/\/app.ecomuseovajont.net\/wp-content\/uploads\/2024\/12\/Tappa-16.mp3?_=1\" \/><a href=\"https:\/\/app.ecomuseovajont.net\/wp-content\/uploads\/2024\/12\/Tappa-16.mp3\">https:\/\/app.ecomuseovajont.net\/wp-content\/uploads\/2024\/12\/Tappa-16.mp3<\/a><\/audio>\t\t\t\t<\/div>\n\t\t\t\t<\/div>\n\t\t\t\t<section class=\"elementor-section elementor-inner-section elementor-element elementor-element-62f258e elementor-section-boxed elementor-section-height-default elementor-section-height-default\" data-id=\"62f258e\" data-element_type=\"section\" data-e-type=\"section\">\n\t\t\t\t\t\t<div class=\"elementor-container elementor-column-gap-default\">\n\t\t\t\t\t<div class=\"elementor-column elementor-col-100 elementor-inner-column elementor-element elementor-element-e80fa08\" data-id=\"e80fa08\" data-element_type=\"column\" data-e-type=\"column\">\n\t\t\t<div class=\"elementor-widget-wrap elementor-element-populated\">\n\t\t\t\t\t\t<div class=\"elementor-element elementor-element-8b622a5 elementor-widget elementor-widget-image\" data-id=\"8b622a5\" data-element_type=\"widget\" data-e-type=\"widget\" data-widget_type=\"image.default\">\n\t\t\t\t<div class=\"elementor-widget-container\">\n\t\t\t\t\t\t\t\t\t\t\t\t<figure class=\"wp-caption\">\n\t\t\t\t\t\t\t\t\t\t<img fetchpriority=\"high\" decoding=\"async\" width=\"774\" height=\"1024\" src=\"https:\/\/app.ecomuseovajont.net\/wp-content\/uploads\/2024\/12\/1-Giuseppe-Sep-774x1024.jpeg\" class=\"attachment-large size-large wp-image-2594\" alt=\"\" srcset=\"https:\/\/app.ecomuseovajont.net\/wp-content\/uploads\/2024\/12\/1-Giuseppe-Sep-774x1024.jpeg 774w, https:\/\/app.ecomuseovajont.net\/wp-content\/uploads\/2024\/12\/1-Giuseppe-Sep-227x300.jpeg 227w, https:\/\/app.ecomuseovajont.net\/wp-content\/uploads\/2024\/12\/1-Giuseppe-Sep-768x1015.jpeg 768w, https:\/\/app.ecomuseovajont.net\/wp-content\/uploads\/2024\/12\/1-Giuseppe-Sep-1162x1536.jpeg 1162w, https:\/\/app.ecomuseovajont.net\/wp-content\/uploads\/2024\/12\/1-Giuseppe-Sep-9x12.jpeg 9w, https:\/\/app.ecomuseovajont.net\/wp-content\/uploads\/2024\/12\/1-Giuseppe-Sep.jpeg 1198w\" sizes=\"(max-width: 774px) 100vw, 774px\" \/>\t\t\t\t\t\t\t\t\t\t\t<figcaption class=\"widget-image-caption wp-caption-text\">Giuseppe (S\u00e9p)<\/figcaption>\n\t\t\t\t\t\t\t\t\t\t<\/figure>\n\t\t\t\t\t\t\t\t\t<\/div>\n\t\t\t\t<\/div>\n\t\t\t\t\t<\/div>\n\t\t<\/div>\n\t\t\t\t\t<\/div>\n\t\t<\/section>\n\t\t\t\t<div class=\"elementor-element elementor-element-4619f67 elementor-widget elementor-widget-text-editor\" data-id=\"4619f67\" data-element_type=\"widget\" data-e-type=\"widget\" data-widget_type=\"text-editor.default\">\n\t\t\t\t<div class=\"elementor-widget-container\">\n\t\t\t\t\t\t\t\t\t<p class=\"p1\">Qui ha perso la vita \u015aep, anche lui abitava nella parte bassa della frazione.<\/p><p class=\"p1\">Solamente quando ebbe l\u2019acqua sulla soglia della vecchia casa decise di abbondonarla. L\u2019esproprio fu un duro colpo per lui e la localit\u00e0.<\/p>\t\t\t\t\t\t\t\t<\/div>\n\t\t\t\t<\/div>\n\t\t\t\t<div class=\"elementor-element elementor-element-4c7877a elementor-widget elementor-widget-image\" data-id=\"4c7877a\" data-element_type=\"widget\" data-e-type=\"widget\" data-widget_type=\"image.default\">\n\t\t\t\t<div class=\"elementor-widget-container\">\n\t\t\t\t\t\t\t\t\t\t\t\t<figure class=\"wp-caption\">\n\t\t\t\t\t\t\t\t\t\t<img decoding=\"async\" width=\"1024\" height=\"768\" src=\"https:\/\/app.ecomuseovajont.net\/wp-content\/uploads\/2025\/01\/2-La-casa-prima-del-disastro-1-1024x768.jpg\" class=\"attachment-large size-large wp-image-2793\" alt=\"\" srcset=\"https:\/\/app.ecomuseovajont.net\/wp-content\/uploads\/2025\/01\/2-La-casa-prima-del-disastro-1-1024x768.jpg 1024w, https:\/\/app.ecomuseovajont.net\/wp-content\/uploads\/2025\/01\/2-La-casa-prima-del-disastro-1-300x225.jpg 300w, https:\/\/app.ecomuseovajont.net\/wp-content\/uploads\/2025\/01\/2-La-casa-prima-del-disastro-1-768x576.jpg 768w, https:\/\/app.ecomuseovajont.net\/wp-content\/uploads\/2025\/01\/2-La-casa-prima-del-disastro-1-1536x1152.jpg 1536w, https:\/\/app.ecomuseovajont.net\/wp-content\/uploads\/2025\/01\/2-La-casa-prima-del-disastro-1-2048x1536.jpg 2048w, https:\/\/app.ecomuseovajont.net\/wp-content\/uploads\/2025\/01\/2-La-casa-prima-del-disastro-1-16x12.jpg 16w\" sizes=\"(max-width: 1024px) 100vw, 1024px\" \/>\t\t\t\t\t\t\t\t\t\t\t<figcaption class=\"widget-image-caption wp-caption-text\">La casa prima del disastro<\/figcaption>\n\t\t\t\t\t\t\t\t\t\t<\/figure>\n\t\t\t\t\t\t\t\t\t<\/div>\n\t\t\t\t<\/div>\n\t\t\t\t<div class=\"elementor-element elementor-element-e5fbe01 elementor-widget elementor-widget-text-editor\" data-id=\"e5fbe01\" data-element_type=\"widget\" data-e-type=\"widget\" data-widget_type=\"text-editor.default\">\n\t\t\t\t<div class=\"elementor-widget-container\">\n\t\t\t\t\t\t\t\t\t<p class=\"p1\">I ricordi di Paolo, il nipote.<\/p><p class=\"p1\"><i>\u2026Gli espropri continuarono e la SADE, costruita la diga, dette inizio all\u2019invaso. Assistevamo inermi e con grande tristezza alla lenta ma progressiva scomparsa di quel nostro mondo che, trasformato e curato da secoli di paziente fatica aveva permesso in tante generazioni di sopravvivere a inenarrabili difficolt\u00e0.<\/i><\/p><p class=\"p1\">\u2026<i>Era un artigiano del legno a tempo pieno, fabbricava specialmente rastrelli sui quali stampava \u201cFabbrica rastrelli Filippin Giuseppe\u201d, il suo mercato pi\u00f9 grande era il Sud Tirolo.<\/i><\/p>\t\t\t\t\t\t\t\t<\/div>\n\t\t\t\t<\/div>\n\t\t\t\t<section class=\"elementor-section elementor-inner-section elementor-element elementor-element-a9fc0c5 elementor-section-boxed elementor-section-height-default elementor-section-height-default\" data-id=\"a9fc0c5\" data-element_type=\"section\" data-e-type=\"section\">\n\t\t\t\t\t\t<div class=\"elementor-container elementor-column-gap-default\">\n\t\t\t\t\t<div class=\"elementor-column elementor-col-50 elementor-inner-column elementor-element elementor-element-61734cf\" data-id=\"61734cf\" data-element_type=\"column\" data-e-type=\"column\">\n\t\t\t<div class=\"elementor-widget-wrap elementor-element-populated\">\n\t\t\t\t\t\t<div class=\"elementor-element elementor-element-3ee2fde elementor-widget elementor-widget-image\" data-id=\"3ee2fde\" data-element_type=\"widget\" data-e-type=\"widget\" data-widget_type=\"image.default\">\n\t\t\t\t<div class=\"elementor-widget-container\">\n\t\t\t\t\t\t\t\t\t\t\t\t<figure class=\"wp-caption\">\n\t\t\t\t\t\t\t\t\t\t<img decoding=\"async\" width=\"577\" height=\"1024\" src=\"https:\/\/app.ecomuseovajont.net\/wp-content\/uploads\/2024\/12\/3-Oggetti-ritrovati-577x1024.jpg\" class=\"attachment-large size-large wp-image-2596\" alt=\"\" srcset=\"https:\/\/app.ecomuseovajont.net\/wp-content\/uploads\/2024\/12\/3-Oggetti-ritrovati-577x1024.jpg 577w, https:\/\/app.ecomuseovajont.net\/wp-content\/uploads\/2024\/12\/3-Oggetti-ritrovati-169x300.jpg 169w, https:\/\/app.ecomuseovajont.net\/wp-content\/uploads\/2024\/12\/3-Oggetti-ritrovati-768x1364.jpg 768w, https:\/\/app.ecomuseovajont.net\/wp-content\/uploads\/2024\/12\/3-Oggetti-ritrovati-865x1536.jpg 865w, https:\/\/app.ecomuseovajont.net\/wp-content\/uploads\/2024\/12\/3-Oggetti-ritrovati-7x12.jpg 7w, https:\/\/app.ecomuseovajont.net\/wp-content\/uploads\/2024\/12\/3-Oggetti-ritrovati.jpg 1153w\" sizes=\"(max-width: 577px) 100vw, 577px\" \/>\t\t\t\t\t\t\t\t\t\t\t<figcaption class=\"widget-image-caption wp-caption-text\">Il Sedime<\/figcaption>\n\t\t\t\t\t\t\t\t\t\t<\/figure>\n\t\t\t\t\t\t\t\t\t<\/div>\n\t\t\t\t<\/div>\n\t\t\t\t\t<\/div>\n\t\t<\/div>\n\t\t\t\t<div class=\"elementor-column elementor-col-50 elementor-inner-column elementor-element elementor-element-8f4c717\" data-id=\"8f4c717\" data-element_type=\"column\" data-e-type=\"column\">\n\t\t\t<div class=\"elementor-widget-wrap elementor-element-populated\">\n\t\t\t\t\t\t<div class=\"elementor-element elementor-element-f22bfaf elementor-widget elementor-widget-image\" data-id=\"f22bfaf\" data-element_type=\"widget\" data-e-type=\"widget\" data-widget_type=\"image.default\">\n\t\t\t\t<div class=\"elementor-widget-container\">\n\t\t\t\t\t\t\t\t\t\t\t\t<figure class=\"wp-caption\">\n\t\t\t\t\t\t\t\t\t\t<img loading=\"lazy\" decoding=\"async\" width=\"577\" height=\"1024\" src=\"https:\/\/app.ecomuseovajont.net\/wp-content\/uploads\/2024\/12\/4-Un-secchio-risparmiato-dallonda-577x1024.jpg\" class=\"attachment-large size-large wp-image-2597\" alt=\"\" srcset=\"https:\/\/app.ecomuseovajont.net\/wp-content\/uploads\/2024\/12\/4-Un-secchio-risparmiato-dallonda-577x1024.jpg 577w, https:\/\/app.ecomuseovajont.net\/wp-content\/uploads\/2024\/12\/4-Un-secchio-risparmiato-dallonda-169x300.jpg 169w, https:\/\/app.ecomuseovajont.net\/wp-content\/uploads\/2024\/12\/4-Un-secchio-risparmiato-dallonda-768x1364.jpg 768w, https:\/\/app.ecomuseovajont.net\/wp-content\/uploads\/2024\/12\/4-Un-secchio-risparmiato-dallonda-865x1536.jpg 865w, https:\/\/app.ecomuseovajont.net\/wp-content\/uploads\/2024\/12\/4-Un-secchio-risparmiato-dallonda-7x12.jpg 7w, https:\/\/app.ecomuseovajont.net\/wp-content\/uploads\/2024\/12\/4-Un-secchio-risparmiato-dallonda.jpg 1153w\" sizes=\"(max-width: 577px) 100vw, 577px\" \/>\t\t\t\t\t\t\t\t\t\t\t<figcaption class=\"widget-image-caption wp-caption-text\">Un secchio risparmiato dall\u2019onda.<\/figcaption>\n\t\t\t\t\t\t\t\t\t\t<\/figure>\n\t\t\t\t\t\t\t\t\t<\/div>\n\t\t\t\t<\/div>\n\t\t\t\t\t<\/div>\n\t\t<\/div>\n\t\t\t\t\t<\/div>\n\t\t<\/section>\n\t\t\t\t<div class=\"elementor-element elementor-element-fd99a76 elementor-widget elementor-widget-text-editor\" data-id=\"fd99a76\" data-element_type=\"widget\" data-e-type=\"widget\" data-widget_type=\"text-editor.default\">\n\t\t\t\t<div class=\"elementor-widget-container\">\n\t\t\t\t\t\t\t\t\t<p class=\"p1\">Prima del disastro, poco distante dal sacello, la strada con pendenza costante scendeva fino alla localit\u00e0 al Crist per poi proseguire per il Colomb\u00e9r e Longarone. Di fronte a voi, verso monte, potete osservare parti del muro di sostegno in calcestruzzo lasciati dall\u2019onda e tratti della vecchia pavimentazione in asfalto. Lungo questa stessa strada, prima della curva,<span class=\"Apple-converted-space\">\u00a0 <\/span>sempre verso monte, si notano anche due tratti di muro a secco. Era l\u2019inizio della strada carrabile che arrivava a Casso.<\/p><p class=\"p1\">Italo ricorda che nei mesi invernali era una delle piste preferite dai bambini del paese per divertirsi con le slitte.<\/p><p class=\"p1\"><b>Ora scendi qui a sinistra per visitare i sedimi della famiglia Ben\u00e9to, Menol\u00ecn e Pipi.<\/b><\/p>\t\t\t\t\t\t\t\t<\/div>\n\t\t\t\t<\/div>\n\t\t\t\t<div class=\"elementor-element elementor-element-66a6940 elementor-align-center elementor-widget elementor-widget-button\" data-id=\"66a6940\" data-element_type=\"widget\" data-e-type=\"widget\" data-widget_type=\"button.default\">\n\t\t\t\t<div class=\"elementor-widget-container\">\n\t\t\t\t\t\t\t\t\t<div class=\"elementor-button-wrapper\">\n\t\t\t\t\t<a class=\"elementor-button elementor-button-link elementor-size-sm\" href=\"https:\/\/app.ecomuseovajont.net\/en\/e-le-spesse-percorso\/\">\n\t\t\t\t\t\t<span class=\"elementor-button-content-wrapper\">\n\t\t\t\t\t\t<span class=\"elementor-button-icon\">\n\t\t\t\t<i aria-hidden=\"true\" class=\"fas fa-angle-left\"><\/i>\t\t\t<\/span>\n\t\t\t\t\t\t\t\t\t<span class=\"elementor-button-text\">Torna alla mappa<\/span>\n\t\t\t\t\t<\/span>\n\t\t\t\t\t<\/a>\n\t\t\t\t<\/div>\n\t\t\t\t\t\t\t\t<\/div>\n\t\t\t\t<\/div>\n\t\t\t\t\t<\/div>\n\t\t<\/div>\n\t\t\t\t\t<\/div>\n\t\t<\/section>\n\t\t\t\t<\/div>","protected":false},"excerpt":{"rendered":"<p>FAMIGLIA GIUSEPPE MAGH\u00c9T Ascolta l&#8217;audio Giuseppe (S\u00e9p) Qui ha perso la vita \u015aep, anche lui abitava nella parte bassa della frazione. Solamente quando ebbe l\u2019acqua sulla soglia della vecchia casa decise di abbondonarla. L\u2019esproprio fu un duro colpo per lui e la localit\u00e0. La casa prima del disastro I ricordi di Paolo, il nipote. \u2026Gli &#8230; <a title=\"E16 &#8211; Famiglia Giuseppe Maghe\u0301t\" class=\"read-more\" href=\"https:\/\/app.ecomuseovajont.net\/en\/e16-famiglia-giuseppe-maghet\/\" aria-label=\"Read more about E16 &#8211; Famiglia Giuseppe Maghe\u0301t\">Read more<\/a><\/p>","protected":false},"author":1,"featured_media":0,"parent":0,"menu_order":0,"comment_status":"closed","ping_status":"closed","template":"elementor_canvas","meta":{"footnotes":""},"class_list":["post-2591","page","type-page","status-publish"],"_links":{"self":[{"href":"https:\/\/app.ecomuseovajont.net\/en\/wp-json\/wp\/v2\/pages\/2591","targetHints":{"allow":["GET"]}}],"collection":[{"href":"https:\/\/app.ecomuseovajont.net\/en\/wp-json\/wp\/v2\/pages"}],"about":[{"href":"https:\/\/app.ecomuseovajont.net\/en\/wp-json\/wp\/v2\/types\/page"}],"author":[{"embeddable":true,"href":"https:\/\/app.ecomuseovajont.net\/en\/wp-json\/wp\/v2\/users\/1"}],"replies":[{"embeddable":true,"href":"https:\/\/app.ecomuseovajont.net\/en\/wp-json\/wp\/v2\/comments?post=2591"}],"version-history":[{"count":10,"href":"https:\/\/app.ecomuseovajont.net\/en\/wp-json\/wp\/v2\/pages\/2591\/revisions"}],"predecessor-version":[{"id":2796,"href":"https:\/\/app.ecomuseovajont.net\/en\/wp-json\/wp\/v2\/pages\/2591\/revisions\/2796"}],"wp:attachment":[{"href":"https:\/\/app.ecomuseovajont.net\/en\/wp-json\/wp\/v2\/media?parent=2591"}],"curies":[{"name":"wp","href":"https:\/\/api.w.org\/{rel}","templated":true}]}}