{"id":2642,"date":"2024-12-30T17:19:34","date_gmt":"2024-12-30T16:19:34","guid":{"rendered":"https:\/\/app.ecomuseovajont.net\/?page_id=2642"},"modified":"2025-01-08T09:54:56","modified_gmt":"2025-01-08T08:54:56","slug":"e18-famiglia-menolin","status":"publish","type":"page","link":"https:\/\/app.ecomuseovajont.net\/en\/e18-famiglia-menolin\/","title":{"rendered":"E18 &#8211; Famiglia  Menol\u00ecn"},"content":{"rendered":"<div data-elementor-type=\"wp-page\" data-elementor-id=\"2642\" class=\"elementor elementor-2642\">\n\t\t\t\t\t\t<section class=\"elementor-section elementor-top-section elementor-element elementor-element-3a79f242 elementor-section-full_width elementor-section-height-default elementor-section-height-default\" data-id=\"3a79f242\" data-element_type=\"section\" data-e-type=\"section\" data-settings=\"{&quot;background_background&quot;:&quot;classic&quot;}\">\n\t\t\t\t\t\t<div class=\"elementor-container elementor-column-gap-no\">\n\t\t\t\t\t<div class=\"elementor-column elementor-col-100 elementor-top-column elementor-element elementor-element-22c2dda2\" data-id=\"22c2dda2\" data-element_type=\"column\" data-e-type=\"column\">\n\t\t\t<div class=\"elementor-widget-wrap elementor-element-populated\">\n\t\t\t\t\t\t<div class=\"elementor-element elementor-element-9b1b29d elementor-widget elementor-widget-heading\" data-id=\"9b1b29d\" data-element_type=\"widget\" data-e-type=\"widget\" data-widget_type=\"heading.default\">\n\t\t\t\t<div class=\"elementor-widget-container\">\n\t\t\t\t\t<h2 class=\"elementor-heading-title elementor-size-default\">FAMIGLIA MENOL\u00ccN<\/h2>\t\t\t\t<\/div>\n\t\t\t\t<\/div>\n\t\t\t\t<div class=\"elementor-element elementor-element-c014c56 elementor-widget elementor-widget-heading\" data-id=\"c014c56\" data-element_type=\"widget\" data-e-type=\"widget\" data-widget_type=\"heading.default\">\n\t\t\t\t<div class=\"elementor-widget-container\">\n\t\t\t\t\t<h4 class=\"elementor-heading-title elementor-size-default\">Ascolta l'audio<\/h4>\t\t\t\t<\/div>\n\t\t\t\t<\/div>\n\t\t\t\t<div class=\"elementor-element elementor-element-ce6bf37 elementor-widget elementor-widget-wp-widget-media_audio\" data-id=\"ce6bf37\" data-element_type=\"widget\" data-e-type=\"widget\" data-widget_type=\"wp-widget-media_audio.default\">\n\t\t\t\t<div class=\"elementor-widget-container\">\n\t\t\t\t\t<audio class=\"wp-audio-shortcode\" id=\"audio-2642-1\" preload=\"none\" style=\"width: 100%;\" controls=\"controls\"><source type=\"audio\/mpeg\" src=\"https:\/\/app.ecomuseovajont.net\/wp-content\/uploads\/2025\/01\/Tappa-18_1.mp3?_=1\" \/><source type=\"audio\/mpeg\" src=\"https:\/\/app.ecomuseovajont.net\/wp-content\/uploads\/2025\/01\/Tappa-18_1.mp3?_=1\" \/><a href=\"https:\/\/app.ecomuseovajont.net\/wp-content\/uploads\/2025\/01\/Tappa-18_1.mp3\">https:\/\/app.ecomuseovajont.net\/wp-content\/uploads\/2025\/01\/Tappa-18_1.mp3<\/a><\/audio>\t\t\t\t<\/div>\n\t\t\t\t<\/div>\n\t\t\t\t<div class=\"elementor-element elementor-element-222ede2 elementor-widget elementor-widget-text-editor\" data-id=\"222ede2\" data-element_type=\"widget\" data-e-type=\"widget\" data-widget_type=\"text-editor.default\">\n\t\t\t\t<div class=\"elementor-widget-container\">\n\t\t\t\t\t\t\t\t\t<p class=\"p1\">Poco distante da qui c\u2019era la casa di Menol\u00ecn<i>. <\/i>Le tracce non sono pi\u00f9 visibili. Persero la vita Domenico da noi chiamato Menol\u00ecn e la nipote Domenica.<\/p>\t\t\t\t\t\t\t\t<\/div>\n\t\t\t\t<\/div>\n\t\t\t\t<section class=\"elementor-section elementor-inner-section elementor-element elementor-element-62f258e elementor-section-boxed elementor-section-height-default elementor-section-height-default\" data-id=\"62f258e\" data-element_type=\"section\" data-e-type=\"section\">\n\t\t\t\t\t\t<div class=\"elementor-container elementor-column-gap-default\">\n\t\t\t\t\t<div class=\"elementor-column elementor-col-50 elementor-inner-column elementor-element elementor-element-e80fa08\" data-id=\"e80fa08\" data-element_type=\"column\" data-e-type=\"column\">\n\t\t\t<div class=\"elementor-widget-wrap elementor-element-populated\">\n\t\t\t\t\t\t<div class=\"elementor-element elementor-element-8b622a5 elementor-widget elementor-widget-image\" data-id=\"8b622a5\" data-element_type=\"widget\" data-e-type=\"widget\" data-widget_type=\"image.default\">\n\t\t\t\t<div class=\"elementor-widget-container\">\n\t\t\t\t\t\t\t\t\t\t\t\t<figure class=\"wp-caption\">\n\t\t\t\t\t\t\t\t\t\t<img fetchpriority=\"high\" decoding=\"async\" width=\"668\" height=\"1024\" src=\"https:\/\/app.ecomuseovajont.net\/wp-content\/uploads\/2024\/12\/1-Domenico-Menolin-668x1024.jpeg\" class=\"attachment-large size-large wp-image-2647\" alt=\"\" srcset=\"https:\/\/app.ecomuseovajont.net\/wp-content\/uploads\/2024\/12\/1-Domenico-Menolin-668x1024.jpeg 668w, https:\/\/app.ecomuseovajont.net\/wp-content\/uploads\/2024\/12\/1-Domenico-Menolin-196x300.jpeg 196w, https:\/\/app.ecomuseovajont.net\/wp-content\/uploads\/2024\/12\/1-Domenico-Menolin-768x1178.jpeg 768w, https:\/\/app.ecomuseovajont.net\/wp-content\/uploads\/2024\/12\/1-Domenico-Menolin-1002x1536.jpeg 1002w, https:\/\/app.ecomuseovajont.net\/wp-content\/uploads\/2024\/12\/1-Domenico-Menolin-8x12.jpeg 8w, https:\/\/app.ecomuseovajont.net\/wp-content\/uploads\/2024\/12\/1-Domenico-Menolin.jpeg 1069w\" sizes=\"(max-width: 668px) 100vw, 668px\" \/>\t\t\t\t\t\t\t\t\t\t\t<figcaption class=\"widget-image-caption wp-caption-text\">Domenico<\/figcaption>\n\t\t\t\t\t\t\t\t\t\t<\/figure>\n\t\t\t\t\t\t\t\t\t<\/div>\n\t\t\t\t<\/div>\n\t\t\t\t\t<\/div>\n\t\t<\/div>\n\t\t\t\t<div class=\"elementor-column elementor-col-50 elementor-inner-column elementor-element elementor-element-7906ff9\" data-id=\"7906ff9\" data-element_type=\"column\" data-e-type=\"column\">\n\t\t\t<div class=\"elementor-widget-wrap elementor-element-populated\">\n\t\t\t\t\t\t<div class=\"elementor-element elementor-element-9039011 elementor-widget elementor-widget-image\" data-id=\"9039011\" data-element_type=\"widget\" data-e-type=\"widget\" data-widget_type=\"image.default\">\n\t\t\t\t<div class=\"elementor-widget-container\">\n\t\t\t\t\t\t\t\t\t\t\t\t<figure class=\"wp-caption\">\n\t\t\t\t\t\t\t\t\t\t<img decoding=\"async\" width=\"668\" height=\"1024\" src=\"https:\/\/app.ecomuseovajont.net\/wp-content\/uploads\/2024\/12\/2-Domenica-668x1024.jpeg\" class=\"attachment-large size-large wp-image-2648\" alt=\"\" srcset=\"https:\/\/app.ecomuseovajont.net\/wp-content\/uploads\/2024\/12\/2-Domenica-668x1024.jpeg 668w, https:\/\/app.ecomuseovajont.net\/wp-content\/uploads\/2024\/12\/2-Domenica-196x300.jpeg 196w, https:\/\/app.ecomuseovajont.net\/wp-content\/uploads\/2024\/12\/2-Domenica-768x1178.jpeg 768w, https:\/\/app.ecomuseovajont.net\/wp-content\/uploads\/2024\/12\/2-Domenica-1002x1536.jpeg 1002w, https:\/\/app.ecomuseovajont.net\/wp-content\/uploads\/2024\/12\/2-Domenica-8x12.jpeg 8w, https:\/\/app.ecomuseovajont.net\/wp-content\/uploads\/2024\/12\/2-Domenica.jpeg 1065w\" sizes=\"(max-width: 668px) 100vw, 668px\" \/>\t\t\t\t\t\t\t\t\t\t\t<figcaption class=\"widget-image-caption wp-caption-text\">Domenica<\/figcaption>\n\t\t\t\t\t\t\t\t\t\t<\/figure>\n\t\t\t\t\t\t\t\t\t<\/div>\n\t\t\t\t<\/div>\n\t\t\t\t\t<\/div>\n\t\t<\/div>\n\t\t\t\t\t<\/div>\n\t\t<\/section>\n\t\t\t\t<div class=\"elementor-element elementor-element-4619f67 elementor-widget elementor-widget-text-editor\" data-id=\"4619f67\" data-element_type=\"widget\" data-e-type=\"widget\" data-widget_type=\"text-editor.default\">\n\t\t\t\t<div class=\"elementor-widget-container\">\n\t\t\t\t\t\t\t\t\t<p class=\"p1\">\u2026<i>Menol\u00ecn possedeva una segheria azionata dalla forza dell\u2019acqua dal Mol\u00ecn, chiamata cos\u00ec perch\u00e9 nel passato serviva i Mol\u00ecns de le Spesse, le cui macine appartenevano alla famiglia Rab\u00e0lta. Quando questa zona fu espropriata ricostru\u00ec i fabbricati appena a monte della linea dell\u2019invaso e ottenne dalla SADE la corrente elettrica necessaria per il funzionamento della propria attivit\u00e0.<\/i><\/p>\t\t\t\t\t\t\t\t<\/div>\n\t\t\t\t<\/div>\n\t\t\t\t<div class=\"elementor-element elementor-element-a359b11 elementor-widget elementor-widget-image\" data-id=\"a359b11\" data-element_type=\"widget\" data-e-type=\"widget\" data-widget_type=\"image.default\">\n\t\t\t\t<div class=\"elementor-widget-container\">\n\t\t\t\t\t\t\t\t\t\t\t\t<figure class=\"wp-caption\">\n\t\t\t\t\t\t\t\t\t\t<img decoding=\"async\" width=\"1024\" height=\"768\" src=\"https:\/\/app.ecomuseovajont.net\/wp-content\/uploads\/2025\/01\/3-La-casa-di-Menolin-2-1024x768.jpg\" class=\"attachment-large size-large wp-image-2802\" alt=\"\" srcset=\"https:\/\/app.ecomuseovajont.net\/wp-content\/uploads\/2025\/01\/3-La-casa-di-Menolin-2-1024x768.jpg 1024w, https:\/\/app.ecomuseovajont.net\/wp-content\/uploads\/2025\/01\/3-La-casa-di-Menolin-2-300x225.jpg 300w, https:\/\/app.ecomuseovajont.net\/wp-content\/uploads\/2025\/01\/3-La-casa-di-Menolin-2-768x576.jpg 768w, https:\/\/app.ecomuseovajont.net\/wp-content\/uploads\/2025\/01\/3-La-casa-di-Menolin-2-1536x1152.jpg 1536w, https:\/\/app.ecomuseovajont.net\/wp-content\/uploads\/2025\/01\/3-La-casa-di-Menolin-2-2048x1536.jpg 2048w, https:\/\/app.ecomuseovajont.net\/wp-content\/uploads\/2025\/01\/3-La-casa-di-Menolin-2-16x12.jpg 16w\" sizes=\"(max-width: 1024px) 100vw, 1024px\" \/>\t\t\t\t\t\t\t\t\t\t\t<figcaption class=\"widget-image-caption wp-caption-text\">La casa prima del disastro<\/figcaption>\n\t\t\t\t\t\t\t\t\t\t<\/figure>\n\t\t\t\t\t\t\t\t\t<\/div>\n\t\t\t\t<\/div>\n\t\t\t\t<div class=\"elementor-element elementor-element-e5fbe01 elementor-widget elementor-widget-text-editor\" data-id=\"e5fbe01\" data-element_type=\"widget\" data-e-type=\"widget\" data-widget_type=\"text-editor.default\">\n\t\t\t\t<div class=\"elementor-widget-container\">\n\t\t\t\t\t\t\t\t\t<p class=\"p1\"><i>Sfruttava l\u2019innalzamento dell\u2019acqua del lago artificiale per far salire il legname residuo della dismessa segheria o provenienti dal taglio dei suoi boschi che sarebbero stati sommersi dall\u2019acqua facendolo galleggiare su di essa, trattenuto alla terraferma da corde in ferro, che ogni tanto doveva riposizionare pi\u00f9 in alto, considerato che l\u2019acqua del lago cresceva continuamente. Ora, camminando ai margini di quello che fu l\u2019invaso, si possono ancora notare i legni di Menol\u00ecn, allacciati a dei cordini di ferro confusi con legni che componevano: tetti, solai, finestre, porte credenze, letti, culle, appartenenti alle famiglie scomparse nel nulla.<\/i><\/p><p class=\"p2\"><i>\u2026La figura di Menol\u00ecn \u00e8 per me una delle tante indimenticabili. Uomo di poche parole e di meno sorrisi, era cordiale con noi ragazzi, nella sua rusticit\u00e0. Sapeva suonare con maestria il violino e la fisarmonica semicromatica. <\/i><\/p><p class=\"p2\">Paolo Filippin<\/p>\t\t\t\t\t\t\t\t<\/div>\n\t\t\t\t<\/div>\n\t\t\t\t<section class=\"elementor-section elementor-inner-section elementor-element elementor-element-a9fc0c5 elementor-section-boxed elementor-section-height-default elementor-section-height-default\" data-id=\"a9fc0c5\" data-element_type=\"section\" data-e-type=\"section\">\n\t\t\t\t\t\t<div class=\"elementor-container elementor-column-gap-default\">\n\t\t\t\t\t<div class=\"elementor-column elementor-col-100 elementor-inner-column elementor-element elementor-element-61734cf\" data-id=\"61734cf\" data-element_type=\"column\" data-e-type=\"column\">\n\t\t\t<div class=\"elementor-widget-wrap elementor-element-populated\">\n\t\t\t\t\t\t<div class=\"elementor-element elementor-element-3ee2fde elementor-widget elementor-widget-image\" data-id=\"3ee2fde\" data-element_type=\"widget\" data-e-type=\"widget\" data-widget_type=\"image.default\">\n\t\t\t\t<div class=\"elementor-widget-container\">\n\t\t\t\t\t\t\t\t\t\t\t\t<figure class=\"wp-caption\">\n\t\t\t\t\t\t\t\t\t\t<img loading=\"lazy\" decoding=\"async\" width=\"709\" height=\"1024\" src=\"https:\/\/app.ecomuseovajont.net\/wp-content\/uploads\/2024\/12\/4-Felice-sulle-macerie-di-casa-sua-709x1024.jpg\" class=\"attachment-large size-large wp-image-2650\" alt=\"\" srcset=\"https:\/\/app.ecomuseovajont.net\/wp-content\/uploads\/2024\/12\/4-Felice-sulle-macerie-di-casa-sua-709x1024.jpg 709w, https:\/\/app.ecomuseovajont.net\/wp-content\/uploads\/2024\/12\/4-Felice-sulle-macerie-di-casa-sua-208x300.jpg 208w, https:\/\/app.ecomuseovajont.net\/wp-content\/uploads\/2024\/12\/4-Felice-sulle-macerie-di-casa-sua-768x1109.jpg 768w, https:\/\/app.ecomuseovajont.net\/wp-content\/uploads\/2024\/12\/4-Felice-sulle-macerie-di-casa-sua-1063x1536.jpg 1063w, https:\/\/app.ecomuseovajont.net\/wp-content\/uploads\/2024\/12\/4-Felice-sulle-macerie-di-casa-sua-1418x2048.jpg 1418w, https:\/\/app.ecomuseovajont.net\/wp-content\/uploads\/2024\/12\/4-Felice-sulle-macerie-di-casa-sua-8x12.jpg 8w, https:\/\/app.ecomuseovajont.net\/wp-content\/uploads\/2024\/12\/4-Felice-sulle-macerie-di-casa-sua-scaled.jpg 1772w\" sizes=\"(max-width: 709px) 100vw, 709px\" \/>\t\t\t\t\t\t\t\t\t\t\t<figcaption class=\"widget-image-caption wp-caption-text\">Felice sulle macerie di casa sua<\/figcaption>\n\t\t\t\t\t\t\t\t\t\t<\/figure>\n\t\t\t\t\t\t\t\t\t<\/div>\n\t\t\t\t<\/div>\n\t\t\t\t\t<\/div>\n\t\t<\/div>\n\t\t\t\t\t<\/div>\n\t\t<\/section>\n\t\t\t\t<div class=\"elementor-element elementor-element-fd99a76 elementor-widget elementor-widget-text-editor\" data-id=\"fd99a76\" data-element_type=\"widget\" data-e-type=\"widget\" data-widget_type=\"text-editor.default\">\n\t\t\t\t<div class=\"elementor-widget-container\">\n\t\t\t\t\t\t\t\t\t<p class=\"p1\">Il figlio di Menol\u00ecn, Felice Filippin L\u00e0zzeris che abitava lontano, amava scrivere e ci ha lasciato tanti racconti della sua vita di soldato in Russia nell\u2019ultima Guerra mondiale, del suo peregrinare da venditore ambulante e del suo borgo.<\/p><p class=\"p2\">E qui ogni albero rinato dove pi\u00f9 nulla c\u2019era, racchiude nelle sue radici i respiri lasciati nella terra da chi non c\u2019\u00e8 pi\u00f9.<\/p><p class=\"p2\">Accarezzarli \u00e8 toccare il profondo delle anime che vagano tra cielo e terra.<\/p><p class=\"p2\"><i>Li animutis del Vajont<\/i><\/p><p class=\"p2\"><i>Il giorno dopo il disastro della diga del Vajont, a Montereale ci fu come un\u2019invasione di piccole farfalle,<\/i><\/p><p class=\"p2\"><i>Si posavano sui muri e volavano attorno alle lampade lungo le strade. <\/i><\/p><p class=\"p2\"><i>Anche vicino alla casa di mia nonna ce n\u2019erano tantissime e i bambini tiravano loro i sassi.<\/i><\/p><p class=\"p2\"><i>Allora usc\u00ec Anita una vecchietta di ottanta anni e li rimprover\u00f2:<\/i><\/p><p class=\"p2\"><i>\u201cNon disturbatele, lasciatele stare, sono le anime di quella sfortunata gente che \u00e8 morta nel Vajont\u201d<\/i><\/p><p class=\"p2\">Istituto Comprensivo Montereale Valcellina. Testo raccolto dall\u2019insegnante Maria Grazia Magris tramite l\u2019alunno Canzi Luigino.<\/p><p class=\"p1\">Nel centro visite del Parco Dolomiti Friulane trovate un\u2019installazione particolare. Girando le manovelle con le vostre mani si accendono miriadi di farfalle: sono battiti d\u2019ali per la Memoria.<\/p><p class=\"p1\"><strong>Scendi per un breve tratto per arrivare all\u2019ultimo sedime.<\/strong><\/p>\t\t\t\t\t\t\t\t<\/div>\n\t\t\t\t<\/div>\n\t\t\t\t<div class=\"elementor-element elementor-element-66a6940 elementor-align-center elementor-widget elementor-widget-button\" data-id=\"66a6940\" data-element_type=\"widget\" data-e-type=\"widget\" data-widget_type=\"button.default\">\n\t\t\t\t<div class=\"elementor-widget-container\">\n\t\t\t\t\t\t\t\t\t<div class=\"elementor-button-wrapper\">\n\t\t\t\t\t<a class=\"elementor-button elementor-button-link elementor-size-sm\" href=\"https:\/\/app.ecomuseovajont.net\/en\/e-le-spesse-percorso\/\">\n\t\t\t\t\t\t<span class=\"elementor-button-content-wrapper\">\n\t\t\t\t\t\t<span class=\"elementor-button-icon\">\n\t\t\t\t<i aria-hidden=\"true\" class=\"fas fa-angle-left\"><\/i>\t\t\t<\/span>\n\t\t\t\t\t\t\t\t\t<span class=\"elementor-button-text\">Torna alla mappa<\/span>\n\t\t\t\t\t<\/span>\n\t\t\t\t\t<\/a>\n\t\t\t\t<\/div>\n\t\t\t\t\t\t\t\t<\/div>\n\t\t\t\t<\/div>\n\t\t\t\t\t<\/div>\n\t\t<\/div>\n\t\t\t\t\t<\/div>\n\t\t<\/section>\n\t\t\t\t<\/div>","protected":false},"excerpt":{"rendered":"<p>FAMIGLIA MENOL\u00ccN Ascolta l&#8217;audio Poco distante da qui c\u2019era la casa di Menol\u00ecn. Le tracce non sono pi\u00f9 visibili. Persero la vita Domenico da noi chiamato Menol\u00ecn e la nipote Domenica. Domenico Domenica \u2026Menol\u00ecn possedeva una segheria azionata dalla forza dell\u2019acqua dal Mol\u00ecn, chiamata cos\u00ec perch\u00e9 nel passato serviva i Mol\u00ecns de le Spesse, le &#8230; <a title=\"E18 &#8211; Famiglia  Menol\u00ecn\" class=\"read-more\" href=\"https:\/\/app.ecomuseovajont.net\/en\/e18-famiglia-menolin\/\" aria-label=\"Read more about E18 &#8211; Famiglia  Menol\u00ecn\">Read more<\/a><\/p>","protected":false},"author":1,"featured_media":0,"parent":0,"menu_order":0,"comment_status":"closed","ping_status":"closed","template":"elementor_canvas","meta":{"footnotes":""},"class_list":["post-2642","page","type-page","status-publish"],"_links":{"self":[{"href":"https:\/\/app.ecomuseovajont.net\/en\/wp-json\/wp\/v2\/pages\/2642","targetHints":{"allow":["GET"]}}],"collection":[{"href":"https:\/\/app.ecomuseovajont.net\/en\/wp-json\/wp\/v2\/pages"}],"about":[{"href":"https:\/\/app.ecomuseovajont.net\/en\/wp-json\/wp\/v2\/types\/page"}],"author":[{"embeddable":true,"href":"https:\/\/app.ecomuseovajont.net\/en\/wp-json\/wp\/v2\/users\/1"}],"replies":[{"embeddable":true,"href":"https:\/\/app.ecomuseovajont.net\/en\/wp-json\/wp\/v2\/comments?post=2642"}],"version-history":[{"count":7,"href":"https:\/\/app.ecomuseovajont.net\/en\/wp-json\/wp\/v2\/pages\/2642\/revisions"}],"predecessor-version":[{"id":2805,"href":"https:\/\/app.ecomuseovajont.net\/en\/wp-json\/wp\/v2\/pages\/2642\/revisions\/2805"}],"wp:attachment":[{"href":"https:\/\/app.ecomuseovajont.net\/en\/wp-json\/wp\/v2\/media?parent=2642"}],"curies":[{"name":"wp","href":"https:\/\/api.w.org\/{rel}","templated":true}]}}