{"id":2657,"date":"2024-12-30T17:39:31","date_gmt":"2024-12-30T16:39:31","guid":{"rendered":"https:\/\/app.ecomuseovajont.net\/?page_id=2657"},"modified":"2025-01-08T09:55:47","modified_gmt":"2025-01-08T08:55:47","slug":"e19-famiglia-pipi","status":"publish","type":"page","link":"https:\/\/app.ecomuseovajont.net\/en\/e19-famiglia-pipi\/","title":{"rendered":"E19 &#8211; Famiglia  Pipi"},"content":{"rendered":"<div data-elementor-type=\"wp-page\" data-elementor-id=\"2657\" class=\"elementor elementor-2657\">\n\t\t\t\t\t\t<section class=\"elementor-section elementor-top-section elementor-element elementor-element-3a79f242 elementor-section-full_width elementor-section-height-default elementor-section-height-default\" data-id=\"3a79f242\" data-element_type=\"section\" data-e-type=\"section\" data-settings=\"{&quot;background_background&quot;:&quot;classic&quot;}\">\n\t\t\t\t\t\t<div class=\"elementor-container elementor-column-gap-no\">\n\t\t\t\t\t<div class=\"elementor-column elementor-col-100 elementor-top-column elementor-element elementor-element-22c2dda2\" data-id=\"22c2dda2\" data-element_type=\"column\" data-e-type=\"column\">\n\t\t\t<div class=\"elementor-widget-wrap elementor-element-populated\">\n\t\t\t\t\t\t<div class=\"elementor-element elementor-element-9b1b29d elementor-widget elementor-widget-heading\" data-id=\"9b1b29d\" data-element_type=\"widget\" data-e-type=\"widget\" data-widget_type=\"heading.default\">\n\t\t\t\t<div class=\"elementor-widget-container\">\n\t\t\t\t\t<h2 class=\"elementor-heading-title elementor-size-default\">FAMIGLIA PIPI<\/h2>\t\t\t\t<\/div>\n\t\t\t\t<\/div>\n\t\t\t\t<div class=\"elementor-element elementor-element-c014c56 elementor-widget elementor-widget-heading\" data-id=\"c014c56\" data-element_type=\"widget\" data-e-type=\"widget\" data-widget_type=\"heading.default\">\n\t\t\t\t<div class=\"elementor-widget-container\">\n\t\t\t\t\t<h4 class=\"elementor-heading-title elementor-size-default\">Ascolta l'audio<\/h4>\t\t\t\t<\/div>\n\t\t\t\t<\/div>\n\t\t\t\t<div class=\"elementor-element elementor-element-ce6bf37 elementor-widget elementor-widget-wp-widget-media_audio\" data-id=\"ce6bf37\" data-element_type=\"widget\" data-e-type=\"widget\" data-widget_type=\"wp-widget-media_audio.default\">\n\t\t\t\t<div class=\"elementor-widget-container\">\n\t\t\t\t\t<audio class=\"wp-audio-shortcode\" id=\"audio-2657-1\" preload=\"none\" style=\"width: 100%;\" controls=\"controls\"><source type=\"audio\/mpeg\" src=\"https:\/\/app.ecomuseovajont.net\/wp-content\/uploads\/2024\/12\/Tappa-19.mp3?_=1\" \/><source type=\"audio\/mpeg\" src=\"https:\/\/app.ecomuseovajont.net\/wp-content\/uploads\/2024\/12\/Tappa-19.mp3?_=1\" \/><a href=\"https:\/\/app.ecomuseovajont.net\/wp-content\/uploads\/2024\/12\/Tappa-19.mp3\">https:\/\/app.ecomuseovajont.net\/wp-content\/uploads\/2024\/12\/Tappa-19.mp3<\/a><\/audio>\t\t\t\t<\/div>\n\t\t\t\t<\/div>\n\t\t\t\t<div class=\"elementor-element elementor-element-a359b11 elementor-widget elementor-widget-image\" data-id=\"a359b11\" data-element_type=\"widget\" data-e-type=\"widget\" data-widget_type=\"image.default\">\n\t\t\t\t<div class=\"elementor-widget-container\">\n\t\t\t\t\t\t\t\t\t\t\t\t<figure class=\"wp-caption\">\n\t\t\t\t\t\t\t\t\t\t<img fetchpriority=\"high\" decoding=\"async\" width=\"1024\" height=\"768\" src=\"https:\/\/app.ecomuseovajont.net\/wp-content\/uploads\/2025\/01\/1-La-Casa-prima-del-disastro-2-1024x768.jpg\" class=\"attachment-large size-large wp-image-2806\" alt=\"\" srcset=\"https:\/\/app.ecomuseovajont.net\/wp-content\/uploads\/2025\/01\/1-La-Casa-prima-del-disastro-2-1024x768.jpg 1024w, https:\/\/app.ecomuseovajont.net\/wp-content\/uploads\/2025\/01\/1-La-Casa-prima-del-disastro-2-300x225.jpg 300w, https:\/\/app.ecomuseovajont.net\/wp-content\/uploads\/2025\/01\/1-La-Casa-prima-del-disastro-2-768x576.jpg 768w, https:\/\/app.ecomuseovajont.net\/wp-content\/uploads\/2025\/01\/1-La-Casa-prima-del-disastro-2-1536x1152.jpg 1536w, https:\/\/app.ecomuseovajont.net\/wp-content\/uploads\/2025\/01\/1-La-Casa-prima-del-disastro-2-2048x1536.jpg 2048w, https:\/\/app.ecomuseovajont.net\/wp-content\/uploads\/2025\/01\/1-La-Casa-prima-del-disastro-2-16x12.jpg 16w\" sizes=\"(max-width: 1024px) 100vw, 1024px\" \/>\t\t\t\t\t\t\t\t\t\t\t<figcaption class=\"widget-image-caption wp-caption-text\">La casa prima del disastro<\/figcaption>\n\t\t\t\t\t\t\t\t\t\t<\/figure>\n\t\t\t\t\t\t\t\t\t<\/div>\n\t\t\t\t<\/div>\n\t\t\t\t<div class=\"elementor-element elementor-element-222ede2 elementor-widget elementor-widget-text-editor\" data-id=\"222ede2\" data-element_type=\"widget\" data-e-type=\"widget\" data-widget_type=\"text-editor.default\">\n\t\t\t\t<div class=\"elementor-widget-container\">\n\t\t\t\t\t\t\t\t\t<p class=\"p1\">Era l\u2019ultima casa, davanti a loro la distesa del lago.<\/p><p class=\"p2\">Qui hanno perso la vita i coniugi Vittorio e Giacoma e i figli: Rosastella, Margherita, Pietro, Daniele, Daniela di soli quattro anni e lo zio Antonio.<\/p>\t\t\t\t\t\t\t\t<\/div>\n\t\t\t\t<\/div>\n\t\t\t\t<section class=\"elementor-section elementor-inner-section elementor-element elementor-element-62f258e elementor-section-boxed elementor-section-height-default elementor-section-height-default\" data-id=\"62f258e\" data-element_type=\"section\" data-e-type=\"section\">\n\t\t\t\t\t\t<div class=\"elementor-container elementor-column-gap-default\">\n\t\t\t\t\t<div class=\"elementor-column elementor-col-50 elementor-inner-column elementor-element elementor-element-e80fa08\" data-id=\"e80fa08\" data-element_type=\"column\" data-e-type=\"column\">\n\t\t\t<div class=\"elementor-widget-wrap elementor-element-populated\">\n\t\t\t\t\t\t<div class=\"elementor-element elementor-element-8b622a5 elementor-widget elementor-widget-image\" data-id=\"8b622a5\" data-element_type=\"widget\" data-e-type=\"widget\" data-widget_type=\"image.default\">\n\t\t\t\t<div class=\"elementor-widget-container\">\n\t\t\t\t\t\t\t\t\t\t\t\t<figure class=\"wp-caption\">\n\t\t\t\t\t\t\t\t\t\t<img decoding=\"async\" width=\"695\" height=\"1024\" src=\"https:\/\/app.ecomuseovajont.net\/wp-content\/uploads\/2024\/12\/2-La-famiglia-Pipi-695x1024.jpeg\" class=\"attachment-large size-large wp-image-2660\" alt=\"\" srcset=\"https:\/\/app.ecomuseovajont.net\/wp-content\/uploads\/2024\/12\/2-La-famiglia-Pipi-695x1024.jpeg 695w, https:\/\/app.ecomuseovajont.net\/wp-content\/uploads\/2024\/12\/2-La-famiglia-Pipi-203x300.jpeg 203w, https:\/\/app.ecomuseovajont.net\/wp-content\/uploads\/2024\/12\/2-La-famiglia-Pipi-768x1132.jpeg 768w, https:\/\/app.ecomuseovajont.net\/wp-content\/uploads\/2024\/12\/2-La-famiglia-Pipi-1042x1536.jpeg 1042w, https:\/\/app.ecomuseovajont.net\/wp-content\/uploads\/2024\/12\/2-La-famiglia-Pipi-8x12.jpeg 8w, https:\/\/app.ecomuseovajont.net\/wp-content\/uploads\/2024\/12\/2-La-famiglia-Pipi.jpeg 1107w\" sizes=\"(max-width: 695px) 100vw, 695px\" \/>\t\t\t\t\t\t\t\t\t\t\t<figcaption class=\"widget-image-caption wp-caption-text\">La famiglia Pipi<\/figcaption>\n\t\t\t\t\t\t\t\t\t\t<\/figure>\n\t\t\t\t\t\t\t\t\t<\/div>\n\t\t\t\t<\/div>\n\t\t\t\t\t<\/div>\n\t\t<\/div>\n\t\t\t\t<div class=\"elementor-column elementor-col-50 elementor-inner-column elementor-element elementor-element-7906ff9\" data-id=\"7906ff9\" data-element_type=\"column\" data-e-type=\"column\">\n\t\t\t<div class=\"elementor-widget-wrap elementor-element-populated\">\n\t\t\t\t\t\t<div class=\"elementor-element elementor-element-9039011 elementor-widget elementor-widget-image\" data-id=\"9039011\" data-element_type=\"widget\" data-e-type=\"widget\" data-widget_type=\"image.default\">\n\t\t\t\t<div class=\"elementor-widget-container\">\n\t\t\t\t\t\t\t\t\t\t\t\t<figure class=\"wp-caption\">\n\t\t\t\t\t\t\t\t\t\t<img decoding=\"async\" width=\"831\" height=\"1024\" src=\"https:\/\/app.ecomuseovajont.net\/wp-content\/uploads\/2024\/12\/3-Antonio-831x1024.jpg\" class=\"attachment-large size-large wp-image-2661\" alt=\"\" srcset=\"https:\/\/app.ecomuseovajont.net\/wp-content\/uploads\/2024\/12\/3-Antonio-831x1024.jpg 831w, https:\/\/app.ecomuseovajont.net\/wp-content\/uploads\/2024\/12\/3-Antonio-243x300.jpg 243w, https:\/\/app.ecomuseovajont.net\/wp-content\/uploads\/2024\/12\/3-Antonio-768x946.jpg 768w, https:\/\/app.ecomuseovajont.net\/wp-content\/uploads\/2024\/12\/3-Antonio-1247x1536.jpg 1247w, https:\/\/app.ecomuseovajont.net\/wp-content\/uploads\/2024\/12\/3-Antonio-10x12.jpg 10w, https:\/\/app.ecomuseovajont.net\/wp-content\/uploads\/2024\/12\/3-Antonio.jpg 1560w\" sizes=\"(max-width: 831px) 100vw, 831px\" \/>\t\t\t\t\t\t\t\t\t\t\t<figcaption class=\"widget-image-caption wp-caption-text\">Lo zio Antonio<\/figcaption>\n\t\t\t\t\t\t\t\t\t\t<\/figure>\n\t\t\t\t\t\t\t\t\t<\/div>\n\t\t\t\t<\/div>\n\t\t\t\t\t<\/div>\n\t\t<\/div>\n\t\t\t\t\t<\/div>\n\t\t<\/section>\n\t\t\t\t<div class=\"elementor-element elementor-element-e5fbe01 elementor-widget elementor-widget-text-editor\" data-id=\"e5fbe01\" data-element_type=\"widget\" data-e-type=\"widget\" data-widget_type=\"text-editor.default\">\n\t\t\t\t<div class=\"elementor-widget-container\">\n\t\t\t\t\t\t\t\t\t<p class=\"p1\">Pierina era una delle sorelle rimaste. Aveva sedici anni e lavorava in Germania. Ricorda che per una settimana i datori di lavoro la tennero nascosta in casa perch\u00e9 non era facile trovare le parole per raccontarle quanto era successo. Sapevano gi\u00e0 che la tragedia aveva duramente colpito la sua famiglia. Aveva perso per sempre i suoi genitori e i cinque fratelli e nessuno di loro fu ritrovato. La accompagnarono fino a Longarone per essere poi fatta salire sull\u2019elicottero che la port\u00f2 a Cimolais. Qui, ad attenderla, c\u2019erano i fratelli che si erano salvati perch\u00e9 come lei erano al lavoro lontano dal paese: Vittorino, Emanuela e Sebastiano.<\/p><p class=\"p1\">Il dramma di quella notte \u00e8 ancora vivo. Mentre Sebastiano parla, sento tutto il suo dolore quando a stento trattiene le lacrime. Parla a singhiozzi perch\u00e9 davanti ai suoi occhi rivede ad uno ad uno i suoi famigliari e sono tanti; i genitori, cinque fratelli e lo zio che in un attimo non ha pi\u00f9 rivisto.<\/p><p class=\"p1\">\u2026<i>Lavoravo a Pieve di Cadore come muratore. Saputo quello che era successo, insieme ad altri operai sono tornato verso casa. A Codissago saltavo di trave in trave, un salto per parte, strade non ce n\u2019erano pi\u00f9, il ponte non c\u2019era pi\u00f9.<\/i><\/p><p class=\"p1\"><i>Proseguendo verso Erto, lungo la mulattiera abbiamo incontrato quattro persone che scendevano verso Longarone, parlarono con Bruno ma quando mi videro si girarono dall\u2019altra parte, non avevano il coraggio di dirmi la verit\u00e0.<\/i><\/p><p class=\"p1\"><i>Avevo sedici anni. \u00c8 stata troppo grande per me quella tragedia. Avevo lasciato casa mia da pochi giorni per andare al lavoro e quando sono tornato non c\u2019era pi\u00f9 nessuno, tutto sparito. Era rimasto solo il pavimento<\/i>.<\/p>\t\t\t\t\t\t\t\t<\/div>\n\t\t\t\t<\/div>\n\t\t\t\t<section class=\"elementor-section elementor-inner-section elementor-element elementor-element-a9fc0c5 elementor-section-boxed elementor-section-height-default elementor-section-height-default\" data-id=\"a9fc0c5\" data-element_type=\"section\" data-e-type=\"section\">\n\t\t\t\t\t\t<div class=\"elementor-container elementor-column-gap-default\">\n\t\t\t\t\t<div class=\"elementor-column elementor-col-100 elementor-inner-column elementor-element elementor-element-61734cf\" data-id=\"61734cf\" data-element_type=\"column\" data-e-type=\"column\">\n\t\t\t<div class=\"elementor-widget-wrap elementor-element-populated\">\n\t\t\t\t\t\t<div class=\"elementor-element elementor-element-3ee2fde elementor-widget elementor-widget-image\" data-id=\"3ee2fde\" data-element_type=\"widget\" data-e-type=\"widget\" data-widget_type=\"image.default\">\n\t\t\t\t<div class=\"elementor-widget-container\">\n\t\t\t\t\t\t\t\t\t\t\t\t<figure class=\"wp-caption\">\n\t\t\t\t\t\t\t\t\t\t<img loading=\"lazy\" decoding=\"async\" width=\"577\" height=\"1024\" src=\"https:\/\/app.ecomuseovajont.net\/wp-content\/uploads\/2024\/12\/4-Il-sedime-1-577x1024.jpg\" class=\"attachment-large size-large wp-image-2663\" alt=\"\" srcset=\"https:\/\/app.ecomuseovajont.net\/wp-content\/uploads\/2024\/12\/4-Il-sedime-1-577x1024.jpg 577w, https:\/\/app.ecomuseovajont.net\/wp-content\/uploads\/2024\/12\/4-Il-sedime-1-169x300.jpg 169w, https:\/\/app.ecomuseovajont.net\/wp-content\/uploads\/2024\/12\/4-Il-sedime-1-768x1364.jpg 768w, https:\/\/app.ecomuseovajont.net\/wp-content\/uploads\/2024\/12\/4-Il-sedime-1-865x1536.jpg 865w, https:\/\/app.ecomuseovajont.net\/wp-content\/uploads\/2024\/12\/4-Il-sedime-1-1153x2048.jpg 1153w, https:\/\/app.ecomuseovajont.net\/wp-content\/uploads\/2024\/12\/4-Il-sedime-1-7x12.jpg 7w, https:\/\/app.ecomuseovajont.net\/wp-content\/uploads\/2024\/12\/4-Il-sedime-1.jpg 1200w\" sizes=\"(max-width: 577px) 100vw, 577px\" \/>\t\t\t\t\t\t\t\t\t\t\t<figcaption class=\"widget-image-caption wp-caption-text\">Il Sedime<\/figcaption>\n\t\t\t\t\t\t\t\t\t\t<\/figure>\n\t\t\t\t\t\t\t\t\t<\/div>\n\t\t\t\t<\/div>\n\t\t\t\t\t<\/div>\n\t\t<\/div>\n\t\t\t\t\t<\/div>\n\t\t<\/section>\n\t\t\t\t<div class=\"elementor-element elementor-element-fd99a76 elementor-widget elementor-widget-text-editor\" data-id=\"fd99a76\" data-element_type=\"widget\" data-e-type=\"widget\" data-widget_type=\"text-editor.default\">\n\t\t\t\t<div class=\"elementor-widget-container\">\n\t\t\t\t\t\t\t\t\t<p class=\"p1\">Ricorda che a Cimolais per quindici giorni rimase con la stessa tuta da lavoro che aveva indossato la mattina del 10 ottobre per andare al lavoro.<\/p><p class=\"p1\"><i>\u2026 Ero presso la colonia di Cimolais. Nessuno si curava di me, n\u00e9 autorit\u00e0 civili n\u00e9 religiose, fino a quando Bobo, il taxista di Cimolais, recapit\u00f2 il vestiario della POA per i superstiti e trovai qualcosa per cambiarmi.<\/i><\/p><p class=\"p1\">La sua casa era in mezzo ai prati e poco distante il lago continuava a crescere. Sebastiano ricorda la prima frana.<\/p><p class=\"p1\"><i>Erano le 10.00, 10.30 quando vidi un polverone. Invitai Piero e Pierina a scappare perch\u00e9 il lago si alzava. Vidi un vortice d\u2019acqua che divorava le piante come fosse un drago.<\/i><\/p>\t\t\t\t\t\t\t\t<\/div>\n\t\t\t\t<\/div>\n\t\t\t\t<div class=\"elementor-element elementor-element-81064ed elementor-widget elementor-widget-video\" data-id=\"81064ed\" data-element_type=\"widget\" data-e-type=\"widget\" data-settings=\"{&quot;video_type&quot;:&quot;hosted&quot;,&quot;controls&quot;:&quot;yes&quot;}\" data-widget_type=\"video.default\">\n\t\t\t\t<div class=\"elementor-widget-container\">\n\t\t\t\t\t\t\t<div class=\"e-hosted-video elementor-wrapper elementor-open-inline\">\n\t\t\t\t\t<video class=\"elementor-video\" src=\"https:\/\/app.ecomuseovajont.net\/wp-content\/uploads\/2024\/12\/WhatsApp-Video-2022-10-30-at-11.56.29-5.mp4\" controls=\"\" preload=\"metadata\" controlslist=\"nodownload\"><\/video>\n\t\t\t\t<\/div>\n\t\t\t\t\t\t<\/div>\n\t\t\t\t<\/div>\n\t\t\t\t<div class=\"elementor-element elementor-element-cd901f3 elementor-widget elementor-widget-text-editor\" data-id=\"cd901f3\" data-element_type=\"widget\" data-e-type=\"widget\" data-widget_type=\"text-editor.default\">\n\t\t\t\t<div class=\"elementor-widget-container\">\n\t\t\t\t\t\t\t\t\t<p class=\"p1\"><b>Il percorso termina qui, rifai lo stesso percorso per raggiungere la strada da cui sei partito.<\/b><\/p>\t\t\t\t\t\t\t\t<\/div>\n\t\t\t\t<\/div>\n\t\t\t\t<div class=\"elementor-element elementor-element-66a6940 elementor-align-center elementor-widget elementor-widget-button\" data-id=\"66a6940\" data-element_type=\"widget\" data-e-type=\"widget\" data-widget_type=\"button.default\">\n\t\t\t\t<div class=\"elementor-widget-container\">\n\t\t\t\t\t\t\t\t\t<div class=\"elementor-button-wrapper\">\n\t\t\t\t\t<a class=\"elementor-button elementor-button-link elementor-size-sm\" href=\"https:\/\/app.ecomuseovajont.net\/en\/e-le-spesse-percorso\/\">\n\t\t\t\t\t\t<span class=\"elementor-button-content-wrapper\">\n\t\t\t\t\t\t<span class=\"elementor-button-icon\">\n\t\t\t\t<i aria-hidden=\"true\" class=\"fas fa-angle-left\"><\/i>\t\t\t<\/span>\n\t\t\t\t\t\t\t\t\t<span class=\"elementor-button-text\">Torna alla mappa<\/span>\n\t\t\t\t\t<\/span>\n\t\t\t\t\t<\/a>\n\t\t\t\t<\/div>\n\t\t\t\t\t\t\t\t<\/div>\n\t\t\t\t<\/div>\n\t\t\t\t\t<\/div>\n\t\t<\/div>\n\t\t\t\t\t<\/div>\n\t\t<\/section>\n\t\t\t\t<\/div>","protected":false},"excerpt":{"rendered":"<p>FAMIGLIA PIPI Ascolta l&#8217;audio La casa prima del disastro Era l\u2019ultima casa, davanti a loro la distesa del lago. Qui hanno perso la vita i coniugi Vittorio e Giacoma e i figli: Rosastella, Margherita, Pietro, Daniele, Daniela di soli quattro anni e lo zio Antonio. La famiglia Pipi Lo zio Antonio Pierina era una delle &#8230; <a title=\"E19 &#8211; Famiglia  Pipi\" class=\"read-more\" href=\"https:\/\/app.ecomuseovajont.net\/en\/e19-famiglia-pipi\/\" aria-label=\"Read more about E19 &#8211; Famiglia  Pipi\">Read more<\/a><\/p>","protected":false},"author":1,"featured_media":0,"parent":0,"menu_order":0,"comment_status":"closed","ping_status":"closed","template":"elementor_canvas","meta":{"footnotes":""},"class_list":["post-2657","page","type-page","status-publish"],"_links":{"self":[{"href":"https:\/\/app.ecomuseovajont.net\/en\/wp-json\/wp\/v2\/pages\/2657","targetHints":{"allow":["GET"]}}],"collection":[{"href":"https:\/\/app.ecomuseovajont.net\/en\/wp-json\/wp\/v2\/pages"}],"about":[{"href":"https:\/\/app.ecomuseovajont.net\/en\/wp-json\/wp\/v2\/types\/page"}],"author":[{"embeddable":true,"href":"https:\/\/app.ecomuseovajont.net\/en\/wp-json\/wp\/v2\/users\/1"}],"replies":[{"embeddable":true,"href":"https:\/\/app.ecomuseovajont.net\/en\/wp-json\/wp\/v2\/comments?post=2657"}],"version-history":[{"count":7,"href":"https:\/\/app.ecomuseovajont.net\/en\/wp-json\/wp\/v2\/pages\/2657\/revisions"}],"predecessor-version":[{"id":2809,"href":"https:\/\/app.ecomuseovajont.net\/en\/wp-json\/wp\/v2\/pages\/2657\/revisions\/2809"}],"wp:attachment":[{"href":"https:\/\/app.ecomuseovajont.net\/en\/wp-json\/wp\/v2\/media?parent=2657"}],"curies":[{"name":"wp","href":"https:\/\/api.w.org\/{rel}","templated":true}]}}