{"id":595,"date":"2021-11-08T11:20:22","date_gmt":"2021-11-08T10:20:22","guid":{"rendered":"https:\/\/app.ecomuseovajont.net\/?page_id=595"},"modified":"2022-05-04T15:11:09","modified_gmt":"2022-05-04T13:11:09","slug":"c1-pannello","status":"publish","type":"page","link":"https:\/\/app.ecomuseovajont.net\/en\/c1-pannello\/","title":{"rendered":"C1 &#8211; Pannello"},"content":{"rendered":"<div data-elementor-type=\"wp-page\" data-elementor-id=\"595\" class=\"elementor elementor-595\">\n\t\t\t\t\t\t<section class=\"elementor-section elementor-top-section elementor-element elementor-element-3a79f242 elementor-section-full_width elementor-section-height-default elementor-section-height-default\" data-id=\"3a79f242\" data-element_type=\"section\" data-e-type=\"section\" data-settings=\"{&quot;background_background&quot;:&quot;classic&quot;}\">\n\t\t\t\t\t\t<div class=\"elementor-container elementor-column-gap-no\">\n\t\t\t\t\t<div class=\"elementor-column elementor-col-100 elementor-top-column elementor-element elementor-element-22c2dda2\" data-id=\"22c2dda2\" data-element_type=\"column\" data-e-type=\"column\">\n\t\t\t<div class=\"elementor-widget-wrap elementor-element-populated\">\n\t\t\t\t\t\t<div class=\"elementor-element elementor-element-9b1b29d elementor-widget elementor-widget-heading\" data-id=\"9b1b29d\" data-element_type=\"widget\" data-e-type=\"widget\" data-widget_type=\"heading.default\">\n\t\t\t\t<div class=\"elementor-widget-container\">\n\t\t\t\t\t<h2 class=\"elementor-heading-title elementor-size-default\">PANNELLO<\/h2>\t\t\t\t<\/div>\n\t\t\t\t<\/div>\n\t\t\t\t<div class=\"elementor-element elementor-element-be732ea elementor-widget elementor-widget-heading\" data-id=\"be732ea\" data-element_type=\"widget\" data-e-type=\"widget\" data-widget_type=\"heading.default\">\n\t\t\t\t<div class=\"elementor-widget-container\">\n\t\t\t\t\t<h4 class=\"elementor-heading-title elementor-size-default\">Ascolta l'audio<\/h4>\t\t\t\t<\/div>\n\t\t\t\t<\/div>\n\t\t\t\t<div class=\"elementor-element elementor-element-ce6bf37 elementor-widget elementor-widget-wp-widget-media_audio\" data-id=\"ce6bf37\" data-element_type=\"widget\" data-e-type=\"widget\" data-widget_type=\"wp-widget-media_audio.default\">\n\t\t\t\t<div class=\"elementor-widget-container\">\n\t\t\t\t\t<audio class=\"wp-audio-shortcode\" id=\"audio-595-1\" preload=\"none\" style=\"width: 100%;\" controls=\"controls\"><source type=\"audio\/mpeg\" src=\"https:\/\/app.ecomuseovajont.net\/wp-content\/uploads\/2022\/04\/01-PANNELLO.mp3?_=1\" \/><source type=\"audio\/mpeg\" src=\"https:\/\/app.ecomuseovajont.net\/wp-content\/uploads\/2022\/04\/01-PANNELLO.mp3?_=1\" \/><a href=\"https:\/\/app.ecomuseovajont.net\/wp-content\/uploads\/2022\/04\/01-PANNELLO.mp3\">https:\/\/app.ecomuseovajont.net\/wp-content\/uploads\/2022\/04\/01-PANNELLO.mp3<\/a><\/audio>\t\t\t\t<\/div>\n\t\t\t\t<\/div>\n\t\t\t\t<div class=\"elementor-element elementor-element-be16804 elementor-widget elementor-widget-text-editor\" data-id=\"be16804\" data-element_type=\"widget\" data-e-type=\"widget\" data-widget_type=\"text-editor.default\">\n\t\t\t\t<div class=\"elementor-widget-container\">\n\t\t\t\t\t\t\t\t\t<p>Sei in Prada, borgata duramente colpita dalla furia dell\u2019acqua nella sua parte bassa. Le vittime furono nove.<\/p><p>\u00a0<\/p><p><em>Al tempo del disastro io avevo dodici anni. A casa mia si riunivano spesso gli amici per bere un bicchiere di vino. Anche la sera del disastro vennero Sigia e Fortun\u00e8; solitamente si attardavano ma quella sera avevano tutti una fretta inusuale.<\/em><\/p><p><em>Verso le nove ci eravamo gi\u00e0 coricati.<\/em><\/p><p><em>\u00a0Ad un certo punto, mia madre avvert\u00ec uno strano rumore e invit\u00f2 mio padre a chiudere le finestre: \u00a0&#8211; Chiudi, minaccia temporale. <\/em><\/p><p><em>Fu mia madre poi ad alzarsi rimanendo stupita poich\u00e9 verso di lei avanzava il diluvio, una schiuma bianca e il cielo invece era stellato. In un primo momento non si rese conto di quello che stava succedendo ma poi la sentii dire: &#8211; <\/em><em>\u00c8<\/em><em> caduto il Toc, scappiamo!<\/em><\/p><p><em>\u00a0Ci preg\u00f2 di alzarci, senza luce non riuscivamo a trovar niente. Fuori si udivano grida di persone che invocavano aiuto. <\/em><\/p><p><em>Ad uno ad uno fece scendere noi bambini dalla porta posteriore della casa.<\/em><\/p><p><em>Davanti a noi, scorreva acqua. <\/em><\/p><p><em>Ci avviammo verso casa Mela, mentre voci concitate ripetevano: \u201cE\u2019 vivo? \u00c9 morto?\u201d<\/em><\/p><p><em>Queste domande le ho stampate nella memoria, quella sera non la dimenticher\u00f2 mai.<\/em><\/p><p><em>Noi bambini fummo sistemati sul fienile. <\/em><\/p><p><em>Il giorno dopo ci portarono in Giar\u03ccna. Noi non eravamo contenti e ci mettemmo a piangere quando ci dissero che avremmo raggiunto il paese in barca. Impressionante quello che vidi nel lago, indescrivibile. Continuavo a piangere.<\/em><\/p><p><em>Trasferiti a Cimolais, alloggiammo per un periodo presso l\u2019albergo Duranno ed in seguito in una casa in affitto. <\/em><\/p><p>Lucia (Th\u00eca de Gobo)<\/p><p>\u00a0<\/p>\t\t\t\t\t\t\t\t<\/div>\n\t\t\t\t<\/div>\n\t\t\t\t<div class=\"elementor-element elementor-element-289f89f elementor-widget elementor-widget-image\" data-id=\"289f89f\" data-element_type=\"widget\" data-e-type=\"widget\" data-widget_type=\"image.default\">\n\t\t\t\t<div class=\"elementor-widget-container\">\n\t\t\t\t\t\t\t\t\t\t\t\t<figure class=\"wp-caption\">\n\t\t\t\t\t\t\t\t\t\t<img fetchpriority=\"high\" decoding=\"async\" width=\"1024\" height=\"676\" src=\"https:\/\/app.ecomuseovajont.net\/wp-content\/uploads\/2021\/12\/c-erto-pannorama-per-Prada078-1024x676.jpg\" class=\"attachment-large size-large wp-image-1547\" alt=\"\" srcset=\"https:\/\/app.ecomuseovajont.net\/wp-content\/uploads\/2021\/12\/c-erto-pannorama-per-Prada078-1024x676.jpg 1024w, https:\/\/app.ecomuseovajont.net\/wp-content\/uploads\/2021\/12\/c-erto-pannorama-per-Prada078-300x198.jpg 300w, https:\/\/app.ecomuseovajont.net\/wp-content\/uploads\/2021\/12\/c-erto-pannorama-per-Prada078-768x507.jpg 768w, https:\/\/app.ecomuseovajont.net\/wp-content\/uploads\/2021\/12\/c-erto-pannorama-per-Prada078-1536x1015.jpg 1536w, https:\/\/app.ecomuseovajont.net\/wp-content\/uploads\/2021\/12\/c-erto-pannorama-per-Prada078-2048x1353.jpg 2048w, https:\/\/app.ecomuseovajont.net\/wp-content\/uploads\/2021\/12\/c-erto-pannorama-per-Prada078-18x12.jpg 18w, https:\/\/app.ecomuseovajont.net\/wp-content\/uploads\/2021\/12\/c-erto-pannorama-per-Prada078-scaled-e1638450518211.jpg 1280w\" sizes=\"(max-width: 1024px) 100vw, 1024px\" \/>\t\t\t\t\t\t\t\t\t\t\t<figcaption class=\"widget-image-caption wp-caption-text\">Erto vista da Prada<\/figcaption>\n\t\t\t\t\t\t\t\t\t\t<\/figure>\n\t\t\t\t\t\t\t\t\t<\/div>\n\t\t\t\t<\/div>\n\t\t\t\t<div class=\"elementor-element elementor-element-1b902de elementor-widget elementor-widget-text-editor\" data-id=\"1b902de\" data-element_type=\"widget\" data-e-type=\"widget\" data-widget_type=\"text-editor.default\">\n\t\t\t\t<div class=\"elementor-widget-container\">\n\t\t\t\t\t\t\t\t\t<p>Era dalla primavera che le famiglie si erano spostate da Erto in Prada per i lavori agricoli, e sarebbero tornate in paese nel tardo autunno. Insieme alle mucche, molte famiglie allevavano anche il maiale e prima di rientrare in paese lo uccidevano per provvedere alla riserva di salami e salsicce. E si assicuravano la scorta di legna per l\u2019inverno.<\/p><p>L\u2019ambiente ora \u00e8 cambiato per l\u2019abbandono della attivit\u00e0 agricole e boschive.<\/p><p>Il passaggio dell\u2019onda distrusse anche coltivazioni e alberi da frutta lasciando una pietraia. Dopo il disastro i danni vennero riparati con la pulizia del pietrame e inizialmente, nonostante il divieto si ricominci\u00f2 ad abitare abusivamente.<\/p><p>In questi ultimi anni ci sono cinque famiglie che abitano stabilmente qui in Prada.<\/p><p class=\"p1\"><span class=\"s1\">Nelle parole di chi c\u2019era, ti sembra di risentire quello strano rumore che in un attimo squarci\u00f2 la quiete di una notte e di rivedere una porta spalancarsi all\u2019improvviso, per cercare una via di salvezza mentre l\u2019onda distruggeva le case poco distanti. Testimone di quegli attimi \u00e8 Lucia.<\/span><\/p><p class=\"p1\"><span class=\"s1\">Ora scendi passando fra le prime due case. In quella pi\u00f9 bassa abitava la famiglia di Lucia. Prosegui il sentiero costeggiando il bosco per raggiungere la localit\u00e0 Baris\u00e9l dove abitava la famiglia Fortun\u00e8.<\/span><\/p>\t\t\t\t\t\t\t\t<\/div>\n\t\t\t\t<\/div>\n\t\t\t\t<div class=\"elementor-element elementor-element-c620cfa elementor-widget elementor-widget-image\" data-id=\"c620cfa\" data-element_type=\"widget\" data-e-type=\"widget\" data-widget_type=\"image.default\">\n\t\t\t\t<div class=\"elementor-widget-container\">\n\t\t\t\t\t\t\t\t\t\t\t\t\t\t\t<img decoding=\"async\" width=\"1024\" height=\"975\" src=\"https:\/\/app.ecomuseovajont.net\/wp-content\/uploads\/2022\/04\/PHOTO-2022-04-13-09-07-25-1024x975.jpg\" class=\"attachment-large size-large wp-image-1970\" alt=\"\" srcset=\"https:\/\/app.ecomuseovajont.net\/wp-content\/uploads\/2022\/04\/PHOTO-2022-04-13-09-07-25-1024x975.jpg 1024w, https:\/\/app.ecomuseovajont.net\/wp-content\/uploads\/2022\/04\/PHOTO-2022-04-13-09-07-25-300x286.jpg 300w, https:\/\/app.ecomuseovajont.net\/wp-content\/uploads\/2022\/04\/PHOTO-2022-04-13-09-07-25-768x732.jpg 768w, https:\/\/app.ecomuseovajont.net\/wp-content\/uploads\/2022\/04\/PHOTO-2022-04-13-09-07-25-13x12.jpg 13w, https:\/\/app.ecomuseovajont.net\/wp-content\/uploads\/2022\/04\/PHOTO-2022-04-13-09-07-25.jpg 1536w\" sizes=\"(max-width: 1024px) 100vw, 1024px\" \/>\t\t\t\t\t\t\t\t\t\t\t\t\t\t\t<\/div>\n\t\t\t\t<\/div>\n\t\t\t\t<div class=\"elementor-element elementor-element-66a6940 elementor-align-center elementor-widget elementor-widget-button\" data-id=\"66a6940\" data-element_type=\"widget\" data-e-type=\"widget\" data-widget_type=\"button.default\">\n\t\t\t\t<div class=\"elementor-widget-container\">\n\t\t\t\t\t\t\t\t\t<div class=\"elementor-button-wrapper\">\n\t\t\t\t\t<a class=\"elementor-button elementor-button-link elementor-size-sm\" href=\"https:\/\/app.ecomuseovajont.net\/en\/c-prada-percorso\/\">\n\t\t\t\t\t\t<span class=\"elementor-button-content-wrapper\">\n\t\t\t\t\t\t<span class=\"elementor-button-icon\">\n\t\t\t\t<i aria-hidden=\"true\" class=\"fas fa-angle-left\"><\/i>\t\t\t<\/span>\n\t\t\t\t\t\t\t\t\t<span class=\"elementor-button-text\">Torna alla mappa<\/span>\n\t\t\t\t\t<\/span>\n\t\t\t\t\t<\/a>\n\t\t\t\t<\/div>\n\t\t\t\t\t\t\t\t<\/div>\n\t\t\t\t<\/div>\n\t\t\t\t\t<\/div>\n\t\t<\/div>\n\t\t\t\t\t<\/div>\n\t\t<\/section>\n\t\t\t\t<\/div>","protected":false},"excerpt":{"rendered":"<p>PANNELLO Ascolta l&#8217;audio Sei in Prada, borgata duramente colpita dalla furia dell\u2019acqua nella sua parte bassa. Le vittime furono nove. \u00a0 Al tempo del disastro io avevo dodici anni. A casa mia si riunivano spesso gli amici per bere un bicchiere di vino. Anche la sera del disastro vennero Sigia e Fortun\u00e8; solitamente si attardavano &#8230; <a title=\"C1 &#8211; Pannello\" class=\"read-more\" href=\"https:\/\/app.ecomuseovajont.net\/en\/c1-pannello\/\" aria-label=\"Read more about C1 &#8211; Pannello\">Read more<\/a><\/p>","protected":false},"author":1,"featured_media":0,"parent":0,"menu_order":0,"comment_status":"closed","ping_status":"closed","template":"elementor_canvas","meta":{"footnotes":""},"class_list":["post-595","page","type-page","status-publish"],"_links":{"self":[{"href":"https:\/\/app.ecomuseovajont.net\/en\/wp-json\/wp\/v2\/pages\/595","targetHints":{"allow":["GET"]}}],"collection":[{"href":"https:\/\/app.ecomuseovajont.net\/en\/wp-json\/wp\/v2\/pages"}],"about":[{"href":"https:\/\/app.ecomuseovajont.net\/en\/wp-json\/wp\/v2\/types\/page"}],"author":[{"embeddable":true,"href":"https:\/\/app.ecomuseovajont.net\/en\/wp-json\/wp\/v2\/users\/1"}],"replies":[{"embeddable":true,"href":"https:\/\/app.ecomuseovajont.net\/en\/wp-json\/wp\/v2\/comments?post=595"}],"version-history":[{"count":49,"href":"https:\/\/app.ecomuseovajont.net\/en\/wp-json\/wp\/v2\/pages\/595\/revisions"}],"predecessor-version":[{"id":2140,"href":"https:\/\/app.ecomuseovajont.net\/en\/wp-json\/wp\/v2\/pages\/595\/revisions\/2140"}],"wp:attachment":[{"href":"https:\/\/app.ecomuseovajont.net\/en\/wp-json\/wp\/v2\/media?parent=595"}],"curies":[{"name":"wp","href":"https:\/\/api.w.org\/{rel}","templated":true}]}}