{"id":602,"date":"2021-11-08T11:24:05","date_gmt":"2021-11-08T10:24:05","guid":{"rendered":"https:\/\/app.ecomuseovajont.net\/?page_id=602"},"modified":"2022-04-29T14:28:43","modified_gmt":"2022-04-29T12:28:43","slug":"c2-casa-frambol-bado","status":"publish","type":"page","link":"https:\/\/app.ecomuseovajont.net\/en\/c2-casa-frambol-bado\/","title":{"rendered":"C2 &#8211; Casa Frambol-Bado"},"content":{"rendered":"<div data-elementor-type=\"wp-page\" data-elementor-id=\"602\" class=\"elementor elementor-602\">\n\t\t\t\t\t\t<section class=\"elementor-section elementor-top-section elementor-element elementor-element-3a79f242 elementor-section-full_width elementor-section-height-default elementor-section-height-default\" data-id=\"3a79f242\" data-element_type=\"section\" data-e-type=\"section\" data-settings=\"{&quot;background_background&quot;:&quot;classic&quot;}\">\n\t\t\t\t\t\t<div class=\"elementor-container elementor-column-gap-no\">\n\t\t\t\t\t<div class=\"elementor-column elementor-col-100 elementor-top-column elementor-element elementor-element-22c2dda2\" data-id=\"22c2dda2\" data-element_type=\"column\" data-e-type=\"column\">\n\t\t\t<div class=\"elementor-widget-wrap elementor-element-populated\">\n\t\t\t\t\t\t<div class=\"elementor-element elementor-element-9b1b29d elementor-widget elementor-widget-heading\" data-id=\"9b1b29d\" data-element_type=\"widget\" data-e-type=\"widget\" data-widget_type=\"heading.default\">\n\t\t\t\t<div class=\"elementor-widget-container\">\n\t\t\t\t\t<h2 class=\"elementor-heading-title elementor-size-default\">CASA FR\u00c0MBOL BADO<\/h2>\t\t\t\t<\/div>\n\t\t\t\t<\/div>\n\t\t\t\t<div class=\"elementor-element elementor-element-b7a1ad2 elementor-widget elementor-widget-heading\" data-id=\"b7a1ad2\" data-element_type=\"widget\" data-e-type=\"widget\" data-widget_type=\"heading.default\">\n\t\t\t\t<div class=\"elementor-widget-container\">\n\t\t\t\t\t<h4 class=\"elementor-heading-title elementor-size-default\">Ascolta l'audio<\/h4>\t\t\t\t<\/div>\n\t\t\t\t<\/div>\n\t\t\t\t<div class=\"elementor-element elementor-element-ce6bf37 elementor-widget elementor-widget-wp-widget-media_audio\" data-id=\"ce6bf37\" data-element_type=\"widget\" data-e-type=\"widget\" data-widget_type=\"wp-widget-media_audio.default\">\n\t\t\t\t<div class=\"elementor-widget-container\">\n\t\t\t\t\t<audio class=\"wp-audio-shortcode\" id=\"audio-602-1\" preload=\"none\" style=\"width: 100%;\" controls=\"controls\"><source type=\"audio\/mpeg\" src=\"https:\/\/app.ecomuseovajont.net\/wp-content\/uploads\/2022\/04\/02-Casa-Frambol3.mp3?_=1\" \/><source type=\"audio\/mpeg\" src=\"https:\/\/app.ecomuseovajont.net\/wp-content\/uploads\/2022\/04\/02-Casa-Frambol3.mp3?_=1\" \/><a href=\"https:\/\/app.ecomuseovajont.net\/wp-content\/uploads\/2022\/04\/02-Casa-Frambol3.mp3\">https:\/\/app.ecomuseovajont.net\/wp-content\/uploads\/2022\/04\/02-Casa-Frambol3.mp3<\/a><\/audio>\t\t\t\t<\/div>\n\t\t\t\t<\/div>\n\t\t\t\t<div class=\"elementor-element elementor-element-be16804 elementor-widget elementor-widget-text-editor\" data-id=\"be16804\" data-element_type=\"widget\" data-e-type=\"widget\" data-widget_type=\"text-editor.default\">\n\t\t\t\t<div class=\"elementor-widget-container\">\n\t\t\t\t\t\t\t\t\t<p>Siamo qui davanti all\u2019abitazione Fr\u00e0mbol \u2013 Bado che fu sommersa dall\u2019acqua ma non croll\u00f2 e proprio guardandoci attorno possiamo rivivere quello che successe la notte del disastro.<\/p><p>La casa resistette all\u2019urto dell\u2019acqua perch\u00e9 l\u2019onda, arrivando da ovest si imbatt\u00e8 nel fienile che avete di fronte, il quale essendo carico di fieno formava un unico blocco.\u00a0<\/p><p><em>\u201cI miei zii Bortolo e Margherita dormivano al primo piano quando si videro sommersi dall\u2019onda. Cercarono di uscire per salvarsi ma scendendo le scale si ritrovavano nell\u2019acqua e lo zio allora salt\u00f2 dalla finestra verso monte seguito dalla sorella\u201d.<\/em><\/p><p><em>Italo de Fr\u00e0mbol<\/em><\/p><p><em>Mi ero<\/em><em> appena addormentato che sentii una specie di terremoto, mi alzai di scatto e accesi la luce. Subito intuii che era franato il Toc, mentre infilavo i pantaloni manc\u00f2 la luce e arriv\u00f2 una grande ondata che aveva gi\u00e0 spazzato via le case pi\u00f9 basse di Prada. Feci per scendere le scale, l\u2019acqua mi arrivava fino a met\u00e0 corpo<\/em>.\u00a0<\/p><p>Mio de Fr\u00e0mbol<\/p><p>A monte della casa Fr\u00e0mbol ci sono le case delle famiglie Mela e T\u00f3ci. Da l\u00ec part\u00ec la notte del 9 ottobre il marito di Clara de T\u00f3ci, dipendente della SADE, per prendere servizio al cantiere, proprio pochi minuti prima del disastro. Poco sotto la casa, con i fari dell\u2019auto si vide venire incontro l\u2019onda del disastro. Abbandon\u00f2 l\u2019auto con i fari accesi a illuminare l\u2019onda che avanzava, e corse verso casa, salvandosi. I fari dell\u2019auto furono punto di riferimento per i sopravvissuti delle altre famiglie, che pi\u00f9 in alto si riunirono e accesero un fuoco in attesa dell\u2019alba.<\/p><p>La borgata di Prada era collegata al capoluogo attraverso un\u2019importante\u00a0 mulattiera che scendendo\u00a0 da sotto il paese, arrivava alla C\u00f9aga e Bindi. Qui c\u2019era il bivio che risaliva il pendio verso la Pineda e l\u2019altro proseguiva per Prada e Sav\u00e9da attraversando il Vajont tramite ponti di legno.<\/p><p>Verso Prada, la localit\u00e0 Rod\u00ecs era un posto pericoloso perch\u00e9 soggetto a frequenti smottamenti.<\/p><p>La percorrevano anche i bambini per raggiungere la scuola nel periodo in cui le famiglie si erano traferite. \u00a0Portavano anche un piccolo carico di legna per contribuire a riscaldare le aule. Qualche bambina metteva la legna nella gerla. Al pomeriggio, quando rientravano nelle proprie abitazioni aiutavano i genitori o i nonni nei lavori agricoli e boschivi. La sera, al calduccio dovevano fare i compiti e spesso stanchi si addormentavano sui libri.<\/p><p class=\"p1\"><span class=\"s1\">Laggi\u00f9, poco distante dalla famiglia Fum\u00e0t, persero la vita i coniugi Giacobbe e Margherita (famiglia S\u00ecgia)<\/span><\/p>\t\t\t\t\t\t\t\t<\/div>\n\t\t\t\t<\/div>\n\t\t\t\t<div class=\"elementor-element elementor-element-66a6940 elementor-align-center elementor-widget elementor-widget-button\" data-id=\"66a6940\" data-element_type=\"widget\" data-e-type=\"widget\" data-widget_type=\"button.default\">\n\t\t\t\t<div class=\"elementor-widget-container\">\n\t\t\t\t\t\t\t\t\t<div class=\"elementor-button-wrapper\">\n\t\t\t\t\t<a class=\"elementor-button elementor-button-link elementor-size-sm\" href=\"https:\/\/app.ecomuseovajont.net\/en\/c-prada-percorso\/\">\n\t\t\t\t\t\t<span class=\"elementor-button-content-wrapper\">\n\t\t\t\t\t\t<span class=\"elementor-button-icon\">\n\t\t\t\t<i aria-hidden=\"true\" class=\"fas fa-angle-left\"><\/i>\t\t\t<\/span>\n\t\t\t\t\t\t\t\t\t<span class=\"elementor-button-text\">Torna alla mappa<\/span>\n\t\t\t\t\t<\/span>\n\t\t\t\t\t<\/a>\n\t\t\t\t<\/div>\n\t\t\t\t\t\t\t\t<\/div>\n\t\t\t\t<\/div>\n\t\t\t\t\t<\/div>\n\t\t<\/div>\n\t\t\t\t\t<\/div>\n\t\t<\/section>\n\t\t\t\t<\/div>","protected":false},"excerpt":{"rendered":"<p>CASA FR\u00c0MBOL BADO Ascolta l&#8217;audio Siamo qui davanti all\u2019abitazione Fr\u00e0mbol \u2013 Bado che fu sommersa dall\u2019acqua ma non croll\u00f2 e proprio guardandoci attorno possiamo rivivere quello che successe la notte del disastro. La casa resistette all\u2019urto dell\u2019acqua perch\u00e9 l\u2019onda, arrivando da ovest si imbatt\u00e8 nel fienile che avete di fronte, il quale essendo carico di &#8230; <a title=\"C2 &#8211; Casa Frambol-Bado\" class=\"read-more\" href=\"https:\/\/app.ecomuseovajont.net\/en\/c2-casa-frambol-bado\/\" aria-label=\"Read more about C2 &#8211; Casa Frambol-Bado\">Read more<\/a><\/p>","protected":false},"author":1,"featured_media":0,"parent":0,"menu_order":0,"comment_status":"closed","ping_status":"closed","template":"elementor_canvas","meta":{"footnotes":""},"class_list":["post-602","page","type-page","status-publish"],"_links":{"self":[{"href":"https:\/\/app.ecomuseovajont.net\/en\/wp-json\/wp\/v2\/pages\/602","targetHints":{"allow":["GET"]}}],"collection":[{"href":"https:\/\/app.ecomuseovajont.net\/en\/wp-json\/wp\/v2\/pages"}],"about":[{"href":"https:\/\/app.ecomuseovajont.net\/en\/wp-json\/wp\/v2\/types\/page"}],"author":[{"embeddable":true,"href":"https:\/\/app.ecomuseovajont.net\/en\/wp-json\/wp\/v2\/users\/1"}],"replies":[{"embeddable":true,"href":"https:\/\/app.ecomuseovajont.net\/en\/wp-json\/wp\/v2\/comments?post=602"}],"version-history":[{"count":19,"href":"https:\/\/app.ecomuseovajont.net\/en\/wp-json\/wp\/v2\/pages\/602\/revisions"}],"predecessor-version":[{"id":2022,"href":"https:\/\/app.ecomuseovajont.net\/en\/wp-json\/wp\/v2\/pages\/602\/revisions\/2022"}],"wp:attachment":[{"href":"https:\/\/app.ecomuseovajont.net\/en\/wp-json\/wp\/v2\/media?parent=602"}],"curies":[{"name":"wp","href":"https:\/\/api.w.org\/{rel}","templated":true}]}}