{"id":612,"date":"2021-11-08T11:27:55","date_gmt":"2021-11-08T10:27:55","guid":{"rendered":"https:\/\/app.ecomuseovajont.net\/?page_id=612"},"modified":"2022-04-29T14:40:48","modified_gmt":"2022-04-29T12:40:48","slug":"c4-casa-fumat","status":"publish","type":"page","link":"https:\/\/app.ecomuseovajont.net\/en\/c4-casa-fumat\/","title":{"rendered":"C4 &#8211; Casa Fumat"},"content":{"rendered":"<div data-elementor-type=\"wp-page\" data-elementor-id=\"612\" class=\"elementor elementor-612\">\n\t\t\t\t\t\t<section class=\"elementor-section elementor-top-section elementor-element elementor-element-3a79f242 elementor-section-full_width elementor-section-height-default elementor-section-height-default\" data-id=\"3a79f242\" data-element_type=\"section\" data-e-type=\"section\" data-settings=\"{&quot;background_background&quot;:&quot;classic&quot;}\">\n\t\t\t\t\t\t<div class=\"elementor-container elementor-column-gap-no\">\n\t\t\t\t\t<div class=\"elementor-column elementor-col-100 elementor-top-column elementor-element elementor-element-22c2dda2\" data-id=\"22c2dda2\" data-element_type=\"column\" data-e-type=\"column\">\n\t\t\t<div class=\"elementor-widget-wrap elementor-element-populated\">\n\t\t\t\t\t\t<div class=\"elementor-element elementor-element-9b1b29d elementor-widget elementor-widget-heading\" data-id=\"9b1b29d\" data-element_type=\"widget\" data-e-type=\"widget\" data-widget_type=\"heading.default\">\n\t\t\t\t<div class=\"elementor-widget-container\">\n\t\t\t\t\t<h2 class=\"elementor-heading-title elementor-size-default\">CASA FUM\u00c0T<\/h2>\t\t\t\t<\/div>\n\t\t\t\t<\/div>\n\t\t\t\t<div class=\"elementor-element elementor-element-e3ee361 elementor-widget elementor-widget-heading\" data-id=\"e3ee361\" data-element_type=\"widget\" data-e-type=\"widget\" data-widget_type=\"heading.default\">\n\t\t\t\t<div class=\"elementor-widget-container\">\n\t\t\t\t\t<h4 class=\"elementor-heading-title elementor-size-default\">Ascolta l'audio<\/h4>\t\t\t\t<\/div>\n\t\t\t\t<\/div>\n\t\t\t\t<div class=\"elementor-element elementor-element-ce6bf37 elementor-widget elementor-widget-wp-widget-media_audio\" data-id=\"ce6bf37\" data-element_type=\"widget\" data-e-type=\"widget\" data-widget_type=\"wp-widget-media_audio.default\">\n\t\t\t\t<div class=\"elementor-widget-container\">\n\t\t\t\t\t<audio class=\"wp-audio-shortcode\" id=\"audio-612-1\" preload=\"none\" style=\"width: 100%;\" controls=\"controls\"><source type=\"audio\/mpeg\" src=\"https:\/\/app.ecomuseovajont.net\/wp-content\/uploads\/2022\/04\/04-Casa-Fumat2.mp3?_=1\" \/><source type=\"audio\/mpeg\" src=\"https:\/\/app.ecomuseovajont.net\/wp-content\/uploads\/2022\/04\/04-Casa-Fumat2.mp3?_=1\" \/><a href=\"https:\/\/app.ecomuseovajont.net\/wp-content\/uploads\/2022\/04\/04-Casa-Fumat2.mp3\">https:\/\/app.ecomuseovajont.net\/wp-content\/uploads\/2022\/04\/04-Casa-Fumat2.mp3<\/a><\/audio>\t\t\t\t<\/div>\n\t\t\t\t<\/div>\n\t\t\t\t<div class=\"elementor-element elementor-element-be16804 elementor-widget elementor-widget-text-editor\" data-id=\"be16804\" data-element_type=\"widget\" data-e-type=\"widget\" data-widget_type=\"text-editor.default\">\n\t\t\t\t<div class=\"elementor-widget-container\">\n\t\t\t\t\t\t\t\t\t<p class=\"p1\"><span class=\"s1\">In fondo al prato, dove oggi c\u2019\u00e8 una piccola azienda agricola, abitava la famiglia Corona de Fum\u00e0t.<\/span><\/p><p>Le vittime furono cinque.<\/p><p>Questa casa fungeva anche da latteria turnaria per l\u2019intera borgata In un locale apposito, attrezzato con il focolare, lavoravano il latte e producevano formaggio, burro e ricotta.<\/p><p><em>Sono nata nel 1963 e quando avevo sei mesi non stavo bene e la mamma consigliata dal medico mi port\u00f2 in ospedale. Lei rimase accanto a me e poi le dette il cambio mia sorella Angelica. <\/em><\/p><p><em>La notte del disastro la mamma era in Prada insieme ai nonni paterni e ai miei due fratelli Bortolo e Gioacchino. L\u2019onda li travolse e nessuno di loro fu ritrovato.<\/em><\/p><p><em>Mio pap\u00e0 si salv\u00f2 perch\u00e9 lavorava a Torino.<\/em><\/p><p>Rossella<\/p><p>Italo condivide un ricordo personale di quando era un bambino di 8 anni;<\/p><p><em>Tra Pasqua e Pasquetta del 1952 ci fu una grande nevicata: la neve raggiunse l\u2019altezza di oltre un metro. Io, testardo, volendo farmi vedere forte volevo tornare in paese da mia madre nonostante la nonna me lo sconsigliasse. Tanto feci che dovette cedere lei e mi avviai. Ad un certo punto, lungo la mulattiera prima delle Rodis non riuscivo pi\u00f9 a scendere e tornai indietro.<\/em><\/p><p><em>Arrivato presso la casa di Fum\u00e0t invocai l\u2019aiuto della nonna perch\u00e9 non ce la facevo pi\u00f9 a proseguire a causa della neve pesante.<\/em><\/p><p><em>\u00a0<\/em><\/p><p><em>\u00a0<\/em><\/p><p>Ora proseguiamo verso Baris\u00e8l, dove c\u2019era la casa dei coniugi Angelica e Fortunato (Fortun\u00e8)<\/p>\t\t\t\t\t\t\t\t<\/div>\n\t\t\t\t<\/div>\n\t\t\t\t<div class=\"elementor-element elementor-element-4bfe233 elementor-arrows-position-inside elementor-pagination-position-outside elementor-widget elementor-widget-image-carousel\" data-id=\"4bfe233\" data-element_type=\"widget\" data-e-type=\"widget\" data-settings=\"{&quot;navigation&quot;:&quot;both&quot;,&quot;autoplay&quot;:&quot;yes&quot;,&quot;pause_on_hover&quot;:&quot;yes&quot;,&quot;pause_on_interaction&quot;:&quot;yes&quot;,&quot;autoplay_speed&quot;:5000,&quot;infinite&quot;:&quot;yes&quot;,&quot;speed&quot;:500}\" data-widget_type=\"image-carousel.default\">\n\t\t\t\t<div class=\"elementor-widget-container\">\n\t\t\t\t\t\t\t<div class=\"elementor-image-carousel-wrapper swiper\" role=\"region\" aria-roledescription=\"carousel\" aria-label=\"Carosello d&#039;immagini\" dir=\"ltr\">\n\t\t\t<div class=\"elementor-image-carousel swiper-wrapper\" aria-live=\"off\">\n\t\t\t\t\t\t\t\t<div class=\"swiper-slide\" role=\"group\" aria-roledescription=\"slide\" aria-label=\"1 di 4\"><figure class=\"swiper-slide-inner\"><img decoding=\"async\" class=\"swiper-slide-image\" src=\"https:\/\/app.ecomuseovajont.net\/wp-content\/uploads\/2021\/12\/c4_fumat-1050-1024x740.jpg\" alt=\"c4_fumat 1050\" \/><\/figure><\/div><div class=\"swiper-slide\" role=\"group\" aria-roledescription=\"slide\" aria-label=\"2 di 4\"><figure class=\"swiper-slide-inner\"><img decoding=\"async\" class=\"swiper-slide-image\" src=\"https:\/\/app.ecomuseovajont.net\/wp-content\/uploads\/2021\/12\/c4_nonna-e-oiccoli-2.jpg\" alt=\"c4_nonna e oiccoli (2)\" \/><\/figure><\/div><div class=\"swiper-slide\" role=\"group\" aria-roledescription=\"slide\" aria-label=\"3 di 4\"><figure class=\"swiper-slide-inner\"><img decoding=\"async\" class=\"swiper-slide-image\" src=\"https:\/\/app.ecomuseovajont.net\/wp-content\/uploads\/2021\/12\/c4_piccoli-e-nonna-1024x576.jpg\" alt=\"c4_piccoli e nonna\" \/><\/figure><\/div><div class=\"swiper-slide\" role=\"group\" aria-roledescription=\"slide\" aria-label=\"4 di 4\"><figure class=\"swiper-slide-inner\"><img decoding=\"async\" class=\"swiper-slide-image\" src=\"https:\/\/app.ecomuseovajont.net\/wp-content\/uploads\/2021\/12\/c4_Scansione-4-nov-2021-08.00.jpg\" alt=\"c4_Scansione 4 nov 2021, 08.00\" \/><\/figure><\/div>\t\t\t<\/div>\n\t\t\t\t\t\t\t\t\t\t\t\t<div class=\"elementor-swiper-button elementor-swiper-button-prev\" role=\"button\" tabindex=\"0\">\n\t\t\t\t\t\t<i aria-hidden=\"true\" class=\"eicon-chevron-left\"><\/i>\t\t\t\t\t<\/div>\n\t\t\t\t\t<div class=\"elementor-swiper-button elementor-swiper-button-next\" role=\"button\" tabindex=\"0\">\n\t\t\t\t\t\t<i aria-hidden=\"true\" class=\"eicon-chevron-right\"><\/i>\t\t\t\t\t<\/div>\n\t\t\t\t\n\t\t\t\t\t\t\t\t\t<div class=\"swiper-pagination\"><\/div>\n\t\t\t\t\t\t\t\t\t<\/div>\n\t\t\t\t\t\t<\/div>\n\t\t\t\t<\/div>\n\t\t\t\t<div class=\"elementor-element elementor-element-cba1c3e elementor-widget elementor-widget-image\" data-id=\"cba1c3e\" data-element_type=\"widget\" data-e-type=\"widget\" data-widget_type=\"image.default\">\n\t\t\t\t<div class=\"elementor-widget-container\">\n\t\t\t\t\t\t\t\t\t\t\t\t\t\t\t<img fetchpriority=\"high\" decoding=\"async\" width=\"768\" height=\"633\" src=\"https:\/\/app.ecomuseovajont.net\/wp-content\/uploads\/2022\/04\/fumat-768x633.jpg\" class=\"attachment-medium_large size-medium_large wp-image-2040\" alt=\"\" srcset=\"https:\/\/app.ecomuseovajont.net\/wp-content\/uploads\/2022\/04\/fumat-768x633.jpg 768w, https:\/\/app.ecomuseovajont.net\/wp-content\/uploads\/2022\/04\/fumat-300x247.jpg 300w, https:\/\/app.ecomuseovajont.net\/wp-content\/uploads\/2022\/04\/fumat-1024x845.jpg 1024w, https:\/\/app.ecomuseovajont.net\/wp-content\/uploads\/2022\/04\/fumat-15x12.jpg 15w, https:\/\/app.ecomuseovajont.net\/wp-content\/uploads\/2022\/04\/fumat.jpg 1461w\" sizes=\"(max-width: 768px) 100vw, 768px\" \/>\t\t\t\t\t\t\t\t\t\t\t\t\t\t\t<\/div>\n\t\t\t\t<\/div>\n\t\t\t\t<div class=\"elementor-element elementor-element-66a6940 elementor-align-center elementor-widget elementor-widget-button\" data-id=\"66a6940\" data-element_type=\"widget\" data-e-type=\"widget\" data-widget_type=\"button.default\">\n\t\t\t\t<div class=\"elementor-widget-container\">\n\t\t\t\t\t\t\t\t\t<div class=\"elementor-button-wrapper\">\n\t\t\t\t\t<a class=\"elementor-button elementor-button-link elementor-size-sm\" href=\"https:\/\/app.ecomuseovajont.net\/en\/c-prada-percorso\/\">\n\t\t\t\t\t\t<span class=\"elementor-button-content-wrapper\">\n\t\t\t\t\t\t<span class=\"elementor-button-icon\">\n\t\t\t\t<i aria-hidden=\"true\" class=\"fas fa-angle-left\"><\/i>\t\t\t<\/span>\n\t\t\t\t\t\t\t\t\t<span class=\"elementor-button-text\">Torna alla mappa<\/span>\n\t\t\t\t\t<\/span>\n\t\t\t\t\t<\/a>\n\t\t\t\t<\/div>\n\t\t\t\t\t\t\t\t<\/div>\n\t\t\t\t<\/div>\n\t\t\t\t\t<\/div>\n\t\t<\/div>\n\t\t\t\t\t<\/div>\n\t\t<\/section>\n\t\t\t\t<\/div>","protected":false},"excerpt":{"rendered":"<p>CASA FUM\u00c0T Ascolta l&#8217;audio In fondo al prato, dove oggi c\u2019\u00e8 una piccola azienda agricola, abitava la famiglia Corona de Fum\u00e0t. Le vittime furono cinque. Questa casa fungeva anche da latteria turnaria per l\u2019intera borgata In un locale apposito, attrezzato con il focolare, lavoravano il latte e producevano formaggio, burro e ricotta. Sono nata nel &#8230; <a title=\"C4 &#8211; Casa Fumat\" class=\"read-more\" href=\"https:\/\/app.ecomuseovajont.net\/en\/c4-casa-fumat\/\" aria-label=\"Read more about C4 &#8211; Casa Fumat\">Read more<\/a><\/p>","protected":false},"author":1,"featured_media":0,"parent":0,"menu_order":0,"comment_status":"closed","ping_status":"closed","template":"elementor_canvas","meta":{"footnotes":""},"class_list":["post-612","page","type-page","status-publish"],"_links":{"self":[{"href":"https:\/\/app.ecomuseovajont.net\/en\/wp-json\/wp\/v2\/pages\/612","targetHints":{"allow":["GET"]}}],"collection":[{"href":"https:\/\/app.ecomuseovajont.net\/en\/wp-json\/wp\/v2\/pages"}],"about":[{"href":"https:\/\/app.ecomuseovajont.net\/en\/wp-json\/wp\/v2\/types\/page"}],"author":[{"embeddable":true,"href":"https:\/\/app.ecomuseovajont.net\/en\/wp-json\/wp\/v2\/users\/1"}],"replies":[{"embeddable":true,"href":"https:\/\/app.ecomuseovajont.net\/en\/wp-json\/wp\/v2\/comments?post=612"}],"version-history":[{"count":34,"href":"https:\/\/app.ecomuseovajont.net\/en\/wp-json\/wp\/v2\/pages\/612\/revisions"}],"predecessor-version":[{"id":2043,"href":"https:\/\/app.ecomuseovajont.net\/en\/wp-json\/wp\/v2\/pages\/612\/revisions\/2043"}],"wp:attachment":[{"href":"https:\/\/app.ecomuseovajont.net\/en\/wp-json\/wp\/v2\/media?parent=612"}],"curies":[{"name":"wp","href":"https:\/\/api.w.org\/{rel}","templated":true}]}}