{"id":620,"date":"2021-11-08T11:30:25","date_gmt":"2021-11-08T10:30:25","guid":{"rendered":"https:\/\/app.ecomuseovajont.net\/?page_id=620"},"modified":"2022-04-29T14:35:24","modified_gmt":"2022-04-29T12:35:24","slug":"c5-casa-fortune","status":"publish","type":"page","link":"https:\/\/app.ecomuseovajont.net\/en\/c5-casa-fortune\/","title":{"rendered":"C5 &#8211; Casa Fortun\u00e9"},"content":{"rendered":"<div data-elementor-type=\"wp-page\" data-elementor-id=\"620\" class=\"elementor elementor-620\">\n\t\t\t\t\t\t<section class=\"elementor-section elementor-top-section elementor-element elementor-element-3a79f242 elementor-section-full_width elementor-section-height-default elementor-section-height-default\" data-id=\"3a79f242\" data-element_type=\"section\" data-e-type=\"section\" data-settings=\"{&quot;background_background&quot;:&quot;classic&quot;}\">\n\t\t\t\t\t\t<div class=\"elementor-container elementor-column-gap-no\">\n\t\t\t\t\t<div class=\"elementor-column elementor-col-100 elementor-top-column elementor-element elementor-element-22c2dda2\" data-id=\"22c2dda2\" data-element_type=\"column\" data-e-type=\"column\">\n\t\t\t<div class=\"elementor-widget-wrap elementor-element-populated\">\n\t\t\t\t\t\t<div class=\"elementor-element elementor-element-9b1b29d elementor-widget elementor-widget-heading\" data-id=\"9b1b29d\" data-element_type=\"widget\" data-e-type=\"widget\" data-widget_type=\"heading.default\">\n\t\t\t\t<div class=\"elementor-widget-container\">\n\t\t\t\t\t<h2 class=\"elementor-heading-title elementor-size-default\">CASA FORTUN\u00c8<\/h2>\t\t\t\t<\/div>\n\t\t\t\t<\/div>\n\t\t\t\t<div class=\"elementor-element elementor-element-bc0e3fe elementor-widget elementor-widget-heading\" data-id=\"bc0e3fe\" data-element_type=\"widget\" data-e-type=\"widget\" data-widget_type=\"heading.default\">\n\t\t\t\t<div class=\"elementor-widget-container\">\n\t\t\t\t\t<h4 class=\"elementor-heading-title elementor-size-default\">Ascolta l'audio<\/h4>\t\t\t\t<\/div>\n\t\t\t\t<\/div>\n\t\t\t\t<div class=\"elementor-element elementor-element-ce6bf37 elementor-widget elementor-widget-wp-widget-media_audio\" data-id=\"ce6bf37\" data-element_type=\"widget\" data-e-type=\"widget\" data-widget_type=\"wp-widget-media_audio.default\">\n\t\t\t\t<div class=\"elementor-widget-container\">\n\t\t\t\t\t<audio class=\"wp-audio-shortcode\" id=\"audio-620-1\" preload=\"none\" style=\"width: 100%;\" controls=\"controls\"><source type=\"audio\/mpeg\" src=\"https:\/\/app.ecomuseovajont.net\/wp-content\/uploads\/2022\/04\/05-Casa-fortune.mp3?_=1\" \/><source type=\"audio\/mpeg\" src=\"https:\/\/app.ecomuseovajont.net\/wp-content\/uploads\/2022\/04\/05-Casa-fortune.mp3?_=1\" \/><a href=\"https:\/\/app.ecomuseovajont.net\/wp-content\/uploads\/2022\/04\/05-Casa-fortune.mp3\">https:\/\/app.ecomuseovajont.net\/wp-content\/uploads\/2022\/04\/05-Casa-fortune.mp3<\/a><\/audio>\t\t\t\t<\/div>\n\t\t\t\t<\/div>\n\t\t\t\t<div class=\"elementor-element elementor-element-be16804 elementor-widget elementor-widget-text-editor\" data-id=\"be16804\" data-element_type=\"widget\" data-e-type=\"widget\" data-widget_type=\"text-editor.default\">\n\t\t\t\t<div class=\"elementor-widget-container\">\n\t\t\t\t\t\t\t\t\t<p class=\"p1\"><span class=\"s1\">Qui hanno perso la vita i coniugi Angelica e Fortunato.<\/span><\/p><p>La catena del focolare \u00e8 riapparsa dietro a quello che ora rimane della casa. L\u2019hanno ritrovata Paola e Carlo mentre cercavano funghi. Bep\u00ecno ricorda che poco prima del disastro era stato tolto il focolare per sostituirlo con una cucina economica pi\u00f9 moderna. Aveva smantellato anche la cappa, cos\u00ec il calore si diffondeva nella stanza.<\/p><p>La mannaia e la falce ritrovate tra le macerie della casa mentre Giulietto de Maman\u00ecn scavava nella speranza di ritrovare i corpi di Angelica e Fortunato. Profumo di fieno dell\u2019ultima estate.<\/p><p>La macchina da cucire che Paola e Bepino conservano in casa. L\u2019aveva trovata Maria de Gobo. Angelica cuciva per la famiglia e la macchina l\u2019aveva su di un mobile ad angolo.<\/p><p>La stadera con cui Fortunato pesava il pepe e il sale quando, ucciso il maiale si accingevano a produrre salsicce e salami, o quando pesava qualche piccola forma di formaggio da vendere.<\/p><p>Le lenzuola impacchettate e un\u2019imbottita raccolte da Thia de Mano.<\/p><p>Un materasso di crine impigliato nel traliccio.<\/p><p>E la chiave di casa ritrovata dagli scout dopo quarant\u2019anni in un boschetto rinato nei dintorni della casa, dopo il disastro.<\/p><p>La notte del 9 ottobre Angelica e Fortunato erano soli in casa quando arriv\u00f2 l\u2019onda e travolse tutto. Gli oggetti di Memoria ritrovati narrano storie di affetti, di abbracci, di piccoli gesti quotidiani.<\/p><p><em>\u201cEro ritornato a Erto dalla Svizzera perch\u00e9 mi dovevo trasferire per lavoro a Como. Ero in attesa del cartellino rosa rilasciato dall\u2019ufficio di collocamento. Avevo trascorso gli ultimi giorni prima della tragedia qui in Prada con i miei genitori. Uno di quei giorni avevo portato mia madre in auto fino a Longarone, passando sulla strada del Toc. L\u00ec avevo notato molte buche, che prontamente gli operai della SADE stavano riempiendo con della ghiaia. Il giorno 8 ottobre salutai i miei cari e mi misi in viaggio per Como. Il 9 ottobre feci il turno di notte. Al mattino seppi di quanto accaduto in mensa, dal televisore che passava le notizie. Tornai immediatamente a Erto. I miei genitori furono ritrovati nell\u2019acqua a distanza di due giorni l\u2019uno dall\u2019altra\u201d. <\/em><\/p><p>Bepino de Fortun\u00e8<\/p><p class=\"p1\"><span class=\"s1\">Per lo stesso sentiero torna al pannello e lasciandolo alla tua sinistra, prosegui per la strada principale.<\/span><\/p>\t\t\t\t\t\t\t\t<\/div>\n\t\t\t\t<\/div>\n\t\t\t\t<div class=\"elementor-element elementor-element-31a9af7 elementor-arrows-position-inside elementor-pagination-position-outside elementor-widget elementor-widget-image-carousel\" data-id=\"31a9af7\" data-element_type=\"widget\" data-e-type=\"widget\" data-settings=\"{&quot;navigation&quot;:&quot;both&quot;,&quot;autoplay&quot;:&quot;yes&quot;,&quot;pause_on_hover&quot;:&quot;yes&quot;,&quot;pause_on_interaction&quot;:&quot;yes&quot;,&quot;autoplay_speed&quot;:5000,&quot;infinite&quot;:&quot;yes&quot;,&quot;speed&quot;:500}\" data-widget_type=\"image-carousel.default\">\n\t\t\t\t<div class=\"elementor-widget-container\">\n\t\t\t\t\t\t\t<div class=\"elementor-image-carousel-wrapper swiper\" role=\"region\" aria-roledescription=\"carousel\" aria-label=\"Image Carousel\" dir=\"ltr\" data-no-translation-aria-label=\"\">\n\t\t\t<div class=\"elementor-image-carousel swiper-wrapper\" aria-live=\"off\">\n\t\t\t\t\t\t\t\t<div class=\"swiper-slide\" role=\"group\" aria-roledescription=\"slide\" aria-label=\"1 of 8\" data-no-translation-aria-label=\"\"><figure class=\"swiper-slide-inner\"><img decoding=\"async\" class=\"swiper-slide-image\" src=\"https:\/\/app.ecomuseovajont.net\/wp-content\/uploads\/2021\/12\/c5_v_Angelica-de-Milao-Bepi-cognato-marito-Menina-Fortune058-684x1024.jpg\" alt=\"c5_v_Angelica de Milao Bepi cognato marito Menina Fortun\u00e8058\" \/><\/figure><\/div><div class=\"swiper-slide\" role=\"group\" aria-roledescription=\"slide\" aria-label=\"2 of 8\" data-no-translation-aria-label=\"\"><figure class=\"swiper-slide-inner\"><img decoding=\"async\" class=\"swiper-slide-image\" src=\"https:\/\/app.ecomuseovajont.net\/wp-content\/uploads\/2021\/12\/c5_v_chiavijpg-841x1024.jpg\" alt=\"c5_v_chiavijpg\" \/><\/figure><\/div><div class=\"swiper-slide\" role=\"group\" aria-roledescription=\"slide\" aria-label=\"3 of 8\" data-no-translation-aria-label=\"\"><figure class=\"swiper-slide-inner\"><img decoding=\"async\" class=\"swiper-slide-image\" src=\"https:\/\/app.ecomuseovajont.net\/wp-content\/uploads\/2021\/12\/c5_v_fortune055-3-724x1024.jpg\" alt=\"c5_v_fortun\u00e8055 (3)\" \/><\/figure><\/div><div class=\"swiper-slide\" role=\"group\" aria-roledescription=\"slide\" aria-label=\"4 of 8\" data-no-translation-aria-label=\"\"><figure class=\"swiper-slide-inner\"><img decoding=\"async\" class=\"swiper-slide-image\" src=\"https:\/\/app.ecomuseovajont.net\/wp-content\/uploads\/2021\/12\/c5_v_IMG-20211103-WA0028-768x1024.jpg\" alt=\"c5_v_IMG-20211103-WA0028\" \/><\/figure><\/div><div class=\"swiper-slide\" role=\"group\" aria-roledescription=\"slide\" aria-label=\"5 of 8\" data-no-translation-aria-label=\"\"><figure class=\"swiper-slide-inner\"><img decoding=\"async\" class=\"swiper-slide-image\" src=\"https:\/\/app.ecomuseovajont.net\/wp-content\/uploads\/2021\/12\/c5_v_mamma-nel-prato042-670x1024.jpg\" alt=\"c5_v_mamma nel prato042\" \/><\/figure><\/div><div class=\"swiper-slide\" role=\"group\" aria-roledescription=\"slide\" aria-label=\"6 of 8\" data-no-translation-aria-label=\"\"><figure class=\"swiper-slide-inner\"><img decoding=\"async\" class=\"swiper-slide-image\" src=\"https:\/\/app.ecomuseovajont.net\/wp-content\/uploads\/2021\/12\/c5_v_papa-nel-prato043-675x1024.jpg\" alt=\"c5_v_pap\u00e0 nel prato043\" \/><\/figure><\/div><div class=\"swiper-slide\" role=\"group\" aria-roledescription=\"slide\" aria-label=\"7 of 8\" data-no-translation-aria-label=\"\"><figure class=\"swiper-slide-inner\"><img decoding=\"async\" class=\"swiper-slide-image\" src=\"https:\/\/app.ecomuseovajont.net\/wp-content\/uploads\/2021\/12\/c5_v_vista-con-le-spesse044-662x1024.jpg\" alt=\"c5_v_vista con le spesse044\" \/><\/figure><\/div><div class=\"swiper-slide\" role=\"group\" aria-roledescription=\"slide\" aria-label=\"8 of 8\" data-no-translation-aria-label=\"\"><figure class=\"swiper-slide-inner\"><img decoding=\"async\" class=\"swiper-slide-image\" src=\"https:\/\/app.ecomuseovajont.net\/wp-content\/uploads\/2021\/12\/c5_v_4fortune057-758x1024.jpg\" alt=\"c5_v_4fortun\u00e8057\" \/><\/figure><\/div>\t\t\t<\/div>\n\t\t\t\t\t\t\t\t\t\t\t\t<div class=\"elementor-swiper-button elementor-swiper-button-prev\" role=\"button\" tabindex=\"0\">\n\t\t\t\t\t\t<i aria-hidden=\"true\" class=\"eicon-chevron-left\"><\/i>\t\t\t\t\t<\/div>\n\t\t\t\t\t<div class=\"elementor-swiper-button elementor-swiper-button-next\" role=\"button\" tabindex=\"0\">\n\t\t\t\t\t\t<i aria-hidden=\"true\" class=\"eicon-chevron-right\"><\/i>\t\t\t\t\t<\/div>\n\t\t\t\t\n\t\t\t\t\t\t\t\t\t<div class=\"swiper-pagination\"><\/div>\n\t\t\t\t\t\t\t\t\t<\/div>\n\t\t\t\t\t\t<\/div>\n\t\t\t\t<\/div>\n\t\t\t\t<div class=\"elementor-element elementor-element-e62f680 elementor-arrows-position-inside elementor-pagination-position-outside elementor-widget elementor-widget-image-carousel\" data-id=\"e62f680\" data-element_type=\"widget\" data-e-type=\"widget\" data-settings=\"{&quot;navigation&quot;:&quot;both&quot;,&quot;autoplay&quot;:&quot;yes&quot;,&quot;pause_on_hover&quot;:&quot;yes&quot;,&quot;pause_on_interaction&quot;:&quot;yes&quot;,&quot;autoplay_speed&quot;:5000,&quot;infinite&quot;:&quot;yes&quot;,&quot;speed&quot;:500}\" data-widget_type=\"image-carousel.default\">\n\t\t\t\t<div class=\"elementor-widget-container\">\n\t\t\t\t\t\t\t<div class=\"elementor-image-carousel-wrapper swiper\" role=\"region\" aria-roledescription=\"carousel\" aria-label=\"Image Carousel\" dir=\"ltr\" data-no-translation-aria-label=\"\">\n\t\t\t<div class=\"elementor-image-carousel swiper-wrapper\" aria-live=\"off\">\n\t\t\t\t\t\t\t\t<div class=\"swiper-slide\" role=\"group\" aria-roledescription=\"slide\" aria-label=\"1 of 3\" data-no-translation-aria-label=\"\"><figure class=\"swiper-slide-inner\"><img decoding=\"async\" class=\"swiper-slide-image\" src=\"https:\/\/app.ecomuseovajont.net\/wp-content\/uploads\/2022\/04\/PHOTO-2022-04-13-10-09-11-2-2-768x533.jpg\" alt=\"PHOTO-2022-04-13-10-09-11 2\" \/><\/figure><\/div><div class=\"swiper-slide\" role=\"group\" aria-roledescription=\"slide\" aria-label=\"2 of 3\" data-no-translation-aria-label=\"\"><figure class=\"swiper-slide-inner\"><img decoding=\"async\" class=\"swiper-slide-image\" src=\"https:\/\/app.ecomuseovajont.net\/wp-content\/uploads\/2021\/12\/c5_o_ragazza-768x533.jpg\" alt=\"c5_o_ragazza\" \/><\/figure><\/div><div class=\"swiper-slide\" role=\"group\" aria-roledescription=\"slide\" aria-label=\"3 of 3\" data-no-translation-aria-label=\"\"><figure class=\"swiper-slide-inner\"><img decoding=\"async\" class=\"swiper-slide-image\" src=\"https:\/\/app.ecomuseovajont.net\/wp-content\/uploads\/2022\/04\/Verso-casa-Fortune\u0300-Copia-768x633.jpg\" alt=\"Verso-casa-Fortune\u0300---Copia\" \/><\/figure><\/div>\t\t\t<\/div>\n\t\t\t\t\t\t\t\t\t\t\t\t<div class=\"elementor-swiper-button elementor-swiper-button-prev\" role=\"button\" tabindex=\"0\">\n\t\t\t\t\t\t<i aria-hidden=\"true\" class=\"eicon-chevron-left\"><\/i>\t\t\t\t\t<\/div>\n\t\t\t\t\t<div class=\"elementor-swiper-button elementor-swiper-button-next\" role=\"button\" tabindex=\"0\">\n\t\t\t\t\t\t<i aria-hidden=\"true\" class=\"eicon-chevron-right\"><\/i>\t\t\t\t\t<\/div>\n\t\t\t\t\n\t\t\t\t\t\t\t\t\t<div class=\"swiper-pagination\"><\/div>\n\t\t\t\t\t\t\t\t\t<\/div>\n\t\t\t\t\t\t<\/div>\n\t\t\t\t<\/div>\n\t\t\t\t<div class=\"elementor-element elementor-element-66a6940 elementor-align-center elementor-widget elementor-widget-button\" data-id=\"66a6940\" data-element_type=\"widget\" data-e-type=\"widget\" data-widget_type=\"button.default\">\n\t\t\t\t<div class=\"elementor-widget-container\">\n\t\t\t\t\t\t\t\t\t<div class=\"elementor-button-wrapper\">\n\t\t\t\t\t<a class=\"elementor-button elementor-button-link elementor-size-sm\" href=\"https:\/\/app.ecomuseovajont.net\/en\/c-prada-percorso\/\">\n\t\t\t\t\t\t<span class=\"elementor-button-content-wrapper\">\n\t\t\t\t\t\t<span class=\"elementor-button-icon\">\n\t\t\t\t<i aria-hidden=\"true\" class=\"fas fa-angle-left\"><\/i>\t\t\t<\/span>\n\t\t\t\t\t\t\t\t\t<span class=\"elementor-button-text\">Torna alla mappa<\/span>\n\t\t\t\t\t<\/span>\n\t\t\t\t\t<\/a>\n\t\t\t\t<\/div>\n\t\t\t\t\t\t\t\t<\/div>\n\t\t\t\t<\/div>\n\t\t\t\t\t<\/div>\n\t\t<\/div>\n\t\t\t\t\t<\/div>\n\t\t<\/section>\n\t\t\t\t<\/div>","protected":false},"excerpt":{"rendered":"<p>CASA FORTUN\u00c8 Ascolta l&#8217;audio Qui hanno perso la vita i coniugi Angelica e Fortunato. La catena del focolare \u00e8 riapparsa dietro a quello che ora rimane della casa. L\u2019hanno ritrovata Paola e Carlo mentre cercavano funghi. Bep\u00ecno ricorda che poco prima del disastro era stato tolto il focolare per sostituirlo con una cucina economica pi\u00f9 &#8230; <a title=\"C5 &#8211; Casa Fortun\u00e9\" class=\"read-more\" href=\"https:\/\/app.ecomuseovajont.net\/en\/c5-casa-fortune\/\" aria-label=\"Read more about C5 &#8211; Casa Fortun\u00e9\">Read more<\/a><\/p>","protected":false},"author":1,"featured_media":0,"parent":0,"menu_order":0,"comment_status":"closed","ping_status":"closed","template":"elementor_canvas","meta":{"footnotes":""},"class_list":["post-620","page","type-page","status-publish"],"_links":{"self":[{"href":"https:\/\/app.ecomuseovajont.net\/en\/wp-json\/wp\/v2\/pages\/620","targetHints":{"allow":["GET"]}}],"collection":[{"href":"https:\/\/app.ecomuseovajont.net\/en\/wp-json\/wp\/v2\/pages"}],"about":[{"href":"https:\/\/app.ecomuseovajont.net\/en\/wp-json\/wp\/v2\/types\/page"}],"author":[{"embeddable":true,"href":"https:\/\/app.ecomuseovajont.net\/en\/wp-json\/wp\/v2\/users\/1"}],"replies":[{"embeddable":true,"href":"https:\/\/app.ecomuseovajont.net\/en\/wp-json\/wp\/v2\/comments?post=620"}],"version-history":[{"count":40,"href":"https:\/\/app.ecomuseovajont.net\/en\/wp-json\/wp\/v2\/pages\/620\/revisions"}],"predecessor-version":[{"id":2035,"href":"https:\/\/app.ecomuseovajont.net\/en\/wp-json\/wp\/v2\/pages\/620\/revisions\/2035"}],"wp:attachment":[{"href":"https:\/\/app.ecomuseovajont.net\/en\/wp-json\/wp\/v2\/media?parent=620"}],"curies":[{"name":"wp","href":"https:\/\/api.w.org\/{rel}","templated":true}]}}