{"id":647,"date":"2021-11-08T11:51:48","date_gmt":"2021-11-08T10:51:48","guid":{"rendered":"https:\/\/app.ecomuseovajont.net\/?page_id=647"},"modified":"2022-04-29T14:56:17","modified_gmt":"2022-04-29T12:56:17","slug":"d3-braga","status":"publish","type":"page","link":"https:\/\/app.ecomuseovajont.net\/en\/d3-braga\/","title":{"rendered":"D3 &#8211; Braga"},"content":{"rendered":"<div data-elementor-type=\"wp-page\" data-elementor-id=\"647\" class=\"elementor elementor-647\">\n\t\t\t\t\t\t<section class=\"elementor-section elementor-top-section elementor-element elementor-element-3a79f242 elementor-section-full_width elementor-section-height-default elementor-section-height-default\" data-id=\"3a79f242\" data-element_type=\"section\" data-e-type=\"section\" data-settings=\"{&quot;background_background&quot;:&quot;classic&quot;}\">\n\t\t\t\t\t\t<div class=\"elementor-container elementor-column-gap-no\">\n\t\t\t\t\t<div class=\"elementor-column elementor-col-100 elementor-top-column elementor-element elementor-element-22c2dda2\" data-id=\"22c2dda2\" data-element_type=\"column\" data-e-type=\"column\">\n\t\t\t<div class=\"elementor-widget-wrap elementor-element-populated\">\n\t\t\t\t\t\t<div class=\"elementor-element elementor-element-9b1b29d elementor-widget elementor-widget-heading\" data-id=\"9b1b29d\" data-element_type=\"widget\" data-e-type=\"widget\" data-widget_type=\"heading.default\">\n\t\t\t\t<div class=\"elementor-widget-container\">\n\t\t\t\t\t<h2 class=\"elementor-heading-title elementor-size-default\">BRAGA<\/h2>\t\t\t\t<\/div>\n\t\t\t\t<\/div>\n\t\t\t\t<div class=\"elementor-element elementor-element-37cfabb elementor-widget elementor-widget-heading\" data-id=\"37cfabb\" data-element_type=\"widget\" data-e-type=\"widget\" data-widget_type=\"heading.default\">\n\t\t\t\t<div class=\"elementor-widget-container\">\n\t\t\t\t\t<h4 class=\"elementor-heading-title elementor-size-default\">Ascolta l'audio<\/h4>\t\t\t\t<\/div>\n\t\t\t\t<\/div>\n\t\t\t\t<div class=\"elementor-element elementor-element-ce6bf37 elementor-widget elementor-widget-wp-widget-media_audio\" data-id=\"ce6bf37\" data-element_type=\"widget\" data-e-type=\"widget\" data-widget_type=\"wp-widget-media_audio.default\">\n\t\t\t\t<div class=\"elementor-widget-container\">\n\t\t\t\t\t<audio class=\"wp-audio-shortcode\" id=\"audio-647-1\" preload=\"none\" style=\"width: 100%;\" controls=\"controls\"><source type=\"audio\/mpeg\" src=\"https:\/\/app.ecomuseovajont.net\/wp-content\/uploads\/2021\/12\/d03-seconda-tappa-casa-braga.mp3?_=1\" \/><source type=\"audio\/mpeg\" src=\"https:\/\/app.ecomuseovajont.net\/wp-content\/uploads\/2021\/12\/d03-seconda-tappa-casa-braga.mp3?_=1\" \/><a href=\"https:\/\/app.ecomuseovajont.net\/wp-content\/uploads\/2021\/12\/d03-seconda-tappa-casa-braga.mp3\">https:\/\/app.ecomuseovajont.net\/wp-content\/uploads\/2021\/12\/d03-seconda-tappa-casa-braga.mp3<\/a><\/audio>\t\t\t\t<\/div>\n\t\t\t\t<\/div>\n\t\t\t\t<div class=\"elementor-element elementor-element-be16804 elementor-widget elementor-widget-text-editor\" data-id=\"be16804\" data-element_type=\"widget\" data-e-type=\"widget\" data-widget_type=\"text-editor.default\">\n\t\t\t\t<div class=\"elementor-widget-container\">\n\t\t\t\t\t\t\t\t\t<p>Sei davanti alla casa della famiglia Braga. Sono tre le vittime: Ferruccia di 4 anni, la zia e la nonna paterna.<\/p><p>\u00a0<\/p><p><em>Qui c\u2019erano le case e le stalle dei fratelli Braga \u2013 Pan\u00e9c\u2019. Sotto avevano la cucina e al piano di sopra le camere.<\/em><\/p><p><em>I nonni si trasferivano in questo posto per tutta l\u2019estate, dalla primavera fino a ottobre. Avevano sei mucche e intorno i prati, ora invasi dalla vegetazione. C\u2019erano anche tanti frutteti.<\/em><\/p><p><em>\u00a0Il 9 ottobre, mia sorella Ferruccia stava qui e io invece a Erto perch\u00e9 l\u2019indomani era il mio settimo compleanno.<\/em><\/p><p><em>Quella mattina del 9 andai a trovarla in moto con Patrizio, il panettiere.<\/em><\/p><p><em>&#8211; Andiamo da tua sorella. <\/em><\/p><p><em>\u00a0Anche Ferruccia voleva rientrare in paese ma Patrizio la convinse a rimanere l\u00ec.<\/em><\/p><p><em>&#8211; No, dai domani veniamo a prenderti e festeggiamo insieme.<\/em><\/p><p><em>E invece successe il disastro e non la rividi pi\u00f9.<\/em><\/p><p><em>Da allora, ogni 9 ottobre veniamo qui a pulire il pavimento rimasto e a deporre i fiori. In questa sorta di tabernacolo che abbiamo innalzato, accendiamo le candele. <\/em><\/p><p><em>\u00a0<\/em><\/p><p>Maria Paola<\/p><p>\u00a0<\/p><p><em>\u00a0<\/em><\/p><p><em>Io con i miei genitori andavo in Lir\u00f3n e spesso mi fermavo da Ferruccia. Giocavamo nel cortile di casa sua. Anche quel 9 ottobre sono passato di l\u00ec. Io volevo fermarmi a dormire da lei, ma mia mamma a tutti i costi volle riportarmi a Erto.<\/em><\/p><p>\u00a0<\/p><p>Pierino<\/p><p>\u00a0<\/p><p>\u00a0<\/p><p>La zia di Ferruccia, Men\u00ecna ha raccontato con le lacrime agli occhi che cosa hanno provato lei e la sorella Pierina in quei momenti del disastro essendo in paese lontane dalla piccola.<\/p><p>\u00a0<\/p><p><em>Andavo avanti e indietro, ci facevamo caff\u00e9, si beveva aspettando la luce del giorno.<\/em><\/p><p><em>Io andavo da casa mia, alla casa di \u015a\u00e9p dal Moro; abitava proprio di fronte a Prada e non poteva muoversi tanto perch\u00e9 gli avevano amputato una gamba e gli chiedevo:<\/em><\/p><p><em>&#8211; Hai paura?<\/em><\/p><p><em>Lui mi tranquilizzava. Poi andavo da Cate de Braga e una volta mi disse:<\/em><\/p><p><em>&#8211; Vai in camera, prendi il binocolo e dalla finestra potrai vedere Prada.<\/em><\/p><p><em>Io dalla finestra non riuscivo a vedere niente e cos\u00ec andai davanti alla casa di \u015a\u00e9p e l\u00ec&#8230; vidi, non vidi pi\u00f9 niente. <\/em><\/p><p><em>Ormai capii che Ferruccia non c&#8217;era pi\u00f9. Corsi a casa e a mia sorella dissi:<\/em><\/p><p><em>&#8211; Piangi, disperati, ammazzati, fai quello che vuoi, Ferruccia non c&#8217;\u00e8 pi\u00f9.<\/em><\/p><p>\u00a0<\/p><p>\u00a0Men\u00ecna de la St\u00e9la<\/p>\t\t\t\t\t\t\t\t<\/div>\n\t\t\t\t<\/div>\n\t\t\t\t<div class=\"elementor-element elementor-element-f523a2b elementor-arrows-position-inside elementor-pagination-position-outside elementor-widget elementor-widget-image-carousel\" data-id=\"f523a2b\" data-element_type=\"widget\" data-e-type=\"widget\" data-settings=\"{&quot;navigation&quot;:&quot;both&quot;,&quot;autoplay&quot;:&quot;yes&quot;,&quot;pause_on_hover&quot;:&quot;yes&quot;,&quot;pause_on_interaction&quot;:&quot;yes&quot;,&quot;autoplay_speed&quot;:5000,&quot;infinite&quot;:&quot;yes&quot;,&quot;speed&quot;:500}\" data-widget_type=\"image-carousel.default\">\n\t\t\t\t<div class=\"elementor-widget-container\">\n\t\t\t\t\t\t\t<div class=\"elementor-image-carousel-wrapper swiper\" role=\"region\" aria-roledescription=\"carousel\" aria-label=\"Carosello d&#039;immagini\" dir=\"ltr\">\n\t\t\t<div class=\"elementor-image-carousel swiper-wrapper\" aria-live=\"off\">\n\t\t\t\t\t\t\t\t<div class=\"swiper-slide\" role=\"group\" aria-roledescription=\"slide\" aria-label=\"1 di 3\"><figure class=\"swiper-slide-inner\"><img decoding=\"async\" class=\"swiper-slide-image\" src=\"https:\/\/app.ecomuseovajont.net\/wp-content\/uploads\/2021\/11\/nonna-ferruccia-760x1024.jpg\" alt=\"nonna ferruccia\" \/><\/figure><\/div><div class=\"swiper-slide\" role=\"group\" aria-roledescription=\"slide\" aria-label=\"2 di 3\"><figure class=\"swiper-slide-inner\"><img decoding=\"async\" class=\"swiper-slide-image\" src=\"https:\/\/app.ecomuseovajont.net\/wp-content\/uploads\/2021\/11\/IMariapaola-Ornersg.jpg\" alt=\"IMariapaola Ornersg\" \/><\/figure><\/div><div class=\"swiper-slide\" role=\"group\" aria-roledescription=\"slide\" aria-label=\"3 di 3\"><figure class=\"swiper-slide-inner\"><img decoding=\"async\" class=\"swiper-slide-image\" src=\"https:\/\/app.ecomuseovajont.net\/wp-content\/uploads\/2021\/11\/cid_ii_kvhtztn30-ferruccia.jpg\" alt=\"!cid_ii_kvhtztn30 ferruccia\" \/><\/figure><\/div>\t\t\t<\/div>\n\t\t\t\t\t\t\t\t\t\t\t\t<div class=\"elementor-swiper-button elementor-swiper-button-prev\" role=\"button\" tabindex=\"0\">\n\t\t\t\t\t\t<i aria-hidden=\"true\" class=\"eicon-chevron-left\"><\/i>\t\t\t\t\t<\/div>\n\t\t\t\t\t<div class=\"elementor-swiper-button elementor-swiper-button-next\" role=\"button\" tabindex=\"0\">\n\t\t\t\t\t\t<i aria-hidden=\"true\" class=\"eicon-chevron-right\"><\/i>\t\t\t\t\t<\/div>\n\t\t\t\t\n\t\t\t\t\t\t\t\t\t<div class=\"swiper-pagination\"><\/div>\n\t\t\t\t\t\t\t\t\t<\/div>\n\t\t\t\t\t\t<\/div>\n\t\t\t\t<\/div>\n\t\t\t\t<div class=\"elementor-element elementor-element-6c8eaa7 elementor-widget elementor-widget-gallery\" data-id=\"6c8eaa7\" data-element_type=\"widget\" data-e-type=\"widget\" data-settings=\"{&quot;gallery_layout&quot;:&quot;masonry&quot;,&quot;lazyload&quot;:&quot;yes&quot;,&quot;columns&quot;:4,&quot;columns_tablet&quot;:2,&quot;columns_mobile&quot;:1,&quot;gap&quot;:{&quot;unit&quot;:&quot;px&quot;,&quot;size&quot;:10,&quot;sizes&quot;:[]},&quot;gap_tablet&quot;:{&quot;unit&quot;:&quot;px&quot;,&quot;size&quot;:10,&quot;sizes&quot;:[]},&quot;gap_mobile&quot;:{&quot;unit&quot;:&quot;px&quot;,&quot;size&quot;:10,&quot;sizes&quot;:[]},&quot;overlay_background&quot;:&quot;yes&quot;,&quot;content_hover_animation&quot;:&quot;fade-in&quot;}\" data-widget_type=\"gallery.default\">\n\t\t\t\t<div class=\"elementor-widget-container\">\n\t\t\t\t\t\t\t<div class=\"elementor-gallery__container\">\n\t\t\t\t\t\t\t<div class=\"e-gallery-item elementor-gallery-item elementor-animated-content\">\n\t\t\t\t\t<div class=\"e-gallery-image elementor-gallery-item__image\" data-thumbnail=\"https:\/\/app.ecomuseovajont.net\/wp-content\/uploads\/2021\/11\/catejpg-137x300.jpg\" data-width=\"137\" data-height=\"300\" alt=\"\" ><\/div>\n\t\t\t\t\t\t\t\t\t\t\t<div class=\"elementor-gallery-item__overlay\"><\/div>\n\t\t\t\t\t\t\t\t\t\t\t\t\t\t<\/div>\n\t\t\t\t\t\t\t<div class=\"e-gallery-item elementor-gallery-item elementor-animated-content\">\n\t\t\t\t\t<div class=\"e-gallery-image elementor-gallery-item__image\" data-thumbnail=\"https:\/\/app.ecomuseovajont.net\/wp-content\/uploads\/2022\/04\/BRAGA-300x218.jpg\" data-width=\"300\" data-height=\"218\" alt=\"\" ><\/div>\n\t\t\t\t\t\t\t\t\t\t\t<div class=\"elementor-gallery-item__overlay\"><\/div>\n\t\t\t\t\t\t\t\t\t\t\t\t\t\t<\/div>\n\t\t\t\t\t<\/div>\n\t\t\t\t\t<\/div>\n\t\t\t\t<\/div>\n\t\t\t\t<div class=\"elementor-element elementor-element-66a6940 elementor-align-center elementor-widget elementor-widget-button\" data-id=\"66a6940\" data-element_type=\"widget\" data-e-type=\"widget\" data-widget_type=\"button.default\">\n\t\t\t\t<div class=\"elementor-widget-container\">\n\t\t\t\t\t\t\t\t\t<div class=\"elementor-button-wrapper\">\n\t\t\t\t\t<a class=\"elementor-button elementor-button-link elementor-size-sm\" href=\"https:\/\/app.ecomuseovajont.net\/en\/d-orners-ceva-marzana-percorso\/\">\n\t\t\t\t\t\t<span class=\"elementor-button-content-wrapper\">\n\t\t\t\t\t\t<span class=\"elementor-button-icon\">\n\t\t\t\t<i aria-hidden=\"true\" class=\"fas fa-angle-left\"><\/i>\t\t\t<\/span>\n\t\t\t\t\t\t\t\t\t<span class=\"elementor-button-text\">Torna alla mappa<\/span>\n\t\t\t\t\t<\/span>\n\t\t\t\t\t<\/a>\n\t\t\t\t<\/div>\n\t\t\t\t\t\t\t\t<\/div>\n\t\t\t\t<\/div>\n\t\t\t\t\t<\/div>\n\t\t<\/div>\n\t\t\t\t\t<\/div>\n\t\t<\/section>\n\t\t\t\t<\/div>","protected":false},"excerpt":{"rendered":"<p>BRAGA Ascolta l&#8217;audio Sei davanti alla casa della famiglia Braga. Sono tre le vittime: Ferruccia di 4 anni, la zia e la nonna paterna. \u00a0 Qui c\u2019erano le case e le stalle dei fratelli Braga \u2013 Pan\u00e9c\u2019. Sotto avevano la cucina e al piano di sopra le camere. I nonni si trasferivano in questo posto &#8230; <a title=\"D3 &#8211; Braga\" class=\"read-more\" href=\"https:\/\/app.ecomuseovajont.net\/en\/d3-braga\/\" aria-label=\"Read more about D3 &#8211; Braga\">Read more<\/a><\/p>","protected":false},"author":1,"featured_media":0,"parent":0,"menu_order":0,"comment_status":"closed","ping_status":"closed","template":"elementor_canvas","meta":{"footnotes":""},"class_list":["post-647","page","type-page","status-publish"],"_links":{"self":[{"href":"https:\/\/app.ecomuseovajont.net\/en\/wp-json\/wp\/v2\/pages\/647","targetHints":{"allow":["GET"]}}],"collection":[{"href":"https:\/\/app.ecomuseovajont.net\/en\/wp-json\/wp\/v2\/pages"}],"about":[{"href":"https:\/\/app.ecomuseovajont.net\/en\/wp-json\/wp\/v2\/types\/page"}],"author":[{"embeddable":true,"href":"https:\/\/app.ecomuseovajont.net\/en\/wp-json\/wp\/v2\/users\/1"}],"replies":[{"embeddable":true,"href":"https:\/\/app.ecomuseovajont.net\/en\/wp-json\/wp\/v2\/comments?post=647"}],"version-history":[{"count":44,"href":"https:\/\/app.ecomuseovajont.net\/en\/wp-json\/wp\/v2\/pages\/647\/revisions"}],"predecessor-version":[{"id":2067,"href":"https:\/\/app.ecomuseovajont.net\/en\/wp-json\/wp\/v2\/pages\/647\/revisions\/2067"}],"wp:attachment":[{"href":"https:\/\/app.ecomuseovajont.net\/en\/wp-json\/wp\/v2\/media?parent=647"}],"curies":[{"name":"wp","href":"https:\/\/api.w.org\/{rel}","templated":true}]}}