{"id":652,"date":"2021-11-08T11:52:28","date_gmt":"2021-11-08T10:52:28","guid":{"rendered":"https:\/\/app.ecomuseovajont.net\/?page_id=652"},"modified":"2022-04-29T15:02:37","modified_gmt":"2022-04-29T13:02:37","slug":"d4-silvano","status":"publish","type":"page","link":"https:\/\/app.ecomuseovajont.net\/en\/d4-silvano\/","title":{"rendered":"D4 &#8211; Silvano"},"content":{"rendered":"<div data-elementor-type=\"wp-page\" data-elementor-id=\"652\" class=\"elementor elementor-652\">\n\t\t\t\t\t\t<section class=\"elementor-section elementor-top-section elementor-element elementor-element-3a79f242 elementor-section-full_width elementor-section-height-default elementor-section-height-default\" data-id=\"3a79f242\" data-element_type=\"section\" data-e-type=\"section\" data-settings=\"{&quot;background_background&quot;:&quot;classic&quot;}\">\n\t\t\t\t\t\t<div class=\"elementor-container elementor-column-gap-no\">\n\t\t\t\t\t<div class=\"elementor-column elementor-col-100 elementor-top-column elementor-element elementor-element-22c2dda2\" data-id=\"22c2dda2\" data-element_type=\"column\" data-e-type=\"column\">\n\t\t\t<div class=\"elementor-widget-wrap elementor-element-populated\">\n\t\t\t\t\t\t<div class=\"elementor-element elementor-element-9b1b29d elementor-widget elementor-widget-heading\" data-id=\"9b1b29d\" data-element_type=\"widget\" data-e-type=\"widget\" data-widget_type=\"heading.default\">\n\t\t\t\t<div class=\"elementor-widget-container\">\n\t\t\t\t\t<h2 class=\"elementor-heading-title elementor-size-default\">SILVANO<\/h2>\t\t\t\t<\/div>\n\t\t\t\t<\/div>\n\t\t\t\t<div class=\"elementor-element elementor-element-266b574 elementor-widget elementor-widget-heading\" data-id=\"266b574\" data-element_type=\"widget\" data-e-type=\"widget\" data-widget_type=\"heading.default\">\n\t\t\t\t<div class=\"elementor-widget-container\">\n\t\t\t\t\t<h4 class=\"elementor-heading-title elementor-size-default\">Ascolta l'audio<\/h4>\t\t\t\t<\/div>\n\t\t\t\t<\/div>\n\t\t\t\t<div class=\"elementor-element elementor-element-ce6bf37 elementor-widget elementor-widget-wp-widget-media_audio\" data-id=\"ce6bf37\" data-element_type=\"widget\" data-e-type=\"widget\" data-widget_type=\"wp-widget-media_audio.default\">\n\t\t\t\t<div class=\"elementor-widget-container\">\n\t\t\t\t\t<audio class=\"wp-audio-shortcode\" id=\"audio-652-1\" preload=\"none\" style=\"width: 100%;\" controls=\"controls\"><source type=\"audio\/mpeg\" src=\"https:\/\/app.ecomuseovajont.net\/wp-content\/uploads\/2021\/12\/d04-quarta-tappa-casa-di-silvano.mp3?_=1\" \/><source type=\"audio\/mpeg\" src=\"https:\/\/app.ecomuseovajont.net\/wp-content\/uploads\/2021\/12\/d04-quarta-tappa-casa-di-silvano.mp3?_=1\" \/><a href=\"https:\/\/app.ecomuseovajont.net\/wp-content\/uploads\/2021\/12\/d04-quarta-tappa-casa-di-silvano.mp3\">https:\/\/app.ecomuseovajont.net\/wp-content\/uploads\/2021\/12\/d04-quarta-tappa-casa-di-silvano.mp3<\/a><\/audio>\t\t\t\t<\/div>\n\t\t\t\t<\/div>\n\t\t\t\t<div class=\"elementor-element elementor-element-be16804 elementor-widget elementor-widget-text-editor\" data-id=\"be16804\" data-element_type=\"widget\" data-e-type=\"widget\" data-widget_type=\"text-editor.default\">\n\t\t\t\t<div class=\"elementor-widget-container\">\n\t\t\t\t\t\t\t\t\t<p>Qui hanno perso la vita i coniugi Silvano e Antonia.&nbsp;<\/p><p>Il nipote Gualtiero ricorda la nonna Antonia sempre vestita di nero. In paese la chiamavano la \u201cstria\u201d, strega, per la sua conoscenza delle erbe medicali e l\u2019abilit\u00e0 nel ricomporre le ossa fratturate. Ai nipoti dava sempre il compito di battere la zangola per fare il burro. Nonno Silvano era solito masticare tabacco. Ogni mattina svegliava i nipoti alle 5 perch\u00e9 portassero le mucche ad abbeverarsi. I corpi non furono mai ritrovati, ma tra le macerie riemersero alcuni oggetti che ci riportano alla loro quotidianit\u00e0. Una statuetta di Sant\u2019Antonio, a cui Antonia aveva affidato la protezione del figlio soldato in guerra, e davanti alla quale poneva ogni sera una candela accesa. Il coltellino di Silvano, facile da riconoscere perch\u00e9 era un abile intagliatore. Il libro di preghiere, ritrovato impigliato tra i rami di un albero anni dopo il disastro, che ad ogni utilizzo veniva avvolto con cura da Antonia in un sacchetto di nylon, affinch\u00e9 non si rovinasse.<\/p>\n<p><\/p>\n<p><em>Ogni giorno venivo in localit\u00e0 Orn\u00e9rs, dove \u00e8 morta la famiglia di Silvano de Longo. Per loro ero come un secondo figlio, in quanto i loro figli gi\u00e0 adulti erano lontani. Prima di arrivare da loro mi fermavo a giocare con i ragazzi della famiglia Br\u00f3mbol, che erano miei coetanei, soprattutto con Marco e Rinaldo. La loro casa e quella vicina furono espropriate perch\u00e9 si trovavano sotto al livello dell\u2019invaso.<\/em><em style=\"color: var( --e-global-color-743b920 );\">&nbsp;<\/em><\/p>\n<p>Italo<\/p>\t\t\t\t\t\t\t\t<\/div>\n\t\t\t\t<\/div>\n\t\t\t\t<div class=\"elementor-element elementor-element-0fc3b94 elementor-arrows-position-inside elementor-pagination-position-outside elementor-widget elementor-widget-image-carousel\" data-id=\"0fc3b94\" data-element_type=\"widget\" data-e-type=\"widget\" data-settings=\"{&quot;slides_to_scroll&quot;:&quot;4&quot;,&quot;navigation&quot;:&quot;both&quot;,&quot;autoplay&quot;:&quot;yes&quot;,&quot;pause_on_hover&quot;:&quot;yes&quot;,&quot;pause_on_interaction&quot;:&quot;yes&quot;,&quot;autoplay_speed&quot;:5000,&quot;infinite&quot;:&quot;yes&quot;,&quot;speed&quot;:500}\" data-widget_type=\"image-carousel.default\">\n\t\t\t\t<div class=\"elementor-widget-container\">\n\t\t\t\t\t\t\t<div class=\"elementor-image-carousel-wrapper swiper\" role=\"region\" aria-roledescription=\"carousel\" aria-label=\"Carosello d&#039;immagini\" dir=\"ltr\">\n\t\t\t<div class=\"elementor-image-carousel swiper-wrapper\" aria-live=\"off\">\n\t\t\t\t\t\t\t\t<div class=\"swiper-slide\" role=\"group\" aria-roledescription=\"slide\" aria-label=\"1 di 4\"><figure class=\"swiper-slide-inner\"><img decoding=\"async\" class=\"swiper-slide-image\" src=\"https:\/\/app.ecomuseovajont.net\/wp-content\/uploads\/2021\/12\/IMG-20211106-WA0018-677x1024.jpg\" alt=\"IMG-20211106-WA0018\" \/><\/figure><\/div><div class=\"swiper-slide\" role=\"group\" aria-roledescription=\"slide\" aria-label=\"2 di 4\"><figure class=\"swiper-slide-inner\"><img decoding=\"async\" class=\"swiper-slide-image\" src=\"https:\/\/app.ecomuseovajont.net\/wp-content\/uploads\/2021\/12\/IMG-20211107-WA0000-678x1024.jpg\" alt=\"IMG-20211107-WA0000\" \/><\/figure><\/div><div class=\"swiper-slide\" role=\"group\" aria-roledescription=\"slide\" aria-label=\"3 di 4\"><figure class=\"swiper-slide-inner\"><img decoding=\"async\" class=\"swiper-slide-image\" src=\"https:\/\/app.ecomuseovajont.net\/wp-content\/uploads\/2021\/12\/IMG-20211106-WA0016-1016x1024.jpg\" alt=\"IMG-20211106-WA0016\" \/><\/figure><\/div><div class=\"swiper-slide\" role=\"group\" aria-roledescription=\"slide\" aria-label=\"4 di 4\"><figure class=\"swiper-slide-inner\"><img decoding=\"async\" class=\"swiper-slide-image\" src=\"https:\/\/app.ecomuseovajont.net\/wp-content\/uploads\/2022\/04\/SILVANO-1024x845.jpg\" alt=\"SILVANO\" \/><\/figure><\/div>\t\t\t<\/div>\n\t\t\t\t\t\t\t\t\t\t\t\t<div class=\"elementor-swiper-button elementor-swiper-button-prev\" role=\"button\" tabindex=\"0\">\n\t\t\t\t\t\t<i aria-hidden=\"true\" class=\"eicon-chevron-left\"><\/i>\t\t\t\t\t<\/div>\n\t\t\t\t\t<div class=\"elementor-swiper-button elementor-swiper-button-next\" role=\"button\" tabindex=\"0\">\n\t\t\t\t\t\t<i aria-hidden=\"true\" class=\"eicon-chevron-right\"><\/i>\t\t\t\t\t<\/div>\n\t\t\t\t\n\t\t\t\t\t\t\t\t\t<div class=\"swiper-pagination\"><\/div>\n\t\t\t\t\t\t\t\t\t<\/div>\n\t\t\t\t\t\t<\/div>\n\t\t\t\t<\/div>\n\t\t\t\t<div class=\"elementor-element elementor-element-c8b4f7e elementor-widget elementor-widget-image\" data-id=\"c8b4f7e\" data-element_type=\"widget\" data-e-type=\"widget\" data-widget_type=\"image.default\">\n\t\t\t\t<div class=\"elementor-widget-container\">\n\t\t\t\t\t\t\t\t\t\t\t\t\t\t\t<img fetchpriority=\"high\" decoding=\"async\" width=\"768\" height=\"460\" src=\"https:\/\/app.ecomuseovajont.net\/wp-content\/uploads\/2021\/12\/IMG-20211106-WA0015-768x460.jpg\" class=\"attachment-medium_large size-medium_large wp-image-1755\" alt=\"\" srcset=\"https:\/\/app.ecomuseovajont.net\/wp-content\/uploads\/2021\/12\/IMG-20211106-WA0015-768x460.jpg 768w, https:\/\/app.ecomuseovajont.net\/wp-content\/uploads\/2021\/12\/IMG-20211106-WA0015-300x180.jpg 300w, https:\/\/app.ecomuseovajont.net\/wp-content\/uploads\/2021\/12\/IMG-20211106-WA0015-1024x613.jpg 1024w, https:\/\/app.ecomuseovajont.net\/wp-content\/uploads\/2021\/12\/IMG-20211106-WA0015-18x12.jpg 18w, https:\/\/app.ecomuseovajont.net\/wp-content\/uploads\/2021\/12\/IMG-20211106-WA0015.jpg 1341w\" sizes=\"(max-width: 768px) 100vw, 768px\" \/>\t\t\t\t\t\t\t\t\t\t\t\t\t\t\t<\/div>\n\t\t\t\t<\/div>\n\t\t\t\t<div class=\"elementor-element elementor-element-5c676d2 elementor-widget elementor-widget-image\" data-id=\"5c676d2\" data-element_type=\"widget\" data-e-type=\"widget\" data-widget_type=\"image.default\">\n\t\t\t\t<div class=\"elementor-widget-container\">\n\t\t\t\t\t\t\t\t\t\t\t\t\t\t\t<img decoding=\"async\" width=\"1024\" height=\"730\" src=\"https:\/\/app.ecomuseovajont.net\/wp-content\/uploads\/2021\/11\/silvano-073-1024x730.jpg\" class=\"attachment-large size-large wp-image-808\" alt=\"\" srcset=\"https:\/\/app.ecomuseovajont.net\/wp-content\/uploads\/2021\/11\/silvano-073-1024x730.jpg 1024w, https:\/\/app.ecomuseovajont.net\/wp-content\/uploads\/2021\/11\/silvano-073-300x214.jpg 300w, https:\/\/app.ecomuseovajont.net\/wp-content\/uploads\/2021\/11\/silvano-073-768x547.jpg 768w, https:\/\/app.ecomuseovajont.net\/wp-content\/uploads\/2021\/11\/silvano-073-1536x1095.jpg 1536w, https:\/\/app.ecomuseovajont.net\/wp-content\/uploads\/2021\/11\/silvano-073-2048x1459.jpg 2048w, https:\/\/app.ecomuseovajont.net\/wp-content\/uploads\/2021\/11\/silvano-073-18x12.jpg 18w, https:\/\/app.ecomuseovajont.net\/wp-content\/uploads\/2021\/11\/silvano-073-scaled-e1636455764852.jpg 1280w\" sizes=\"(max-width: 1024px) 100vw, 1024px\" \/>\t\t\t\t\t\t\t\t\t\t\t\t\t\t\t<\/div>\n\t\t\t\t<\/div>\n\t\t\t\t<div class=\"elementor-element elementor-element-66a6940 elementor-align-center elementor-widget elementor-widget-button\" data-id=\"66a6940\" data-element_type=\"widget\" data-e-type=\"widget\" data-widget_type=\"button.default\">\n\t\t\t\t<div class=\"elementor-widget-container\">\n\t\t\t\t\t\t\t\t\t<div class=\"elementor-button-wrapper\">\n\t\t\t\t\t<a class=\"elementor-button elementor-button-link elementor-size-sm\" href=\"https:\/\/app.ecomuseovajont.net\/en\/d-orners-ceva-marzana-percorso\/\">\n\t\t\t\t\t\t<span class=\"elementor-button-content-wrapper\">\n\t\t\t\t\t\t<span class=\"elementor-button-icon\">\n\t\t\t\t<i aria-hidden=\"true\" class=\"fas fa-angle-left\"><\/i>\t\t\t<\/span>\n\t\t\t\t\t\t\t\t\t<span class=\"elementor-button-text\">Torna alla mappa<\/span>\n\t\t\t\t\t<\/span>\n\t\t\t\t\t<\/a>\n\t\t\t\t<\/div>\n\t\t\t\t\t\t\t\t<\/div>\n\t\t\t\t<\/div>\n\t\t\t\t\t<\/div>\n\t\t<\/div>\n\t\t\t\t\t<\/div>\n\t\t<\/section>\n\t\t\t\t<\/div>","protected":false},"excerpt":{"rendered":"<p>SILVANO Ascolta l&#8217;audio Qui hanno perso la vita i coniugi Silvano e Antonia.&nbsp; Il nipote Gualtiero ricorda la nonna Antonia sempre vestita di nero. In paese la chiamavano la \u201cstria\u201d, strega, per la sua conoscenza delle erbe medicali e l\u2019abilit\u00e0 nel ricomporre le ossa fratturate. Ai nipoti dava sempre il compito di battere la zangola &#8230; <a title=\"D4 &#8211; Silvano\" class=\"read-more\" href=\"https:\/\/app.ecomuseovajont.net\/en\/d4-silvano\/\" aria-label=\"Read more about D4 &#8211; Silvano\">Read more<\/a><\/p>","protected":false},"author":1,"featured_media":0,"parent":0,"menu_order":0,"comment_status":"closed","ping_status":"closed","template":"elementor_canvas","meta":{"footnotes":""},"class_list":["post-652","page","type-page","status-publish"],"_links":{"self":[{"href":"https:\/\/app.ecomuseovajont.net\/en\/wp-json\/wp\/v2\/pages\/652","targetHints":{"allow":["GET"]}}],"collection":[{"href":"https:\/\/app.ecomuseovajont.net\/en\/wp-json\/wp\/v2\/pages"}],"about":[{"href":"https:\/\/app.ecomuseovajont.net\/en\/wp-json\/wp\/v2\/types\/page"}],"author":[{"embeddable":true,"href":"https:\/\/app.ecomuseovajont.net\/en\/wp-json\/wp\/v2\/users\/1"}],"replies":[{"embeddable":true,"href":"https:\/\/app.ecomuseovajont.net\/en\/wp-json\/wp\/v2\/comments?post=652"}],"version-history":[{"count":41,"href":"https:\/\/app.ecomuseovajont.net\/en\/wp-json\/wp\/v2\/pages\/652\/revisions"}],"predecessor-version":[{"id":2086,"href":"https:\/\/app.ecomuseovajont.net\/en\/wp-json\/wp\/v2\/pages\/652\/revisions\/2086"}],"wp:attachment":[{"href":"https:\/\/app.ecomuseovajont.net\/en\/wp-json\/wp\/v2\/media?parent=652"}],"curies":[{"name":"wp","href":"https:\/\/api.w.org\/{rel}","templated":true}]}}