{"id":662,"date":"2021-11-08T11:56:04","date_gmt":"2021-11-08T10:56:04","guid":{"rendered":"https:\/\/app.ecomuseovajont.net\/?page_id=662"},"modified":"2022-05-03T16:42:46","modified_gmt":"2022-05-03T14:42:46","slug":"d6-casa-nani-giambonin","status":"publish","type":"page","link":"https:\/\/app.ecomuseovajont.net\/en\/d6-casa-nani-giambonin\/","title":{"rendered":"D6 &#8211; Casa Nani Giambonin"},"content":{"rendered":"<div data-elementor-type=\"wp-page\" data-elementor-id=\"662\" class=\"elementor elementor-662\">\n\t\t\t\t\t\t<section class=\"elementor-section elementor-top-section elementor-element elementor-element-3a79f242 elementor-section-full_width elementor-section-height-default elementor-section-height-default\" data-id=\"3a79f242\" data-element_type=\"section\" data-e-type=\"section\" data-settings=\"{&quot;background_background&quot;:&quot;classic&quot;}\">\n\t\t\t\t\t\t<div class=\"elementor-container elementor-column-gap-no\">\n\t\t\t\t\t<div class=\"elementor-column elementor-col-100 elementor-top-column elementor-element elementor-element-22c2dda2\" data-id=\"22c2dda2\" data-element_type=\"column\" data-e-type=\"column\">\n\t\t\t<div class=\"elementor-widget-wrap elementor-element-populated\">\n\t\t\t\t\t\t<div class=\"elementor-element elementor-element-9b1b29d elementor-widget elementor-widget-heading\" data-id=\"9b1b29d\" data-element_type=\"widget\" data-e-type=\"widget\" data-widget_type=\"heading.default\">\n\t\t\t\t<div class=\"elementor-widget-container\">\n\t\t\t\t\t<h2 class=\"elementor-heading-title elementor-size-default\">CASA NANI GIAMBON\u00ccN<\/h2>\t\t\t\t<\/div>\n\t\t\t\t<\/div>\n\t\t\t\t<div class=\"elementor-element elementor-element-36809cb elementor-widget elementor-widget-heading\" data-id=\"36809cb\" data-element_type=\"widget\" data-e-type=\"widget\" data-widget_type=\"heading.default\">\n\t\t\t\t<div class=\"elementor-widget-container\">\n\t\t\t\t\t<h4 class=\"elementor-heading-title elementor-size-default\">Ascolta l'audio<\/h4>\t\t\t\t<\/div>\n\t\t\t\t<\/div>\n\t\t\t\t<div class=\"elementor-element elementor-element-ce6bf37 elementor-widget elementor-widget-wp-widget-media_audio\" data-id=\"ce6bf37\" data-element_type=\"widget\" data-e-type=\"widget\" data-widget_type=\"wp-widget-media_audio.default\">\n\t\t\t\t<div class=\"elementor-widget-container\">\n\t\t\t\t\t<audio class=\"wp-audio-shortcode\" id=\"audio-662-1\" preload=\"none\" style=\"width: 100%;\" controls=\"controls\"><source type=\"audio\/mpeg\" src=\"https:\/\/app.ecomuseovajont.net\/wp-content\/uploads\/2021\/12\/dceva02-seconda-tappa-sedime-casa.mp3?_=1\" \/><source type=\"audio\/mpeg\" src=\"https:\/\/app.ecomuseovajont.net\/wp-content\/uploads\/2021\/12\/dceva02-seconda-tappa-sedime-casa.mp3?_=1\" \/><a href=\"https:\/\/app.ecomuseovajont.net\/wp-content\/uploads\/2021\/12\/dceva02-seconda-tappa-sedime-casa.mp3\">https:\/\/app.ecomuseovajont.net\/wp-content\/uploads\/2021\/12\/dceva02-seconda-tappa-sedime-casa.mp3<\/a><\/audio>\t\t\t\t<\/div>\n\t\t\t\t<\/div>\n\t\t\t\t<div class=\"elementor-element elementor-element-be16804 elementor-widget elementor-widget-text-editor\" data-id=\"be16804\" data-element_type=\"widget\" data-e-type=\"widget\" data-widget_type=\"text-editor.default\">\n\t\t\t\t<div class=\"elementor-widget-container\">\n\t\t\t\t\t\t\t\t\t<p><strong>GRADINI DI PIETRA<\/strong><\/p><p>Gradini di pietra, sei gradini, unici testimoni di una casa cancellata dall\u2019acqua. A fianco, la base della mangiatoia con una parte dell\u2019anello usato per legare le mucche ci ricordano l\u2019esistenza della stalla. Dominava dall\u2019alto di C\u00e8va la casa di Nani, appena sotto la strada costruita dalla SADE.\u00a0 La figlia Franca ricorda ogni particolare. Il pap\u00e0 era solo quella notte, il resto della famiglia si salv\u00f2 perch\u00e9 era in paese dove avevano anche un\u2019osteria. \u00c8 l\u2019unica vittima di questa localit\u00e0.<\/p><p><br \/><br \/><strong>CASA DI NANI GIAMBON\u00ccN\u00a0<\/strong><\/p>\t\t\t\t\t\t\t\t<\/div>\n\t\t\t\t<\/div>\n\t\t\t\t<div class=\"elementor-element elementor-element-cece6eb elementor-widget elementor-widget-image\" data-id=\"cece6eb\" data-element_type=\"widget\" data-e-type=\"widget\" data-widget_type=\"image.default\">\n\t\t\t\t<div class=\"elementor-widget-container\">\n\t\t\t\t\t\t\t\t\t\t\t\t\t\t\t<img fetchpriority=\"high\" decoding=\"async\" width=\"768\" height=\"944\" src=\"https:\/\/app.ecomuseovajont.net\/wp-content\/uploads\/2021\/12\/Nani-Ceva-768x944.jpg\" class=\"attachment-medium_large size-medium_large wp-image-1800\" alt=\"\" srcset=\"https:\/\/app.ecomuseovajont.net\/wp-content\/uploads\/2021\/12\/Nani-Ceva-768x944.jpg 768w, https:\/\/app.ecomuseovajont.net\/wp-content\/uploads\/2021\/12\/Nani-Ceva-244x300.jpg 244w, https:\/\/app.ecomuseovajont.net\/wp-content\/uploads\/2021\/12\/Nani-Ceva-833x1024.jpg 833w, https:\/\/app.ecomuseovajont.net\/wp-content\/uploads\/2021\/12\/Nani-Ceva-1249x1536.jpg 1249w, https:\/\/app.ecomuseovajont.net\/wp-content\/uploads\/2021\/12\/Nani-Ceva-1666x2048.jpg 1666w, https:\/\/app.ecomuseovajont.net\/wp-content\/uploads\/2021\/12\/Nani-Ceva-10x12.jpg 10w, https:\/\/app.ecomuseovajont.net\/wp-content\/uploads\/2021\/12\/Nani-Ceva-scaled-e1638550735916.jpg 1280w\" sizes=\"(max-width: 768px) 100vw, 768px\" \/>\t\t\t\t\t\t\t\t\t\t\t\t\t\t\t<\/div>\n\t\t\t\t<\/div>\n\t\t\t\t<div class=\"elementor-element elementor-element-04c8914 elementor-widget elementor-widget-text-editor\" data-id=\"04c8914\" data-element_type=\"widget\" data-e-type=\"widget\" data-widget_type=\"text-editor.default\">\n\t\t\t\t<div class=\"elementor-widget-container\">\n\t\t\t\t\t\t\t\t\t<p><em style=\"color: var( --e-global-color-743b920 );\">&#8211;&nbsp; Quando venne chiaro guardammo\u2026 Tutto era cambiato, non c\u2019erano pi\u00f9 n\u00e9 case, n\u00e9 prati, capii che anche mio padre era stato travolto.<\/em><\/p>\n<p>Da pochi anni il pap\u00e0 aveva sistemato la casa, prima era solo una piccola dimora per conservare il fieno. Le mucche le tenevano in una stalla poco lontano, verso i Orn\u00e9rs, da Bambic\u00e9lo. Avevano i prati di loro propriet\u00e0 da falciare.<\/p>\n<p><\/p>\n<p>&#8211; <em>Una croda divent\u00f2 parete della dispensa, un altro locale la cucina e accanto la stalla. Per accedere alla camera e al fienile c\u2019erano i gradini di pietra esterni, quelli che l\u2019onda ci ha lasciato. Poco distante il casone della famiglia Can<\/em><em>\u00f3<\/em><em>n lo utilizzavamo noi. L\u00ec avevamo le galline e i tacchini. Da marzo fino in prossimit\u00e0 delle festivit\u00e0 dei Morti mio padre stava in C\u00e8va ad accudire il bestiame e a far fieno. Qualche sera rientrava in paese. Gianni e mia mamma si fermavano spesso a dormire. La sera del disastro erano tornati a Erto perch\u00e9 il nipote doveva andare a scuola. Io stavo in osteria e mia madre andava avanti e indietro dal paese a C\u00e8va. Avevamo anche un piccolo campo giusto per seminare un po\u2019 di patate, ora l\u2019onda ha portato via la terra fertile e ha lasciato solo argilla. Prima di innalzare la casa c\u2019erano dei ciliegi enormi, mio padre li aveva tagliati e uno l\u2019aveva lasciato a misura di tavolo, stava proprio non lontano da un gradino di pietra. Intorno aveva piantato meli e peri. Ricordo che un anno erano particolarmente carichi di frutta tanto che il pap\u00e0 dovette metter dei sostegni ai peri perch\u00e9 i rami non si spezzassero per il troppo peso. Dietro alla casa, un sentiero portava a un piccolo ruscello, dovevamo sempre tenere pulito il suo letto dal fogliame per poter attingere l\u2019acqua. Dopo la costruzione della strada fu realizzata la vasca. Eravamo fortunati ad avere l\u2019acqua cos\u00ec vicina e comoda. Era davvero un bel posto. Alla sera con B\u00e9pi de Mil\u00e0o che abitava in Marth\u00e0na, unica vittima in quella frazione, si facevano un po\u2019 di compagnia. Ogni giorno al pap\u00e0 portavamo un fiasco di vino che bevevano volentieri e tra un sorso e l\u2019altro quattro chiacchiere.<\/em><em style=\"color: var( --e-global-color-743b920 );\">&nbsp;<\/em><\/p>\t\t\t\t\t\t\t\t<\/div>\n\t\t\t\t<\/div>\n\t\t\t\t<div class=\"elementor-element elementor-element-a70abfd elementor-widget elementor-widget-image\" data-id=\"a70abfd\" data-element_type=\"widget\" data-e-type=\"widget\" data-widget_type=\"image.default\">\n\t\t\t\t<div class=\"elementor-widget-container\">\n\t\t\t\t\t\t\t\t\t\t\t\t\t\t\t<img decoding=\"async\" width=\"1024\" height=\"812\" src=\"https:\/\/app.ecomuseovajont.net\/wp-content\/uploads\/2021\/12\/d5_didegno-franca065-1024x812.jpg\" class=\"attachment-large size-large wp-image-1799\" alt=\"\" srcset=\"https:\/\/app.ecomuseovajont.net\/wp-content\/uploads\/2021\/12\/d5_didegno-franca065-1024x812.jpg 1024w, https:\/\/app.ecomuseovajont.net\/wp-content\/uploads\/2021\/12\/d5_didegno-franca065-300x238.jpg 300w, https:\/\/app.ecomuseovajont.net\/wp-content\/uploads\/2021\/12\/d5_didegno-franca065-768x609.jpg 768w, https:\/\/app.ecomuseovajont.net\/wp-content\/uploads\/2021\/12\/d5_didegno-franca065-1536x1217.jpg 1536w, https:\/\/app.ecomuseovajont.net\/wp-content\/uploads\/2021\/12\/d5_didegno-franca065-2048x1623.jpg 2048w, https:\/\/app.ecomuseovajont.net\/wp-content\/uploads\/2021\/12\/d5_didegno-franca065-15x12.jpg 15w, https:\/\/app.ecomuseovajont.net\/wp-content\/uploads\/2021\/12\/d5_didegno-franca065-scaled-e1638550695157.jpg 1280w\" sizes=\"(max-width: 1024px) 100vw, 1024px\" \/>\t\t\t\t\t\t\t\t\t\t\t\t\t\t\t<\/div>\n\t\t\t\t<\/div>\n\t\t\t\t<div class=\"elementor-element elementor-element-b075ecc elementor-widget elementor-widget-text-editor\" data-id=\"b075ecc\" data-element_type=\"widget\" data-e-type=\"widget\" data-widget_type=\"text-editor.default\">\n\t\t\t\t<div class=\"elementor-widget-container\">\n\t\t\t\t\t\t\t\t\t<p><\/p>\n<p>Oggi davanti a quei pochi segni lasciati \u00e8 rinverdito il prato e gli alberi cresciuti in questi anni nascondono le ferite lasciate dal passaggio dell\u2019onda, ma Franca snocciola i nomi di chi abitava sotto di lei. Sono i proprietari delle case espropriate: Guerrino, N\u00e9lo, Tonin de T\u00f2fol, Can\u00f3n, nonna Rosina\u2026<\/p>\n<p>Ricorda il sentiero tracciato falciando una striscia d\u2019erba perch\u00e9 Olivo, il cugino che perse la vita al Colomb\u00e9r dove con la famiglia gestiva un bar, quando scendeva a pescare in riva al lago, non si bagnasse le scarpe nei prati rugiadosi.<\/p>\n<p>Dalla finestra lo sguardo si posava verso il paese, la casa in C\u00e8va era di fronte al centro abitato e proprio davanti alla loro abitazione. Nel silenzio ci si poteva chiamare a gran voce da una sponda all\u2019altra del torrente Vajont e del lago dopo.<\/p>\n<p>Ma comunicavano anche con un codice di segni e gesti.<\/p>\n<p>\u2026<em>uno panno bianco steso sulla terrazza di casa indicava che avevamo bisogno di lui in paese e la sera era il pap\u00e0 che accendeva la lanterna in C\u00e8va per dirci che necessitava di aiuto.<\/em><\/p>\n<p>&nbsp;Prima del lago e della costruzione della strada, per arrivare in paese da C\u00e8va, Marth\u00e0na e Orn\u00e9rs si percorrevano i sentieri scendendo fino al torrente e attraverso un ponte di legno sul Vajont si raggiungeva l\u2018altra sponda dove il sentiero si inerpicava fino a raggiungere il paese.&nbsp; Con la nuova strada le distanze si accorciarono, si potevano usare la bicicletta o le rare auto.<\/p>\n<p><em>&#8211; Mio pap\u00e0 si spostava con la bicicletta e con lui sempre il suo cane. Aveva anche cercato di nasconderla in Marth\u00e0na tra i cespugli, ma lui capiva al volo quando il padrone partiva per andare in paese. Non c\u2019era verso di imbrogliarlo, si liberava e lo seguiva.<\/em><\/p>\n<p><em>Mio fratello Cice aveva comprato una coppia di colombi bianchi e li aveva portati qui in C\u00e8va. Un giorno arriv\u00f2 la poiana e port\u00f2 via la femmina. Il maschio le corse dietro. Ormai non c\u2019era pi\u00f9 speranza di rivederli. Invece ritornarono insieme.&nbsp; Quanto doveva aver lottato per liberarla. Il maschio infatti aveva riportato la femmina a casa, ma poco dopo lui mor\u00ec.<\/em><\/p>\n<p>Una storia d\u2019amore, un volo di colombi nel mare dei ricordi.<\/p>\n<p><em>&nbsp;<\/em><\/p>\n<p><em>Sono Gianni, un bambino di sei anni. Tra qualche giorno compir\u00f2 7 anni. Sono figlio di Felice de Giambon\u00ecn e Lidia de Carn\u00ecar e ho due nonni, Maria de Seg\u00e0t e Nani de Giambon\u00ecn. Viviamo tutti in una casa grande a Erto insieme a mia zia Franca e altri due fratelli, Maria Rosa e Bruno, pi\u00f9 grandi di me. A Erto abbiamo anche il bar dove lavora mia zia e anche una stalla dove in inverno mettiamo le vacche. A Erto ho tanti amici e quando sono a casa gioco a biglie con loro. Ma mi piace di pi\u00f9 stare in C\u00e8va dove abbiamo una casa con la stalla. <\/em><\/p>\n<p><em>Qui \u00e8 un posto meraviglioso, sembra un paradiso.<\/em><\/p>\n<p><em>Vicino c\u2019\u00e8 il g\u00e8 de Marth\u00e0na che \u00e8 quasi sempre secco. Viene l\u2019acqua solamente quando piove e vicino a noi c\u2019\u00e8 la baracca di Can<\/em><em>\u00f3<\/em><em>n.<\/em><\/p>\n<p><em>Il nonno sta facendo una cunetta con le pietre per l\u2019acqua che viene gi\u00f9 dalla fontana. Qui passiamo la maggior parte dell\u2019anno perch\u00e9 abbiamo tanto lavoro, fare la legna, facciamo il fieno per l\u2019inverno, diamo la caccia alle talpe, portiamo anche il latte dal casaro.<\/em><\/p>\n<p><em>Attorno a noi ci sono i prati falciati e tenuti in ordine. Sotto c\u2019\u00e8 il \u201cmare\u201d, \u00e8 grande e stupendo. L\u2019acqua sommerge tutto e vedere quel grande \u201cmare\u201d fa impressione. Ogni tanto il pap\u00e0 va a pescare. Quando andiamo a portare il latte passiamo sulla strada che costeggia i prati e le stalle dei nostri vicini con cui dividiamo questo meraviglioso posto, ci sono vicino anche gli alberi da frutto che in primavera con i loro fiori fanno veramente vedere ancora pi\u00f9 bello questo posto. La nostra casa ha la stalla, la cucina e dietro una dispensa, dove teniamo le forme del formaggio e qualche salame, sopra la stalla c\u2019\u00e8 il fienile dove mettiamo il fieno in deposito per l\u2019inverno, a fianco c\u2019\u00e8 la camera da letto. Il nonno e la nonna litigano spesso, per\u00f2 si vogliono molto bene e anche a me. Quando mia nonna vede che il nonno non arriva a casa in orario si innervosisce e si arrabbia con tutti, finch\u00e9 non arriva il suo Nani. Cos\u00ec in serenit\u00e0 trascorriamo le nostre vite. Oggi \u00e8 il 9 ottobre \u00e8 venuto a prendermi mio padre perch\u00e9 domani devo andare a scuola e con la vespa passiamo sopra la diga e ci fermiamo a salutare i miei cugini che hanno un bar appena sopra la diga, e poi raggiungiamo Erto. Io dopo mangiato vado a dormire perch\u00e9 domani devo svegliarmi presto e tra tre giorni compio gli anni. Spengo la luce e buonanotte.<br>Ps: quella luce non la accender\u00f2 mai pi\u00f9.<\/em><\/p>\n<p><em>Ciao<\/em><\/p>\n<p><em>Gianni<\/em><em style=\"color: var( --e-global-color-743b920 );\">&nbsp;<\/em><\/p>\t\t\t\t\t\t\t\t<\/div>\n\t\t\t\t<\/div>\n\t\t\t\t<div class=\"elementor-element elementor-element-af098af elementor-widget elementor-widget-gallery\" data-id=\"af098af\" data-element_type=\"widget\" data-e-type=\"widget\" data-settings=\"{&quot;gallery_layout&quot;:&quot;masonry&quot;,&quot;lazyload&quot;:&quot;yes&quot;,&quot;columns&quot;:4,&quot;columns_tablet&quot;:2,&quot;columns_mobile&quot;:1,&quot;gap&quot;:{&quot;unit&quot;:&quot;px&quot;,&quot;size&quot;:10,&quot;sizes&quot;:[]},&quot;gap_tablet&quot;:{&quot;unit&quot;:&quot;px&quot;,&quot;size&quot;:10,&quot;sizes&quot;:[]},&quot;gap_mobile&quot;:{&quot;unit&quot;:&quot;px&quot;,&quot;size&quot;:10,&quot;sizes&quot;:[]},&quot;overlay_background&quot;:&quot;yes&quot;,&quot;content_hover_animation&quot;:&quot;fade-in&quot;}\" data-widget_type=\"gallery.default\">\n\t\t\t\t<div class=\"elementor-widget-container\">\n\t\t\t\t\t\t\t<div class=\"elementor-gallery__container\">\n\t\t\t\t\t\t\t<div class=\"e-gallery-item elementor-gallery-item elementor-animated-content\">\n\t\t\t\t\t<div class=\"e-gallery-image elementor-gallery-item__image\" data-thumbnail=\"https:\/\/app.ecomuseovajont.net\/wp-content\/uploads\/2022\/04\/2-Ce\u0300va-orig-GSegat031-159x300.jpg\" data-width=\"159\" data-height=\"300\" alt=\"\" ><\/div>\n\t\t\t\t\t\t\t\t\t\t\t<div class=\"elementor-gallery-item__overlay\"><\/div>\n\t\t\t\t\t\t\t\t\t\t\t\t\t\t<\/div>\n\t\t\t\t\t\t\t<div class=\"e-gallery-item elementor-gallery-item elementor-animated-content\">\n\t\t\t\t\t<div class=\"e-gallery-image elementor-gallery-item__image\" data-thumbnail=\"https:\/\/app.ecomuseovajont.net\/wp-content\/uploads\/2022\/04\/nani-218x300.jpg\" data-width=\"218\" data-height=\"300\" alt=\"\" ><\/div>\n\t\t\t\t\t\t\t\t\t\t\t<div class=\"elementor-gallery-item__overlay\"><\/div>\n\t\t\t\t\t\t\t\t\t\t\t\t\t\t<\/div>\n\t\t\t\t\t<\/div>\n\t\t\t\t\t<\/div>\n\t\t\t\t<\/div>\n\t\t\t\t<div class=\"elementor-element elementor-element-66a6940 elementor-align-center elementor-widget elementor-widget-button\" data-id=\"66a6940\" data-element_type=\"widget\" data-e-type=\"widget\" data-widget_type=\"button.default\">\n\t\t\t\t<div class=\"elementor-widget-container\">\n\t\t\t\t\t\t\t\t\t<div class=\"elementor-button-wrapper\">\n\t\t\t\t\t<a class=\"elementor-button elementor-button-link elementor-size-sm\" href=\"https:\/\/app.ecomuseovajont.net\/en\/d-orners-ceva-marzana-percorso\/\">\n\t\t\t\t\t\t<span class=\"elementor-button-content-wrapper\">\n\t\t\t\t\t\t<span class=\"elementor-button-icon\">\n\t\t\t\t<i aria-hidden=\"true\" class=\"fas fa-angle-left\"><\/i>\t\t\t<\/span>\n\t\t\t\t\t\t\t\t\t<span class=\"elementor-button-text\">Torna alla mappa<\/span>\n\t\t\t\t\t<\/span>\n\t\t\t\t\t<\/a>\n\t\t\t\t<\/div>\n\t\t\t\t\t\t\t\t<\/div>\n\t\t\t\t<\/div>\n\t\t\t\t\t<\/div>\n\t\t<\/div>\n\t\t\t\t\t<\/div>\n\t\t<\/section>\n\t\t\t\t<\/div>","protected":false},"excerpt":{"rendered":"<p>CASA NANI GIAMBON\u00ccN Ascolta l&#8217;audio GRADINI DI PIETRA Gradini di pietra, sei gradini, unici testimoni di una casa cancellata dall\u2019acqua. A fianco, la base della mangiatoia con una parte dell\u2019anello usato per legare le mucche ci ricordano l\u2019esistenza della stalla. Dominava dall\u2019alto di C\u00e8va la casa di Nani, appena sotto la strada costruita dalla SADE.\u00a0 &#8230; <a title=\"D6 &#8211; Casa Nani Giambonin\" class=\"read-more\" href=\"https:\/\/app.ecomuseovajont.net\/en\/d6-casa-nani-giambonin\/\" aria-label=\"Read more about D6 &#8211; Casa Nani Giambonin\">Read more<\/a><\/p>","protected":false},"author":1,"featured_media":0,"parent":0,"menu_order":0,"comment_status":"closed","ping_status":"closed","template":"elementor_canvas","meta":{"footnotes":""},"class_list":["post-662","page","type-page","status-publish"],"_links":{"self":[{"href":"https:\/\/app.ecomuseovajont.net\/en\/wp-json\/wp\/v2\/pages\/662","targetHints":{"allow":["GET"]}}],"collection":[{"href":"https:\/\/app.ecomuseovajont.net\/en\/wp-json\/wp\/v2\/pages"}],"about":[{"href":"https:\/\/app.ecomuseovajont.net\/en\/wp-json\/wp\/v2\/types\/page"}],"author":[{"embeddable":true,"href":"https:\/\/app.ecomuseovajont.net\/en\/wp-json\/wp\/v2\/users\/1"}],"replies":[{"embeddable":true,"href":"https:\/\/app.ecomuseovajont.net\/en\/wp-json\/wp\/v2\/comments?post=662"}],"version-history":[{"count":44,"href":"https:\/\/app.ecomuseovajont.net\/en\/wp-json\/wp\/v2\/pages\/662\/revisions"}],"predecessor-version":[{"id":2129,"href":"https:\/\/app.ecomuseovajont.net\/en\/wp-json\/wp\/v2\/pages\/662\/revisions\/2129"}],"wp:attachment":[{"href":"https:\/\/app.ecomuseovajont.net\/en\/wp-json\/wp\/v2\/media?parent=662"}],"curies":[{"name":"wp","href":"https:\/\/api.w.org\/{rel}","templated":true}]}}