{"id":667,"date":"2021-11-08T11:57:50","date_gmt":"2021-11-08T10:57:50","guid":{"rendered":"https:\/\/app.ecomuseovajont.net\/?page_id=667"},"modified":"2022-04-29T15:09:52","modified_gmt":"2022-04-29T13:09:52","slug":"d7-marthana","status":"publish","type":"page","link":"https:\/\/app.ecomuseovajont.net\/en\/d7-marthana\/","title":{"rendered":"D7 &#8211; Sedime Marth\u00e0na"},"content":{"rendered":"<div data-elementor-type=\"wp-page\" data-elementor-id=\"667\" class=\"elementor elementor-667\">\n\t\t\t\t\t\t<section class=\"elementor-section elementor-top-section elementor-element elementor-element-3a79f242 elementor-section-full_width elementor-section-height-default elementor-section-height-default\" data-id=\"3a79f242\" data-element_type=\"section\" data-e-type=\"section\" data-settings=\"{&quot;background_background&quot;:&quot;classic&quot;}\">\n\t\t\t\t\t\t<div class=\"elementor-container elementor-column-gap-no\">\n\t\t\t\t\t<div class=\"elementor-column elementor-col-100 elementor-top-column elementor-element elementor-element-22c2dda2\" data-id=\"22c2dda2\" data-element_type=\"column\" data-e-type=\"column\">\n\t\t\t<div class=\"elementor-widget-wrap elementor-element-populated\">\n\t\t\t\t\t\t<div class=\"elementor-element elementor-element-9b1b29d elementor-widget elementor-widget-heading\" data-id=\"9b1b29d\" data-element_type=\"widget\" data-e-type=\"widget\" data-widget_type=\"heading.default\">\n\t\t\t\t<div class=\"elementor-widget-container\">\n\t\t\t\t\t<h2 class=\"elementor-heading-title elementor-size-default\">SEDIME MARTH\u00c1NA<\/h2>\t\t\t\t<\/div>\n\t\t\t\t<\/div>\n\t\t\t\t<div class=\"elementor-element elementor-element-8e4d720 elementor-widget elementor-widget-heading\" data-id=\"8e4d720\" data-element_type=\"widget\" data-e-type=\"widget\" data-widget_type=\"heading.default\">\n\t\t\t\t<div class=\"elementor-widget-container\">\n\t\t\t\t\t<h4 class=\"elementor-heading-title elementor-size-default\">Ascolta l'audio<\/h4>\t\t\t\t<\/div>\n\t\t\t\t<\/div>\n\t\t\t\t<div class=\"elementor-element elementor-element-ce6bf37 elementor-widget elementor-widget-wp-widget-media_audio\" data-id=\"ce6bf37\" data-element_type=\"widget\" data-e-type=\"widget\" data-widget_type=\"wp-widget-media_audio.default\">\n\t\t\t\t<div class=\"elementor-widget-container\">\n\t\t\t\t\t<audio class=\"wp-audio-shortcode\" id=\"audio-667-1\" preload=\"none\" style=\"width: 100%;\" controls=\"controls\"><source type=\"audio\/mpeg\" src=\"https:\/\/app.ecomuseovajont.net\/wp-content\/uploads\/2021\/12\/dmarzana01-Prima-tappa-sedime.mp3?_=1\" \/><source type=\"audio\/mpeg\" src=\"https:\/\/app.ecomuseovajont.net\/wp-content\/uploads\/2021\/12\/dmarzana01-Prima-tappa-sedime.mp3?_=1\" \/><a href=\"https:\/\/app.ecomuseovajont.net\/wp-content\/uploads\/2021\/12\/dmarzana01-Prima-tappa-sedime.mp3\">https:\/\/app.ecomuseovajont.net\/wp-content\/uploads\/2021\/12\/dmarzana01-Prima-tappa-sedime.mp3<\/a><\/audio>\t\t\t\t<\/div>\n\t\t\t\t<\/div>\n\t\t\t\t<div class=\"elementor-element elementor-element-be16804 elementor-widget elementor-widget-text-editor\" data-id=\"be16804\" data-element_type=\"widget\" data-e-type=\"widget\" data-widget_type=\"text-editor.default\">\n\t\t\t\t<div class=\"elementor-widget-container\">\n\t\t\t\t\t\t\t\t\t<p>Sei in Marth\u00e0na, qui dove ora c\u2019\u00e8 un fazzoletto di terra recintato c\u2019era l\u2019abitazione di Bepi de Mil\u00e0o. Aveva la casa e la stalla con le sue mucche e intorno i prati da falciare.<\/p>\t\t\t\t\t\t\t\t<\/div>\n\t\t\t\t<\/div>\n\t\t\t\t<div class=\"elementor-element elementor-element-fe78fc9 elementor-widget elementor-widget-gallery\" data-id=\"fe78fc9\" data-element_type=\"widget\" data-e-type=\"widget\" data-settings=\"{&quot;gallery_layout&quot;:&quot;masonry&quot;,&quot;lazyload&quot;:&quot;yes&quot;,&quot;columns&quot;:4,&quot;columns_tablet&quot;:2,&quot;columns_mobile&quot;:1,&quot;gap&quot;:{&quot;unit&quot;:&quot;px&quot;,&quot;size&quot;:10,&quot;sizes&quot;:[]},&quot;gap_tablet&quot;:{&quot;unit&quot;:&quot;px&quot;,&quot;size&quot;:10,&quot;sizes&quot;:[]},&quot;gap_mobile&quot;:{&quot;unit&quot;:&quot;px&quot;,&quot;size&quot;:10,&quot;sizes&quot;:[]},&quot;overlay_background&quot;:&quot;yes&quot;,&quot;content_hover_animation&quot;:&quot;fade-in&quot;}\" data-widget_type=\"gallery.default\">\n\t\t\t\t<div class=\"elementor-widget-container\">\n\t\t\t\t\t\t\t<div class=\"elementor-gallery__container\">\n\t\t\t\t\t\t\t<div class=\"e-gallery-item elementor-gallery-item elementor-animated-content\">\n\t\t\t\t\t<div class=\"e-gallery-image elementor-gallery-item__image\" data-thumbnail=\"https:\/\/app.ecomuseovajont.net\/wp-content\/uploads\/2021\/11\/1.-Bepi-221x300.jpg\" data-width=\"221\" data-height=\"300\" alt=\"\" ><\/div>\n\t\t\t\t\t\t\t\t\t\t\t<div class=\"elementor-gallery-item__overlay\"><\/div>\n\t\t\t\t\t\t\t\t\t\t\t\t\t\t<\/div>\n\t\t\t\t\t\t\t<div class=\"e-gallery-item elementor-gallery-item elementor-animated-content\">\n\t\t\t\t\t<div class=\"e-gallery-image elementor-gallery-item__image\" data-thumbnail=\"https:\/\/app.ecomuseovajont.net\/wp-content\/uploads\/2021\/11\/Marzana-2-300x225.jpeg\" data-width=\"300\" data-height=\"225\" alt=\"\" ><\/div>\n\t\t\t\t\t\t\t\t\t\t\t<div class=\"elementor-gallery-item__overlay\"><\/div>\n\t\t\t\t\t\t\t\t\t\t\t\t\t\t<\/div>\n\t\t\t\t\t\t\t<div class=\"e-gallery-item elementor-gallery-item elementor-animated-content\">\n\t\t\t\t\t<div class=\"e-gallery-image elementor-gallery-item__image\" data-thumbnail=\"https:\/\/app.ecomuseovajont.net\/wp-content\/uploads\/2022\/04\/Martha\u0300na-2-300x225.jpg\" data-width=\"300\" data-height=\"225\" alt=\"\" ><\/div>\n\t\t\t\t\t\t\t\t\t\t\t<div class=\"elementor-gallery-item__overlay\"><\/div>\n\t\t\t\t\t\t\t\t\t\t\t\t\t\t<\/div>\n\t\t\t\t\t<\/div>\n\t\t\t\t\t<\/div>\n\t\t\t\t<\/div>\n\t\t\t\t<div class=\"elementor-element elementor-element-265b2a5 elementor-widget elementor-widget-text-editor\" data-id=\"265b2a5\" data-element_type=\"widget\" data-e-type=\"widget\" data-widget_type=\"text-editor.default\">\n\t\t\t\t<div class=\"elementor-widget-container\">\n\t\t\t\t\t\t\t\t\t<p>\u00c8 l\u2019unica vittima di questa localit\u00e0. Sotto di lui il lago aveva interrotto sentieri abituali per raggiungere il paese e sommerso le case espropriate della borgata Spian\u00e0da.<\/p>\t\t\t\t\t\t\t\t<\/div>\n\t\t\t\t<\/div>\n\t\t\t\t<div class=\"elementor-element elementor-element-d403d81 elementor-widget elementor-widget-gallery\" data-id=\"d403d81\" data-element_type=\"widget\" data-e-type=\"widget\" data-settings=\"{&quot;gallery_layout&quot;:&quot;masonry&quot;,&quot;lazyload&quot;:&quot;yes&quot;,&quot;columns&quot;:4,&quot;columns_tablet&quot;:2,&quot;columns_mobile&quot;:1,&quot;gap&quot;:{&quot;unit&quot;:&quot;px&quot;,&quot;size&quot;:10,&quot;sizes&quot;:[]},&quot;gap_tablet&quot;:{&quot;unit&quot;:&quot;px&quot;,&quot;size&quot;:10,&quot;sizes&quot;:[]},&quot;gap_mobile&quot;:{&quot;unit&quot;:&quot;px&quot;,&quot;size&quot;:10,&quot;sizes&quot;:[]},&quot;overlay_background&quot;:&quot;yes&quot;,&quot;content_hover_animation&quot;:&quot;fade-in&quot;}\" data-widget_type=\"gallery.default\">\n\t\t\t\t<div class=\"elementor-widget-container\">\n\t\t\t\t\t\t\t<div class=\"elementor-gallery__container\">\n\t\t\t\t\t\t\t<div class=\"e-gallery-item elementor-gallery-item elementor-animated-content\">\n\t\t\t\t\t<div class=\"e-gallery-image elementor-gallery-item__image\" data-thumbnail=\"https:\/\/app.ecomuseovajont.net\/wp-content\/uploads\/2021\/11\/localita-con-nomi-sotto-Marzana-300x225.jpg\" data-width=\"300\" data-height=\"225\" alt=\"\" ><\/div>\n\t\t\t\t\t\t\t\t\t\t\t<div class=\"elementor-gallery-item__overlay\"><\/div>\n\t\t\t\t\t\t\t\t\t\t\t\t\t\t<\/div>\n\t\t\t\t\t\t\t<div class=\"e-gallery-item elementor-gallery-item elementor-animated-content\">\n\t\t\t\t\t<div class=\"e-gallery-image elementor-gallery-item__image\" data-thumbnail=\"https:\/\/app.ecomuseovajont.net\/wp-content\/uploads\/2021\/11\/Posta-inviata-alla-Spinada-nel-1962-300x300.jpg\" data-width=\"300\" data-height=\"300\" alt=\"\" ><\/div>\n\t\t\t\t\t\t\t\t\t\t\t<div class=\"elementor-gallery-item__overlay\"><\/div>\n\t\t\t\t\t\t\t\t\t\t\t\t\t\t<\/div>\n\t\t\t\t\t<\/div>\n\t\t\t\t\t<\/div>\n\t\t\t\t<\/div>\n\t\t\t\t<div class=\"elementor-element elementor-element-49a525a elementor-widget elementor-widget-text-editor\" data-id=\"49a525a\" data-element_type=\"widget\" data-e-type=\"widget\" data-widget_type=\"text-editor.default\">\n\t\t\t\t<div class=\"elementor-widget-container\">\n\t\t\t\t\t\t\t\t\t<p>Dopo il disastro, Ian figlio di Bepi de Mil\u00e0o, ha ricostruito al di l\u00e0 della strada, prima la stalla adattandosi a vivere provvisoriamente in una baracca di lamiera e poi la casa che vedete alle vostre spalle. Sul muro della stalla i famigliari hanno posto una lapide in ricordo di Bepi.<\/p><p>Giacomo era in paese quella notte e appena capito quello che era successo il suo primo pensiero fu quello di andare in Marth\u00e0na a vedere del pap\u00e0.<em>\u00a0<\/em><\/p><p><em>Ero arrivato da poco dalle ferie. La sera del 9 ottobre mi trovavo al bar, stavo assistendo ad una partita di carte tra paesani, ricordo che c\u2019era Patrizio e Piare de Pec\u2019. Verso le 10.30 sentimmo un piccolo boato, la luce traball\u00f2 due o tre volte, segu\u00ec un secondo terribile boato e questa volta manc\u00f2 la luce. La prima volta non ci venne in mente subito la frana, se non quando sopraggiunse il secondo boato e si ripet\u00e9 a lungo. Patrizio disse: &#8211; Il Toc \u00e8 caduto.<\/em><\/p><p><em>\u00a0Andai sotto casa mia e sentii una specie di vento e delle gocce d\u2019acqua. Mi avviai verso il municipio, mi unii a Rico de Dhan e a Balilla e cominciammo a guardare al di l\u00e0 del lago perch\u00e9 c\u2019era un gran silenzio, ma non si poteva vedere nulla.<\/em><\/p><p><em>\u2026Sentimmo dei lamenti e delle urla in Pineda. Vedemmo la luce di una lampadina tascabile che partiva da Lir\u00f3n, in direzione di C\u00e8va.<\/em><\/p><p><em>\u00a0Era Don\u00e8, si trovava in Lir\u00f3n con il bestiame, chiamandolo lo pregai di arrivare in Marzana a vedere di mio padre. Mi disse di s\u00ec, ma probabilmente vedendo che non c\u2019erano pi\u00f9 le case torn\u00f2 indietro. Tentammo di raggiungere Marzana per San Martino, ma il ponte Therent\u00f3n non c\u2019era pi\u00f9. Lasciai l\u2019auto sulla costa del Saval\u00f3n con i fari rivolti verso le frazioni che erano di fronte ad Erto, si vedeva qualcosa: era solo nuda croda, non ci si rendeva conto che l\u2019acqua fosse arrivata fin lass\u00f9.<\/em><\/p><p><em>Tornammo in paese ad aspettare l\u2019alba. Il dottor Gallo mi disse che la gente andava avanti e indietro, in qua e in l\u00e0, spaurita e disperata come animali feriti.<\/em><\/p><p><em>La mattina del 10 ottobre, ci rendemmo conto della sciagura. Fu uno spettacolo orribile, impossibile a descrivere, dove c\u2019erano prati e campi,\u00a0 si vedeva solo melma e ghiaia. Le case strappate con la nostra gente\u2026<\/em><\/p><p><em>Su ogni volto c\u2019era la disperazione. Vidi Marzana e capii subito che cosa era successo. Io, pur nella mia disgrazia, cercavo di sollevare il dolore di Cate de Braga e di Piar\u00ecna che si tirava i capelli. Invano, per tutta la notte aveva chiamato la sua Ferruccia. Non si capiva pi\u00f9 nulla.<\/em><\/p>\t\t\t\t\t\t\t\t<\/div>\n\t\t\t\t<\/div>\n\t\t\t\t<div class=\"elementor-element elementor-element-66a6940 elementor-align-center elementor-widget elementor-widget-button\" data-id=\"66a6940\" data-element_type=\"widget\" data-e-type=\"widget\" data-widget_type=\"button.default\">\n\t\t\t\t<div class=\"elementor-widget-container\">\n\t\t\t\t\t\t\t\t\t<div class=\"elementor-button-wrapper\">\n\t\t\t\t\t<a class=\"elementor-button elementor-button-link elementor-size-sm\" href=\"https:\/\/app.ecomuseovajont.net\/en\/d-orners-ceva-marzana-percorso\/\">\n\t\t\t\t\t\t<span class=\"elementor-button-content-wrapper\">\n\t\t\t\t\t\t<span class=\"elementor-button-icon\">\n\t\t\t\t<i aria-hidden=\"true\" class=\"fas fa-angle-left\"><\/i>\t\t\t<\/span>\n\t\t\t\t\t\t\t\t\t<span class=\"elementor-button-text\">Torna alla mappa<\/span>\n\t\t\t\t\t<\/span>\n\t\t\t\t\t<\/a>\n\t\t\t\t<\/div>\n\t\t\t\t\t\t\t\t<\/div>\n\t\t\t\t<\/div>\n\t\t\t\t\t<\/div>\n\t\t<\/div>\n\t\t\t\t\t<\/div>\n\t\t<\/section>\n\t\t\t\t<\/div>","protected":false},"excerpt":{"rendered":"<p>SEDIME MARTH\u00c1NA Ascolta l&#8217;audio Sei in Marth\u00e0na, qui dove ora c\u2019\u00e8 un fazzoletto di terra recintato c\u2019era l\u2019abitazione di Bepi de Mil\u00e0o. Aveva la casa e la stalla con le sue mucche e intorno i prati da falciare. \u00c8 l\u2019unica vittima di questa localit\u00e0. Sotto di lui il lago aveva interrotto sentieri abituali per raggiungere &#8230; <a title=\"D7 &#8211; Sedime Marth\u00e0na\" class=\"read-more\" href=\"https:\/\/app.ecomuseovajont.net\/en\/d7-marthana\/\" aria-label=\"Read more about D7 &#8211; Sedime Marth\u00e0na\">Read more<\/a><\/p>","protected":false},"author":1,"featured_media":0,"parent":0,"menu_order":0,"comment_status":"closed","ping_status":"closed","template":"elementor_canvas","meta":{"footnotes":""},"class_list":["post-667","page","type-page","status-publish"],"_links":{"self":[{"href":"https:\/\/app.ecomuseovajont.net\/en\/wp-json\/wp\/v2\/pages\/667","targetHints":{"allow":["GET"]}}],"collection":[{"href":"https:\/\/app.ecomuseovajont.net\/en\/wp-json\/wp\/v2\/pages"}],"about":[{"href":"https:\/\/app.ecomuseovajont.net\/en\/wp-json\/wp\/v2\/types\/page"}],"author":[{"embeddable":true,"href":"https:\/\/app.ecomuseovajont.net\/en\/wp-json\/wp\/v2\/users\/1"}],"replies":[{"embeddable":true,"href":"https:\/\/app.ecomuseovajont.net\/en\/wp-json\/wp\/v2\/comments?post=667"}],"version-history":[{"count":41,"href":"https:\/\/app.ecomuseovajont.net\/en\/wp-json\/wp\/v2\/pages\/667\/revisions"}],"predecessor-version":[{"id":2101,"href":"https:\/\/app.ecomuseovajont.net\/en\/wp-json\/wp\/v2\/pages\/667\/revisions\/2101"}],"wp:attachment":[{"href":"https:\/\/app.ecomuseovajont.net\/en\/wp-json\/wp\/v2\/media?parent=667"}],"curies":[{"name":"wp","href":"https:\/\/api.w.org\/{rel}","templated":true}]}}