{"id":678,"date":"2021-11-08T12:33:00","date_gmt":"2021-11-08T11:33:00","guid":{"rendered":"https:\/\/app.ecomuseovajont.net\/?page_id=678"},"modified":"2022-04-29T14:55:02","modified_gmt":"2022-04-29T12:55:02","slug":"d2-panec","status":"publish","type":"page","link":"https:\/\/app.ecomuseovajont.net\/en\/d2-panec\/","title":{"rendered":"D2 &#8211; Panec"},"content":{"rendered":"<div data-elementor-type=\"wp-page\" data-elementor-id=\"678\" class=\"elementor elementor-678\">\n\t\t\t\t\t\t<section class=\"elementor-section elementor-top-section elementor-element elementor-element-3a79f242 elementor-section-full_width elementor-section-height-default elementor-section-height-default\" data-id=\"3a79f242\" data-element_type=\"section\" data-e-type=\"section\" data-settings=\"{&quot;background_background&quot;:&quot;classic&quot;}\">\n\t\t\t\t\t\t<div class=\"elementor-container elementor-column-gap-no\">\n\t\t\t\t\t<div class=\"elementor-column elementor-col-100 elementor-top-column elementor-element elementor-element-22c2dda2\" data-id=\"22c2dda2\" data-element_type=\"column\" data-e-type=\"column\">\n\t\t\t<div class=\"elementor-widget-wrap elementor-element-populated\">\n\t\t\t\t\t\t<div class=\"elementor-element elementor-element-9b1b29d elementor-widget elementor-widget-heading\" data-id=\"9b1b29d\" data-element_type=\"widget\" data-e-type=\"widget\" data-widget_type=\"heading.default\">\n\t\t\t\t<div class=\"elementor-widget-container\">\n\t\t\t\t\t<h2 class=\"elementor-heading-title elementor-size-default\">PAN\u00c9C'<\/h2>\t\t\t\t<\/div>\n\t\t\t\t<\/div>\n\t\t\t\t<div class=\"elementor-element elementor-element-b530c7d elementor-widget elementor-widget-heading\" data-id=\"b530c7d\" data-element_type=\"widget\" data-e-type=\"widget\" data-widget_type=\"heading.default\">\n\t\t\t\t<div class=\"elementor-widget-container\">\n\t\t\t\t\t<h4 class=\"elementor-heading-title elementor-size-default\">Ascolta l'audio<\/h4>\t\t\t\t<\/div>\n\t\t\t\t<\/div>\n\t\t\t\t<div class=\"elementor-element elementor-element-ce6bf37 elementor-widget elementor-widget-wp-widget-media_audio\" data-id=\"ce6bf37\" data-element_type=\"widget\" data-e-type=\"widget\" data-widget_type=\"wp-widget-media_audio.default\">\n\t\t\t\t<div class=\"elementor-widget-container\">\n\t\t\t\t\t<audio class=\"wp-audio-shortcode\" id=\"audio-678-1\" preload=\"none\" style=\"width: 100%;\" controls=\"controls\"><source type=\"audio\/mpeg\" src=\"https:\/\/app.ecomuseovajont.net\/wp-content\/uploads\/2021\/12\/d02-terza-tappa-casa-panec.mp3?_=1\" \/><source type=\"audio\/mpeg\" src=\"https:\/\/app.ecomuseovajont.net\/wp-content\/uploads\/2021\/12\/d02-terza-tappa-casa-panec.mp3?_=1\" \/><a href=\"https:\/\/app.ecomuseovajont.net\/wp-content\/uploads\/2021\/12\/d02-terza-tappa-casa-panec.mp3\">https:\/\/app.ecomuseovajont.net\/wp-content\/uploads\/2021\/12\/d02-terza-tappa-casa-panec.mp3<\/a><\/audio>\t\t\t\t<\/div>\n\t\t\t\t<\/div>\n\t\t\t\t<div class=\"elementor-element elementor-element-be16804 elementor-widget elementor-widget-text-editor\" data-id=\"be16804\" data-element_type=\"widget\" data-e-type=\"widget\" data-widget_type=\"text-editor.default\">\n\t\t\t\t<div class=\"elementor-widget-container\">\n\t\t\t\t\t\t\t\t\t<p>Qui le vittime furono due sorelle. Solo Tina fu ritrovata.<\/p><p><em>Quell\u2019estate del 1963 mia mamma non era in ottima salute e aveva trascorso parecchio tempo ricoverata prima all\u2019ospedale di Belluno e successivamente presso quello di Padova. Io avevo passato l\u2019estate con le mie zie Tina e Svald<\/em>\u00f2<em>ta e con i miei zii paterni. Quel giorno, il nove, rimasi con le mie due zie nella casa di C\u00e8va. Alla sera verso le sei pass\u00f2 mio padre con il camioncino e mi disse che mi avrebbe portato a Erto da mia mamma, visto che da qualche giorno era stata dimessa e &#8211; domani torni qua.\u00a0 Mi ricordo bene che quando salii sul camioncino mi accompagn\u00f2 fino alla sovrastante strada la mia coetanea Ferruccia, una cugina che stava con la nonna nell\u2019abitazione a fianco alla nostra. Era anche rimasta male perch\u00e8 io andavo via, ma mio pap\u00e0 l\u2019assicur\u00f2 del mio ritorno gi\u00e0 la mattina seguente. Partimmo e ci fermammo all\u2019osteria di San Martino e poi rientrammo a Erto da mia mamma. Mio padre poi, dopo aver cenato ritorn\u00f2 via Ceva da mia zia Svald<\/em>\u00f3<em>ta a portarle delle medicine per il mal di testa. Mia mamma gli raccomand\u00f2 di non fermarsi pi\u00f9 all\u2019osteria ma di tornare subito e cosi fece. Penso sia stata l\u2019ultima auto a passare sul vecchio ponte Therent\u00f3n. Purtroppo poco dopo essere andati a letto ci siamo dovuti rialzare. Il mattino seguente non ho potuto pi\u00f9 tornare in C\u00e8va dalle mie zie e a giocare con Ferruccia.<\/em><\/p><p><em>Dietro alle case c\u2019era un sacello dedicato a Sant\u2019Antonio.\u00a0 La SADE lo demol\u00ec per costruire la strada e lo riedific\u00f2 al di l\u00e0 della strada stessa, ma l\u2019onda lo spazz\u00f2 via.<\/em><\/p><p><em>Ho conservato la fotografia dell\u2019inaugurazione di quel nuovo sacello.<\/em><\/p><p>Fernando\u00a0<\/p>\t\t\t\t\t\t\t\t<\/div>\n\t\t\t\t<\/div>\n\t\t\t\t<div class=\"elementor-element elementor-element-43c5f78 elementor-widget elementor-widget-gallery\" data-id=\"43c5f78\" data-element_type=\"widget\" data-e-type=\"widget\" data-settings=\"{&quot;gallery_layout&quot;:&quot;masonry&quot;,&quot;lazyload&quot;:&quot;yes&quot;,&quot;columns&quot;:4,&quot;columns_tablet&quot;:2,&quot;columns_mobile&quot;:1,&quot;gap&quot;:{&quot;unit&quot;:&quot;px&quot;,&quot;size&quot;:10,&quot;sizes&quot;:[]},&quot;gap_tablet&quot;:{&quot;unit&quot;:&quot;px&quot;,&quot;size&quot;:10,&quot;sizes&quot;:[]},&quot;gap_mobile&quot;:{&quot;unit&quot;:&quot;px&quot;,&quot;size&quot;:10,&quot;sizes&quot;:[]},&quot;overlay_background&quot;:&quot;yes&quot;,&quot;content_hover_animation&quot;:&quot;fade-in&quot;}\" data-widget_type=\"gallery.default\">\n\t\t\t\t<div class=\"elementor-widget-container\">\n\t\t\t\t\t\t\t<div class=\"elementor-gallery__container\">\n\t\t\t\t\t\t\t<div class=\"e-gallery-item elementor-gallery-item elementor-animated-content\">\n\t\t\t\t\t<div class=\"e-gallery-image elementor-gallery-item__image\" data-thumbnail=\"https:\/\/app.ecomuseovajont.net\/wp-content\/uploads\/2021\/11\/zie-fernando-Orners064-300x202.jpg\" data-width=\"300\" data-height=\"202\" alt=\"\" ><\/div>\n\t\t\t\t\t\t\t\t\t\t\t<div class=\"elementor-gallery-item__overlay\"><\/div>\n\t\t\t\t\t\t\t\t\t\t\t\t\t\t<\/div>\n\t\t\t\t\t\t\t<div class=\"e-gallery-item elementor-gallery-item elementor-animated-content\">\n\t\t\t\t\t<div class=\"e-gallery-image elementor-gallery-item__image\" data-thumbnail=\"https:\/\/app.ecomuseovajont.net\/wp-content\/uploads\/2021\/12\/inaugurazione-capitel-Orners061-205x300.jpg\" data-width=\"205\" data-height=\"300\" alt=\"\" ><\/div>\n\t\t\t\t\t\t\t\t\t\t\t<div class=\"elementor-gallery-item__overlay\"><\/div>\n\t\t\t\t\t\t\t\t\t\t\t\t\t\t<\/div>\n\t\t\t\t\t\t\t<div class=\"e-gallery-item elementor-gallery-item elementor-animated-content\">\n\t\t\t\t\t<div class=\"e-gallery-image elementor-gallery-item__image\" data-thumbnail=\"https:\/\/app.ecomuseovajont.net\/wp-content\/uploads\/2021\/11\/zie-Fernando-1054-213x300.jpg\" data-width=\"213\" data-height=\"300\" alt=\"\" ><\/div>\n\t\t\t\t\t\t\t\t\t\t\t<div class=\"elementor-gallery-item__overlay\"><\/div>\n\t\t\t\t\t\t\t\t\t\t\t\t\t\t<\/div>\n\t\t\t\t\t\t\t<div class=\"e-gallery-item elementor-gallery-item elementor-animated-content\">\n\t\t\t\t\t<div class=\"e-gallery-image elementor-gallery-item__image\" data-thumbnail=\"https:\/\/app.ecomuseovajont.net\/wp-content\/uploads\/2022\/04\/PANEC-300x218.jpg\" data-width=\"300\" data-height=\"218\" alt=\"\" ><\/div>\n\t\t\t\t\t\t\t\t\t\t\t<div class=\"elementor-gallery-item__overlay\"><\/div>\n\t\t\t\t\t\t\t\t\t\t\t\t\t\t<\/div>\n\t\t\t\t\t<\/div>\n\t\t\t\t\t<\/div>\n\t\t\t\t<\/div>\n\t\t\t\t<div class=\"elementor-element elementor-element-66a6940 elementor-align-center elementor-widget elementor-widget-button\" data-id=\"66a6940\" data-element_type=\"widget\" data-e-type=\"widget\" data-widget_type=\"button.default\">\n\t\t\t\t<div class=\"elementor-widget-container\">\n\t\t\t\t\t\t\t\t\t<div class=\"elementor-button-wrapper\">\n\t\t\t\t\t<a class=\"elementor-button elementor-button-link elementor-size-sm\" href=\"https:\/\/app.ecomuseovajont.net\/en\/d-orners-ceva-marzana-percorso\/\">\n\t\t\t\t\t\t<span class=\"elementor-button-content-wrapper\">\n\t\t\t\t\t\t<span class=\"elementor-button-icon\">\n\t\t\t\t<i aria-hidden=\"true\" class=\"fas fa-angle-left\"><\/i>\t\t\t<\/span>\n\t\t\t\t\t\t\t\t\t<span class=\"elementor-button-text\">Torna alla mappa<\/span>\n\t\t\t\t\t<\/span>\n\t\t\t\t\t<\/a>\n\t\t\t\t<\/div>\n\t\t\t\t\t\t\t\t<\/div>\n\t\t\t\t<\/div>\n\t\t\t\t\t<\/div>\n\t\t<\/div>\n\t\t\t\t\t<\/div>\n\t\t<\/section>\n\t\t\t\t<\/div>","protected":false},"excerpt":{"rendered":"<p>PAN\u00c9C&#8217; Ascolta l&#8217;audio Qui le vittime furono due sorelle. Solo Tina fu ritrovata. Quell\u2019estate del 1963 mia mamma non era in ottima salute e aveva trascorso parecchio tempo ricoverata prima all\u2019ospedale di Belluno e successivamente presso quello di Padova. Io avevo passato l\u2019estate con le mie zie Tina e Svald\u00f2ta e con i miei zii &#8230; <a title=\"D2 &#8211; Panec\" class=\"read-more\" href=\"https:\/\/app.ecomuseovajont.net\/en\/d2-panec\/\" aria-label=\"Read more about D2 &#8211; Panec\">Read more<\/a><\/p>","protected":false},"author":1,"featured_media":0,"parent":0,"menu_order":0,"comment_status":"closed","ping_status":"closed","template":"elementor_canvas","meta":{"footnotes":""},"class_list":["post-678","page","type-page","status-publish"],"_links":{"self":[{"href":"https:\/\/app.ecomuseovajont.net\/en\/wp-json\/wp\/v2\/pages\/678","targetHints":{"allow":["GET"]}}],"collection":[{"href":"https:\/\/app.ecomuseovajont.net\/en\/wp-json\/wp\/v2\/pages"}],"about":[{"href":"https:\/\/app.ecomuseovajont.net\/en\/wp-json\/wp\/v2\/types\/page"}],"author":[{"embeddable":true,"href":"https:\/\/app.ecomuseovajont.net\/en\/wp-json\/wp\/v2\/users\/1"}],"replies":[{"embeddable":true,"href":"https:\/\/app.ecomuseovajont.net\/en\/wp-json\/wp\/v2\/comments?post=678"}],"version-history":[{"count":37,"href":"https:\/\/app.ecomuseovajont.net\/en\/wp-json\/wp\/v2\/pages\/678\/revisions"}],"predecessor-version":[{"id":2063,"href":"https:\/\/app.ecomuseovajont.net\/en\/wp-json\/wp\/v2\/pages\/678\/revisions\/2063"}],"wp:attachment":[{"href":"https:\/\/app.ecomuseovajont.net\/en\/wp-json\/wp\/v2\/media?parent=678"}],"curies":[{"name":"wp","href":"https:\/\/api.w.org\/{rel}","templated":true}]}}