{"id":706,"date":"2021-11-08T12:48:19","date_gmt":"2021-11-08T11:48:19","guid":{"rendered":"https:\/\/app.ecomuseovajont.net\/?page_id=706"},"modified":"2021-12-06T12:22:13","modified_gmt":"2021-12-06T11:22:13","slug":"d8-vista-san-martino","status":"publish","type":"page","link":"https:\/\/app.ecomuseovajont.net\/en\/d8-vista-san-martino\/","title":{"rendered":"D8 &#8211; Vista San Martino"},"content":{"rendered":"<div data-elementor-type=\"wp-page\" data-elementor-id=\"706\" class=\"elementor elementor-706\">\n\t\t\t\t\t\t<section class=\"elementor-section elementor-top-section elementor-element elementor-element-3a79f242 elementor-section-full_width elementor-section-height-default elementor-section-height-default\" data-id=\"3a79f242\" data-element_type=\"section\" data-e-type=\"section\" data-settings=\"{&quot;background_background&quot;:&quot;classic&quot;}\">\n\t\t\t\t\t\t<div class=\"elementor-container elementor-column-gap-no\">\n\t\t\t\t\t<div class=\"elementor-column elementor-col-100 elementor-top-column elementor-element elementor-element-22c2dda2\" data-id=\"22c2dda2\" data-element_type=\"column\" data-e-type=\"column\">\n\t\t\t<div class=\"elementor-widget-wrap elementor-element-populated\">\n\t\t\t\t\t\t<div class=\"elementor-element elementor-element-9b1b29d elementor-widget elementor-widget-heading\" data-id=\"9b1b29d\" data-element_type=\"widget\" data-e-type=\"widget\" data-widget_type=\"heading.default\">\n\t\t\t\t<div class=\"elementor-widget-container\">\n\t\t\t\t\t<h2 class=\"elementor-heading-title elementor-size-default\">VISTA SAN MARTINO<\/h2>\t\t\t\t<\/div>\n\t\t\t\t<\/div>\n\t\t\t\t<div class=\"elementor-element elementor-element-7799860 elementor-widget elementor-widget-heading\" data-id=\"7799860\" data-element_type=\"widget\" data-e-type=\"widget\" data-widget_type=\"heading.default\">\n\t\t\t\t<div class=\"elementor-widget-container\">\n\t\t\t\t\t<h4 class=\"elementor-heading-title elementor-size-default\">Ascolta l'audio<\/h4>\t\t\t\t<\/div>\n\t\t\t\t<\/div>\n\t\t\t\t<div class=\"elementor-element elementor-element-ce6bf37 elementor-widget elementor-widget-wp-widget-media_audio\" data-id=\"ce6bf37\" data-element_type=\"widget\" data-e-type=\"widget\" data-widget_type=\"wp-widget-media_audio.default\">\n\t\t\t\t<div class=\"elementor-widget-container\">\n\t\t\t\t\t<audio class=\"wp-audio-shortcode\" id=\"audio-706-1\" preload=\"none\" style=\"width: 100%;\" controls=\"controls\"><source type=\"audio\/mpeg\" src=\"https:\/\/app.ecomuseovajont.net\/wp-content\/uploads\/2021\/12\/dmarzana02-Seconda-tappa-Verso-san-Martino.mp3?_=1\" \/><source type=\"audio\/mpeg\" src=\"https:\/\/app.ecomuseovajont.net\/wp-content\/uploads\/2021\/12\/dmarzana02-Seconda-tappa-Verso-san-Martino.mp3?_=1\" \/><a href=\"https:\/\/app.ecomuseovajont.net\/wp-content\/uploads\/2021\/12\/dmarzana02-Seconda-tappa-Verso-san-Martino.mp3\">https:\/\/app.ecomuseovajont.net\/wp-content\/uploads\/2021\/12\/dmarzana02-Seconda-tappa-Verso-san-Martino.mp3<\/a><\/audio>\t\t\t\t<\/div>\n\t\t\t\t<\/div>\n\t\t\t\t<div class=\"elementor-element elementor-element-be16804 elementor-widget elementor-widget-text-editor\" data-id=\"be16804\" data-element_type=\"widget\" data-e-type=\"widget\" data-widget_type=\"text-editor.default\">\n\t\t\t\t<div class=\"elementor-widget-container\">\n\t\t\t\t\t\t\t\t\t<p>Di fronte a lui, Bepi vedeva la frazione di San Martino con la sua storica chiesetta portata via dall\u2019onda la notte del disastro insieme alle case pi\u00f9 basse della borgata, tra cui la caratteristica osteria da Menegh\u00ecn.<\/p>\t\t\t\t\t\t\t\t<\/div>\n\t\t\t\t<\/div>\n\t\t\t\t<div class=\"elementor-element elementor-element-29f01dd elementor-widget elementor-widget-image\" data-id=\"29f01dd\" data-element_type=\"widget\" data-e-type=\"widget\" data-widget_type=\"image.default\">\n\t\t\t\t<div class=\"elementor-widget-container\">\n\t\t\t\t\t\t\t\t\t\t\t\t\t\t\t<img fetchpriority=\"high\" decoding=\"async\" width=\"1024\" height=\"618\" src=\"https:\/\/app.ecomuseovajont.net\/wp-content\/uploads\/2021\/11\/A-San-Martino-prima-del-disastro-1024x618.jpg\" class=\"attachment-large size-large wp-image-847\" alt=\"\" srcset=\"https:\/\/app.ecomuseovajont.net\/wp-content\/uploads\/2021\/11\/A-San-Martino-prima-del-disastro-1024x618.jpg 1024w, https:\/\/app.ecomuseovajont.net\/wp-content\/uploads\/2021\/11\/A-San-Martino-prima-del-disastro-300x181.jpg 300w, https:\/\/app.ecomuseovajont.net\/wp-content\/uploads\/2021\/11\/A-San-Martino-prima-del-disastro-768x463.jpg 768w, https:\/\/app.ecomuseovajont.net\/wp-content\/uploads\/2021\/11\/A-San-Martino-prima-del-disastro-1536x926.jpg 1536w, https:\/\/app.ecomuseovajont.net\/wp-content\/uploads\/2021\/11\/A-San-Martino-prima-del-disastro-18x12.jpg 18w, https:\/\/app.ecomuseovajont.net\/wp-content\/uploads\/2021\/11\/A-San-Martino-prima-del-disastro-e1636456672114.jpg 1280w\" sizes=\"(max-width: 1024px) 100vw, 1024px\" \/>\t\t\t\t\t\t\t\t\t\t\t\t\t\t\t<\/div>\n\t\t\t\t<\/div>\n\t\t\t\t<div class=\"elementor-element elementor-element-a69913c elementor-widget elementor-widget-text-editor\" data-id=\"a69913c\" data-element_type=\"widget\" data-e-type=\"widget\" data-widget_type=\"text-editor.default\">\n\t\t\t\t<div class=\"elementor-widget-container\">\n\t\t\t\t\t\t\t\t\t<p>Il lago crescendo suscit\u00f2 anche molte aspettative. L\u2019inizio di una struttura alberghiera in localit\u00e0 San Martino, convertita oggi in azienda agricola, d\u00e0 l\u2019idea di un auspicabile incremento turistico sulla riva del lago. Anche la pesca iniziava a trasformarsi da attivit\u00e0 di sopravvivenza familiare ad attivit\u00e0 imprenditoriale.<\/p>\t\t\t\t\t\t\t\t<\/div>\n\t\t\t\t<\/div>\n\t\t\t\t<div class=\"elementor-element elementor-element-4164e16 elementor-widget elementor-widget-image\" data-id=\"4164e16\" data-element_type=\"widget\" data-e-type=\"widget\" data-widget_type=\"image.default\">\n\t\t\t\t<div class=\"elementor-widget-container\">\n\t\t\t\t\t\t\t\t\t\t\t\t\t\t\t<img decoding=\"async\" width=\"694\" height=\"1024\" src=\"https:\/\/app.ecomuseovajont.net\/wp-content\/uploads\/2021\/11\/scheletro-albergo071-694x1024.jpg\" class=\"attachment-large size-large wp-image-851\" alt=\"\" srcset=\"https:\/\/app.ecomuseovajont.net\/wp-content\/uploads\/2021\/11\/scheletro-albergo071-694x1024.jpg 694w, https:\/\/app.ecomuseovajont.net\/wp-content\/uploads\/2021\/11\/scheletro-albergo071-203x300.jpg 203w, https:\/\/app.ecomuseovajont.net\/wp-content\/uploads\/2021\/11\/scheletro-albergo071-768x1133.jpg 768w, https:\/\/app.ecomuseovajont.net\/wp-content\/uploads\/2021\/11\/scheletro-albergo071-1042x1536.jpg 1042w, https:\/\/app.ecomuseovajont.net\/wp-content\/uploads\/2021\/11\/scheletro-albergo071-1389x2048.jpg 1389w, https:\/\/app.ecomuseovajont.net\/wp-content\/uploads\/2021\/11\/scheletro-albergo071-8x12.jpg 8w, https:\/\/app.ecomuseovajont.net\/wp-content\/uploads\/2021\/11\/scheletro-albergo071-e1636456643226.jpg 1280w\" sizes=\"(max-width: 694px) 100vw, 694px\" \/>\t\t\t\t\t\t\t\t\t\t\t\t\t\t\t<\/div>\n\t\t\t\t<\/div>\n\t\t\t\t<div class=\"elementor-element elementor-element-66a6940 elementor-align-center elementor-widget elementor-widget-button\" data-id=\"66a6940\" data-element_type=\"widget\" data-e-type=\"widget\" data-widget_type=\"button.default\">\n\t\t\t\t<div class=\"elementor-widget-container\">\n\t\t\t\t\t\t\t\t\t<div class=\"elementor-button-wrapper\">\n\t\t\t\t\t<a class=\"elementor-button elementor-button-link elementor-size-sm\" href=\"https:\/\/app.ecomuseovajont.net\/en\/d-orners-ceva-marzana-percorso\/\">\n\t\t\t\t\t\t<span class=\"elementor-button-content-wrapper\">\n\t\t\t\t\t\t<span class=\"elementor-button-icon\">\n\t\t\t\t<i aria-hidden=\"true\" class=\"fas fa-angle-left\"><\/i>\t\t\t<\/span>\n\t\t\t\t\t\t\t\t\t<span class=\"elementor-button-text\">Torna alla mappa<\/span>\n\t\t\t\t\t<\/span>\n\t\t\t\t\t<\/a>\n\t\t\t\t<\/div>\n\t\t\t\t\t\t\t\t<\/div>\n\t\t\t\t<\/div>\n\t\t\t\t\t<\/div>\n\t\t<\/div>\n\t\t\t\t\t<\/div>\n\t\t<\/section>\n\t\t\t\t<\/div>","protected":false},"excerpt":{"rendered":"<p>VISTA SAN MARTINO Ascolta l&#8217;audio Di fronte a lui, Bepi vedeva la frazione di San Martino con la sua storica chiesetta portata via dall\u2019onda la notte del disastro insieme alle case pi\u00f9 basse della borgata, tra cui la caratteristica osteria da Menegh\u00ecn. Il lago crescendo suscit\u00f2 anche molte aspettative. L\u2019inizio di una struttura alberghiera in &#8230; <a title=\"D8 &#8211; Vista San Martino\" class=\"read-more\" href=\"https:\/\/app.ecomuseovajont.net\/en\/d8-vista-san-martino\/\" aria-label=\"Read more about D8 &#8211; Vista San Martino\">Read more<\/a><\/p>","protected":false},"author":1,"featured_media":0,"parent":0,"menu_order":0,"comment_status":"closed","ping_status":"closed","template":"elementor_canvas","meta":{"footnotes":""},"class_list":["post-706","page","type-page","status-publish"],"_links":{"self":[{"href":"https:\/\/app.ecomuseovajont.net\/en\/wp-json\/wp\/v2\/pages\/706","targetHints":{"allow":["GET"]}}],"collection":[{"href":"https:\/\/app.ecomuseovajont.net\/en\/wp-json\/wp\/v2\/pages"}],"about":[{"href":"https:\/\/app.ecomuseovajont.net\/en\/wp-json\/wp\/v2\/types\/page"}],"author":[{"embeddable":true,"href":"https:\/\/app.ecomuseovajont.net\/en\/wp-json\/wp\/v2\/users\/1"}],"replies":[{"embeddable":true,"href":"https:\/\/app.ecomuseovajont.net\/en\/wp-json\/wp\/v2\/comments?post=706"}],"version-history":[{"count":28,"href":"https:\/\/app.ecomuseovajont.net\/en\/wp-json\/wp\/v2\/pages\/706\/revisions"}],"predecessor-version":[{"id":1853,"href":"https:\/\/app.ecomuseovajont.net\/en\/wp-json\/wp\/v2\/pages\/706\/revisions\/1853"}],"wp:attachment":[{"href":"https:\/\/app.ecomuseovajont.net\/en\/wp-json\/wp\/v2\/media?parent=706"}],"curies":[{"name":"wp","href":"https:\/\/api.w.org\/{rel}","templated":true}]}}