{"id":972,"date":"2021-11-09T17:41:15","date_gmt":"2021-11-09T16:41:15","guid":{"rendered":"https:\/\/app.ecomuseovajont.net\/?page_id=972"},"modified":"2022-04-15T15:29:20","modified_gmt":"2022-04-15T13:29:20","slug":"a11-casso","status":"publish","type":"page","link":"https:\/\/app.ecomuseovajont.net\/en\/a11-casso\/","title":{"rendered":"A11 &#8211; Casso"},"content":{"rendered":"<div data-elementor-type=\"wp-page\" data-elementor-id=\"972\" class=\"elementor elementor-972\">\n\t\t\t\t\t\t<section class=\"elementor-section elementor-top-section elementor-element elementor-element-3a79f242 elementor-section-full_width elementor-section-height-default elementor-section-height-default\" data-id=\"3a79f242\" data-element_type=\"section\" data-e-type=\"section\" data-settings=\"{&quot;background_background&quot;:&quot;classic&quot;}\">\n\t\t\t\t\t\t<div class=\"elementor-container elementor-column-gap-no\">\n\t\t\t\t\t<div class=\"elementor-column elementor-col-100 elementor-top-column elementor-element elementor-element-22c2dda2\" data-id=\"22c2dda2\" data-element_type=\"column\" data-e-type=\"column\">\n\t\t\t<div class=\"elementor-widget-wrap elementor-element-populated\">\n\t\t\t\t\t\t<div class=\"elementor-element elementor-element-9b1b29d elementor-widget elementor-widget-heading\" data-id=\"9b1b29d\" data-element_type=\"widget\" data-e-type=\"widget\" data-widget_type=\"heading.default\">\n\t\t\t\t<div class=\"elementor-widget-container\">\n\t\t\t\t\t<h2 class=\"elementor-heading-title elementor-size-default\">CASSO<\/h2>\t\t\t\t<\/div>\n\t\t\t\t<\/div>\n\t\t\t\t<div class=\"elementor-element elementor-element-5c96542 elementor-widget elementor-widget-heading\" data-id=\"5c96542\" data-element_type=\"widget\" data-e-type=\"widget\" data-widget_type=\"heading.default\">\n\t\t\t\t<div class=\"elementor-widget-container\">\n\t\t\t\t\t<h4 class=\"elementor-heading-title elementor-size-default\">Ascolta l'audio<\/h4>\t\t\t\t<\/div>\n\t\t\t\t<\/div>\n\t\t\t\t<div class=\"elementor-element elementor-element-ce6bf37 elementor-widget elementor-widget-wp-widget-media_audio\" data-id=\"ce6bf37\" data-element_type=\"widget\" data-e-type=\"widget\" data-widget_type=\"wp-widget-media_audio.default\">\n\t\t\t\t<div class=\"elementor-widget-container\">\n\t\t\t\t\t<audio class=\"wp-audio-shortcode\" id=\"audio-972-1\" preload=\"none\" style=\"width: 100%;\" controls=\"controls\"><source type=\"audio\/mpeg\" src=\"https:\/\/app.ecomuseovajont.net\/wp-content\/uploads\/2021\/11\/A11-casso.mp3?_=1\" \/><source type=\"audio\/mpeg\" src=\"https:\/\/app.ecomuseovajont.net\/wp-content\/uploads\/2021\/11\/A11-casso.mp3?_=1\" \/><a href=\"https:\/\/app.ecomuseovajont.net\/wp-content\/uploads\/2021\/11\/A11-casso.mp3\">https:\/\/app.ecomuseovajont.net\/wp-content\/uploads\/2021\/11\/A11-casso.mp3<\/a><\/audio>\t\t\t\t<\/div>\n\t\t\t\t<\/div>\n\t\t\t\t<div class=\"elementor-element elementor-element-be16804 elementor-widget elementor-widget-text-editor\" data-id=\"be16804\" data-element_type=\"widget\" data-e-type=\"widget\" data-widget_type=\"text-editor.default\">\n\t\t\t\t<div class=\"elementor-widget-container\">\n\t\t\t\t\t\t\t\t\t<p>Ecco lass\u00f9 il centro abitato di Casso.<\/p><p>Non venne distrutto perch\u00e9 la parete rocciosa su cui poggia lo protesse, smorzando la potenza dell\u2019onda proveniente dal lago. La stessa parete impresse all\u2019onda una spinta di ritorno che la devi\u00f2 verso la forra del Vajont e verso Longarone.<\/p><p>A Casso arrivarono alti spruzzi che trasportavano fango, pietrisco ed alcuni massi.<\/p><p>Uno di questi massi sfond\u00f2 il tetto della chiesa cadendo a fianco dell\u2019altare, e l\u00ec si trova tuttora.<\/p><p>A quel tempo anche a Casso c\u2019era la scuola, e vi dormivano le maestre che venivano da fuori.<\/p><p>\u00a0Quella sera il piano terra fu invaso dall\u2019acqua e dal fango, ma le maestre si salvarono perch\u00e9, fortunatamente, erano alloggiate al piano superiore. In una casa un uomo si vide attraversare la stanza da un tronco, una trave di legno che entr\u00f2 dal lato a Sud, ed ora lo pu\u00f2 raccontare solo perch\u00e9, coricato da poco, si era sottratto alla traiettoria del tronco.<\/p><p><em>\u201cArrivai in camera, mi spogliai e stavo per mettermi a letto, quando sentii un fortissimo scossone e il rumore del materiale che franava, sulle pendici del Toc. Allora mi precipitai alla finestra, e vidi il &#8220;Col de la Usel\u00e0da&#8221;, che era illuminato dalla luce del faro, staccarsi e scendere verso il lago. Poi un bagliore di fuoco si alz\u00f2, probabilmente causato dal corto circuito delle linee elettriche situate nella zona. Successivamente un&#8217;ondata d&#8217;acqua si alz\u00f2 verso il nostro paese.<\/em><\/p><p><em>Allora mi ritirai dalla finestra, pensando che potesse devastare il paese e mi appoggiai contro il muro della camera. Intanto un masso sfondava il muro della camera situata sopra la mia. Poi sentii le grida di alcune donne che abitavano nelle case vicine.<\/em><\/p><p>Bino Manarin<\/p><p>\u00a0<\/p><p><em>\u201cQuella sera misi a dormire Renata e Fausto e poi andai da Magar\u00e9ta, che abitava di fronte a me, per osservare dalla sua terrazza il Toc illuminato da un faro situato in prossimit\u00e0 della diga: erano passate le 22.30. Ad un tratto vedemmo le piante di pini e larici che si muovevano con il terreno sottostante. Subito dopo la luce del faro si spense e sentii un rumore indescrivibile che non avevo mai sentito prima e Magar\u00e9ta mi disse: \u201cViene la fine del mondo\u201d. Allora ci riparammo vicino al muro della casa perch\u00e9 cadevano sassi da tutte le parti e l\u2019acqua ci aveva bagnate tutte e due. Guardai il cielo e vidi che era sereno: c\u2019erano anche le stelle.<\/em><\/p><p>Anna De Lorenzi<\/p><p><em>\u00a0<\/em><\/p><p><strong>\u2026\u2026 il viso rivolto verso il Toc a cercare nella notte una possibile spiegazione.<\/strong><\/p>\t\t\t\t\t\t\t\t<\/div>\n\t\t\t\t<\/div>\n\t\t\t\t<div class=\"elementor-element elementor-element-46d808c elementor-widget elementor-widget-image\" data-id=\"46d808c\" data-element_type=\"widget\" data-e-type=\"widget\" data-widget_type=\"image.default\">\n\t\t\t\t<div class=\"elementor-widget-container\">\n\t\t\t\t\t\t\t\t\t\t\t\t\t\t\t<img fetchpriority=\"high\" decoding=\"async\" width=\"748\" height=\"802\" src=\"https:\/\/app.ecomuseovajont.net\/wp-content\/uploads\/2022\/04\/cropped.jpg\" class=\"attachment-medium_large size-medium_large wp-image-1956\" alt=\"\" srcset=\"https:\/\/app.ecomuseovajont.net\/wp-content\/uploads\/2022\/04\/cropped.jpg 748w, https:\/\/app.ecomuseovajont.net\/wp-content\/uploads\/2022\/04\/cropped-280x300.jpg 280w, https:\/\/app.ecomuseovajont.net\/wp-content\/uploads\/2022\/04\/cropped-11x12.jpg 11w\" sizes=\"(max-width: 748px) 100vw, 748px\" \/>\t\t\t\t\t\t\t\t\t\t\t\t\t\t\t<\/div>\n\t\t\t\t<\/div>\n\t\t\t\t<div class=\"elementor-element elementor-element-66a6940 elementor-align-center elementor-widget elementor-widget-button\" data-id=\"66a6940\" data-element_type=\"widget\" data-e-type=\"widget\" data-widget_type=\"button.default\">\n\t\t\t\t<div class=\"elementor-widget-container\">\n\t\t\t\t\t\t\t\t\t<div class=\"elementor-button-wrapper\">\n\t\t\t\t\t<a class=\"elementor-button elementor-button-link elementor-size-sm\" href=\"https:\/\/app.ecomuseovajont.net\/en\/a-la-frana-percorso\/\">\n\t\t\t\t\t\t<span class=\"elementor-button-content-wrapper\">\n\t\t\t\t\t\t<span class=\"elementor-button-icon\">\n\t\t\t\t<i aria-hidden=\"true\" class=\"fas fa-angle-left\"><\/i>\t\t\t<\/span>\n\t\t\t\t\t\t\t\t\t<span class=\"elementor-button-text\">Torna alla mappa<\/span>\n\t\t\t\t\t<\/span>\n\t\t\t\t\t<\/a>\n\t\t\t\t<\/div>\n\t\t\t\t\t\t\t\t<\/div>\n\t\t\t\t<\/div>\n\t\t\t\t\t<\/div>\n\t\t<\/div>\n\t\t\t\t\t<\/div>\n\t\t<\/section>\n\t\t\t\t<\/div>","protected":false},"excerpt":{"rendered":"<p>CASSO Ascolta l&#8217;audio Ecco lass\u00f9 il centro abitato di Casso. Non venne distrutto perch\u00e9 la parete rocciosa su cui poggia lo protesse, smorzando la potenza dell\u2019onda proveniente dal lago. La stessa parete impresse all\u2019onda una spinta di ritorno che la devi\u00f2 verso la forra del Vajont e verso Longarone. A Casso arrivarono alti spruzzi che &#8230; <a title=\"A11 &#8211; Casso\" class=\"read-more\" href=\"https:\/\/app.ecomuseovajont.net\/en\/a11-casso\/\" aria-label=\"Read more about A11 &#8211; Casso\">Read more<\/a><\/p>","protected":false},"author":1,"featured_media":0,"parent":0,"menu_order":0,"comment_status":"closed","ping_status":"closed","template":"elementor_canvas","meta":{"footnotes":""},"class_list":["post-972","page","type-page","status-publish"],"_links":{"self":[{"href":"https:\/\/app.ecomuseovajont.net\/en\/wp-json\/wp\/v2\/pages\/972","targetHints":{"allow":["GET"]}}],"collection":[{"href":"https:\/\/app.ecomuseovajont.net\/en\/wp-json\/wp\/v2\/pages"}],"about":[{"href":"https:\/\/app.ecomuseovajont.net\/en\/wp-json\/wp\/v2\/types\/page"}],"author":[{"embeddable":true,"href":"https:\/\/app.ecomuseovajont.net\/en\/wp-json\/wp\/v2\/users\/1"}],"replies":[{"embeddable":true,"href":"https:\/\/app.ecomuseovajont.net\/en\/wp-json\/wp\/v2\/comments?post=972"}],"version-history":[{"count":29,"href":"https:\/\/app.ecomuseovajont.net\/en\/wp-json\/wp\/v2\/pages\/972\/revisions"}],"predecessor-version":[{"id":1962,"href":"https:\/\/app.ecomuseovajont.net\/en\/wp-json\/wp\/v2\/pages\/972\/revisions\/1962"}],"wp:attachment":[{"href":"https:\/\/app.ecomuseovajont.net\/en\/wp-json\/wp\/v2\/media?parent=972"}],"curies":[{"name":"wp","href":"https:\/\/api.w.org\/{rel}","templated":true}]}}